{"id":2754,"date":"2016-09-27T19:13:28","date_gmt":"2016-09-27T19:13:28","guid":{"rendered":"http:\/\/fcba-offshore.com\/?page_id=2754"},"modified":"2016-10-10T13:33:28","modified_gmt":"2016-10-10T13:33:28","slug":"offshore-spolecnost-v-andore","status":"publish","type":"page","link":"https:\/\/fcba-offshore.com\/cs\/offshore-spolecnost-v-andore\/","title":{"rendered":"Offshore spole\u010dnost v Ando\u0159e"},"content":{"rendered":"<h1><a href=\"http:\/\/fcba-offshore.com\/wp-content\/uploads\/2014\/06\/Andorre.png\"><img loading=\"lazy\" decoding=\"async\" class=\"alignnone size-full wp-image-369\" src=\"http:\/\/fcba-offshore.com\/wp-content\/uploads\/2014\/06\/Andorre.png\" alt=\"Andorre\" width=\"68\" height=\"48\" \/><\/a> <a href=\"http:\/\/fcba-offshore.com\/wp-content\/uploads\/2014\/06\/Andorre-offshore.png\"><img loading=\"lazy\" decoding=\"async\" class=\"size-medium wp-image-538 alignright\" src=\"http:\/\/fcba-offshore.com\/wp-content\/uploads\/2014\/06\/Andorre-offshore-300x131.png\" alt=\"Andorre offshore\" width=\"300\" height=\"131\" srcset=\"https:\/\/fcba-offshore.com\/wp-content\/uploads\/2014\/06\/Andorre-offshore-300x131.png 300w, https:\/\/fcba-offshore.com\/wp-content\/uploads\/2014\/06\/Andorre-offshore.png 641w, https:\/\/fcba-offshore.com\/wp-content\/uploads\/2014\/06\/Andorre-offshore-450x196.png 450w\" sizes=\"auto, (max-width: 300px) 100vw, 300px\" \/><\/a><\/h1>\n<p>&nbsp;<\/p>\n<h1>Offshore spole\u010dnost v Ando\u0159e:<\/h1>\n<p>&nbsp;<\/p>\n<p style=\"text-align: justify;\">Andorra je celosv\u011btov\u011b dob\u0159e zn\u00e1m\u00fdm <a href=\"https:\/\/fcba-offshore.com\/cs\/offshore-jurisdikce\/\">offshore m\u00edstem<\/a> pro <a href=\"https:\/\/fcba-offshore.com\/cs\/\">offshore podnik\u00e1n\u00ed<\/a>. Tento pevninsk\u00fd mikrost\u00e1t le\u017e\u00ed ve v\u00fdchodn\u00edch Pyrenej\u00edch mezi Franci\u00ed a \u0160pan\u011blskem. Do roku 2009 zem\u011b s cca 80 000 obyvateli nesd\u011blovala v r\u00e1mci bankovn\u00edho tajemstv\u00ed citliv\u00e9 \u00fadaje \u017e\u00e1dn\u00e9mu jin\u00e9mu st\u00e1tu. To u\u017e dnes bohu\u017eel neplat\u00ed. Vzhledem k siln\u00e9 ekonomick\u00e9 z\u00e1vislosti Andorra v sou\u010dasnosti s Evropskou uni\u00ed komunikuje a bude i nad\u00e1le u\u017e kv\u016fli tomu, \u017ee spolukn\u00ed\u017eetem tohoto kn\u00ed\u017eectv\u00ed je francouzsk\u00fd prezident Fran\u00e7ois Hollande.<\/p>\n<p style=\"text-align: justify;\">Z da\u0148ov\u00e9ho hlediska m\u016f\u017ee b\u00fdt <a href=\"https:\/\/fcba-offshore.com\/cs\/offshore-bankovni-ucet\/\">offshore \u00fa\u010det<\/a> \u010di <a href=\"https:\/\/fcba-offshore.com\/cs\/offshore-spolecnosti\/\">offshore spole\u010dnost<\/a> v Ando\u0159e zaj\u00edmavou volbou d\u00edky pozoruhodn\u00fdm p\u0159ednostem:<\/p>\n<ul style=\"text-align: justify;\">\n<ul>\n<ul>\n<li>nulov\u00e1 da\u0148 z p\u0159\u00edjmu (samoz\u0159ejm\u011b pro rezidenty kn\u00ed\u017eectv\u00ed)<\/li>\n<li>nulov\u00e1 da\u0148 z majetku (samoz\u0159ejm\u011b pro rezidenty)<\/li>\n<li>velmi n\u00edzk\u00e1 DPH (4,5 % od 1. ledna 2013)<\/li>\n<li>jen 10% da\u0148 ze zisku spole\u010dnosti pro rezidenty i nerezidenty.<\/li>\n<\/ul>\n<\/ul>\n<\/ul>\n<p style=\"text-align: justify;\">Vzhledem k vysok\u00e9 m\u00ed\u0159e komunikace Andorrsk\u00e9ho kn\u00ed\u017eectv\u00ed s Evropskou uni\u00ed doporu\u010duje spole\u010dnosti <a href=\"https:\/\/fcba-offshore.com\/cs\/\">FCBA Offshore Ltd<\/a>. otev\u0159en\u00ed <a href=\"https:\/\/fcba-offshore.com\/cs\/offshore-bankovni-ucet\/\">offshore bankovn\u00edho \u00fa\u010dtu<\/a> nebo zalo\u017een\u00ed <a href=\"https:\/\/fcba-offshore.com\/cs\/offshore-spolecnosti\/\">offshore spole\u010dnosti<\/a> zejm\u00e9na mimoevropsk\u00fdm rezident\u016fm. V sou\u010dasnosti se o andorrsk\u00e9m bankovn\u00edm tajemstv\u00ed v\u016f\u010di \u010dlensk\u00fdm zem\u00edm EU prakticky ned\u00e1 mluvit a z\u00e1jem o <a href=\"https:\/\/fcba-offshore.com\/cs\/offshore-spolecnosti\/\">offshore spole\u010dnosti<\/a> v t\u00e9to jurisdikci zna\u010dn\u011b upad\u00e1.<\/p>\n<p style=\"text-align: justify;\">Otev\u0159en\u00ed <a href=\"https:\/\/fcba-offshore.com\/cs\/offshore-bankovni-ucet\/\">offshore bankovn\u00edho \u00fa\u010dtu<\/a> i zalo\u017een\u00ed <a href=\"https:\/\/fcba-offshore.com\/cs\/offshore-spolecnosti\/\">offshore spole\u010dnosti<\/a> v Ando\u0159e je pro n\u00e1s jednoduchou z\u00e1le\u017eitost\u00ed a r\u00e1di se s v\u00e1mi pod\u011bl\u00edme o svou s\u00ed\u0165 a partnerstv\u00ed s m\u00edstn\u00edmi bankami.<\/p>\n<p style=\"text-align: justify;\">Je t\u0159eba upozornit, \u017ee z\u00e1kladn\u00ed vklad vy\u017eadovan\u00fd bankami je pom\u011brn\u011b vysok\u00fd (by\u0165 st\u00e1le men\u0161\u00ed, ne\u017e jak\u00fd vy\u017eaduj\u00ed nap\u0159\u00edklad \u0161v\u00fdcarsk\u00e9 banky), co\u017e m\u016f\u017ee b\u00fdt jistou p\u0159ek\u00e1\u017ekou jednoduch\u00e9ho a rychl\u00e9ho rozb\u011bhu podnik\u00e1n\u00ed.<\/p>\n<p style=\"text-align: justify;\">Pro jak\u00e9koliv dal\u0161\u00ed informace <a href=\"https:\/\/fcba-offshore.com\/cs\/kontakt-2\/\">nev\u00e1hejte a obra\u0165te se na \u010dleny t\u00fdmu FCBA Offshore Ltd<\/a>.<\/p>\n<p>&nbsp;<\/p>\n<p style=\"text-align: justify;\"><a href=\"http:\/\/fcba-offshore.com\/wp-content\/uploads\/2014\/06\/logo-small.png\"><img loading=\"lazy\" decoding=\"async\" class=\"alignnone size-full wp-image-479\" src=\"http:\/\/fcba-offshore.com\/wp-content\/uploads\/2014\/06\/logo-small.png\" alt=\"Logo offshore small\" width=\"142\" height=\"31\" \/><\/a><\/p>\n","protected":false},"excerpt":{"rendered":"<p>&nbsp; Offshore spole\u010dnost v Ando\u0159e: &nbsp; Andorra je celosv\u011btov\u011b dob\u0159e zn\u00e1m\u00fdm offshore m\u00edstem pro offshore podnik\u00e1n\u00ed. Tento pevninsk\u00fd mikrost\u00e1t le\u017e\u00ed ve v\u00fdchodn\u00edch Pyrenej\u00edch mezi Franci\u00ed a \u0160pan\u011blskem. Do roku 2009 zem\u011b s cca 80 000 obyvateli nesd\u011blovala v r\u00e1mci bankovn\u00edho tajemstv\u00ed citliv\u00e9 \u00fadaje \u017e\u00e1dn\u00e9mu jin\u00e9mu st\u00e1tu. To u\u017e dnes bohu\u017eel neplat\u00ed. Vzhledem k siln\u00e9 ekonomick\u00e9&hellip;<\/p>\n","protected":false},"author":1,"featured_media":0,"parent":0,"menu_order":0,"comment_status":"closed","ping_status":"open","template":"","meta":{"footnotes":""},"class_list":["post-2754","page","type-page","status-publish","hentry"],"_links":{"self":[{"href":"https:\/\/fcba-offshore.com\/cs\/wp-json\/wp\/v2\/pages\/2754","targetHints":{"allow":["GET"]}}],"collection":[{"href":"https:\/\/fcba-offshore.com\/cs\/wp-json\/wp\/v2\/pages"}],"about":[{"href":"https:\/\/fcba-offshore.com\/cs\/wp-json\/wp\/v2\/types\/page"}],"author":[{"embeddable":true,"href":"https:\/\/fcba-offshore.com\/cs\/wp-json\/wp\/v2\/users\/1"}],"replies":[{"embeddable":true,"href":"https:\/\/fcba-offshore.com\/cs\/wp-json\/wp\/v2\/comments?post=2754"}],"version-history":[{"count":4,"href":"https:\/\/fcba-offshore.com\/cs\/wp-json\/wp\/v2\/pages\/2754\/revisions"}],"predecessor-version":[{"id":2987,"href":"https:\/\/fcba-offshore.com\/cs\/wp-json\/wp\/v2\/pages\/2754\/revisions\/2987"}],"wp:attachment":[{"href":"https:\/\/fcba-offshore.com\/cs\/wp-json\/wp\/v2\/media?parent=2754"}],"curies":[{"name":"wp","href":"https:\/\/api.w.org\/{rel}","templated":true}]}}