{"id":2757,"date":"2016-09-27T19:15:33","date_gmt":"2016-09-27T19:15:33","guid":{"rendered":"http:\/\/fcba-offshore.com\/?page_id=2757"},"modified":"2016-10-03T16:10:32","modified_gmt":"2016-10-03T16:10:32","slug":"offshore-spolecnost-na-bahamach","status":"publish","type":"page","link":"https:\/\/fcba-offshore.com\/cs\/offshore-spolecnost-na-bahamach\/","title":{"rendered":"Offshore spole\u010dnost na Baham\u00e1ch"},"content":{"rendered":"<h1 style=\"text-align: right;\"><img loading=\"lazy\" decoding=\"async\" class=\"size-full wp-image-362 alignleft\" src=\"http:\/\/fcba-offshore.com\/wp-content\/uploads\/2014\/06\/Bahamas.png\" alt=\"Bahamas\" width=\"74\" height=\"37\" srcset=\"https:\/\/fcba-offshore.com\/wp-content\/uploads\/2014\/06\/Bahamas.png 74w, https:\/\/fcba-offshore.com\/wp-content\/uploads\/2014\/06\/Bahamas-72x37.png 72w\" sizes=\"auto, (max-width: 74px) 100vw, 74px\" \/><\/h1>\n<h1><a href=\"http:\/\/fcba-offshore.com\/wp-content\/uploads\/2014\/06\/Bahamas-offshore.png\"><img loading=\"lazy\" decoding=\"async\" class=\"size-medium wp-image-553 alignright\" src=\"http:\/\/fcba-offshore.com\/wp-content\/uploads\/2014\/06\/Bahamas-offshore-300x131.png\" alt=\"Bahamas offshore\" width=\"300\" height=\"131\" srcset=\"https:\/\/fcba-offshore.com\/wp-content\/uploads\/2014\/06\/Bahamas-offshore-300x131.png 300w, https:\/\/fcba-offshore.com\/wp-content\/uploads\/2014\/06\/Bahamas-offshore.png 641w, https:\/\/fcba-offshore.com\/wp-content\/uploads\/2014\/06\/Bahamas-offshore-450x196.png 450w\" sizes=\"auto, (max-width: 300px) 100vw, 300px\" \/><\/a><\/h1>\n<p>&nbsp;<\/p>\n<p>&nbsp;<\/p>\n<p>&nbsp;<\/p>\n<h1>Offshore spole\u010dnos\u0165 na Baham\u00e1ch:<\/h1>\n<p>&nbsp;<\/p>\n<p style=\"text-align: justify;\">Bahamy jsou nez\u00e1visl\u00fdm st\u00e1tem, kter\u00fd n\u00e1le\u017e\u00ed ke Karibsk\u00fdm ostrov\u016fm a kter\u00fd tvo\u0159\u00ed v\u00edce ne\u017e 700 ostrov\u016f. Le\u017e\u00ed v Atlantick\u00e9m oce\u00e1nu p\u0159\u00edmo mezi Kubou a Floridou a maj\u00ed p\u0159ibli\u017en\u011b 300\u00a0000 obyvatel.\u00a0Toto <a href=\"https:\/\/fcba-offshore.com\/cs\/offshore-jurisdikce\/\">offshore m\u00edsto<\/a> je celkem zn\u00e1m\u00e9 a osob\u011b, kter\u00e1 zde m\u00e1 <a href=\"https:\/\/fcba-offshore.com\/cs\/offshore-bankovni-ucet\/\">offshore bankovn\u00ed \u00fa\u010det<\/a> nebo <a href=\"https:\/\/fcba-offshore.com\/cs\/offshore-spolecnosti\/\">offshore spole\u010dnost<\/a>, zaru\u010duje velkou m\u00edru diskr\u00e9tnosti..<\/p>\n<p style=\"text-align: justify;\">Krom\u011b bankovn\u00edho tajemstv\u00ed jsou bahamsk\u00e9 da\u0148ov\u00e9 \u00fa\u0159ady samoz\u0159ejm\u011b da\u0148ov\u011b p\u0159\u00edv\u011btiv\u00e9 ke v\u0161em entit\u00e1m, kter\u00e9 cht\u011bj\u00ed podnikat mimo toto souostrov\u00ed, a z\u0159\u00edzen\u00ed spole\u010dnosti v tomto st\u00e1t\u011b podporuj\u00ed nezda\u0148ov\u00e1n\u00edm offshore zisku, tj. zisku z podnik\u00e1n\u00ed v\u00fdhradn\u011b mimo bahamsk\u00e9 \u00fazem\u00ed.\u00a0 Jednou ze zvl\u00e1\u0161tnost\u00ed Baham jsou tak\u00e9 jejich vysoce podnikatelsky orientovan\u00e9 pr\u00e1vn\u00ed p\u0159edpisy, kter\u00e9 jsou zalo\u017eeny na anglick\u00e9m modelu. Jejich flexibilita a modernost je pro tuto <a href=\"https:\/\/fcba-offshore.com\/cs\/offshore-jurisdikce\/\">offshore jurisdikci<\/a>, o kterou se zaj\u00edm\u00e1 spousta zahrani\u010dn\u00edch investor\u016f, velk\u00fdm p\u0159\u00ednosem. V\u00a0ot\u00e1zce diskr\u00e9tnosti jsou tak\u00e9 Bahamy d\u00edky z\u00e1ruk\u00e1m, \u017ee nevyzrad\u00ed identitu majitele spole\u010dnost\u00ed registrovan\u00fdch na bahamsk\u00e9m \u00fazem\u00ed, jedn\u00edm z nejbezpe\u010dn\u011bj\u0161\u00edch m\u00edst na sv\u011bt\u011b.<\/p>\n<p style=\"text-align: justify;\"><a href=\"https:\/\/fcba-offshore.com\/cs\/\">FCBA Offshore Ltd<\/a> otev\u0159en\u00ed <a href=\"https:\/\/fcba-offshore.com\/cs\/offshore-bankovni-ucet\/\">offshore bankovn\u00edho \u00fa\u010dtu<\/a> nebo z\u0159\u00edzen\u00ed <a href=\"https:\/\/fcba-offshore.com\/cs\/offshore-spolecnosti\/\">offshore spole\u010dnosti<\/a> na Bahamsk\u00fdch ostrovech doporu\u010duje hlavn\u011b lidem, kte\u0159\u00ed pot\u0159ebuj\u00ed bankovn\u00ed \u00fa\u010det v americk\u00fdch dolarech, proto\u017ee americk\u00fd dolar je jednou z ofici\u00e1ln\u00edch m\u011bn souostrov\u00ed.\u00a0Je t\u0159eba m\u00edt na pam\u011bti tak\u00e9 skute\u010dnost, \u017ee minim\u00e1ln\u00ed z\u00e1kladn\u00ed kapit\u00e1l, kter\u00fd \u00fa\u0159ady vy\u017eaduj\u00ed, je 50\u00a0000 americk\u00fdch dolar\u016f. To m\u016f\u017ee b\u00fdt pro lidi, kte\u0159\u00ed cht\u011bj\u00ed svou offshore spole\u010dnost na Baham\u00e1ch registrovat, probl\u00e9m.<\/p>\n<p style=\"text-align: justify;\">Otev\u0159en\u00ed <a href=\"https:\/\/fcba-offshore.com\/cs\/offshore-bankovni-ucet\/\">offshore bankovn\u00edho \u00fa\u010dtu<\/a> i\u00a0zalo\u017een\u00ed <a href=\"https:\/\/fcba-offshore.com\/cs\/offshore-spolecnosti\/\">offshore spole\u010dnosti<\/a> na Baham\u00e1ch je pro n\u00e1s jednoduch\u00e9 a r\u00e1di se s v\u00e1mi pod\u011bl\u00edme o svou s\u00ed\u0165 a partnerstv\u00ed s m\u00edstn\u00edmi bankami. Bankovn\u00ed poplatky (v\u010detn\u011b poplatk\u016f jak za transakce, tak za veden\u00ed \u00fa\u010dtu) jsou ve srovn\u00e1n\u00ed s jin\u00fdmi bankami v jin\u00fdch jurisdikc\u00edch celkem drah\u00e9.<\/p>\n<p style=\"text-align: justify;\">Nakonec je t\u0159eba m\u00edt na pam\u011bti skute\u010dnost, \u017ee po\u010d\u00e1te\u010dn\u00ed vklad, kter\u00fd banky vy\u017eaduj\u00ed, je celkem vysok\u00fd, co\u017e m\u016f\u017ee od z\u0159\u00edzen\u00ed podniku zde odrazovat.<\/p>\n<p style=\"text-align: justify;\">Pro jak\u00e9koliv dal\u0161\u00ed informace <a href=\"https:\/\/fcba-offshore.com\/cs\/kontakt-2\/\">nev\u00e1hejte a obra\u0165te se na \u010dleny t\u00fdmu FCBA Offshore Ltd<\/a>.<\/p>\n<p><a href=\"http:\/\/fcba-offshore.com\/wp-content\/uploads\/2014\/06\/logo-small.png\"><img loading=\"lazy\" decoding=\"async\" class=\"alignnone size-full wp-image-479\" src=\"http:\/\/fcba-offshore.com\/wp-content\/uploads\/2014\/06\/logo-small.png\" alt=\"Logo offshore small\" width=\"142\" height=\"31\" \/><\/a><\/p>\n","protected":false},"excerpt":{"rendered":"<p>&nbsp; &nbsp; &nbsp; Offshore spole\u010dnos\u0165 na Baham\u00e1ch: &nbsp; Bahamy jsou nez\u00e1visl\u00fdm st\u00e1tem, kter\u00fd n\u00e1le\u017e\u00ed ke Karibsk\u00fdm ostrov\u016fm a kter\u00fd tvo\u0159\u00ed v\u00edce ne\u017e 700 ostrov\u016f. Le\u017e\u00ed v Atlantick\u00e9m oce\u00e1nu p\u0159\u00edmo mezi Kubou a Floridou a maj\u00ed p\u0159ibli\u017en\u011b 300\u00a0000 obyvatel.\u00a0Toto offshore m\u00edsto je celkem zn\u00e1m\u00e9 a osob\u011b, kter\u00e1 zde m\u00e1 offshore bankovn\u00ed \u00fa\u010det nebo offshore spole\u010dnost, zaru\u010duje&hellip;<\/p>\n","protected":false},"author":1,"featured_media":0,"parent":0,"menu_order":0,"comment_status":"closed","ping_status":"open","template":"","meta":{"footnotes":""},"class_list":["post-2757","page","type-page","status-publish","hentry"],"_links":{"self":[{"href":"https:\/\/fcba-offshore.com\/cs\/wp-json\/wp\/v2\/pages\/2757","targetHints":{"allow":["GET"]}}],"collection":[{"href":"https:\/\/fcba-offshore.com\/cs\/wp-json\/wp\/v2\/pages"}],"about":[{"href":"https:\/\/fcba-offshore.com\/cs\/wp-json\/wp\/v2\/types\/page"}],"author":[{"embeddable":true,"href":"https:\/\/fcba-offshore.com\/cs\/wp-json\/wp\/v2\/users\/1"}],"replies":[{"embeddable":true,"href":"https:\/\/fcba-offshore.com\/cs\/wp-json\/wp\/v2\/comments?post=2757"}],"version-history":[{"count":4,"href":"https:\/\/fcba-offshore.com\/cs\/wp-json\/wp\/v2\/pages\/2757\/revisions"}],"predecessor-version":[{"id":2959,"href":"https:\/\/fcba-offshore.com\/cs\/wp-json\/wp\/v2\/pages\/2757\/revisions\/2959"}],"wp:attachment":[{"href":"https:\/\/fcba-offshore.com\/cs\/wp-json\/wp\/v2\/media?parent=2757"}],"curies":[{"name":"wp","href":"https:\/\/api.w.org\/{rel}","templated":true}]}}