{"id":2762,"date":"2016-09-28T10:44:03","date_gmt":"2016-09-28T10:44:03","guid":{"rendered":"http:\/\/fcba-offshore.com\/?page_id=2762"},"modified":"2016-10-04T15:56:35","modified_gmt":"2016-10-04T15:56:35","slug":"offshore-spolecnost-v-belize","status":"publish","type":"page","link":"https:\/\/fcba-offshore.com\/cs\/offshore-spolecnost-v-belize\/","title":{"rendered":"Offshore spole\u010dnost v Belize"},"content":{"rendered":"<h1><a href=\"http:\/\/fcba-offshore.com\/wp-content\/uploads\/2014\/06\/Belize.png\"><img loading=\"lazy\" decoding=\"async\" class=\"alignnone size-full wp-image-344\" src=\"http:\/\/fcba-offshore.com\/wp-content\/uploads\/2014\/06\/Belize.png\" alt=\"Belize\" width=\"72\" height=\"50\" \/><\/a> <a href=\"http:\/\/fcba-offshore.com\/wp-content\/uploads\/2014\/06\/Belize-offshore.png\"><img loading=\"lazy\" decoding=\"async\" class=\"size-medium wp-image-559 alignright\" src=\"http:\/\/fcba-offshore.com\/wp-content\/uploads\/2014\/06\/Belize-offshore-300x131.png\" alt=\"Belize offshore\" width=\"300\" height=\"131\" srcset=\"https:\/\/fcba-offshore.com\/wp-content\/uploads\/2014\/06\/Belize-offshore-300x131.png 300w, https:\/\/fcba-offshore.com\/wp-content\/uploads\/2014\/06\/Belize-offshore.png 641w, https:\/\/fcba-offshore.com\/wp-content\/uploads\/2014\/06\/Belize-offshore-450x196.png 450w\" sizes=\"auto, (max-width: 300px) 100vw, 300px\" \/><\/a><\/h1>\n<p>&nbsp;<\/p>\n<h1>Offshore spole\u010dnost v Belize:<\/h1>\n<p>&nbsp;<\/p>\n<p style=\"text-align: justify;\">Belize le\u017e\u00ed p\u0159\u00edmo uprost\u0159ed st\u0159edn\u00ed Ameriky a na severu soused\u00ed s Mexikem. Tato zemi\u010dka s\u00a0pouh\u00fdmi 300 000 obyvateli je b\u00fdval\u00fdm \u010dlenem Commonwealthu a hlavou st\u00e1tu je st\u00e1le kr\u00e1lovna Al\u017eb\u011bta II. D\u00edky tomu je Belize jedin\u00fdm st\u00e1tem v regionu, ve kter\u00e9m je \u00fa\u0159edn\u00edm jazykem angli\u010dtina, p\u0159esto\u017ee se zde b\u011b\u017en\u011b hovo\u0159\u00ed \u0161pan\u011blsky. Belize je proslul\u00e9 sv\u00fdmi vysoce podnikatelsky orientovan\u00fdmi pr\u00e1vn\u00edmi p\u0159edpisy, kter\u00e9 jsou (op\u011bt) zalo\u017eeny na anglick\u00e9m modelu. Jejich flexibilita a modernost je pro tuto <a href=\"https:\/\/fcba-offshore.com\/cs\/offshore-jurisdikce\/\">offshore jurisdikci<\/a>, o kterou se zaj\u00edm\u00e1 spousta zahrani\u010dn\u00edch investor\u016f, velk\u00fdm p\u0159\u00ednosem. Jurisdikce nab\u00edz\u00ed jak bankovn\u00ed tajemstv\u00ed, tak nevyzrazov\u00e1n\u00ed identity majitele spole\u010dnost\u00ed registrovan\u00fdch na jej\u00edm \u00fazem\u00ed a da\u0148ov\u00e9 \u00fa\u0159ady jsou da\u0148ov\u011b p\u0159\u00edv\u011btiv\u00e9 ke v\u0161em entit\u00e1m, kter\u00e9 cht\u011bj\u00ed podnikat mimo Belize, a registraci spole\u010dnosti v tomto st\u00e1t\u011b podporuj\u00ed nezda\u0148ov\u00e1n\u00edm offshore zisku, tj. zisku z podnik\u00e1n\u00ed v\u00fdhradn\u011b mimo zemi.<\/p>\n<p style=\"text-align: justify;\">P\u0159\u00ednosy, kter\u00e9 Belize pro <a href=\"https:\/\/fcba-offshore.com\/cs\/offshore-spolecnosti\/\">offshore spole\u010dnosti<\/a> nab\u00edz\u00ed, jsou nap\u0159\u00edklad:<\/p>\n<ul style=\"text-align: justify;\">\n<ul>\n<li>nulov\u00e1 DPH<\/li>\n<li>nulov\u00e1 da\u0148 z p\u0159\u00edjmu pr\u00e1vnick\u00fdch osob (pouze u nerezident\u016f)<\/li>\n<li>diskr\u00e9tnost v p\u0159\u00edpad\u011b bankovn\u00edho tajemstv\u00ed i nevyzrazov\u00e1n\u00ed identity majitel\u016f podnik\u016f<\/li>\n<\/ul>\n<\/ul>\n<p style=\"text-align: justify;\"><a href=\"https:\/\/fcba-offshore.com\/cs\/\">FCBA Offshore Ltd<\/a> otev\u0159en\u00ed <a href=\"https:\/\/fcba-offshore.com\/cs\/offshore-bankovni-ucet\/\">offshore bankovn\u00edho \u00fa\u010dtu<\/a> nebo registraci <a href=\"https:\/\/fcba-offshore.com\/cs\/offshore-spolecnosti\/\">offshore spole\u010dnosti<\/a> v\u00a0Belize doporu\u010duje hlavn\u011b lidem, kte\u0159\u00ed v\u016fbec neobchoduj\u00ed se spole\u010dnostmi se s\u00eddlem v\u00a0Evropsk\u00e9 unii, proto\u017ee tato jurisdikce je v Evrop\u011b \u010dasto pova\u017eov\u00e1na za \u201eexotickou\u201c, co\u017e v\u00e1m m\u016f\u017ee znemo\u017e\u0148ovat vystavov\u00e1n\u00ed faktur evropsk\u00fdm obchodn\u00edm partner\u016fm a jejich propl\u00e1cen\u00ed. Krom\u011b toho m\u016f\u017ee znemo\u017e\u0148ovat \u00fa\u010dinn\u00fd ka\u017edodenn\u00ed kontakt s bankou osmihodinov\u00fd \u010dasov\u00fd posun mezi Belize a Evropou.<\/p>\n<p style=\"text-align: justify;\">Otev\u0159en\u00ed <a href=\"https:\/\/fcba-offshore.com\/cs\/offshore-bankovni-ucet\/\">offshore bankovn\u00edho \u00fa\u010dtu<\/a> i\u00a0zalo\u017een\u00ed <a href=\"https:\/\/fcba-offshore.com\/cs\/offshore-spolecnosti\/\">offshore spole\u010dnosti<\/a> v Belize je pro n\u00e1s jednoduchou z\u00e1le\u017eitost\u00ed a r\u00e1di se s v\u00e1mi pod\u011bl\u00edme o svou s\u00ed\u0165 a partnerstv\u00ed s m\u00edstn\u00edmi bankami.<\/p>\n<p style=\"text-align: justify;\">Nakonec je t\u0159eba m\u00edt na pam\u011bti skute\u010dnost, \u017ee po\u010d\u00e1te\u010dn\u00ed vklad, kter\u00fd banky vy\u017eaduj\u00ed, nen\u00ed tak vysok\u00fd, ale celkem vysok\u00e1 je platebn\u00ed bilance bankovn\u00edho \u00fa\u010dtu, kter\u00e1 je vy\u017eadov\u00e1na jako d\u016fkaz va\u0161\u00ed solventnosti a kter\u00e1 m\u016f\u017ee od z\u0159\u00edzen\u00ed podniku zde odrazovat.<\/p>\n<p style=\"text-align: justify;\">Pro jak\u00e9koliv dal\u0161\u00ed informace <a href=\"https:\/\/fcba-offshore.com\/cs\/kontakt-2\/\">nev\u00e1hejte a obra\u0165te se na \u010dleny t\u00fdmu FCBA Offshore Ltd<\/a>.<\/p>\n<p><a href=\"http:\/\/fcba-offshore.com\/wp-content\/uploads\/2014\/06\/logo-small.png\"><img loading=\"lazy\" decoding=\"async\" class=\"alignnone size-full wp-image-479\" src=\"http:\/\/fcba-offshore.com\/wp-content\/uploads\/2014\/06\/logo-small.png\" alt=\"Logo offshore small\" width=\"142\" height=\"31\" \/><\/a><\/p>\n","protected":false},"excerpt":{"rendered":"<p>&nbsp; Offshore spole\u010dnost v Belize: &nbsp; Belize le\u017e\u00ed p\u0159\u00edmo uprost\u0159ed st\u0159edn\u00ed Ameriky a na severu soused\u00ed s Mexikem. Tato zemi\u010dka s\u00a0pouh\u00fdmi 300 000 obyvateli je b\u00fdval\u00fdm \u010dlenem Commonwealthu a hlavou st\u00e1tu je st\u00e1le kr\u00e1lovna Al\u017eb\u011bta II. D\u00edky tomu je Belize jedin\u00fdm st\u00e1tem v regionu, ve kter\u00e9m je \u00fa\u0159edn\u00edm jazykem angli\u010dtina, p\u0159esto\u017ee se zde b\u011b\u017en\u011b hovo\u0159\u00ed&hellip;<\/p>\n","protected":false},"author":1,"featured_media":0,"parent":0,"menu_order":0,"comment_status":"closed","ping_status":"open","template":"","meta":{"footnotes":""},"class_list":["post-2762","page","type-page","status-publish","hentry"],"_links":{"self":[{"href":"https:\/\/fcba-offshore.com\/cs\/wp-json\/wp\/v2\/pages\/2762","targetHints":{"allow":["GET"]}}],"collection":[{"href":"https:\/\/fcba-offshore.com\/cs\/wp-json\/wp\/v2\/pages"}],"about":[{"href":"https:\/\/fcba-offshore.com\/cs\/wp-json\/wp\/v2\/types\/page"}],"author":[{"embeddable":true,"href":"https:\/\/fcba-offshore.com\/cs\/wp-json\/wp\/v2\/users\/1"}],"replies":[{"embeddable":true,"href":"https:\/\/fcba-offshore.com\/cs\/wp-json\/wp\/v2\/comments?post=2762"}],"version-history":[{"count":3,"href":"https:\/\/fcba-offshore.com\/cs\/wp-json\/wp\/v2\/pages\/2762\/revisions"}],"predecessor-version":[{"id":2985,"href":"https:\/\/fcba-offshore.com\/cs\/wp-json\/wp\/v2\/pages\/2762\/revisions\/2985"}],"wp:attachment":[{"href":"https:\/\/fcba-offshore.com\/cs\/wp-json\/wp\/v2\/media?parent=2762"}],"curies":[{"name":"wp","href":"https:\/\/api.w.org\/{rel}","templated":true}]}}