{"id":2765,"date":"2016-09-28T10:48:02","date_gmt":"2016-09-28T10:48:02","guid":{"rendered":"http:\/\/fcba-offshore.com\/?page_id=2765"},"modified":"2016-10-03T16:01:33","modified_gmt":"2016-10-03T16:01:33","slug":"offshore-spolecnost-na-b-p-o","status":"publish","type":"page","link":"https:\/\/fcba-offshore.com\/cs\/offshore-spolecnost-na-b-p-o\/","title":{"rendered":"Offshore spole\u010dnost na B.P.O."},"content":{"rendered":"<p><a href=\"http:\/\/fcba-offshore.com\/wp-content\/uploads\/2014\/06\/Iles-Vierges-Britanniques-Offshore.png\"><img loading=\"lazy\" decoding=\"async\" class=\"size-medium wp-image-608 alignright\" src=\"http:\/\/fcba-offshore.com\/wp-content\/uploads\/2014\/06\/Iles-Vierges-Britanniques-Offshore-300x131.png\" alt=\"Iles Vierges Britanniques Offshore\" width=\"300\" height=\"131\" srcset=\"https:\/\/fcba-offshore.com\/wp-content\/uploads\/2014\/06\/Iles-Vierges-Britanniques-Offshore-300x131.png 300w, https:\/\/fcba-offshore.com\/wp-content\/uploads\/2014\/06\/Iles-Vierges-Britanniques-Offshore.png 641w, https:\/\/fcba-offshore.com\/wp-content\/uploads\/2014\/06\/Iles-Vierges-Britanniques-Offshore-450x196.png 450w\" sizes=\"auto, (max-width: 300px) 100vw, 300px\" \/><\/a><\/p>\n<h1><a href=\"http:\/\/fcba-offshore.com\/wp-content\/uploads\/2014\/06\/Iles-Vierges-Britanniques.png\"><img loading=\"lazy\" decoding=\"async\" class=\"alignnone size-full wp-image-352\" src=\"http:\/\/fcba-offshore.com\/wp-content\/uploads\/2014\/06\/Iles-Vierges-Britanniques.png\" alt=\"Iles-Vierges-Britanniques\" width=\"75\" height=\"46\" \/><\/a><\/h1>\n<p>&nbsp;<\/p>\n<h1>Offshore spole\u010dnost na B.P.O.:<\/h1>\n<p>&nbsp;<\/p>\n<p style=\"text-align: justify;\">Britsk\u00e9 Panensk\u00e9 ostrovy (obvykle naz\u00fdvan\u00e9 BPO) le\u017e\u00ed v Atlantick\u00e9m oce\u00e1nu a jsou sou\u010d\u00e1sti\u00ed Karibsk\u00e9ho souostrov\u00ed. Ostrovy jsou se sv\u00fdmi m\u00e9n\u011b ne\u017e 30 000 obyvateli ekonomicky z\u00e1visl\u00e9 na vztaz\u00edch s dal\u0161\u00edmi st\u00e1ty, a proto je kr\u00e1lovna Al\u017eb\u011bta II. st\u00e1le pova\u017eov\u00e1na vl\u00e1dou BPO za hlavu st\u00e1tu.\u00a0Da\u0148ov\u00e9 \u00fa\u0159ady BPO jsou da\u0148ov\u011b p\u0159\u00edv\u011btiv\u00e9 k\u00e9 ke v\u0161em entit\u00e1m ochotn\u00fdm podnikat mimo toto souostrov\u00ed a registraci spole\u010dnosti v tomto st\u00e1t\u011b podporuj\u00ed nezda\u0148ov\u00e1n\u00edm offshore zisku, tj. zisku z podnik\u00e1n\u00ed v\u00fdhradn\u011b mimo \u00fazem\u00ed BPO. Krom\u011b toho jsou jejich podnikatelsky orientovan\u00e9 pr\u00e1vn\u00ed p\u0159edpisy zalo\u017een\u00e9 na anglick\u00e9m modelu flexibiln\u00ed a modern\u00ed. To je velmi siln\u00e9 l\u00e1kadlo a spoustu zahrani\u010dn\u00edch investor\u016f motivuje k p\u0159est\u011bhov\u00e1n\u00ed podnikatelsk\u00fdch aktivit do t\u00e9to jurisdikce.<\/p>\n<p style=\"text-align: justify;\"><a href=\"https:\/\/fcba-offshore.com\/cs\/offshore-bankovni-ucet\/\">Offshore bankovn\u00ed \u00fa\u010det<\/a> nebo <a href=\"https:\/\/fcba-offshore.com\/cs\/offshore-spolecnosti\/\">offshore spole\u010dnost<\/a> na Britsk\u00fdch Panensk\u00fdch ostrovech p\u0159in\u00e1\u0161\u00ed tyto v\u00fdhody:<\/p>\n<ul style=\"text-align: justify;\">\n<li>nulov\u00e1 DPH<\/li>\n<li>nulov\u00e1 da\u0148 z p\u0159\u00edjmu pr\u00e1vnick\u00fdch osob (pro nerezidenty)<\/li>\n<li>bankovn\u00ed tajemstv\u00ed<\/li>\n<li>nevyzrazov\u00e1n\u00ed identity majitel\u016f podnik\u016f<\/li>\n<\/ul>\n<p style=\"text-align: justify;\">Skute\u010dnost, \u017ee v\u00edce ne\u017e 40 % mezin\u00e1rodn\u00edch skupin m\u00e1 dce\u0159inou \u010di holdingovou spole\u010dnost registrovanou na BPO, v\u0161ak znamen\u00e1, \u017ee pov\u011bst t\u011bchto koncern\u016f jde proti nim a m\u016f\u017ee tuto <a href=\"https:\/\/fcba-offshore.com\/cs\/offshore-jurisdikce\/\">offshore jurisdikci<\/a> (podle t\u011bch nejpesimisti\u010dt\u011bj\u0161\u00edch odborn\u00edk\u016f) stav\u011bt do role p\u0159\u00ed\u0161t\u00ed ob\u011bti dohody o transparentnosti s nejv\u011bt\u0161\u00edmi \u010dleny OECD.<\/p>\n<p style=\"text-align: justify;\"><a href=\"https:\/\/fcba-offshore.com\/cs\/\">FCBA Offshore Ltd<\/a> nedoporu\u010duje sv\u00fdm klient\u016fm kv\u016fli t\u011bmto hrozb\u00e1m otev\u00edrat <a href=\"https:\/\/fcba-offshore.com\/cs\/offshore-bankovni-ucet\/\">offshore bankovn\u00ed \u00fa\u010det<\/a> ani registrovat novou <a href=\"https:\/\/fcba-offshore.com\/cs\/offshore-spolecnosti\/\">offshore spole\u010dnost<\/a> na BPO na dlouho dobu.\u00a0Lidem, kte\u0159\u00ed zde ji\u017e maj\u00ed <a href=\"https:\/\/fcba-offshore.com\/cs\/offshore-bankovni-ucet\/\">offshore bankovn\u00ed \u00fa\u010det<\/a> nebo <a href=\"https:\/\/fcba-offshore.com\/cs\/offshore-spolecnosti\/\">offshore spole\u010dnosti<\/a>, doporu\u010dujeme, aby se na n\u00e1s obr\u00e1tili, a my jim porad\u00edme, kam jejich podnik\u00e1n\u00ed p\u0159em\u00edstit.<\/p>\n<p style=\"text-align: justify;\">Otev\u0159en\u00ed <a href=\"https:\/\/fcba-offshore.com\/cs\/offshore-bankovni-ucet\/\">offshore bankovn\u00edho \u00fa\u010dtu<\/a> i\u00a0zalo\u017een\u00ed <a href=\"https:\/\/fcba-offshore.com\/cs\/offshore-spolecnosti\/\">offshore spole\u010dnosti<\/a> na BPO je v\u0161ak pro n\u00e1s mo\u017en\u00e9 a r\u00e1di se s v\u00e1mi pod\u011bl\u00edme o svou s\u00ed\u0165 a partnerstv\u00ed s m\u00edstn\u00edmi bankami.<\/p>\n<p style=\"text-align: justify;\">Nakonec je t\u0159eba m\u00edt na pam\u011bti skute\u010dnost, \u017ee po\u010d\u00e1te\u010dn\u00ed vklad, kter\u00fd m\u00edstn\u00ed banky vy\u017eaduj\u00ed, m\u016f\u017ee b\u00fdt celkem vysok\u00fd a je t\u0159eba jej m\u00edt p\u0159ed za\u010d\u00e1tkem jak\u00e9hokoliv podnik\u00e1n\u00ed zde p\u0159ipraven.<\/p>\n<p style=\"text-align: justify;\"><a href=\"https:\/\/fcba-offshore.com\/cs\/kontakt-2\/\">Pro jak\u00e9koliv dal\u0161\u00ed informace nev\u00e1hejte a obra\u0165te se na \u010dleny t\u00fdmu FCBA Offshore Ltd<\/a>.<\/p>\n<p><a href=\"http:\/\/fcba-offshore.com\/wp-content\/uploads\/2014\/06\/logo-small.png\"><img loading=\"lazy\" decoding=\"async\" class=\"alignnone size-full wp-image-479\" src=\"http:\/\/fcba-offshore.com\/wp-content\/uploads\/2014\/06\/logo-small.png\" alt=\"Logo offshore small\" width=\"142\" height=\"31\" \/><\/a><\/p>\n","protected":false},"excerpt":{"rendered":"<p>&nbsp; Offshore spole\u010dnost na B.P.O.: &nbsp; Britsk\u00e9 Panensk\u00e9 ostrovy (obvykle naz\u00fdvan\u00e9 BPO) le\u017e\u00ed v Atlantick\u00e9m oce\u00e1nu a jsou sou\u010d\u00e1sti\u00ed Karibsk\u00e9ho souostrov\u00ed. Ostrovy jsou se sv\u00fdmi m\u00e9n\u011b ne\u017e 30 000 obyvateli ekonomicky z\u00e1visl\u00e9 na vztaz\u00edch s dal\u0161\u00edmi st\u00e1ty, a proto je kr\u00e1lovna Al\u017eb\u011bta II. st\u00e1le pova\u017eov\u00e1na vl\u00e1dou BPO za hlavu st\u00e1tu.\u00a0Da\u0148ov\u00e9 \u00fa\u0159ady BPO jsou da\u0148ov\u011b p\u0159\u00edv\u011btiv\u00e9&hellip;<\/p>\n","protected":false},"author":1,"featured_media":0,"parent":0,"menu_order":0,"comment_status":"closed","ping_status":"open","template":"","meta":{"footnotes":""},"class_list":["post-2765","page","type-page","status-publish","hentry"],"_links":{"self":[{"href":"https:\/\/fcba-offshore.com\/cs\/wp-json\/wp\/v2\/pages\/2765","targetHints":{"allow":["GET"]}}],"collection":[{"href":"https:\/\/fcba-offshore.com\/cs\/wp-json\/wp\/v2\/pages"}],"about":[{"href":"https:\/\/fcba-offshore.com\/cs\/wp-json\/wp\/v2\/types\/page"}],"author":[{"embeddable":true,"href":"https:\/\/fcba-offshore.com\/cs\/wp-json\/wp\/v2\/users\/1"}],"replies":[{"embeddable":true,"href":"https:\/\/fcba-offshore.com\/cs\/wp-json\/wp\/v2\/comments?post=2765"}],"version-history":[{"count":5,"href":"https:\/\/fcba-offshore.com\/cs\/wp-json\/wp\/v2\/pages\/2765\/revisions"}],"predecessor-version":[{"id":2953,"href":"https:\/\/fcba-offshore.com\/cs\/wp-json\/wp\/v2\/pages\/2765\/revisions\/2953"}],"wp:attachment":[{"href":"https:\/\/fcba-offshore.com\/cs\/wp-json\/wp\/v2\/media?parent=2765"}],"curies":[{"name":"wp","href":"https:\/\/api.w.org\/{rel}","templated":true}]}}