{"id":2768,"date":"2016-09-28T10:50:34","date_gmt":"2016-09-28T10:50:34","guid":{"rendered":"http:\/\/fcba-offshore.com\/?page_id=2768"},"modified":"2016-10-04T14:44:34","modified_gmt":"2016-10-04T14:44:34","slug":"offshore-spolecnost-na-kajmanskych-ostrovech","status":"publish","type":"page","link":"https:\/\/fcba-offshore.com\/cs\/offshore-spolecnost-na-kajmanskych-ostrovech\/","title":{"rendered":"Offshore spole\u010dnost na Kajmansk\u00fdch ostrovech"},"content":{"rendered":"<p><a href=\"http:\/\/fcba-offshore.com\/wp-content\/uploads\/2014\/06\/Iles-Caimans.png\"><img loading=\"lazy\" decoding=\"async\" class=\"alignnone size-full wp-image-343\" src=\"http:\/\/fcba-offshore.com\/wp-content\/uploads\/2014\/06\/Iles-Caimans.png\" alt=\"Iles-Caimans\" width=\"78\" height=\"40\" \/><\/a> <a href=\"http:\/\/fcba-offshore.com\/wp-content\/uploads\/2014\/06\/Iles-Caymans-Offshore.png\"><img loading=\"lazy\" decoding=\"async\" class=\"size-medium wp-image-598 alignright\" src=\"http:\/\/fcba-offshore.com\/wp-content\/uploads\/2014\/06\/Iles-Caymans-Offshore-300x131.png\" alt=\"Iles Caymans Offshore\" width=\"300\" height=\"131\" srcset=\"https:\/\/fcba-offshore.com\/wp-content\/uploads\/2014\/06\/Iles-Caymans-Offshore-300x131.png 300w, https:\/\/fcba-offshore.com\/wp-content\/uploads\/2014\/06\/Iles-Caymans-Offshore.png 641w, https:\/\/fcba-offshore.com\/wp-content\/uploads\/2014\/06\/Iles-Caymans-Offshore-450x196.png 450w\" sizes=\"auto, (max-width: 300px) 100vw, 300px\" \/><\/a><\/p>\n<p>&nbsp;<\/p>\n<h1>Offshore spole\u010dnost na Kajmansk\u00fdch ostrovech:<\/h1>\n<p>&nbsp;<\/p>\n<p style=\"text-align: justify;\">Kajmansk\u00e9 ostrovy jsou souostrov\u00edm v Karibsk\u00e9m mo\u0159i, kter\u00e9 jsou pova\u017eov\u00e1ny za britsk\u00e9 z\u00e1mo\u0159sk\u00e9 \u00fazem\u00ed.\u00a0Toto <a href=\"https:\/\/fcba-offshore.com\/cs\/offshore-jurisdikce\/\">offshore m\u00edsto<\/a> bylo v 90. letech m\u00e9dii p\u0159\u00edzniv\u011b pops\u00e1no jako jedno z nejpopul\u00e1rn\u011bj\u0161\u00edch <a href=\"https:\/\/fcba-offshore.com\/cs\/offshore-jurisdikce\/\">offshore destinac\u00ed<\/a> d\u00edky v\u0161em p\u0159\u00ednos\u016fm, kter\u00e9 nab\u00edzelo. Dnes v\u0161ak kv\u016fli mnoha dohod\u00e1m o transparentnosti, kter\u00e9 podepsaly Kajmansk\u00e9 ostrovy a Spojen\u00e9 st\u00e1ty americk\u00e9, Irsko, Nizozemsko a skandin\u00e1vsk\u00e9 zem\u011b, a kv\u016fli budouc\u00edmu projektu, kter\u00fd tyto dohody roz\u0161\u00ed\u0159\u00ed na spoustu dal\u0161\u00edch zem\u00ed OECD, stoj\u00edme nyn\u00ed podle mnoha odborn\u00edk\u016f p\u0159ed \u201ekoncem cyklu\u201c t\u00fdkaj\u00edc\u00edho se t\u00e9to <a href=\"https:\/\/fcba-offshore.com\/cs\/offshore-jurisdikce\/\">offshore jurisdikce<\/a>.<\/p>\n<p style=\"text-align: justify;\">P\u0159esto\u017ee v sou\u010dasnosti nab\u00edzej\u00ed da\u0148ov\u00e9 \u00fa\u0159ady na Kajmansk\u00fdch ostrovech offshore spole\u010dnostem 0% sazbu dan\u011b ze zisku, je t\u0159eba podotknout, \u017ee pokud m\u00e1 spole\u010dnost ekonomick\u00e9 aktivity pouze mimo \u00fazem\u00ed, \u00fa\u0159ady ostrov\u016f ji\u017e vyzrazuj\u00ed vlastn\u00edky t\u011bchto <a href=\"https:\/\/fcba-offshore.com\/cs\/offshore-spolecnosti\/\">offshore spole\u010dnost\u00ed<\/a> registrovan\u00fdch na jejich \u00fazem\u00ed. Je proto sice st\u00e1le mo\u017en\u00e9 leg\u00e1ln\u011b neplatit zde dan\u011b z va\u0161eho offshore zisku z podnik\u00e1n\u00ed, ale proto\u017ee ji\u017e neexistuje anonymita, je to jedin\u00fd p\u0159\u00ednos vytvo\u0159en\u00ed <a href=\"https:\/\/fcba-offshore.com\/cs\/offshore-spolecnosti\/\">offshore spole\u010dnosti<\/a> na Kajmansk\u00fdch ostrovech.<\/p>\n<p style=\"text-align: justify;\"><a href=\"https:\/\/fcba-offshore.com\/cs\/\">FCBA Offshore Ltd<\/a> u\u017e sv\u00fdm klient\u016fm nedoporu\u010duje otev\u00edrat si <a href=\"https:\/\/fcba-offshore.com\/cs\/offshore-bankovni-ucet\/\">offshore bankovn\u00ed \u00fa\u010det<\/a> nebo registrovat si <a href=\"https:\/\/fcba-offshore.com\/cs\/offshore-spolecnosti\/\">offshore spole\u010dnost<\/a> na Kajmansk\u00fdch ostrovech, proto\u017ee s r\u016fzn\u00fdmi st\u00e1ty podepsaly dohody o transparentnosti. V\u0161echny zem\u011b sice tyto dohody je\u0161t\u011b nepodepsaly, ale podle mnoha odborn\u00edk\u016f se tak brzy stane.\u00a0Proto doporu\u010dujeme i lidem, kter\u00e9 na Kajmansk\u00fdch ostrovech <a href=\"https:\/\/fcba-offshore.com\/cs\/offshore-bankovni-ucet\/\">offshore bankovn\u00ed \u00fa\u010det<\/a> nebo <a href=\"https:\/\/fcba-offshore.com\/cs\/offshore-spolecnosti\/\">offshore spole\u010dnost<\/a> u\u017e maj\u00ed, aby se na n\u00e1s obr\u00e1tili, a my jim porad\u00edme, kam se lze p\u0159em\u00edstit. V z\u00e1vislosti na va\u0161\u00ed situaci v\u00e1m m\u016f\u017ee zaru\u010dit diskr\u00e9tnost i bankovn\u00ed tajemstv\u00ed spousta jin\u00fdch jurisdikc\u00ed.<\/p>\n<p style=\"text-align: justify;\">Otev\u0159en\u00ed <a href=\"https:\/\/fcba-offshore.com\/cs\/offshore-bankovni-ucet\/\">offshore bankovn\u00edho \u00fa\u010dtu<\/a> i\u00a0zalo\u017een\u00ed <a href=\"https:\/\/fcba-offshore.com\/cs\/offshore-spolecnosti\/\">offshore spole\u010dnosti<\/a> na Kajmansk\u00fdch ostrovech je v\u0161ak pro n\u00e1s mo\u017en\u00e9 a r\u00e1di se s v\u00e1mi pod\u011bl\u00edme o svou s\u00ed\u0165 a partnerstv\u00ed s m\u00edstn\u00edmi bankami.<\/p>\n<p style=\"text-align: justify;\">Nakonec je t\u0159eba m\u00edt na pam\u011bti skute\u010dnost, \u017ee po\u010d\u00e1te\u010dn\u00ed vklad, kter\u00fd m\u00edstn\u00ed banky vy\u017eaduj\u00ed, m\u016f\u017ee b\u00fdt celkem vysok\u00fd a je t\u0159eba jej m\u00edt p\u0159ed za\u010d\u00e1tkem jak\u00e9hokoliv podnik\u00e1n\u00ed zde p\u0159ipraven.<\/p>\n<p style=\"text-align: justify;\">Pro jak\u00e9koliv dal\u0161\u00ed informace <a href=\"https:\/\/fcba-offshore.com\/cs\/kontakt-2\/\">nev\u00e1hejte a obra\u0165te se na \u010dleny t\u00fdmu FCBA Offshore Ltd.<\/a><\/p>\n<p><a href=\"http:\/\/fcba-offshore.com\/wp-content\/uploads\/2014\/06\/logo-small.png\"><img loading=\"lazy\" decoding=\"async\" class=\"alignnone size-full wp-image-479\" src=\"http:\/\/fcba-offshore.com\/wp-content\/uploads\/2014\/06\/logo-small.png\" alt=\"Logo offshore small\" width=\"142\" height=\"31\" \/><\/a><\/p>\n","protected":false},"excerpt":{"rendered":"<p>&nbsp; Offshore spole\u010dnost na Kajmansk\u00fdch ostrovech: &nbsp; Kajmansk\u00e9 ostrovy jsou souostrov\u00edm v Karibsk\u00e9m mo\u0159i, kter\u00e9 jsou pova\u017eov\u00e1ny za britsk\u00e9 z\u00e1mo\u0159sk\u00e9 \u00fazem\u00ed.\u00a0Toto offshore m\u00edsto bylo v 90. letech m\u00e9dii p\u0159\u00edzniv\u011b pops\u00e1no jako jedno z nejpopul\u00e1rn\u011bj\u0161\u00edch offshore destinac\u00ed d\u00edky v\u0161em p\u0159\u00ednos\u016fm, kter\u00e9 nab\u00edzelo. Dnes v\u0161ak kv\u016fli mnoha dohod\u00e1m o transparentnosti, kter\u00e9 podepsaly Kajmansk\u00e9 ostrovy a Spojen\u00e9 st\u00e1ty&hellip;<\/p>\n","protected":false},"author":1,"featured_media":0,"parent":0,"menu_order":0,"comment_status":"closed","ping_status":"open","template":"","meta":{"footnotes":""},"class_list":["post-2768","page","type-page","status-publish","hentry"],"_links":{"self":[{"href":"https:\/\/fcba-offshore.com\/cs\/wp-json\/wp\/v2\/pages\/2768","targetHints":{"allow":["GET"]}}],"collection":[{"href":"https:\/\/fcba-offshore.com\/cs\/wp-json\/wp\/v2\/pages"}],"about":[{"href":"https:\/\/fcba-offshore.com\/cs\/wp-json\/wp\/v2\/types\/page"}],"author":[{"embeddable":true,"href":"https:\/\/fcba-offshore.com\/cs\/wp-json\/wp\/v2\/users\/1"}],"replies":[{"embeddable":true,"href":"https:\/\/fcba-offshore.com\/cs\/wp-json\/wp\/v2\/comments?post=2768"}],"version-history":[{"count":3,"href":"https:\/\/fcba-offshore.com\/cs\/wp-json\/wp\/v2\/pages\/2768\/revisions"}],"predecessor-version":[{"id":2967,"href":"https:\/\/fcba-offshore.com\/cs\/wp-json\/wp\/v2\/pages\/2768\/revisions\/2967"}],"wp:attachment":[{"href":"https:\/\/fcba-offshore.com\/cs\/wp-json\/wp\/v2\/media?parent=2768"}],"curies":[{"name":"wp","href":"https:\/\/api.w.org\/{rel}","templated":true}]}}