{"id":2770,"date":"2016-09-28T10:55:51","date_gmt":"2016-09-28T10:55:51","guid":{"rendered":"http:\/\/fcba-offshore.com\/?page_id=2770"},"modified":"2016-10-04T14:38:35","modified_gmt":"2016-10-04T14:38:35","slug":"offshore-spolecnost-na-kypru","status":"publish","type":"page","link":"https:\/\/fcba-offshore.com\/cs\/offshore-spolecnost-na-kypru\/","title":{"rendered":"Offshore spole\u010dnost na Kypru"},"content":{"rendered":"<h1><a href=\"http:\/\/fcba-offshore.com\/wp-content\/uploads\/2014\/06\/Chypre.png\"><img loading=\"lazy\" decoding=\"async\" class=\"alignnone size-full wp-image-345\" src=\"http:\/\/fcba-offshore.com\/wp-content\/uploads\/2014\/06\/Chypre.png\" alt=\"Chypre\" width=\"79\" height=\"50\" \/><\/a> <a href=\"http:\/\/fcba-offshore.com\/wp-content\/uploads\/2014\/06\/Chypre-offshore.png\"><img loading=\"lazy\" decoding=\"async\" class=\"size-medium wp-image-563 alignright\" src=\"http:\/\/fcba-offshore.com\/wp-content\/uploads\/2014\/06\/Chypre-offshore-300x131.png\" alt=\"Chypre offshore\" width=\"300\" height=\"131\" srcset=\"https:\/\/fcba-offshore.com\/wp-content\/uploads\/2014\/06\/Chypre-offshore-300x131.png 300w, https:\/\/fcba-offshore.com\/wp-content\/uploads\/2014\/06\/Chypre-offshore.png 641w, https:\/\/fcba-offshore.com\/wp-content\/uploads\/2014\/06\/Chypre-offshore-450x196.png 450w\" sizes=\"auto, (max-width: 300px) 100vw, 300px\" \/><\/a><\/h1>\n<p>&nbsp;<\/p>\n<h1>Offshore spole\u010dnost na Kypru:<\/h1>\n<p>&nbsp;<\/p>\n<p style=\"text-align: justify;\">Kypr je ostrov ve v\u00fdchodn\u00ed \u010d\u00e1sti St\u0159edozemn\u00edho mo\u0159e mezi \u0158eckem a Tureckem. Hlavn\u00edm oborem na ostrov\u011b je turistika, ale Kypr nab\u00edz\u00ed tak\u00e9 \u0161irokou \u0161k\u00e1lu v\u00fdhod lidem, kte\u0159\u00ed si zde cht\u011bj\u00ed otev\u0159\u00edt <a href=\"https:\/\/fcba-offshore.com\/cs\/offshore-bankovni-ucet\/\">offshore bankovn\u00ed \u00fa\u010det<\/a> nebo z\u0159\u00eddit <a href=\"https:\/\/fcba-offshore.com\/cs\/offshore-spolecnosti\/\">offshore spole\u010dnost<\/a>. Bohu\u017eel zem\u011b byla posti\u017eena nejv\u011bt\u0161\u00ed bankovn\u00ed kriz\u00ed v letech 2012 a 2013 a jej\u00ed pov\u011bst upadla. Je v\u0161ak t\u0159eba m\u00edt na pam\u011bti, \u017ee ne v\u0161echny kypersk\u00e9 banky byly kriz\u00ed dot\u010deny. N\u00e1\u0161 m\u00edstn\u00ed bankovn\u00ed partner je jedn\u00edm z t\u011bch, kte\u0159\u00ed p\u0159edv\u00eddali a nechytli se do past\u00ed t\u00e9to finan\u010dn\u00ed krize.<\/p>\n<p style=\"text-align: justify;\">P\u0159\u00ednosy otev\u0159en\u00ed <a href=\"https:\/\/fcba-offshore.com\/cs\/offshore-bankovni-ucet\/\">offshore bankovn\u00edho \u00fa\u010dtu<\/a> nebo z\u0159\u00edzen\u00ed <a href=\"https:\/\/fcba-offshore.com\/cs\/offshore-spolecnosti\/\">offshore spole\u010dnosti<\/a> na Kypru jsou:<\/p>\n<ul style=\"text-align: justify;\">\n<ul>\n<li>diskr\u00e9tnost a bankovn\u00ed tajemstv\u00ed v\u016f\u010di v\u0161em velk\u00fdm st\u00e1t\u016fm (bohu\u017eel v\u0161ak u\u017e ne v\u016f\u010di \u010dlen\u016fm Evropsk\u00e9 unie)<\/li>\n<li>mo\u017enost m\u00edt evropsk\u00e9 registra\u010dn\u00ed \u010d\u00edslo \/ \u010d\u00edslo pl\u00e1tce DPH (proto\u017ee Kypr je sou\u010d\u00e1st\u00ed EU)<\/li>\n<li>ofici\u00e1ln\u00ed m\u011bna euro<\/li>\n<li>n\u00edzk\u00e1 sazba dan\u011b z p\u0159\u00edjm\u016f pr\u00e1vnick\u00fdch osob, kter\u00e1 \u010din\u00ed 12,5 % pro rezidenty i\u00a0nerezidenty<\/li>\n<\/ul>\n<\/ul>\n<p style=\"text-align: justify;\"><a href=\"https:\/\/fcba-offshore.com\/cs\/\">FCBA Offshore Ltd<\/a> nejprve doporu\u010duje v\u0161em majitel\u016fm kypersk\u00e9ho bankovn\u00edho \u00fa\u010dtu, kte\u0159\u00ed poc\u00edtili dopad finan\u010dn\u00ed krize, aby se na n\u00e1s obr\u00e1tili. Doporu\u010d\u00edme v\u00e1m otev\u0159\u00edt si nov\u00fd <a href=\"https:\/\/fcba-offshore.com\/cs\/offshore-bankovni-ucet\/\">offshore bankovn\u00ed \u00fa\u010det<\/a> bu\u010f u na\u0161eho m\u00edstn\u00edho partnera, nebo u jak\u00e9hokoliv jin\u00e9ho bankovn\u00edho partnera v jin\u00e9 jurisdikci. Lid\u00e9, kte\u0159\u00ed si cht\u011bj\u00ed registrovat <a href=\"https:\/\/fcba-offshore.com\/cs\/offshore-spolecnosti\/\">offshore spole\u010dnost<\/a> nebo otev\u0159\u00edt <a href=\"https:\/\/fcba-offshore.com\/cs\/offshore-bankovni-ucet\/\">offshore bankovn\u00ed \u00fa\u010det<\/a>, by si m\u011bli tak\u00e9 ov\u011b\u0159it vysokou spolehlivost sv\u00e9ho finan\u010dn\u00edho partnera.<\/p>\n<p style=\"text-align: justify;\">Otev\u0159en\u00ed <a href=\"https:\/\/fcba-offshore.com\/cs\/offshore-bankovni-ucet\/\">offshore bankovn\u00edho \u00fa\u010dtu<\/a> i\u00a0zalo\u017een\u00ed <a href=\"https:\/\/fcba-offshore.com\/cs\/offshore-spolecnosti\/\">offshore spole\u010dnosti<\/a> na Kypru je pro n\u00e1s jednoduchou z\u00e1le\u017eitost\u00ed a r\u00e1di se s v\u00e1mi pod\u011bl\u00edme o svou s\u00ed\u0165 a partnerstv\u00ed s m\u00edstn\u00edmi bankami.<\/p>\n<p style=\"text-align: justify;\">Nakonec je t\u0159eba m\u00edt na pam\u011bti skute\u010dnost, \u017ee po\u010d\u00e1te\u010dn\u00ed vklad, kter\u00fd m\u00edstn\u00ed banky vy\u017eaduj\u00ed, je n\u00edzk\u00fd, a proto by v\u00e1s od otev\u0159en\u00ed <a href=\"https:\/\/fcba-offshore.com\/cs\/offshore-bankovni-ucet\/\">offshore bankovn\u00edho \u00fa\u010dtu<\/a> nem\u011bl nikterak odradit.<\/p>\n<p style=\"text-align: justify;\">Pro jak\u00e9koliv dal\u0161\u00ed informace <a href=\"https:\/\/fcba-offshore.com\/cs\/kontakt-2\/\">nev\u00e1hejte a obra\u0165te se na \u010dleny t\u00fdmu FCBA Offshore Ltd<\/a>.<\/p>\n<p><a href=\"http:\/\/fcba-offshore.com\/wp-content\/uploads\/2014\/06\/logo-small.png\"><img loading=\"lazy\" decoding=\"async\" class=\"alignnone size-full wp-image-479\" src=\"http:\/\/fcba-offshore.com\/wp-content\/uploads\/2014\/06\/logo-small.png\" alt=\"Logo offshore small\" width=\"142\" height=\"31\" \/><\/a><\/p>\n","protected":false},"excerpt":{"rendered":"<p>&nbsp; Offshore spole\u010dnost na Kypru: &nbsp; Kypr je ostrov ve v\u00fdchodn\u00ed \u010d\u00e1sti St\u0159edozemn\u00edho mo\u0159e mezi \u0158eckem a Tureckem. Hlavn\u00edm oborem na ostrov\u011b je turistika, ale Kypr nab\u00edz\u00ed tak\u00e9 \u0161irokou \u0161k\u00e1lu v\u00fdhod lidem, kte\u0159\u00ed si zde cht\u011bj\u00ed otev\u0159\u00edt offshore bankovn\u00ed \u00fa\u010det nebo z\u0159\u00eddit offshore spole\u010dnost. Bohu\u017eel zem\u011b byla posti\u017eena nejv\u011bt\u0161\u00ed bankovn\u00ed kriz\u00ed v letech 2012 a&hellip;<\/p>\n","protected":false},"author":1,"featured_media":0,"parent":0,"menu_order":0,"comment_status":"closed","ping_status":"open","template":"","meta":{"footnotes":""},"class_list":["post-2770","page","type-page","status-publish","hentry"],"_links":{"self":[{"href":"https:\/\/fcba-offshore.com\/cs\/wp-json\/wp\/v2\/pages\/2770","targetHints":{"allow":["GET"]}}],"collection":[{"href":"https:\/\/fcba-offshore.com\/cs\/wp-json\/wp\/v2\/pages"}],"about":[{"href":"https:\/\/fcba-offshore.com\/cs\/wp-json\/wp\/v2\/types\/page"}],"author":[{"embeddable":true,"href":"https:\/\/fcba-offshore.com\/cs\/wp-json\/wp\/v2\/users\/1"}],"replies":[{"embeddable":true,"href":"https:\/\/fcba-offshore.com\/cs\/wp-json\/wp\/v2\/comments?post=2770"}],"version-history":[{"count":3,"href":"https:\/\/fcba-offshore.com\/cs\/wp-json\/wp\/v2\/pages\/2770\/revisions"}],"predecessor-version":[{"id":2965,"href":"https:\/\/fcba-offshore.com\/cs\/wp-json\/wp\/v2\/pages\/2770\/revisions\/2965"}],"wp:attachment":[{"href":"https:\/\/fcba-offshore.com\/cs\/wp-json\/wp\/v2\/media?parent=2770"}],"curies":[{"name":"wp","href":"https:\/\/api.w.org\/{rel}","templated":true}]}}