{"id":2772,"date":"2016-09-28T10:57:38","date_gmt":"2016-09-28T10:57:38","guid":{"rendered":"http:\/\/fcba-offshore.com\/?page_id=2772"},"modified":"2016-10-04T15:52:53","modified_gmt":"2016-10-04T15:52:53","slug":"offshore-spolecnost-v-delaware","status":"publish","type":"page","link":"https:\/\/fcba-offshore.com\/cs\/offshore-spolecnost-v-delaware\/","title":{"rendered":"Offshore spole\u010dnost v Delaware"},"content":{"rendered":"<h1><a href=\"http:\/\/fcba-offshore.com\/wp-content\/uploads\/2014\/06\/Delaware.png\"><img loading=\"lazy\" decoding=\"async\" class=\"alignnone size-full wp-image-346\" src=\"http:\/\/fcba-offshore.com\/wp-content\/uploads\/2014\/06\/Delaware.png\" alt=\"Delaware\" width=\"79\" height=\"44\" \/><\/a> <a href=\"http:\/\/fcba-offshore.com\/wp-content\/uploads\/2014\/06\/Delaware-offshore-2.png\"><img loading=\"lazy\" decoding=\"async\" class=\"size-medium wp-image-575 alignright\" src=\"http:\/\/fcba-offshore.com\/wp-content\/uploads\/2014\/06\/Delaware-offshore-2-300x131.png\" alt=\"Delaware offshore 2\" width=\"300\" height=\"131\" srcset=\"https:\/\/fcba-offshore.com\/wp-content\/uploads\/2014\/06\/Delaware-offshore-2-300x131.png 300w, https:\/\/fcba-offshore.com\/wp-content\/uploads\/2014\/06\/Delaware-offshore-2.png 641w, https:\/\/fcba-offshore.com\/wp-content\/uploads\/2014\/06\/Delaware-offshore-2-450x196.png 450w\" sizes=\"auto, (max-width: 300px) 100vw, 300px\" \/><\/a><\/h1>\n<p>&nbsp;<\/p>\n<h1>Offshore spole\u010dnost v Delaware:<\/h1>\n<p>&nbsp;<\/p>\n<p style=\"text-align: justify;\">Delaware je jedn\u00edm z 50 st\u00e1t\u016f USA a le\u017e\u00ed na severov\u00fdchod\u011b zem\u011b. Toto historicky zasl\u00edben\u00e9 m\u00edsto pro offshore\u00a0se t\u011b\u0161\u00ed v\u00fdborn\u00e9 mezin\u00e1rodn\u00ed pov\u011bsti a s jistotou z\u016fst\u00e1v\u00e1 jednou z\u00a0celosv\u011btov\u011b nejzn\u00e1m\u011bj\u0161\u00edch offshore jurisdikc\u00ed. Krom\u011b opravdu konkurenceschopn\u00fdch da\u0148ov\u00fdch zv\u00fdhodn\u011bn\u00ed pro v\u0161echny spole\u010dnosti p\u016fsob\u00edc\u00edch na \u00fazem\u00ed st\u00e1tu m\u016f\u017ee Delaware tak\u00e9 (za ur\u010dit\u00fdch podm\u00ednek) umo\u017enit bezprost\u0159edn\u00edmu vlastn\u00edku spole\u010dnosti z\u00edskat zelenou kartu pro pobyt v USA.<\/p>\n<p style=\"text-align: justify;\">Hlavn\u00edm p\u0159\u00ednosem <a href=\"https:\/\/fcba-offshore.com\/cs\/offshore-spolecnosti\/\">offshore spole\u010dnosti<\/a> registrovan\u00e9 v Delaware je da\u0148ov\u00e1 p\u0159\u00edv\u011btivost m\u00edstn\u00edch \u00fa\u0159ad\u016f ke v\u0161em entit\u00e1m, kter\u00e9 cht\u011bj\u00ed podnikat mimo st\u00e1t. Ve st\u00e1t\u011b Delaware je registrace <a href=\"https:\/\/fcba-offshore.com\/cs\/offshore-spolecnosti\/\">offshore spole\u010dnosti<\/a> podporov\u00e1na nezda\u0148ov\u00e1n\u00edm offshore zisku, kter\u00fd vznik\u00e1 mimo \u00fazem\u00ed. Tento st\u00e1t se v\u0161ak siln\u011b p\u0159izp\u016fsobil Evrop\u011b, tak\u017ee je obt\u00ed\u017en\u00e9 vyu\u017e\u00edvat <a href=\"https:\/\/fcba-offshore.com\/cs\/offshore-spolecnosti\/\">offshore spole\u010dnost<\/a> registrovanou v Delaware v r\u00e1mci Evropsk\u00e9 unie. Evropsk\u00e9 da\u0148ov\u00e9 \u00fa\u0159ady mohou skute\u010dn\u011b ozn\u00e1mit reklasifikaci m\u00edstn\u00edm spole\u010dnostem, kter\u00fdm <a href=\"https:\/\/fcba-offshore.com\/cs\/offshore-spolecnosti\/\">offshore spole\u010dnost<\/a> registrovan\u00e1 v Delaware \u00fa\u010dtovala zda\u0148ovan\u00e9 polo\u017eky.<\/p>\n<p style=\"text-align: justify;\">Proto my jako <a href=\"https:\/\/fcba-offshore.com\/cs\/\">FCBA Offshore Ltd<\/a> nejprve doporu\u010duje v\u0161em vlastn\u00edk\u016fm <a href=\"https:\/\/fcba-offshore.com\/cs\/offshore-spolecnosti\/\">offshore spole\u010dnosti<\/a> registrovan\u00e9 v Delaware, kter\u00e9 maj\u00ed pot\u00ed\u017ee s fakturov\u00e1n\u00edm n\u011bkter\u00fdm obchodn\u00edm partner\u016fm, aby se na n\u00e1s obr\u00e1tili. Doporu\u010d\u00edme v\u00e1m z\u0159\u00eddit si spole\u010dnost v nov\u00e9 <a href=\"https:\/\/fcba-offshore.com\/cs\/offshore-jurisdikce\/\">offshore jurisdikci<\/a>, kter\u00e1 v\u00e1m nebude br\u00e1nit \u00fa\u010dtovat klient\u016fm zda\u0148ovan\u00e9 polo\u017eky. Pro ty, kte\u0159\u00ed maj\u00ed z\u00e1jem o otev\u0159en\u00ed <a href=\"https:\/\/fcba-offshore.com\/cs\/offshore-bankovni-ucet\/\">offshore bankovn\u00edho \u00fa\u010dtu<\/a> spojen\u00e9ho s jejich <a href=\"https:\/\/fcba-offshore.com\/cs\/offshore-spolecnosti\/\">offshore spole\u010dnost\u00ed<\/a> ji\u017e registrovanou v\u00a0Delaware, zd\u016fraz\u0148ujeme, \u017ee m\u00e1me siln\u00e9 a zku\u0161en\u00e9 bankovn\u00ed partnery, kter\u00e9 v\u00e1m nab\u00eddnou v\u0161echny bankovn\u00ed slu\u017eby, je\u017e pot\u0159ebujete.<\/p>\n<p style=\"text-align: justify;\">Otev\u0159en\u00ed <a href=\"https:\/\/fcba-offshore.com\/cs\/offshore-bankovni-ucet\/\">offshore bankovn\u00edho \u00fa\u010dtu<\/a> i\u00a0zalo\u017een\u00ed <a href=\"https:\/\/fcba-offshore.com\/cs\/offshore-spolecnosti\/\">offshore spole\u010dnosti<\/a> v Delaware je pro n\u00e1s jednoduchou z\u00e1le\u017eitost\u00ed a r\u00e1di se s v\u00e1mi pod\u011bl\u00edme o svou s\u00ed\u0165 a partnerstv\u00ed s m\u00edstn\u00edmi bankami.<\/p>\n<p style=\"text-align: justify;\">Nakonec je t\u0159eba m\u00edt na pam\u011bti skute\u010dnost, \u017ee po\u010d\u00e1te\u010dn\u00ed vklad, kter\u00fd m\u00edstn\u00ed banky vy\u017eaduj\u00ed, je celkem n\u00edzk\u00fd, a proto by v\u00e1s od otev\u0159en\u00ed offshore bankovn\u00edho \u00fa\u010dtu nem\u011bl nikterak odradit.<\/p>\n<p style=\"text-align: justify;\">Pro jak\u00e9koliv dal\u0161\u00ed informace <a href=\"https:\/\/fcba-offshore.com\/cs\/kontakt-2\/\">nev\u00e1hejte a obra\u0165te se na \u010dleny t\u00fdmu FCBA Offshore Ltd<\/a>.<\/p>\n<p><a href=\"http:\/\/fcba-offshore.com\/wp-content\/uploads\/2014\/06\/logo-small.png\"><img loading=\"lazy\" decoding=\"async\" class=\"alignnone size-full wp-image-479\" src=\"http:\/\/fcba-offshore.com\/wp-content\/uploads\/2014\/06\/logo-small.png\" alt=\"Logo offshore small\" width=\"142\" height=\"31\" \/><\/a><\/p>\n","protected":false},"excerpt":{"rendered":"<p>&nbsp; Offshore spole\u010dnost v Delaware: &nbsp; Delaware je jedn\u00edm z 50 st\u00e1t\u016f USA a le\u017e\u00ed na severov\u00fdchod\u011b zem\u011b. Toto historicky zasl\u00edben\u00e9 m\u00edsto pro offshore\u00a0se t\u011b\u0161\u00ed v\u00fdborn\u00e9 mezin\u00e1rodn\u00ed pov\u011bsti a s jistotou z\u016fst\u00e1v\u00e1 jednou z\u00a0celosv\u011btov\u011b nejzn\u00e1m\u011bj\u0161\u00edch offshore jurisdikc\u00ed. Krom\u011b opravdu konkurenceschopn\u00fdch da\u0148ov\u00fdch zv\u00fdhodn\u011bn\u00ed pro v\u0161echny spole\u010dnosti p\u016fsob\u00edc\u00edch na \u00fazem\u00ed st\u00e1tu m\u016f\u017ee Delaware tak\u00e9 (za ur\u010dit\u00fdch podm\u00ednek)&hellip;<\/p>\n","protected":false},"author":1,"featured_media":0,"parent":0,"menu_order":0,"comment_status":"closed","ping_status":"open","template":"","meta":{"footnotes":""},"class_list":["post-2772","page","type-page","status-publish","hentry"],"_links":{"self":[{"href":"https:\/\/fcba-offshore.com\/cs\/wp-json\/wp\/v2\/pages\/2772","targetHints":{"allow":["GET"]}}],"collection":[{"href":"https:\/\/fcba-offshore.com\/cs\/wp-json\/wp\/v2\/pages"}],"about":[{"href":"https:\/\/fcba-offshore.com\/cs\/wp-json\/wp\/v2\/types\/page"}],"author":[{"embeddable":true,"href":"https:\/\/fcba-offshore.com\/cs\/wp-json\/wp\/v2\/users\/1"}],"replies":[{"embeddable":true,"href":"https:\/\/fcba-offshore.com\/cs\/wp-json\/wp\/v2\/comments?post=2772"}],"version-history":[{"count":3,"href":"https:\/\/fcba-offshore.com\/cs\/wp-json\/wp\/v2\/pages\/2772\/revisions"}],"predecessor-version":[{"id":2983,"href":"https:\/\/fcba-offshore.com\/cs\/wp-json\/wp\/v2\/pages\/2772\/revisions\/2983"}],"wp:attachment":[{"href":"https:\/\/fcba-offshore.com\/cs\/wp-json\/wp\/v2\/media?parent=2772"}],"curies":[{"name":"wp","href":"https:\/\/api.w.org\/{rel}","templated":true}]}}