{"id":2774,"date":"2016-09-28T11:01:32","date_gmt":"2016-09-28T11:01:32","guid":{"rendered":"http:\/\/fcba-offshore.com\/?page_id=2774"},"modified":"2016-10-04T15:50:47","modified_gmt":"2016-10-04T15:50:47","slug":"offshore-spolecnost-v-dominice","status":"publish","type":"page","link":"https:\/\/fcba-offshore.com\/cs\/offshore-spolecnost-v-dominice\/","title":{"rendered":"Offshore spole\u010dnost v Dominice"},"content":{"rendered":"<h1><a href=\"http:\/\/fcba-offshore.com\/wp-content\/uploads\/2014\/06\/Dominique.png\"><img loading=\"lazy\" decoding=\"async\" class=\"alignnone size-full wp-image-347\" src=\"http:\/\/fcba-offshore.com\/wp-content\/uploads\/2014\/06\/Dominique.png\" alt=\"Dominique\" width=\"78\" height=\"41\" \/><\/a> <a href=\"http:\/\/fcba-offshore.com\/wp-content\/uploads\/2014\/06\/Dominique-Offshore-2.png\"><img loading=\"lazy\" decoding=\"async\" class=\"size-medium wp-image-577 alignright\" src=\"http:\/\/fcba-offshore.com\/wp-content\/uploads\/2014\/06\/Dominique-Offshore-2-300x131.png\" alt=\"Dominique Offshore 2\" width=\"300\" height=\"131\" srcset=\"https:\/\/fcba-offshore.com\/wp-content\/uploads\/2014\/06\/Dominique-Offshore-2-300x131.png 300w, https:\/\/fcba-offshore.com\/wp-content\/uploads\/2014\/06\/Dominique-Offshore-2.png 641w, https:\/\/fcba-offshore.com\/wp-content\/uploads\/2014\/06\/Dominique-Offshore-2-450x196.png 450w\" sizes=\"auto, (max-width: 300px) 100vw, 300px\" \/><\/a><\/h1>\n<p>&nbsp;<\/p>\n<h1>Offshore spole\u010dnost v Dominice:<\/h1>\n<p>&nbsp;<\/p>\n<p style=\"text-align: justify;\">Dominika je karibsk\u00fd ostrov v Atlantick\u00e9m oce\u00e1nu, kter\u00fd je \u010dasto zam\u011b\u0148ov\u00e1n s\u00a0Dominik\u00e1nskou republikou. Dominika je v\u0161ak zcela nez\u00e1visl\u00fdm st\u00e1tem, kter\u00fd je sou\u010d\u00e1st\u00ed Commonwealthu a jeho\u017e \u00fa\u0159edn\u00edm jazykem je angli\u010dtina.\u00a0Da\u0148ov\u00e9 \u00fa\u0159ady Dominiky jsou tak\u00e9 da\u0148ov\u011b p\u0159\u00edv\u011btiv\u00e9 ke v\u0161em entit\u00e1m ochotn\u00fdm podnikat mimo toto souostrov\u00ed a registraci spole\u010dnosti v tomto st\u00e1t\u011b podporuj\u00ed nezda\u0148ov\u00e1n\u00edm offshore zisku, tj. zisku z podnik\u00e1n\u00ed v\u00fdhradn\u011b mimo \u00fazem\u00ed st\u00e1tu. Krom\u011b toho jsou jejich podnikatelsky orientovan\u00e9 pr\u00e1vn\u00ed p\u0159edpisy zalo\u017een\u00e9 na anglick\u00e9m modelu flexibiln\u00ed a modern\u00ed. To je velmi siln\u00e9 l\u00e1kadlo a\u00a0spoustu zahrani\u010dn\u00edch investor\u016f motivovalo k p\u0159est\u011bhov\u00e1n\u00ed jejich podnik\u00e1n\u00ed do t\u00e9to <a href=\"https:\/\/fcba-offshore.com\/cs\/offshore-jurisdikce\/\">offshore jurisdikce<\/a>.<\/p>\n<p style=\"text-align: justify;\">Existuje spousta p\u0159\u00ednos\u016f vypl\u00fdvaj\u00edc\u00edch z otev\u0159en\u00ed <a href=\"https:\/\/fcba-offshore.com\/cs\/offshore-bankovni-ucet\/\">offshore bankovn\u00edho \u00fa\u010dtu<\/a> nebo z\u0159\u00edzen\u00ed <a href=\"https:\/\/fcba-offshore.com\/cs\/offshore-spolecnosti\/\">offshore spole\u010dnosti<\/a> na Dominice. Zde je souhrn hlavn\u00edch p\u0159\u00ednos\u016f:<\/p>\n<ul style=\"text-align: justify;\">\n<li>nulov\u00e1 DPH<\/li>\n<li>nulov\u00e1 da\u0148 z p\u0159\u00edjm\u016f pr\u00e1vnick\u00fdch osob (b\u011bhem prvn\u00edch 20 let existence spole\u010dnosti)<\/li>\n<li>bankovn\u00ed tajemstv\u00ed (100% diskr\u00e9tnost)<\/li>\n<li>nevyzrazov\u00e1n\u00ed identity majitel\u016f podnik\u016f<\/li>\n<\/ul>\n<p style=\"text-align: justify;\">Lze tak\u00e9 zd\u016fraznit, \u017ee Dominika je relativn\u011b nov\u00e9 a nezn\u00e1m\u00e9 <a href=\"https:\/\/fcba-offshore.com\/cs\/offshore-jurisdikce\/\">offshore m\u00edsto<\/a> a u evropsk\u00fdch da\u0148ov\u00fdch \u00fa\u0159ad\u016f d\u00edky tomu vyvol\u00e1v\u00e1 m\u00e9n\u011b podez\u0159en\u00ed. I tak v\u0161ak bude fakturov\u00e1n\u00ed a z\u00edsk\u00e1v\u00e1n\u00ed plateb od spole\u010dnosti pat\u0159\u00edc\u00ed do Evropsk\u00e9 unie nebo od velk\u00fdch mezin\u00e1rodn\u00edch skupin obt\u00ed\u017en\u00e9.<\/p>\n<p style=\"text-align: justify;\"><a href=\"https:\/\/fcba-offshore.com\/cs\/\">FCBA Offshore Ltd<\/a> doporu\u010duje otev\u0159\u00edt si <a href=\"https:\/\/fcba-offshore.com\/cs\/offshore-bankovni-ucet\/\">offshore bankovn\u00ed \u00fa\u010det<\/a> nebo z\u0159\u00eddit <a href=\"https:\/\/fcba-offshore.com\/cs\/offshore-spolecnosti\/\">offshore spole\u010dnost<\/a> na Dominice jen lidem, kte\u0159\u00ed nijak neobchoduj\u00ed s \u017e\u00e1dnou evropskou spole\u010dnost\u00ed. Krom\u011b toho m\u016f\u017ee \u0161estihodinov\u00fd \u010dasov\u00fd posun mezi Dominikou a Evropou znemo\u017e\u0148ovat \u00fa\u010dinn\u00fd ka\u017edodenn\u00ed kontakt s bankou.<\/p>\n<p style=\"text-align: justify;\">Otev\u0159en\u00ed <a href=\"https:\/\/fcba-offshore.com\/cs\/offshore-bankovni-ucet\/\">offshore bankovn\u00edho \u00fa\u010dtu<\/a> i\u00a0zalo\u017een\u00ed <a href=\"https:\/\/fcba-offshore.com\/cs\/offshore-spolecnosti\/\">offshore spole\u010dnosti<\/a> na Dominice je pro n\u00e1s jednoduchou z\u00e1le\u017eitost\u00ed a r\u00e1di se s v\u00e1mi pod\u011bl\u00edme o svou s\u00ed\u0165 a partnerstv\u00ed s m\u00edstn\u00edmi bankami<\/p>\n<p style=\"text-align: justify;\">Nakonec je t\u0159eba m\u00edt na pam\u011bti skute\u010dnost, \u017ee po\u010d\u00e1te\u010dn\u00ed vklad, kter\u00fd m\u00edstn\u00ed banky vy\u017eaduj\u00ed, je celkem n\u00edzk\u00fd, a proto by v\u00e1s od otev\u0159en\u00ed <a href=\"https:\/\/fcba-offshore.com\/cs\/offshore-bankovni-ucet\/\">offshore bankovn\u00edho \u00fa\u010dtu<\/a> nem\u011bl nikterak odradit.<\/p>\n<p style=\"text-align: justify;\">Pro jak\u00e9koliv dal\u0161\u00ed informace <a href=\"https:\/\/fcba-offshore.com\/cs\/kontakt-2\/\">nev\u00e1hejte a obra\u0165te se na \u010dleny t\u00fdmu FCBA Offshore Ltd<\/a>.<\/p>\n<p><a href=\"http:\/\/fcba-offshore.com\/wp-content\/uploads\/2014\/06\/logo-small.png\"><img loading=\"lazy\" decoding=\"async\" class=\"alignnone size-full wp-image-479\" src=\"http:\/\/fcba-offshore.com\/wp-content\/uploads\/2014\/06\/logo-small.png\" alt=\"Logo offshore small\" width=\"142\" height=\"31\" \/><\/a><\/p>\n","protected":false},"excerpt":{"rendered":"<p>&nbsp; Offshore spole\u010dnost v Dominice: &nbsp; Dominika je karibsk\u00fd ostrov v Atlantick\u00e9m oce\u00e1nu, kter\u00fd je \u010dasto zam\u011b\u0148ov\u00e1n s\u00a0Dominik\u00e1nskou republikou. Dominika je v\u0161ak zcela nez\u00e1visl\u00fdm st\u00e1tem, kter\u00fd je sou\u010d\u00e1st\u00ed Commonwealthu a jeho\u017e \u00fa\u0159edn\u00edm jazykem je angli\u010dtina.\u00a0Da\u0148ov\u00e9 \u00fa\u0159ady Dominiky jsou tak\u00e9 da\u0148ov\u011b p\u0159\u00edv\u011btiv\u00e9 ke v\u0161em entit\u00e1m ochotn\u00fdm podnikat mimo toto souostrov\u00ed a registraci spole\u010dnosti v tomto st\u00e1t\u011b&hellip;<\/p>\n","protected":false},"author":1,"featured_media":0,"parent":0,"menu_order":0,"comment_status":"closed","ping_status":"open","template":"","meta":{"footnotes":""},"class_list":["post-2774","page","type-page","status-publish","hentry"],"_links":{"self":[{"href":"https:\/\/fcba-offshore.com\/cs\/wp-json\/wp\/v2\/pages\/2774","targetHints":{"allow":["GET"]}}],"collection":[{"href":"https:\/\/fcba-offshore.com\/cs\/wp-json\/wp\/v2\/pages"}],"about":[{"href":"https:\/\/fcba-offshore.com\/cs\/wp-json\/wp\/v2\/types\/page"}],"author":[{"embeddable":true,"href":"https:\/\/fcba-offshore.com\/cs\/wp-json\/wp\/v2\/users\/1"}],"replies":[{"embeddable":true,"href":"https:\/\/fcba-offshore.com\/cs\/wp-json\/wp\/v2\/comments?post=2774"}],"version-history":[{"count":3,"href":"https:\/\/fcba-offshore.com\/cs\/wp-json\/wp\/v2\/pages\/2774\/revisions"}],"predecessor-version":[{"id":2981,"href":"https:\/\/fcba-offshore.com\/cs\/wp-json\/wp\/v2\/pages\/2774\/revisions\/2981"}],"wp:attachment":[{"href":"https:\/\/fcba-offshore.com\/cs\/wp-json\/wp\/v2\/media?parent=2774"}],"curies":[{"name":"wp","href":"https:\/\/api.w.org\/{rel}","templated":true}]}}