{"id":2776,"date":"2016-09-28T11:04:26","date_gmt":"2016-09-28T11:04:26","guid":{"rendered":"http:\/\/fcba-offshore.com\/?page_id=2776"},"modified":"2016-10-04T15:48:26","modified_gmt":"2016-10-04T15:48:26","slug":"offshore-spolecnost-v-dubaji","status":"publish","type":"page","link":"https:\/\/fcba-offshore.com\/cs\/offshore-spolecnost-v-dubaji\/","title":{"rendered":"Offshore spole\u010dnost v Dubaji"},"content":{"rendered":"<h1><a href=\"http:\/\/fcba-offshore.com\/wp-content\/uploads\/2014\/06\/Dubai.png\"><img loading=\"lazy\" decoding=\"async\" class=\"alignnone size-full wp-image-348\" src=\"http:\/\/fcba-offshore.com\/wp-content\/uploads\/2014\/06\/Dubai.png\" alt=\"Dubai\" width=\"82\" height=\"48\" \/><\/a> <a href=\"http:\/\/fcba-offshore.com\/wp-content\/uploads\/2014\/06\/Dubai-offshore.png\"><img loading=\"lazy\" decoding=\"async\" class=\"size-medium wp-image-582 alignright\" src=\"http:\/\/fcba-offshore.com\/wp-content\/uploads\/2014\/06\/Dubai-offshore-300x131.png\" alt=\"Dubai offshore\" width=\"300\" height=\"131\" srcset=\"https:\/\/fcba-offshore.com\/wp-content\/uploads\/2014\/06\/Dubai-offshore-300x131.png 300w, https:\/\/fcba-offshore.com\/wp-content\/uploads\/2014\/06\/Dubai-offshore.png 641w, https:\/\/fcba-offshore.com\/wp-content\/uploads\/2014\/06\/Dubai-offshore-450x196.png 450w\" sizes=\"auto, (max-width: 300px) 100vw, 300px\" \/><\/a><\/h1>\n<p>&nbsp;<\/p>\n<h1>Offshore spole\u010dnost v Dubaji:<\/h1>\n<p>&nbsp;<\/p>\n<p style=\"text-align: justify;\">Dubaj je v sou\u010dasnosti uzn\u00e1v\u00e1na jako jedna z nejluxusn\u011bj\u0161\u00edch turistick\u00fdch destinac\u00ed na sv\u011bt\u011b. Ambic\u00ed Dubaje je v\u0161ak tak\u00e9 r\u016fst ekonomiky, kter\u00fdm si udr\u017e\u00ed kl\u00ed\u010dovou pozici, a\u017e dojde k\u00a0vy\u010derp\u00e1n\u00ed jej\u00edch p\u0159\u00edrodn\u00edch zdroj\u016f jako plynu nebo nafty.\u00a0Proto se Dubaj nyn\u00ed zam\u011b\u0159uje na nov\u00e9 technologie s vysokou p\u0159idanou hodnotou. \u017dije zde p\u0159es dva miliony obyvatel, kter\u00e9 pat\u0159\u00ed mezi nejbohat\u0161\u00ed na sv\u011bt\u011b.<\/p>\n<p style=\"text-align: justify;\">V pojet\u00ed da\u0148ov\u00fdch pr\u00e1vn\u00edch p\u0159edpis\u016f m\u00e1 Dubaj z\u00f3nu Duty Free, kter\u00e1 nab\u00edz\u00ed spoustu v\u00fdhod s dobrou a stabiln\u00ed podnikatelskou perspektivou. Zde je souhrn hlavn\u00edch p\u0159\u00ednos\u016f:<\/p>\n<ul style=\"text-align: justify;\">\n<li>nulov\u00e1 DPH<\/li>\n<li>nulov\u00e1 da\u0148 z p\u0159\u00edjmu pr\u00e1vnick\u00fdch osob (pouze u nerezident\u016f)<\/li>\n<li>nulov\u00e9 zdan\u011bn\u00ed kapit\u00e1lov\u00fdch zisk\u016f<\/li>\n<li>nulov\u00e9 zdan\u011bn\u00ed p\u0159\u00edjm\u016f<\/li>\n<\/ul>\n<p style=\"text-align: justify;\"><a href=\"https:\/\/fcba-offshore.com\/cs\/\">FCBA Offshore Ltd<\/a> doporu\u010duje vytvo\u0159en\u00ed <a href=\"https:\/\/fcba-offshore.com\/cs\/offshore-spolecnosti\/\">offshore spole\u010dnosti<\/a> v Dubaji ve Spojen\u00fdch arabsk\u00fdch emir\u00e1tech v\u0161em lidem, kte\u0159\u00ed maj\u00ed z\u00e1jem po\u017e\u00edvat uveden\u00e9 v\u00fdhody. Je v\u0161ak t\u0159eba m\u00edt na pam\u011bti, \u017ee pokud jde o diskr\u00e9tnost, nen\u00ed Dubaj to spr\u00e1vnou volbou. Ve skute\u010dnosti neexistuje bankovn\u00ed tajemstv\u00ed ani anonymita vlastn\u00edka zdej\u0161\u00ed spole\u010dnosti. To znamen\u00e1, \u017ee pokud se rozhodnete otev\u0159\u00edt si zde <a href=\"https:\/\/fcba-offshore.com\/cs\/offshore-bankovni-ucet\/\">offshore bankovn\u00ed \u00fa\u010det<\/a> nebo z\u0159\u00eddit <a href=\"https:\/\/fcba-offshore.com\/cs\/offshore-spolecnosti\/\">offshore spole\u010dnost<\/a>, bude o tom ka\u017ed\u00fd v\u011bd\u011bt.\u00a0Je tak\u00e9 mo\u017en\u00e9, \u017ee budete pot\u0159ebovat z\u00e1kladn\u00ed kapit\u00e1l v hodnot\u011b 60\u00a0000 \u20ac, co\u017e v\u00e1s od vytvo\u0159en\u00ed spole\u010dnosti zde m\u016f\u017ee odradit.\u00a0Nakonec tak\u00e9 \u00fa\u010detn\u00ed standard, kter\u00fd vy\u017eaduje m\u00edstn\u00ed \u00fa\u0159ad, je celkem vysok\u00fd, a tedy celkem n\u00e1kladn\u00fd. Nav\u00edc je t\u0159eba dodr\u017eovat ve\u0161ker\u00e9 postupy, kter\u00e9 jsou m\u00edstn\u00edmi agenturami systematicky kontrolov\u00e1ny.<\/p>\n<p style=\"text-align: justify;\">Otev\u0159en\u00ed <a href=\"https:\/\/fcba-offshore.com\/cs\/offshore-bankovni-ucet\/\">offshore bankovn\u00edho \u00fa\u010dtu<\/a> i\u00a0zalo\u017een\u00ed <a href=\"https:\/\/fcba-offshore.com\/cs\/offshore-spolecnosti\/\">offshore spole\u010dnosti<\/a> v Dubaji je pro n\u00e1s jednoduch\u00e9 a r\u00e1di se s v\u00e1mi pod\u011bl\u00edme o svou s\u00ed\u0165 a partnerstv\u00ed s m\u00edstn\u00edmi bankami. Bankovn\u00ed poplatky (v\u010detn\u011b poplatk\u016f jak za transakce, tak za veden\u00ed \u00fa\u010dtu) jsou ve srovn\u00e1n\u00ed s jin\u00fdmi bankami v jin\u00fdch <a href=\"https:\/\/fcba-offshore.com\/cs\/offshore-jurisdikce\/\">jurisdikc\u00edch<\/a> celkem drah\u00e9.<\/p>\n<p style=\"text-align: justify;\">Je t\u0159eba upozornit, \u017ee z\u00e1kladn\u00ed vklad vy\u017eadovan\u00fd bankami je pom\u011brn\u011b vysok\u00fd, co\u017e m\u016f\u017ee b\u00fdt jistou p\u0159ek\u00e1\u017ekou jednoduch\u00e9ho a rychl\u00e9ho rozb\u011bhu <a href=\"https:\/\/fcba-offshore.com\/cs\/\">offshore podnik\u00e1n\u00ed<\/a>.<\/p>\n<p style=\"text-align: justify;\">Pro jak\u00e9koliv dal\u0161\u00ed informace <a href=\"https:\/\/fcba-offshore.com\/cs\/kontakt-2\/\">nev\u00e1hejte a obra\u0165te se na \u010dleny t\u00fdmu FCBA Offshore Ltd<\/a>.<\/p>\n<p><a href=\"http:\/\/fcba-offshore.com\/wp-content\/uploads\/2014\/06\/logo-small.png\"><img loading=\"lazy\" decoding=\"async\" class=\"alignnone size-full wp-image-479\" src=\"http:\/\/fcba-offshore.com\/wp-content\/uploads\/2014\/06\/logo-small.png\" alt=\"Logo offshore small\" width=\"142\" height=\"31\" \/><\/a><\/p>\n","protected":false},"excerpt":{"rendered":"<p>&nbsp; Offshore spole\u010dnost v Dubaji: &nbsp; Dubaj je v sou\u010dasnosti uzn\u00e1v\u00e1na jako jedna z nejluxusn\u011bj\u0161\u00edch turistick\u00fdch destinac\u00ed na sv\u011bt\u011b. Ambic\u00ed Dubaje je v\u0161ak tak\u00e9 r\u016fst ekonomiky, kter\u00fdm si udr\u017e\u00ed kl\u00ed\u010dovou pozici, a\u017e dojde k\u00a0vy\u010derp\u00e1n\u00ed jej\u00edch p\u0159\u00edrodn\u00edch zdroj\u016f jako plynu nebo nafty.\u00a0Proto se Dubaj nyn\u00ed zam\u011b\u0159uje na nov\u00e9 technologie s vysokou p\u0159idanou hodnotou. \u017dije zde p\u0159es&hellip;<\/p>\n","protected":false},"author":1,"featured_media":0,"parent":0,"menu_order":0,"comment_status":"closed","ping_status":"open","template":"","meta":{"footnotes":""},"class_list":["post-2776","page","type-page","status-publish","hentry"],"_links":{"self":[{"href":"https:\/\/fcba-offshore.com\/cs\/wp-json\/wp\/v2\/pages\/2776","targetHints":{"allow":["GET"]}}],"collection":[{"href":"https:\/\/fcba-offshore.com\/cs\/wp-json\/wp\/v2\/pages"}],"about":[{"href":"https:\/\/fcba-offshore.com\/cs\/wp-json\/wp\/v2\/types\/page"}],"author":[{"embeddable":true,"href":"https:\/\/fcba-offshore.com\/cs\/wp-json\/wp\/v2\/users\/1"}],"replies":[{"embeddable":true,"href":"https:\/\/fcba-offshore.com\/cs\/wp-json\/wp\/v2\/comments?post=2776"}],"version-history":[{"count":3,"href":"https:\/\/fcba-offshore.com\/cs\/wp-json\/wp\/v2\/pages\/2776\/revisions"}],"predecessor-version":[{"id":2979,"href":"https:\/\/fcba-offshore.com\/cs\/wp-json\/wp\/v2\/pages\/2776\/revisions\/2979"}],"wp:attachment":[{"href":"https:\/\/fcba-offshore.com\/cs\/wp-json\/wp\/v2\/media?parent=2776"}],"curies":[{"name":"wp","href":"https:\/\/api.w.org\/{rel}","templated":true}]}}