{"id":2787,"date":"2016-09-28T14:05:31","date_gmt":"2016-09-28T14:05:31","guid":{"rendered":"http:\/\/fcba-offshore.com\/?page_id=2787"},"modified":"2016-10-03T16:08:06","modified_gmt":"2016-10-03T16:08:06","slug":"offshore-spolecnost-na-gibraltaru","status":"publish","type":"page","link":"https:\/\/fcba-offshore.com\/cs\/offshore-spolecnost-na-gibraltaru\/","title":{"rendered":"Offshore spole\u010dnost na Gibraltaru"},"content":{"rendered":"<h1><a href=\"http:\/\/fcba-offshore.com\/wp-content\/uploads\/2014\/06\/Gibraltar.png\"><img loading=\"lazy\" decoding=\"async\" class=\"alignnone size-full wp-image-368\" src=\"http:\/\/fcba-offshore.com\/wp-content\/uploads\/2014\/06\/Gibraltar.png\" alt=\"Gibraltar\" width=\"72\" height=\"43\" \/><\/a> <a href=\"http:\/\/fcba-offshore.com\/wp-content\/uploads\/2014\/06\/Gibraltar-Offshore.png\"><img loading=\"lazy\" decoding=\"async\" class=\"size-medium wp-image-588 alignright\" src=\"http:\/\/fcba-offshore.com\/wp-content\/uploads\/2014\/06\/Gibraltar-Offshore-300x131.png\" alt=\"Gibraltar Offshore\" width=\"300\" height=\"131\" srcset=\"https:\/\/fcba-offshore.com\/wp-content\/uploads\/2014\/06\/Gibraltar-Offshore-300x131.png 300w, https:\/\/fcba-offshore.com\/wp-content\/uploads\/2014\/06\/Gibraltar-Offshore.png 641w, https:\/\/fcba-offshore.com\/wp-content\/uploads\/2014\/06\/Gibraltar-Offshore-450x196.png 450w\" sizes=\"auto, (max-width: 300px) 100vw, 300px\" \/><\/a><\/h1>\n<p>&nbsp;<\/p>\n<h1>Offshore spole\u010dnost na Gibraltaru:<\/h1>\n<p>&nbsp;<\/p>\n<p style=\"text-align: justify;\">Gibraltarsk\u00e1 sk\u00e1la je v Evrop\u011b dob\u0159e zn\u00e1m\u00e1 pro svou jedine\u010dnou geografickou polohu mezi St\u0159edozemn\u00edm mo\u0159em a Atlantick\u00fdm oce\u00e1nem.\u00a0St\u00e1t Gibraltar na ji\u017en\u00edm pob\u0159e\u017e\u00ed \u0160pan\u011blska je v\u0161ak \u010dasto opom\u00edjen nebo zapom\u00edn\u00e1n. Tato zemi\u010dka, kter\u00e1 pat\u0159\u00ed Velk\u00e9 Brit\u00e1nii, je ale v\u00a0sou\u010dasnosti \u010dlenem Evropsk\u00e9 unie, p\u0159esto\u017ee pro ni d\u00edky jej\u00edmu zvl\u00e1\u0161tn\u00edmu postaven\u00ed neplat\u00ed v\u0161echny z\u00e1kony.<\/p>\n<p style=\"text-align: justify;\">Jako offshore destinace nab\u00edz\u00ed Gibraltarsk\u00e1 sk\u00e1la spoustu v\u00fdhod plynouc\u00edch z otev\u0159en\u00ed <a href=\"https:\/\/fcba-offshore.com\/cs\/offshore-bankovni-ucet\/\">offshore bankovn\u00edho \u00fa\u010dtu<\/a> i z vytvo\u0159en\u00ed <a href=\"https:\/\/fcba-offshore.com\/cs\/offshore-spolecnosti\/\">offshore spole\u010dnosti<\/a>.\u00a0Nejv\u011bt\u0161\u00ed p\u0159\u00ednosy, kter\u00e9 tato <a href=\"https:\/\/fcba-offshore.com\/cs\/offshore-jurisdikce\/\">offshore jurisdikce<\/a> nab\u00edz\u00ed, jsou nap\u0159\u00edklad:<\/p>\n<ul style=\"text-align: justify;\">\n<li>nulov\u00e1 da\u0148 z p\u0159\u00edjm\u016f pr\u00e1vnick\u00fdch osob (b\u011bhem prvn\u00edch 25 let)<\/li>\n<li>bankovn\u00ed tajemstv\u00ed (100% d\u016fv\u011brnost)<\/li>\n<li>nevyzrazov\u00e1n\u00ed identity majitel\u016f podnik\u016f<\/li>\n<\/ul>\n<p style=\"text-align: justify;\">Otev\u0159en\u00ed <a href=\"https:\/\/fcba-offshore.com\/cs\/offshore-bankovni-ucet\/\">offshore bankovn\u00edho \u00fa\u010dtu<\/a> nebo z\u0159\u00edzen\u00ed <a href=\"https:\/\/fcba-offshore.com\/cs\/offshore-spolecnosti\/\">offshore spole\u010dnosti<\/a> doporu\u010duje FCBA Offshore Ltd jen lidem, kte\u0159\u00ed nijak neobchoduj\u00ed s \u017e\u00e1dnou evropskou spole\u010dnost\u00ed. V\u00a0sou\u010dasnosti je probl\u00e9m takov\u00fd, \u017ee va\u0161e spole\u010dnost nebude m\u00edt \u017e\u00e1dn\u00e9 evropsk\u00e9 identifika\u010dn\u00ed \u010d\u00edslo pro DPH, co\u017e je p\u0159ek\u00e1\u017ekou norm\u00e1ln\u00edho obchodn\u00edho vztahu s velk\u00fdmi evropsk\u00fdmi spole\u010dnostmi. Nav\u00edc administrativn\u00ed n\u00e1klady a n\u00e1klady na \u00fadr\u017ebu <a href=\"https:\/\/fcba-offshore.com\/cs\/offshore-bankovni-ucet\/\">offshore spole\u010dnosti<\/a> registrovan\u00e9 na Gibraltaru jsou mnohem n\u00e1kladn\u011bj\u0161\u00ed ve srovn\u00e1n\u00ed s jin\u00fdmi <a href=\"https:\/\/fcba-offshore.com\/cs\/offshore-jurisdikce\/\">offshore jurisdikcemi<\/a>.\u00a0Hlavn\u00edm d\u016fvodem je zaprv\u00e9 jmenov\u00e1n\u00ed gener\u00e1ln\u00edho tajemn\u00edka \u017eij\u00edc\u00edho na Gibraltaru a zadruh\u00e9 dodr\u017eov\u00e1n\u00ed v\u0161ech m\u00edstn\u00edch finan\u010dn\u00edch norem v \u00fa\u010detn\u00edch knih\u00e1ch. Ob\u011b podm\u00ednky jsou \u010dasov\u011b i finan\u010dn\u011b n\u00e1kladn\u00e9.<\/p>\n<p style=\"text-align: justify;\">Otev\u0159en\u00ed <a href=\"https:\/\/fcba-offshore.com\/cs\/offshore-bankovni-ucet\/\">offshore bankovn\u00edho \u00fa\u010dtu<\/a> i\u00a0zalo\u017een\u00ed <a href=\"https:\/\/fcba-offshore.com\/cs\/offshore-spolecnosti\/\">offshore spole\u010dnosti<\/a> na Gibraltarsk\u00e9 sk\u00e1le je v\u0161ak pro n\u00e1s mo\u017en\u00e9 a r\u00e1di se s v\u00e1mi pod\u011bl\u00edme o svou s\u00ed\u0165 a partnerstv\u00ed s m\u00edstn\u00edmi bankami.<\/p>\n<p style=\"text-align: justify;\">Pro jak\u00e9koliv dal\u0161\u00ed informace <a href=\"https:\/\/fcba-offshore.com\/cs\/kontakt-2\/\">nev\u00e1hejte a obra\u0165te se na \u010dleny t\u00fdmu FCBA Offshore Ltd<\/a>.<\/p>\n<p><a href=\"http:\/\/fcba-offshore.com\/wp-content\/uploads\/2014\/06\/logo-small.png\"><img loading=\"lazy\" decoding=\"async\" class=\"alignnone size-full wp-image-479\" src=\"http:\/\/fcba-offshore.com\/wp-content\/uploads\/2014\/06\/logo-small.png\" alt=\"Logo offshore small\" width=\"142\" height=\"31\" \/><\/a><\/p>\n","protected":false},"excerpt":{"rendered":"<p>&nbsp; Offshore spole\u010dnost na Gibraltaru: &nbsp; Gibraltarsk\u00e1 sk\u00e1la je v Evrop\u011b dob\u0159e zn\u00e1m\u00e1 pro svou jedine\u010dnou geografickou polohu mezi St\u0159edozemn\u00edm mo\u0159em a Atlantick\u00fdm oce\u00e1nem.\u00a0St\u00e1t Gibraltar na ji\u017en\u00edm pob\u0159e\u017e\u00ed \u0160pan\u011blska je v\u0161ak \u010dasto opom\u00edjen nebo zapom\u00edn\u00e1n. Tato zemi\u010dka, kter\u00e1 pat\u0159\u00ed Velk\u00e9 Brit\u00e1nii, je ale v\u00a0sou\u010dasnosti \u010dlenem Evropsk\u00e9 unie, p\u0159esto\u017ee pro ni d\u00edky jej\u00edmu zvl\u00e1\u0161tn\u00edmu postaven\u00ed neplat\u00ed&hellip;<\/p>\n","protected":false},"author":1,"featured_media":0,"parent":0,"menu_order":0,"comment_status":"closed","ping_status":"open","template":"","meta":{"footnotes":""},"class_list":["post-2787","page","type-page","status-publish","hentry"],"_links":{"self":[{"href":"https:\/\/fcba-offshore.com\/cs\/wp-json\/wp\/v2\/pages\/2787","targetHints":{"allow":["GET"]}}],"collection":[{"href":"https:\/\/fcba-offshore.com\/cs\/wp-json\/wp\/v2\/pages"}],"about":[{"href":"https:\/\/fcba-offshore.com\/cs\/wp-json\/wp\/v2\/types\/page"}],"author":[{"embeddable":true,"href":"https:\/\/fcba-offshore.com\/cs\/wp-json\/wp\/v2\/users\/1"}],"replies":[{"embeddable":true,"href":"https:\/\/fcba-offshore.com\/cs\/wp-json\/wp\/v2\/comments?post=2787"}],"version-history":[{"count":3,"href":"https:\/\/fcba-offshore.com\/cs\/wp-json\/wp\/v2\/pages\/2787\/revisions"}],"predecessor-version":[{"id":2957,"href":"https:\/\/fcba-offshore.com\/cs\/wp-json\/wp\/v2\/pages\/2787\/revisions\/2957"}],"wp:attachment":[{"href":"https:\/\/fcba-offshore.com\/cs\/wp-json\/wp\/v2\/media?parent=2787"}],"curies":[{"name":"wp","href":"https:\/\/api.w.org\/{rel}","templated":true}]}}