{"id":2790,"date":"2016-09-28T14:08:59","date_gmt":"2016-09-28T14:08:59","guid":{"rendered":"http:\/\/fcba-offshore.com\/?page_id=2790"},"modified":"2016-10-03T16:05:34","modified_gmt":"2016-10-03T16:05:34","slug":"offshore-spolecnost-na-guernsey","status":"publish","type":"page","link":"https:\/\/fcba-offshore.com\/cs\/offshore-spolecnost-na-guernsey\/","title":{"rendered":"Offshore spole\u010dnost na Guernsey"},"content":{"rendered":"<h1><a href=\"http:\/\/fcba-offshore.com\/wp-content\/uploads\/2014\/06\/Guernesey.png\"><img loading=\"lazy\" decoding=\"async\" class=\"alignnone size-full wp-image-363\" src=\"http:\/\/fcba-offshore.com\/wp-content\/uploads\/2014\/06\/Guernesey.png\" alt=\"Guernesey\" width=\"72\" height=\"47\" \/><\/a> <a href=\"http:\/\/fcba-offshore.com\/wp-content\/uploads\/2014\/06\/Guernesey-Offshore.png\"><img loading=\"lazy\" decoding=\"async\" class=\"size-medium wp-image-592 alignright\" src=\"http:\/\/fcba-offshore.com\/wp-content\/uploads\/2014\/06\/Guernesey-Offshore-300x131.png\" alt=\"Guernesey Offshore\" width=\"300\" height=\"131\" srcset=\"https:\/\/fcba-offshore.com\/wp-content\/uploads\/2014\/06\/Guernesey-Offshore-300x131.png 300w, https:\/\/fcba-offshore.com\/wp-content\/uploads\/2014\/06\/Guernesey-Offshore.png 641w, https:\/\/fcba-offshore.com\/wp-content\/uploads\/2014\/06\/Guernesey-Offshore-450x196.png 450w\" sizes=\"auto, (max-width: 300px) 100vw, 300px\" \/><\/a><\/h1>\n<p>&nbsp;<\/p>\n<h1>Offshore spole\u010dnost na Guernsey:<\/h1>\n<p>&nbsp;<\/p>\n<p style=\"text-align: justify;\">Ostrov Guernsey (neboli ofici\u00e1ln\u011b Bailiwick of Guernsey) le\u017e\u00ed v kan\u00e1lu La Manche bl\u00edzko francouzsk\u00e9ho pob\u0159e\u017e\u00ed Normandie. Guernsey je v\u0161ak st\u00e1le ve vlastnictv\u00ed Britsk\u00e9 koruny, a\u00a0proto m\u00e1 vysoce podnikatelsky orientovan\u00e9 pr\u00e1vn\u00ed p\u0159edpisy, kter\u00e9 jsou zalo\u017eeny na anglick\u00e9m modelu.\u00a0Z\u00e1kony jsou zde mnohem flexibiln\u011bj\u0161\u00ed a modern\u011bj\u0161\u00ed ne\u017e v Evropsk\u00e9 unii, co\u017e je velmi siln\u00fdm l\u00e1kadlem, kter\u00e9 spoustu zahrani\u010dn\u00edch investor\u016f motivuje k p\u0159est\u011bhov\u00e1n\u00ed jejich podnik\u00e1n\u00ed do t\u00e9to jurisdikce.\u00a0Toto <a href=\"https:\/\/fcba-offshore.com\/cs\/offshore-jurisdikce\/\">offshore m\u00edsto<\/a> (dob\u0159e zn\u00e1m\u00e9 lidem zapojen\u00fdm do offshore podnik\u00e1n\u00ed) je nakonec pova\u017eov\u00e1no za sou\u010d\u00e1st Evropsk\u00e9 unie, d\u00edky jeho zvl\u00e1\u0161tn\u00edmu postaven\u00ed zde v\u0161ak neplat\u00ed v\u0161echny evropsk\u00e9 z\u00e1kony. \u00a0Nap\u0159\u00edklad zde nen\u00ed zavedena v\u011bt\u0161ina finan\u010dn\u00edch na\u0159\u00edzen\u00ed.<\/p>\n<p style=\"text-align: justify;\">Tato <a href=\"https:\/\/fcba-offshore.com\/cs\/offshore-jurisdikce\/\">offshore jurisdikce<\/a> v\u00e1m umo\u017en\u00ed (pokud nejste evropsk\u00fd ob\u010dan) otev\u0159\u00edt si <a href=\"https:\/\/fcba-offshore.com\/cs\/offshore-bankovni-ucet\/\">offshore bankovn\u00ed \u00fa\u010det<\/a> nebo z\u0159\u00eddit si <a href=\"https:\/\/fcba-offshore.com\/cs\/offshore-spolecnosti\/\">offshore spole\u010dnost<\/a> a krom\u011b bankovn\u00edho tajemstv\u00ed zachov\u00e1 tak\u00e9 velkou diskr\u00e9tnost se z\u00e1rukou nevyzrazen\u00ed va\u0161\u00ed identity zemi va\u0161eho pobytu.\u00a0Nav\u00edc m\u016f\u017eete t\u011b\u017eit z da\u0148ov\u011b velmi p\u0159\u00edv\u011btiv\u00fdch pr\u00e1vn\u00edch p\u0159edpis\u016f. Pokud se stanete rezidentem ostrova, nebudete platit \u017e\u00e1dnou da\u0148 z p\u0159\u00edjm\u016f. Nakonec i sazbu dan\u011b z p\u0159\u00edjm\u016f pr\u00e1vnick\u00fdch osob, kterou je t\u0159eba platit, lze vyjednat p\u0159\u00edmo s m\u00edstn\u00edmi da\u0148ov\u00fdmi \u00fa\u0159ady a nikdy nep\u0159ekro\u010d\u00ed 30 % va\u0161eho zisku. Tento da\u0148ov\u00fd syst\u00e9m je srovnateln\u00fd se syst\u00e9mem ve \u0160v\u00fdcarsku.<\/p>\n<p style=\"text-align: justify;\"><a href=\"https:\/\/fcba-offshore.com\/cs\/\">FCBA Offshore Ltd<\/a> doporu\u010duje sv\u00fdm klient\u016fm otev\u0159\u00edt si <a href=\"https:\/\/fcba-offshore.com\/cs\/offshore-bankovni-ucet\/\">offshore bankovn\u00ed \u00fa\u010det<\/a> nebo z\u0159\u00eddit <a href=\"https:\/\/fcba-offshore.com\/cs\/offshore-spolecnosti\/\">offshore spole\u010dnost<\/a> na ostrov\u011b Guernsey lidem, kte\u0159\u00ed cht\u011bj\u00ed m\u00edt vysoce konkurenceschopnou evropskou spole\u010dnost, tedy spole\u010dnost s men\u0161\u00edmi da\u0148ov\u00fdmi povinnostmi, ne\u017e m\u00e1 obvykl\u00e1 <a href=\"https:\/\/fcba-offshore.com\/cs\/offshore-spolecnosti\/\">offshore spole\u010dnost<\/a> z\u0159\u00edzen\u00e1 v Unii. Ale samoz\u0159ejm\u011b je tato <a href=\"https:\/\/fcba-offshore.com\/cs\/offshore-jurisdikce\/\">offshore jurisdikce<\/a> v\u00edce doporu\u010dov\u00e1na neevropsk\u00fdm ob\u010dan\u016fm, kte\u0159\u00ed si cht\u011bj\u00ed otev\u0159\u00edt <a href=\"https:\/\/fcba-offshore.com\/cs\/offshore-bankovni-ucet\/\">offshore bankovn\u00ed \u00fa\u010det<\/a> nebo z\u0159\u00eddit <a href=\"https:\/\/fcba-offshore.com\/cs\/offshore-spolecnosti\/\">offshore spole\u010dnost<\/a> v r\u00e1mci Evropsk\u00e9 unie.<\/p>\n<p style=\"text-align: justify;\">Otev\u0159en\u00ed <a href=\"https:\/\/fcba-offshore.com\/cs\/offshore-bankovni-ucet\/\">offshore bankovn\u00edho \u00fa\u010dtu<\/a> i\u00a0zalo\u017een\u00ed <a href=\"https:\/\/fcba-offshore.com\/cs\/offshore-spolecnosti\/\">offshore spole\u010dnosti<\/a> na ostrov\u011b Guernsey je pro n\u00e1s jednoduch\u00e9 a r\u00e1di se s v\u00e1mi pod\u011bl\u00edme o svou s\u00ed\u0165 a partnerstv\u00ed s m\u00edstn\u00edmi bankami.<\/p>\n<p style=\"text-align: justify;\">Nakonec je t\u0159eba m\u00edt na pam\u011bti skute\u010dnost, \u017ee po\u010d\u00e1te\u010dn\u00ed vklad, kter\u00fd m\u00edstn\u00ed banky vy\u017eaduj\u00ed, m\u016f\u017ee b\u00fdt celkem vysok\u00fd a je t\u0159eba jej m\u00edt p\u0159ed za\u010d\u00e1tkem jak\u00e9hokoliv podnik\u00e1n\u00ed zde p\u0159ipraven.<\/p>\n<p style=\"text-align: justify;\">Pro jak\u00e9koliv dal\u0161\u00ed informace <a href=\"https:\/\/fcba-offshore.com\/cs\/kontakt-2\/\">nev\u00e1hejte a obra\u0165te se na \u010dleny t\u00fdmu FCBA Offshore Ltd<\/a>.<\/p>\n<p><a href=\"http:\/\/fcba-offshore.com\/wp-content\/uploads\/2014\/06\/logo-small.png\"><img loading=\"lazy\" decoding=\"async\" class=\"alignnone size-full wp-image-479\" src=\"http:\/\/fcba-offshore.com\/wp-content\/uploads\/2014\/06\/logo-small.png\" alt=\"Logo offshore small\" width=\"142\" height=\"31\" \/><\/a><\/p>\n","protected":false},"excerpt":{"rendered":"<p>&nbsp; Offshore spole\u010dnost na Guernsey: &nbsp; Ostrov Guernsey (neboli ofici\u00e1ln\u011b Bailiwick of Guernsey) le\u017e\u00ed v kan\u00e1lu La Manche bl\u00edzko francouzsk\u00e9ho pob\u0159e\u017e\u00ed Normandie. Guernsey je v\u0161ak st\u00e1le ve vlastnictv\u00ed Britsk\u00e9 koruny, a\u00a0proto m\u00e1 vysoce podnikatelsky orientovan\u00e9 pr\u00e1vn\u00ed p\u0159edpisy, kter\u00e9 jsou zalo\u017eeny na anglick\u00e9m modelu.\u00a0Z\u00e1kony jsou zde mnohem flexibiln\u011bj\u0161\u00ed a modern\u011bj\u0161\u00ed ne\u017e v Evropsk\u00e9 unii, co\u017e je&hellip;<\/p>\n","protected":false},"author":1,"featured_media":0,"parent":0,"menu_order":0,"comment_status":"closed","ping_status":"open","template":"","meta":{"footnotes":""},"class_list":["post-2790","page","type-page","status-publish","hentry"],"_links":{"self":[{"href":"https:\/\/fcba-offshore.com\/cs\/wp-json\/wp\/v2\/pages\/2790","targetHints":{"allow":["GET"]}}],"collection":[{"href":"https:\/\/fcba-offshore.com\/cs\/wp-json\/wp\/v2\/pages"}],"about":[{"href":"https:\/\/fcba-offshore.com\/cs\/wp-json\/wp\/v2\/types\/page"}],"author":[{"embeddable":true,"href":"https:\/\/fcba-offshore.com\/cs\/wp-json\/wp\/v2\/users\/1"}],"replies":[{"embeddable":true,"href":"https:\/\/fcba-offshore.com\/cs\/wp-json\/wp\/v2\/comments?post=2790"}],"version-history":[{"count":3,"href":"https:\/\/fcba-offshore.com\/cs\/wp-json\/wp\/v2\/pages\/2790\/revisions"}],"predecessor-version":[{"id":2955,"href":"https:\/\/fcba-offshore.com\/cs\/wp-json\/wp\/v2\/pages\/2790\/revisions\/2955"}],"wp:attachment":[{"href":"https:\/\/fcba-offshore.com\/cs\/wp-json\/wp\/v2\/media?parent=2790"}],"curies":[{"name":"wp","href":"https:\/\/api.w.org\/{rel}","templated":true}]}}