{"id":2792,"date":"2016-09-28T14:11:17","date_gmt":"2016-09-28T14:11:17","guid":{"rendered":"http:\/\/fcba-offshore.com\/?page_id=2792"},"modified":"2016-10-04T16:08:02","modified_gmt":"2016-10-04T16:08:02","slug":"offshore-spolecnost-v-hongkongu","status":"publish","type":"page","link":"https:\/\/fcba-offshore.com\/cs\/offshore-spolecnost-v-hongkongu\/","title":{"rendered":"Offshore spole\u010dnost v Hongkongu"},"content":{"rendered":"<h1><a href=\"http:\/\/fcba-offshore.com\/wp-content\/uploads\/2014\/06\/Hong-Kong.png\"><img loading=\"lazy\" decoding=\"async\" class=\"alignnone size-full wp-image-349\" src=\"http:\/\/fcba-offshore.com\/wp-content\/uploads\/2014\/06\/Hong-Kong.png\" alt=\"Hong-Kong\" width=\"79\" height=\"57\" \/><\/a> <a href=\"http:\/\/fcba-offshore.com\/wp-content\/uploads\/2014\/06\/Hong-Kong-Offshore.png\"><img loading=\"lazy\" decoding=\"async\" class=\"size-medium wp-image-596 alignright\" src=\"http:\/\/fcba-offshore.com\/wp-content\/uploads\/2014\/06\/Hong-Kong-Offshore-300x131.png\" alt=\"Hong Kong Offshore\" width=\"300\" height=\"131\" srcset=\"https:\/\/fcba-offshore.com\/wp-content\/uploads\/2014\/06\/Hong-Kong-Offshore-300x131.png 300w, https:\/\/fcba-offshore.com\/wp-content\/uploads\/2014\/06\/Hong-Kong-Offshore.png 641w, https:\/\/fcba-offshore.com\/wp-content\/uploads\/2014\/06\/Hong-Kong-Offshore-450x196.png 450w\" sizes=\"auto, (max-width: 300px) 100vw, 300px\" \/><\/a><\/h1>\n<p>&nbsp;<\/p>\n<h1>Offshore spole\u010dnost v Hongkongu:<\/h1>\n<p>&nbsp;<\/p>\n<p style=\"text-align: justify;\">Hongkong je pova\u017eov\u00e1n za hlavn\u00ed finan\u010dn\u00ed m\u00edsto sv\u011btov\u011b nejdynami\u010dt\u011bj\u0161\u00ed oblasti: jihov\u00fdchodn\u00ed Asie. Toto hlavn\u00ed finan\u010dn\u00ed m\u00edsto je jedn\u00edm z nejliber\u00e1ln\u011bj\u0161\u00edch na sv\u011bt\u011b a jeho zvl\u00e1\u0161tn\u00ed postaven\u00ed v\u016f\u010di \u010c\u00edn\u011b mu zaru\u010duje autonomii a\u017e do roku 2047. Hlavn\u00edm obchodn\u00edm jazykem je angli\u010dtina a historick\u00fd vliv Anglie zaru\u010duje vysoce podnikatelsky orientovan\u00e9 pr\u00e1vn\u00ed p\u0159edpisy, kter\u00e9 jsou zalo\u017eeny na anglick\u00e9m modelu.\u00a0Z\u00e1kony jsou zde mnohem flexibiln\u011bj\u0161\u00ed a modern\u011bj\u0161\u00ed ne\u017e v Evrop\u011b, co\u017e je velmi siln\u00fdm l\u00e1kadlem, kter\u00e9 v\u00edce a v\u00edce zahrani\u010dn\u00edch investor\u016f ka\u017ed\u00fd rok motivuje k p\u0159est\u011bhov\u00e1n\u00ed jejich podnik\u00e1n\u00ed do t\u00e9to <a href=\"https:\/\/fcba-offshore.com\/cs\/offshore-jurisdikce\/\">jurisdikce<\/a>. Krom\u011b toho existuje \u00fapln\u00e1 d\u016fv\u011brnost t\u00fdkaj\u00edc\u00ed se jak <a href=\"https:\/\/fcba-offshore.com\/cs\/offshore-bankovni-ucet\/\">offshore bankovn\u00edho \u00fa\u010dtu<\/a> (bankovn\u00ed tajemstv\u00ed), tak <a href=\"https:\/\/fcba-offshore.com\/cs\/offshore-spolecnosti\/\">offshore spole\u010dnosti<\/a>.<\/p>\n<p style=\"text-align: justify;\">Tento m\u011bstsk\u00fd st\u00e1t nab\u00edz\u00ed lidem, kte\u0159\u00ed zde cht\u011bj\u00ed podnikat, mnoho v\u00fdhod, d\u00edky nim\u017e je toto m\u00edsto jedn\u00edm z nejzaj\u00edmav\u011bj\u0161\u00edch na sv\u011bt\u011b. Hlavn\u00ed p\u0159\u00ednosy jsou:<\/p>\n<ul style=\"text-align: justify;\">\n<li>nulov\u00e1 DPH<\/li>\n<li>nulov\u00e1 da\u0148 ze zisku<\/li>\n<li>nulov\u00e1 da\u0148 z dividend<\/li>\n<li>nulov\u00e1 da\u0148 z kapit\u00e1lu<\/li>\n<li>bankovn\u00ed tajemstv\u00ed<\/li>\n<li>nevyzrazov\u00e1n\u00ed identity majitel\u016f podnik\u016f<\/li>\n<\/ul>\n<p style=\"text-align: justify;\"><a href=\"https:\/\/fcba-offshore.com\/cs\/\">FCBA Offshore Ltd<\/a> doporu\u010duje sv\u00fdm klient\u016fm, kte\u0159\u00ed si cht\u011bj\u00ed bu\u010f otev\u0159\u00edt si <a href=\"https:\/\/fcba-offshore.com\/cs\/offshore-bankovni-ucet\/\">offshore bankovn\u00ed \u00fa\u010det<\/a>, nebo z\u0159\u00eddit <a href=\"https:\/\/fcba-offshore.com\/cs\/offshore-spolecnosti\/\">offshore spole\u010dnost<\/a> v Hongkongu, aby pova\u017eovali tuto jurisdikci za velmi zaj\u00edmavou. Budete moci vyu\u017e\u00edvat v\u0161echny uveden\u00e9 p\u0159\u00ednosy a v\u00e1\u0161 m\u00edstn\u00ed obchodn\u00ed vztah bude prob\u00edhat v anglick\u00e9m jazyce. Proto\u017ee jsou \u00fa\u010detn\u00ed standardy v Hongkongu celkem vysok\u00e9, budete tak\u00e9 muset udr\u017eovat obchodn\u00ed vztah s n\u011bjakou m\u00edstn\u00ed firmou, kter\u00e1 zajist\u00ed, \u017ee va\u0161e <a href=\"https:\/\/fcba-offshore.com\/cs\/offshore-spolecnosti\/\">offshore spole\u010dnost<\/a> bude dodr\u017eovat v\u0161echny m\u00edstn\u00ed po\u017eadavky, a tak\u00e9, \u017ee v\u0161echny finan\u010dn\u00ed zpr\u00e1vy a zpr\u00e1vy o dan\u00edch jsou \u0159\u00e1dn\u011b a v\u010das dod\u00e1ny m\u00edstn\u00edm spr\u00e1vn\u00edm \u00fa\u0159ad\u016fm.\u00a0Tuto jurisdikci v\u00edce doporu\u010dujeme sv\u00fdm klient\u016fm se s\u00eddlem v Asii, proto\u017ee \u0161estihodinov\u00fd \u010dasov\u00fd posun mezi Hongkongem a Evropou m\u016f\u017ee znemo\u017e\u0148ovat \u00fa\u010dinn\u00fd ka\u017edodenn\u00ed komunikaci s m\u00edstn\u00edmi kontakty.<\/p>\n<p style=\"text-align: justify;\">Otev\u0159en\u00ed <a href=\"https:\/\/fcba-offshore.com\/cs\/offshore-bankovni-ucet\/\">offshore bankovn\u00edho \u00fa\u010dtu<\/a> i\u00a0zalo\u017een\u00ed <a href=\"https:\/\/fcba-offshore.com\/cs\/offshore-spolecnosti\/\">offshore spole\u010dnosti<\/a> v Hongkongu je pro n\u00e1s jednoduchou z\u00e1le\u017eitost\u00ed a r\u00e1di se s v\u00e1mi pod\u011bl\u00edme o svou s\u00ed\u0165 a partnerstv\u00ed s m\u00edstn\u00edmi bankami.<\/p>\n<p style=\"text-align: justify;\">Nakonec je t\u0159eba m\u00edt na pam\u011bti skute\u010dnost, \u017ee po\u010d\u00e1te\u010dn\u00ed vklad, kter\u00fd m\u00edstn\u00ed banky vy\u017eaduj\u00ed, je celkem vysok\u00fd, co\u017e v\u00e1s od otev\u0159en\u00ed <a href=\"https:\/\/fcba-offshore.com\/cs\/offshore-bankovni-ucet\/\">offshore bankovn\u00edho \u00fa\u010dtu<\/a> v Hongkongu m\u016f\u017ee odradit.<\/p>\n<p style=\"text-align: justify;\">Pro jak\u00e9koliv dal\u0161\u00ed informace <a href=\"https:\/\/fcba-offshore.com\/cs\/kontakt-2\/\">nev\u00e1hejte a obra\u0165te se na \u010dleny t\u00fdmu FCBA Offshore Ltd<\/a>.<\/p>\n<p><a href=\"http:\/\/fcba-offshore.com\/wp-content\/uploads\/2014\/06\/logo-small.png\"><img loading=\"lazy\" decoding=\"async\" class=\"alignnone size-full wp-image-479\" src=\"http:\/\/fcba-offshore.com\/wp-content\/uploads\/2014\/06\/logo-small.png\" alt=\"Logo offshore small\" width=\"142\" height=\"31\" \/><\/a><\/p>\n","protected":false},"excerpt":{"rendered":"<p>&nbsp; Offshore spole\u010dnost v Hongkongu: &nbsp; Hongkong je pova\u017eov\u00e1n za hlavn\u00ed finan\u010dn\u00ed m\u00edsto sv\u011btov\u011b nejdynami\u010dt\u011bj\u0161\u00ed oblasti: jihov\u00fdchodn\u00ed Asie. Toto hlavn\u00ed finan\u010dn\u00ed m\u00edsto je jedn\u00edm z nejliber\u00e1ln\u011bj\u0161\u00edch na sv\u011bt\u011b a jeho zvl\u00e1\u0161tn\u00ed postaven\u00ed v\u016f\u010di \u010c\u00edn\u011b mu zaru\u010duje autonomii a\u017e do roku 2047. Hlavn\u00edm obchodn\u00edm jazykem je angli\u010dtina a historick\u00fd vliv Anglie zaru\u010duje vysoce podnikatelsky orientovan\u00e9 pr\u00e1vn\u00ed&hellip;<\/p>\n","protected":false},"author":1,"featured_media":0,"parent":0,"menu_order":0,"comment_status":"closed","ping_status":"open","template":"","meta":{"footnotes":""},"class_list":["post-2792","page","type-page","status-publish","hentry"],"_links":{"self":[{"href":"https:\/\/fcba-offshore.com\/cs\/wp-json\/wp\/v2\/pages\/2792","targetHints":{"allow":["GET"]}}],"collection":[{"href":"https:\/\/fcba-offshore.com\/cs\/wp-json\/wp\/v2\/pages"}],"about":[{"href":"https:\/\/fcba-offshore.com\/cs\/wp-json\/wp\/v2\/types\/page"}],"author":[{"embeddable":true,"href":"https:\/\/fcba-offshore.com\/cs\/wp-json\/wp\/v2\/users\/1"}],"replies":[{"embeddable":true,"href":"https:\/\/fcba-offshore.com\/cs\/wp-json\/wp\/v2\/comments?post=2792"}],"version-history":[{"count":3,"href":"https:\/\/fcba-offshore.com\/cs\/wp-json\/wp\/v2\/pages\/2792\/revisions"}],"predecessor-version":[{"id":2996,"href":"https:\/\/fcba-offshore.com\/cs\/wp-json\/wp\/v2\/pages\/2792\/revisions\/2996"}],"wp:attachment":[{"href":"https:\/\/fcba-offshore.com\/cs\/wp-json\/wp\/v2\/media?parent=2792"}],"curies":[{"name":"wp","href":"https:\/\/api.w.org\/{rel}","templated":true}]}}