{"id":2794,"date":"2016-09-28T14:13:55","date_gmt":"2016-09-28T14:13:55","guid":{"rendered":"http:\/\/fcba-offshore.com\/?page_id=2794"},"modified":"2016-10-04T16:05:50","modified_gmt":"2016-10-04T16:05:50","slug":"offshore-spolecnost-v-irsku","status":"publish","type":"page","link":"https:\/\/fcba-offshore.com\/cs\/offshore-spolecnost-v-irsku\/","title":{"rendered":"Offshore spole\u010dnost v Irsku:"},"content":{"rendered":"<h1><a href=\"http:\/\/fcba-offshore.com\/wp-content\/uploads\/2014\/06\/Irelande.png\"><img loading=\"lazy\" decoding=\"async\" class=\"alignnone size-full wp-image-367\" src=\"http:\/\/fcba-offshore.com\/wp-content\/uploads\/2014\/06\/Irelande.png\" alt=\"Irelande\" width=\"72\" height=\"55\" \/><\/a> <a href=\"http:\/\/fcba-offshore.com\/wp-content\/uploads\/2014\/06\/Irlande-Offshore.png\"><img loading=\"lazy\" decoding=\"async\" class=\"size-medium wp-image-613 alignright\" src=\"http:\/\/fcba-offshore.com\/wp-content\/uploads\/2014\/06\/Irlande-Offshore-300x131.png\" alt=\"Irlande Offshore\" width=\"300\" height=\"131\" srcset=\"https:\/\/fcba-offshore.com\/wp-content\/uploads\/2014\/06\/Irlande-Offshore-300x131.png 300w, https:\/\/fcba-offshore.com\/wp-content\/uploads\/2014\/06\/Irlande-Offshore.png 641w, https:\/\/fcba-offshore.com\/wp-content\/uploads\/2014\/06\/Irlande-Offshore-450x196.png 450w\" sizes=\"auto, (max-width: 300px) 100vw, 300px\" \/><\/a><\/h1>\n<p>&nbsp;<\/p>\n<h1>Offshore spole\u010dnost v Irsku:<\/h1>\n<p>&nbsp;<\/p>\n<p style=\"text-align: justify;\">Irsko, kter\u00e9 je \u010dlenem Evropsk\u00e9 unie u\u017e v\u00edce ne\u017e 40 let a je spolu s Velkou Brit\u00e1ni\u00ed jedn\u00edm z\u00a0jejich nejv\u011bt\u0161\u00edch dynamick\u00fdch st\u00e1t\u016f, nen\u00ed t\u0159eba p\u0159edstavovat.\u00a0Irsko se d\u0159\u00edve naz\u00fdvalo Keltsk\u00fd tygr a svou ekonomiku rozvinulo d\u00edky zaveden\u00ed syst\u00e9mu n\u00edzk\u00e9ho zda\u0148ov\u00e1n\u00ed. Bylo sice v\u00fdrazn\u011b posti\u017eeno tzv. \u201ekriz\u00ed subprime\u201c, ale rychle se vzpamatovalo d\u00edky tomu, \u017ee na sv\u00e9 \u00fazem\u00ed p\u0159il\u00e1kalo spoustu zahrani\u010dn\u00edch spole\u010dnost\u00ed, kter\u00e9 se zde zaregistrovaly. V sou\u010dasnosti se mnoho velk\u00fdch mezin\u00e1rodn\u00edch spole\u010dnost\u00ed, jako nap\u0159\u00edklad Google, rozhodlo z\u0159\u00eddit pobo\u010dku v\u00a0rsku, odkud mohou \u0159\u00eddit sv\u016fj ve\u0161ker\u00fd evropsk\u00fd obchod.<\/p>\n<p style=\"text-align: justify;\">Existuj\u00ed r\u016fzn\u00e9 d\u016fvody, pro\u010d je Irsko jako <a href=\"https:\/\/fcba-offshore.com\/cs\/offshore-jurisdikce\/\">offshore destinace<\/a> atraktivn\u00ed. Prvn\u00edm z nich je, \u017ee registrac\u00ed v Irsku se va\u0161e <a href=\"https:\/\/fcba-offshore.com\/cs\/offshore-spolecnosti\/\">offshore spole\u010dnost<\/a> stane sou\u010d\u00e1st\u00ed Evropsk\u00e9 unie a u\u017e nikdy nebude \u0159e\u0161it probl\u00e9m fakturov\u00e1n\u00ed jin\u00e9 evropsk\u00e9 spole\u010dnosti. N\u011bkdy toti\u017e mohou m\u00edt <a href=\"https:\/\/fcba-offshore.com\/cs\/offshore-spolecnosti\/\">offshore spole\u010dnosti<\/a> registrovan\u00e9 v exoti\u010dt\u011bj\u0161\u00edch <a href=\"https:\/\/fcba-offshore.com\/cs\/offshore-jurisdikce\/\">jurisdikc\u00edch<\/a> probl\u00e9my s navazov\u00e1n\u00edm obchodn\u00edho vztahu s finan\u010dn\u00edmi odd\u011blen\u00edmi velk\u00fdch mezin\u00e1rodn\u00edch koncern\u016f. Irsko v\u0161ak budou pova\u017eovat za 100% bezpe\u010dn\u00e9.\u00a0Druh\u00fdm d\u016fvodem je, \u017ee irsk\u00e9 spole\u010dnosti lze \u0159\u00eddit ze zahrani\u010d\u00ed a sazba dan\u011b ze zisku je jen 12,5 %. A nakonec administrativn\u00ed povinnosti jsou v Irsku men\u0161\u00ed ne\u017e v mnoha jin\u00fdch offshore jurisdikc\u00edch.<\/p>\n<p style=\"text-align: justify;\">Z\u0159\u00eddit v Irsku <a href=\"https:\/\/fcba-offshore.com\/cs\/offshore-spolecnosti\/\">offshore spole\u010dnost<\/a> nebo otev\u0159\u00edt si zde <a href=\"https:\/\/fcba-offshore.com\/cs\/offshore-bankovni-ucet\/\">offshore bankovn\u00ed \u00fa\u010det<\/a> <a href=\"https:\/\/fcba-offshore.com\/cs\/\">FCBA Offshore<\/a> sv\u00fdm klient\u016fm doporu\u010duje. P\u0159esto\u017ee Irsko nab\u00edz\u00ed spoustu v\u00fdhod, je t\u0159eba m\u00edt na pam\u011bti skute\u010dnost, \u017ee je tato destinace drah\u00e1, co se t\u00fd\u010de v\u0161ech administrativn\u00edch aspekt\u016f, \u00fa\u010detn\u00edch povinnost\u00ed, tajemn\u00edka&#8230; Je tak\u00e9 mo\u017en\u00e9, \u017ee budete pot\u0159ebovat po\u010d\u00e1te\u010dn\u00ed z\u00e1kladn\u00ed kapit\u00e1l v\u00a0hodnot\u011b 38 000 \u20ac, co\u017e v\u00e1s od vytvo\u0159en\u00ed spole\u010dnosti zde m\u016f\u017ee odradit.<\/p>\n<p style=\"text-align: justify;\">Otev\u0159en\u00ed <a href=\"https:\/\/fcba-offshore.com\/cs\/offshore-bankovni-ucet\/\">offshore bankovn\u00edho \u00fa\u010dtu<\/a> i\u00a0zalo\u017een\u00ed <a href=\"https:\/\/fcba-offshore.com\/cs\/offshore-spolecnosti\/\">offshore spole\u010dnosti<\/a> v Irsku je pro n\u00e1s jednoduch\u00e9 a r\u00e1di se s v\u00e1mi pod\u011bl\u00edme o svou s\u00ed\u0165 a partnerstv\u00ed s m\u00edstn\u00edmi bankami.<\/p>\n<p style=\"text-align: justify;\">Je t\u0159eba upozornit, \u017ee z\u00e1kladn\u00ed vklad vy\u017eadovan\u00fd bankami je pom\u011brn\u011b vysok\u00fd, co\u017e m\u016f\u017ee b\u00fdt jistou p\u0159ek\u00e1\u017ekou jednoduch\u00e9ho a rychl\u00e9ho rozb\u011bhu podnik\u00e1n\u00ed.<\/p>\n<p style=\"text-align: justify;\">Pro jak\u00e9koliv dal\u0161\u00ed informace <a href=\"https:\/\/fcba-offshore.com\/cs\/kontakt-2\/\">nev\u00e1hejte a obra\u0165te se na \u010dleny t\u00fdmu FCBA Offshore Ltd<\/a>.<\/p>\n<p><a href=\"http:\/\/fcba-offshore.com\/wp-content\/uploads\/2014\/06\/logo-small.png\"><img loading=\"lazy\" decoding=\"async\" class=\"alignnone size-full wp-image-479\" src=\"http:\/\/fcba-offshore.com\/wp-content\/uploads\/2014\/06\/logo-small.png\" alt=\"Logo offshore small\" width=\"142\" height=\"31\" \/><\/a><\/p>\n","protected":false},"excerpt":{"rendered":"<p>&nbsp; Offshore spole\u010dnost v Irsku: &nbsp; Irsko, kter\u00e9 je \u010dlenem Evropsk\u00e9 unie u\u017e v\u00edce ne\u017e 40 let a je spolu s Velkou Brit\u00e1ni\u00ed jedn\u00edm z\u00a0jejich nejv\u011bt\u0161\u00edch dynamick\u00fdch st\u00e1t\u016f, nen\u00ed t\u0159eba p\u0159edstavovat.\u00a0Irsko se d\u0159\u00edve naz\u00fdvalo Keltsk\u00fd tygr a svou ekonomiku rozvinulo d\u00edky zaveden\u00ed syst\u00e9mu n\u00edzk\u00e9ho zda\u0148ov\u00e1n\u00ed. Bylo sice v\u00fdrazn\u011b posti\u017eeno tzv. \u201ekriz\u00ed subprime\u201c, ale rychle se&hellip;<\/p>\n","protected":false},"author":1,"featured_media":0,"parent":0,"menu_order":0,"comment_status":"closed","ping_status":"open","template":"","meta":{"footnotes":""},"class_list":["post-2794","page","type-page","status-publish","hentry"],"_links":{"self":[{"href":"https:\/\/fcba-offshore.com\/cs\/wp-json\/wp\/v2\/pages\/2794","targetHints":{"allow":["GET"]}}],"collection":[{"href":"https:\/\/fcba-offshore.com\/cs\/wp-json\/wp\/v2\/pages"}],"about":[{"href":"https:\/\/fcba-offshore.com\/cs\/wp-json\/wp\/v2\/types\/page"}],"author":[{"embeddable":true,"href":"https:\/\/fcba-offshore.com\/cs\/wp-json\/wp\/v2\/users\/1"}],"replies":[{"embeddable":true,"href":"https:\/\/fcba-offshore.com\/cs\/wp-json\/wp\/v2\/comments?post=2794"}],"version-history":[{"count":4,"href":"https:\/\/fcba-offshore.com\/cs\/wp-json\/wp\/v2\/pages\/2794\/revisions"}],"predecessor-version":[{"id":2994,"href":"https:\/\/fcba-offshore.com\/cs\/wp-json\/wp\/v2\/pages\/2794\/revisions\/2994"}],"wp:attachment":[{"href":"https:\/\/fcba-offshore.com\/cs\/wp-json\/wp\/v2\/media?parent=2794"}],"curies":[{"name":"wp","href":"https:\/\/api.w.org\/{rel}","templated":true}]}}