{"id":2796,"date":"2016-09-28T14:15:43","date_gmt":"2016-09-28T14:15:43","guid":{"rendered":"http:\/\/fcba-offshore.com\/?page_id=2796"},"modified":"2016-10-04T14:56:51","modified_gmt":"2016-10-04T14:56:51","slug":"offshore-spolecnost-na-ostrove-man","status":"publish","type":"page","link":"https:\/\/fcba-offshore.com\/cs\/offshore-spolecnost-na-ostrove-man\/","title":{"rendered":"Offshore spole\u010dnost na ostrov\u011b Man"},"content":{"rendered":"<h1><a href=\"http:\/\/fcba-offshore.com\/wp-content\/uploads\/2014\/06\/Ile-de-Man.png\"><img loading=\"lazy\" decoding=\"async\" class=\"alignnone size-full wp-image-350\" src=\"http:\/\/fcba-offshore.com\/wp-content\/uploads\/2014\/06\/Ile-de-Man.png\" alt=\"Ile-de-Man\" width=\"80\" height=\"51\" \/><\/a> <a href=\"http:\/\/fcba-offshore.com\/wp-content\/uploads\/2014\/06\/Ile-de-Man-Offshore.png\"><img loading=\"lazy\" decoding=\"async\" class=\"size-medium wp-image-601 alignright\" src=\"http:\/\/fcba-offshore.com\/wp-content\/uploads\/2014\/06\/Ile-de-Man-Offshore-300x131.png\" alt=\"Ile de Man Offshore\" width=\"300\" height=\"131\" srcset=\"https:\/\/fcba-offshore.com\/wp-content\/uploads\/2014\/06\/Ile-de-Man-Offshore-300x131.png 300w, https:\/\/fcba-offshore.com\/wp-content\/uploads\/2014\/06\/Ile-de-Man-Offshore.png 641w, https:\/\/fcba-offshore.com\/wp-content\/uploads\/2014\/06\/Ile-de-Man-Offshore-450x196.png 450w\" sizes=\"auto, (max-width: 300px) 100vw, 300px\" \/><\/a><\/h1>\n<p>&nbsp;<\/p>\n<h1>Offshore spole\u010dnost na ostrov\u011b Man:<\/h1>\n<p>&nbsp;<\/p>\n<p style=\"text-align: justify;\">V sou\u010dasnosti je ostrov Man v Evrop\u011b celkem zn\u00e1m\u00fd. Tento ostrov le\u017e\u00ed v Irsk\u00e9m mo\u0159i mezi Irskem a Velkou Brit\u00e1ni\u00ed a je pova\u017eov\u00e1n za <a href=\"https:\/\/fcba-offshore.com\/cs\/offshore-jurisdikce\/\">offshore destinaci<\/a>, proto\u017ee parlament ostrova je v\u016f\u010di sv\u00fdm mocn\u00fdm soused\u016fm pln\u011b autonomn\u00ed, co se t\u00fd\u010de da\u0148ov\u00fdch a soci\u00e1ln\u00edch postup\u016f. Spr\u00e1vn\u00ed \u00fa\u0159ady ostrova nav\u00edc podporuj\u00ed rozvoj a investice jak v bankovn\u00edm, tak v obchodn\u00edm sektoru.<\/p>\n<p style=\"text-align: justify;\">Otev\u0159en\u00ed <a href=\"https:\/\/fcba-offshore.com\/cs\/offshore-bankovni-ucet\/\">offshore bankovn\u00edho \u00fa\u010dtu<\/a> na ostrov\u011b Man m\u016f\u017ee b\u00fdt pro na\u0161e klienty, kte\u0159\u00ed po\u017eaduj\u00ed vy\u0161\u0161\u00ed kvalitu bankovn\u00edch slu\u017eeb, ne\u017e kterou nab\u00edz\u00ed kontinent\u00e1ln\u00ed Evropa, velmi dobr\u00fdm obchodn\u00edm \u0159e\u0161en\u00edm. V\u0161echny velk\u00e9 mezin\u00e1rodn\u00ed banky zde proto maj\u00ed pobo\u010dku a d\u00edky <a href=\"https:\/\/fcba-offshore.com\/cs\/\">FCBA Offshore Ltd<\/a> si m\u016f\u017eete i vy otev\u0159\u00edt <a href=\"https:\/\/fcba-offshore.com\/cs\/offshore-bankovni-ucet\/\">offshore bankovn\u00ed \u00fa\u010det<\/a> a m\u00edt p\u0159\u00edstup k velmi \u00fa\u010dinn\u00fdm a\u00a0inovativn\u00edm produkt\u016fm. V\u00e1\u0161 <a href=\"https:\/\/fcba-offshore.com\/cs\/offshore-bankovni-ucet\/\">offshore bankovn\u00ed \u00fa\u010det<\/a> m\u016f\u017ee b\u00fdt samoz\u0159ejm\u011b v n\u011bkolika m\u011bn\u00e1ch, budete moci investovat pen\u00edze do vysoce funk\u010dn\u00edch produkt\u016f a budete m\u00edt v\u017edy k\u00a0ispozici osobn\u00edho poradce, kter\u00fd zodpov\u00ed v\u0161echny va\u0161e ot\u00e1zky. Pokud jde o z\u0159\u00edzen\u00ed <a href=\"https:\/\/fcba-offshore.com\/cs\/offshore-spolecnosti\/\">offshore spole\u010dnosti<\/a>, ostrov Man v\u00e1m zaru\u010duje spoustu v\u00fdhod t\u00fdkaj\u00edc\u00edch se programu n\u00edzk\u00fdch dan\u00ed a\u00a0jednoduchost m\u00edstn\u00ed spr\u00e1vy v\u00e1m usnadn\u00ed ve\u0161ker\u00e9 obchodn\u00ed vztahy.<\/p>\n<p style=\"text-align: justify;\">Otev\u0159en\u00ed <a href=\"https:\/\/fcba-offshore.com\/cs\/offshore-bankovni-ucet\/\">offshore bankovn\u00edho \u00fa\u010dtu<\/a> nebo registraci nov\u00e9 <a href=\"https:\/\/fcba-offshore.com\/cs\/offshore-spolecnosti\/\">offshore spole\u010dnosti<\/a> na ostrov\u011b Man <a href=\"https:\/\/fcba-offshore.com\/cs\/\">FCBA Offshore Ltd<\/a> v\u0161em sv\u00fdm klient\u016fm, zvl\u00e1\u0161t\u011b t\u011bm, kte\u0159\u00ed nepot\u0159ebuj\u00ed anonymitu, doporu\u010duje. Ned\u00e1vno podepsan\u00e9 dohody o transparentnosti mezi ostrovem Man a Evropskou uni\u00ed toti\u017e ji\u017e nezaru\u010duj\u00ed \u017e\u00e1dnou d\u016fv\u011brnost. Bankovn\u00ed tajemstv\u00ed a vyzrazen\u00ed va\u0161eho jm\u00e9na jako bezprost\u0159edn\u00edho vlastn\u00edka <a href=\"https:\/\/fcba-offshore.com\/cs\/offshore-spolecnosti\/\">offshore spole\u010dnosti<\/a> na ostrov\u011b Man ji\u017e nen\u00ed evropsk\u00fdm rezident\u016fm zaru\u010deno.<\/p>\n<p style=\"text-align: justify;\">Otev\u0159en\u00ed <a href=\"https:\/\/fcba-offshore.com\/cs\/offshore-bankovni-ucet\/\">offshore bankovn\u00edho \u00fa\u010dtu<\/a> i\u00a0zalo\u017een\u00ed <a href=\"https:\/\/fcba-offshore.com\/cs\/offshore-spolecnosti\/\">offshore spole\u010dnosti<\/a> na ostrov\u011b Man je pro n\u00e1s jednoduchou z\u00e1le\u017eitost\u00ed a r\u00e1di se s v\u00e1mi pod\u011bl\u00edme o svou s\u00ed\u0165 a partnerstv\u00ed s m\u00edstn\u00edmi bankami.<\/p>\n<p style=\"text-align: justify;\">Nakonec je t\u0159eba m\u00edt na pam\u011bti skute\u010dnost, \u017ee po\u010d\u00e1te\u010dn\u00ed vklad, kter\u00fd m\u00edstn\u00ed banky vy\u017eaduj\u00ed, je celkem vysok\u00fd, co\u017e v\u00e1s od otev\u0159en\u00ed <a href=\"https:\/\/fcba-offshore.com\/cs\/offshore-bankovni-ucet\/\">offshore bankovn\u00edho \u00fa\u010dtu<\/a> na ostrov\u011b Man m\u016f\u017ee odradit.<\/p>\n<p style=\"text-align: justify;\">Pro jak\u00e9koliv dal\u0161\u00ed informace <a href=\"https:\/\/fcba-offshore.com\/cs\/kontakt-2\/\">nev\u00e1hejte a obra\u0165te se na \u010dleny t\u00fdmu FCBA Offshore Ltd<\/a>.<\/p>\n<p><a href=\"http:\/\/fcba-offshore.com\/wp-content\/uploads\/2014\/06\/logo-small.png\"><img loading=\"lazy\" decoding=\"async\" class=\"alignnone size-full wp-image-479\" src=\"http:\/\/fcba-offshore.com\/wp-content\/uploads\/2014\/06\/logo-small.png\" alt=\"Logo offshore small\" width=\"142\" height=\"31\" \/><\/a><\/p>\n","protected":false},"excerpt":{"rendered":"<p>&nbsp; Offshore spole\u010dnost na ostrov\u011b Man: &nbsp; V sou\u010dasnosti je ostrov Man v Evrop\u011b celkem zn\u00e1m\u00fd. Tento ostrov le\u017e\u00ed v Irsk\u00e9m mo\u0159i mezi Irskem a Velkou Brit\u00e1ni\u00ed a je pova\u017eov\u00e1n za offshore destinaci, proto\u017ee parlament ostrova je v\u016f\u010di sv\u00fdm mocn\u00fdm soused\u016fm pln\u011b autonomn\u00ed, co se t\u00fd\u010de da\u0148ov\u00fdch a soci\u00e1ln\u00edch postup\u016f. Spr\u00e1vn\u00ed \u00fa\u0159ady ostrova nav\u00edc podporuj\u00ed&hellip;<\/p>\n","protected":false},"author":1,"featured_media":0,"parent":0,"menu_order":0,"comment_status":"closed","ping_status":"open","template":"","meta":{"footnotes":""},"class_list":["post-2796","page","type-page","status-publish","hentry"],"_links":{"self":[{"href":"https:\/\/fcba-offshore.com\/cs\/wp-json\/wp\/v2\/pages\/2796","targetHints":{"allow":["GET"]}}],"collection":[{"href":"https:\/\/fcba-offshore.com\/cs\/wp-json\/wp\/v2\/pages"}],"about":[{"href":"https:\/\/fcba-offshore.com\/cs\/wp-json\/wp\/v2\/types\/page"}],"author":[{"embeddable":true,"href":"https:\/\/fcba-offshore.com\/cs\/wp-json\/wp\/v2\/users\/1"}],"replies":[{"embeddable":true,"href":"https:\/\/fcba-offshore.com\/cs\/wp-json\/wp\/v2\/comments?post=2796"}],"version-history":[{"count":3,"href":"https:\/\/fcba-offshore.com\/cs\/wp-json\/wp\/v2\/pages\/2796\/revisions"}],"predecessor-version":[{"id":2977,"href":"https:\/\/fcba-offshore.com\/cs\/wp-json\/wp\/v2\/pages\/2796\/revisions\/2977"}],"wp:attachment":[{"href":"https:\/\/fcba-offshore.com\/cs\/wp-json\/wp\/v2\/media?parent=2796"}],"curies":[{"name":"wp","href":"https:\/\/api.w.org\/{rel}","templated":true}]}}