{"id":2798,"date":"2016-09-28T14:17:20","date_gmt":"2016-09-28T14:17:20","guid":{"rendered":"http:\/\/fcba-offshore.com\/?page_id=2798"},"modified":"2016-10-04T14:47:01","modified_gmt":"2016-10-04T14:47:01","slug":"offshore-spolecnost-na-jersey","status":"publish","type":"page","link":"https:\/\/fcba-offshore.com\/cs\/offshore-spolecnost-na-jersey\/","title":{"rendered":"Offshore spole\u010dnost na Jersey"},"content":{"rendered":"<h1><a href=\"http:\/\/fcba-offshore.com\/wp-content\/uploads\/2014\/06\/Jersey.png\"><img loading=\"lazy\" decoding=\"async\" class=\"alignnone size-full wp-image-364\" src=\"http:\/\/fcba-offshore.com\/wp-content\/uploads\/2014\/06\/Jersey.png\" alt=\"Jersey\" width=\"73\" height=\"47\" srcset=\"https:\/\/fcba-offshore.com\/wp-content\/uploads\/2014\/06\/Jersey.png 73w, https:\/\/fcba-offshore.com\/wp-content\/uploads\/2014\/06\/Jersey-72x47.png 72w\" sizes=\"auto, (max-width: 73px) 100vw, 73px\" \/><\/a> <a href=\"http:\/\/fcba-offshore.com\/wp-content\/uploads\/2014\/06\/Jersey-Offshore.png\"><img loading=\"lazy\" decoding=\"async\" class=\"size-medium wp-image-616 alignright\" src=\"http:\/\/fcba-offshore.com\/wp-content\/uploads\/2014\/06\/Jersey-Offshore-300x131.png\" alt=\"Jersey Offshore\" width=\"300\" height=\"131\" srcset=\"https:\/\/fcba-offshore.com\/wp-content\/uploads\/2014\/06\/Jersey-Offshore-300x131.png 300w, https:\/\/fcba-offshore.com\/wp-content\/uploads\/2014\/06\/Jersey-Offshore.png 641w, https:\/\/fcba-offshore.com\/wp-content\/uploads\/2014\/06\/Jersey-Offshore-450x196.png 450w\" sizes=\"auto, (max-width: 300px) 100vw, 300px\" \/><\/a><\/h1>\n<p>&nbsp;<\/p>\n<h1>Offshore spole\u010dnost na Jersey:<\/h1>\n<p>&nbsp;<\/p>\n<p style=\"text-align: justify;\">Ostrov Jersey (neboli ofici\u00e1ln\u011b Bailiwick of Jersey) le\u017e\u00ed v kan\u00e1lu La Manche bl\u00edzko francouzsk\u00e9ho pob\u0159e\u017e\u00ed Normandie. Jersey je v\u0161ak st\u00e1le ve vlastnictv\u00ed Britsk\u00e9 koruny, a proto m\u00e1 vysoce podnikatelsky orientovan\u00e9 pr\u00e1vn\u00ed p\u0159edpisy, kter\u00e9 jsou zalo\u017eeny na anglick\u00e9m modelu.\u00a0Z\u00e1kony jsou zde mnohem flexibiln\u011bj\u0161\u00ed a modern\u011bj\u0161\u00ed ne\u017e v Evropsk\u00e9 unii, co\u017e je velmi siln\u00fdm l\u00e1kadlem, kter\u00e9 spoustu zahrani\u010dn\u00edch investor\u016f motivuje k p\u0159est\u011bhov\u00e1n\u00ed podnik\u00e1n\u00ed do t\u00e9to jurisdikce.\u00a0Toto <a href=\"https:\/\/fcba-offshore.com\/cs\/offshore-jurisdikce\/\">offshore m\u00edsto<\/a> (dob\u0159e zn\u00e1m\u00e9 lidem zapojen\u00fdm do <a href=\"https:\/\/fcba-offshore.com\/cs\/\">offshore podnik\u00e1n\u00ed<\/a>) je pova\u017eov\u00e1no za sou\u010d\u00e1st Evropsk\u00e9 unie, d\u00edky jeho zvl\u00e1\u0161tn\u00edmu postaven\u00ed zde v\u0161ak neplat\u00ed v\u0161echny evropsk\u00e9 z\u00e1kony. \u00a0Nap\u0159\u00edklad zde nen\u00ed zavedena v\u011bt\u0161ina finan\u010dn\u00edch na\u0159\u00edzen\u00ed.<\/p>\n<p style=\"text-align: justify;\">P\u0159\u00ednos\u016f, kter\u00e9 toto <a href=\"https:\/\/fcba-offshore.com\/cs\/offshore-jurisdikce\/\">offshore m\u00edsto<\/a> nab\u00edz\u00ed, je n\u011bkolik, ale hlavn\u00edm je nezda\u0148ov\u00e1n\u00ed va\u0161eho offshore zisku, tedy zisku z podnik\u00e1n\u00ed mimo \u00fazem\u00ed Jersey. M\u00edstn\u00edm \u00fa\u0159ad\u016fm se plat\u00ed pouze pevn\u011b stanoven\u00e9 zdan\u011bn\u00ed. Jersey v\u0161ak jako p\u0159idru\u017een\u00fd st\u00e1t Evropsk\u00e9 unie podepsal s Uni\u00ed dohodu o transparentnosti, kter\u00e1 znamen\u00e1, \u017ee pokud jste evropsk\u00fdm rezidentem, bude v\u00e1\u0161 <a href=\"https:\/\/fcba-offshore.com\/cs\/offshore-bankovni-ucet\/\">offshore bankovn\u00ed \u00fa\u010det<\/a> a <a href=\"https:\/\/fcba-offshore.com\/cs\/offshore-spolecnosti\/\">offshore spole\u010dnost<\/a> vyzrazena spr\u00e1vn\u00edm \u00fa\u0159ad\u016fm zem\u011b va\u0161eho pobytu.<\/p>\n<p style=\"text-align: justify;\">Otev\u0159en\u00ed <a href=\"https:\/\/fcba-offshore.com\/cs\/offshore-bankovni-ucet\/\">offshore bankovn\u00edho \u00fa\u010dtu<\/a> nebo z\u0159\u00edzen\u00ed <a href=\"https:\/\/fcba-offshore.com\/cs\/offshore-spolecnosti\/\">offshore spole\u010dnosti<\/a> na ostrov\u011b Jersey doporu\u010duje z d\u016fvod\u016f d\u016fv\u011brnosti <a href=\"https:\/\/fcba-offshore.com\/cs\/\">FCBA Offshore Ltd<\/a> jen neevropsk\u00fdm rezident\u016fm. Bez v\u00e1h\u00e1n\u00ed se na n\u00e1s mohou obr\u00e1tit i lid\u00e9, kte\u0159\u00ed <a href=\"https:\/\/fcba-offshore.com\/cs\/offshore-bankovni-ucet\/\">offshore bankovn\u00ed \u00fa\u010det<\/a> nebo <a href=\"https:\/\/fcba-offshore.com\/cs\/offshore-spolecnosti\/\">offshore spole\u010dnost<\/a> na ostrov\u011b Jersey ji\u017e maj\u00ed, ale cht\u011bj\u00ed z\u016fstat skryti. Porad\u00edme jim, kam se p\u0159em\u00edstit, aby byli v <a href=\"https:\/\/fcba-offshore.com\/cs\/offshore-jurisdikce\/\">offshore jurisdikci<\/a> poskytuj\u00edc\u00ed v\u011bt\u0161\u00ed d\u016fv\u011brnost.<\/p>\n<p style=\"text-align: justify;\">Otev\u0159en\u00ed <a href=\"https:\/\/fcba-offshore.com\/cs\/offshore-bankovni-ucet\/\">offshore bankovn\u00edho \u00fa\u010dtu<\/a> i\u00a0zalo\u017een\u00ed <a href=\"https:\/\/fcba-offshore.com\/cs\/offshore-spolecnosti\/\">offshore spole\u010dnosti<\/a> na ostrov\u011b Island je v\u0161ak pro n\u00e1s mo\u017en\u00e9 a r\u00e1di se s v\u00e1mi pod\u011bl\u00edme o svou s\u00ed\u0165 a partnerstv\u00ed s m\u00edstn\u00edmi bankami.<\/p>\n<p style=\"text-align: justify;\">Nakonec je t\u0159eba m\u00edt na pam\u011bti skute\u010dnost, \u017ee po\u010d\u00e1te\u010dn\u00ed vklad, kter\u00fd m\u00edstn\u00ed banky vy\u017eaduj\u00ed, m\u016f\u017ee b\u00fdt celkem vysok\u00fd a je t\u0159eba jej m\u00edt p\u0159ed za\u010d\u00e1tkem jak\u00e9hokoliv podnik\u00e1n\u00ed zde p\u0159ipraven.<\/p>\n<p style=\"text-align: justify;\">Pro jak\u00e9koliv dal\u0161\u00ed informace <a href=\"https:\/\/fcba-offshore.com\/cs\/kontakt-2\/\">nev\u00e1hejte a obra\u0165te se na \u010dleny t\u00fdmu FCBA Offshore Ltd<\/a>.<\/p>\n<p><a href=\"http:\/\/fcba-offshore.com\/wp-content\/uploads\/2014\/06\/logo-small.png\"><img loading=\"lazy\" decoding=\"async\" class=\"alignnone size-full wp-image-479\" src=\"http:\/\/fcba-offshore.com\/wp-content\/uploads\/2014\/06\/logo-small.png\" alt=\"Logo offshore small\" width=\"142\" height=\"31\" \/><\/a><\/p>\n","protected":false},"excerpt":{"rendered":"<p>&nbsp; Offshore spole\u010dnost na Jersey: &nbsp; Ostrov Jersey (neboli ofici\u00e1ln\u011b Bailiwick of Jersey) le\u017e\u00ed v kan\u00e1lu La Manche bl\u00edzko francouzsk\u00e9ho pob\u0159e\u017e\u00ed Normandie. Jersey je v\u0161ak st\u00e1le ve vlastnictv\u00ed Britsk\u00e9 koruny, a proto m\u00e1 vysoce podnikatelsky orientovan\u00e9 pr\u00e1vn\u00ed p\u0159edpisy, kter\u00e9 jsou zalo\u017eeny na anglick\u00e9m modelu.\u00a0Z\u00e1kony jsou zde mnohem flexibiln\u011bj\u0161\u00ed a modern\u011bj\u0161\u00ed ne\u017e v Evropsk\u00e9 unii, co\u017e&hellip;<\/p>\n","protected":false},"author":1,"featured_media":0,"parent":0,"menu_order":0,"comment_status":"closed","ping_status":"open","template":"","meta":{"footnotes":""},"class_list":["post-2798","page","type-page","status-publish","hentry"],"_links":{"self":[{"href":"https:\/\/fcba-offshore.com\/cs\/wp-json\/wp\/v2\/pages\/2798","targetHints":{"allow":["GET"]}}],"collection":[{"href":"https:\/\/fcba-offshore.com\/cs\/wp-json\/wp\/v2\/pages"}],"about":[{"href":"https:\/\/fcba-offshore.com\/cs\/wp-json\/wp\/v2\/types\/page"}],"author":[{"embeddable":true,"href":"https:\/\/fcba-offshore.com\/cs\/wp-json\/wp\/v2\/users\/1"}],"replies":[{"embeddable":true,"href":"https:\/\/fcba-offshore.com\/cs\/wp-json\/wp\/v2\/comments?post=2798"}],"version-history":[{"count":3,"href":"https:\/\/fcba-offshore.com\/cs\/wp-json\/wp\/v2\/pages\/2798\/revisions"}],"predecessor-version":[{"id":2969,"href":"https:\/\/fcba-offshore.com\/cs\/wp-json\/wp\/v2\/pages\/2798\/revisions\/2969"}],"wp:attachment":[{"href":"https:\/\/fcba-offshore.com\/cs\/wp-json\/wp\/v2\/media?parent=2798"}],"curies":[{"name":"wp","href":"https:\/\/api.w.org\/{rel}","templated":true}]}}