{"id":2801,"date":"2016-09-28T14:19:20","date_gmt":"2016-09-28T14:19:20","guid":{"rendered":"http:\/\/fcba-offshore.com\/?page_id=2801"},"modified":"2022-04-13T09:56:11","modified_gmt":"2022-04-13T09:56:11","slug":"kontakt-2","status":"publish","type":"page","link":"https:\/\/fcba-offshore.com\/cs\/kontakt-2\/","title":{"rendered":"Kontakt"},"content":{"rendered":"<h1>Kontakt<\/h1>\n<h5 style=\"text-align: justify;\"><strong>M\u00e1te dotaz? R\u00e1di byste se obr\u00e1tili na n\u011bkter\u00e9ho z na\u0161ich odborn\u00edk\u016f? Vypl\u0148te n\u00ed\u017ee uveden\u00fd formul\u00e1\u0159 a my se v\u00e1m ozveme a spole\u010dn\u011b najdeme offshore \u0159e\u0161en\u00ed, kter\u00e9 bude pro va\u0161i osobn\u00ed i profesn\u00ed situaci nejvhodn\u011bj\u0161\u00ed.<\/strong><\/h5>\n<p>&nbsp;<\/p>\n<table class=\"int-tbl\" cellspacing=\"0\" cellpadding=\"0\">\n<tbody>\n<tr>\n<td style=\"width: 310px;\">\n<h5>Kontaktn\u00ed formul\u00e1\u0159<\/h5>\n\n<div class=\"wpcf7 no-js\" id=\"wpcf7-f2951-o1\" lang=\"cs-CZ\" dir=\"ltr\" data-wpcf7-id=\"2951\">\n<div class=\"screen-reader-response\"><p role=\"status\" aria-live=\"polite\" aria-atomic=\"true\"><\/p> <ul><\/ul><\/div>\n<form action=\"\/cs\/wp-json\/wp\/v2\/pages\/2801#wpcf7-f2951-o1\" method=\"post\" class=\"wpcf7-form init\" aria-label=\"Kontaktn\u00ed formul\u00e1\u0159\" novalidate=\"novalidate\" data-status=\"init\">\n<div style=\"display: none;\">\n<input type=\"hidden\" name=\"_wpcf7\" value=\"2951\" \/>\n<input type=\"hidden\" name=\"_wpcf7_version\" value=\"6.0.6\" \/>\n<input type=\"hidden\" name=\"_wpcf7_locale\" value=\"cs_CZ\" \/>\n<input type=\"hidden\" name=\"_wpcf7_unit_tag\" value=\"wpcf7-f2951-o1\" \/>\n<input type=\"hidden\" name=\"_wpcf7_container_post\" value=\"0\" \/>\n<input type=\"hidden\" name=\"_wpcf7_posted_data_hash\" value=\"\" \/>\n<\/div>\n<p>Va\u0161e jm\u00e9no (vy\u017eadov\u00e1no)\n<\/p>\n<p><span class=\"wpcf7-form-control-wrap\" data-name=\"your-name\"><input size=\"40\" maxlength=\"400\" class=\"wpcf7-form-control wpcf7-text wpcf7-validates-as-required\" aria-required=\"true\" aria-invalid=\"false\" value=\"\" type=\"text\" name=\"your-name\" \/><\/span>\n<\/p>\n<p>V\u00e1\u0161 email (vy\u017eadov\u00e1no)\n<\/p>\n<p><span class=\"wpcf7-form-control-wrap\" data-name=\"your-email\"><input size=\"40\" maxlength=\"400\" class=\"wpcf7-form-control wpcf7-email wpcf7-validates-as-required wpcf7-text wpcf7-validates-as-email\" aria-required=\"true\" aria-invalid=\"false\" value=\"\" type=\"email\" name=\"your-email\" \/><\/span>\n<\/p>\n<p>P\u0159edm\u011bt\n<\/p>\n<p><span class=\"wpcf7-form-control-wrap\" data-name=\"your-subject\"><input size=\"40\" maxlength=\"400\" class=\"wpcf7-form-control wpcf7-text\" aria-invalid=\"false\" value=\"\" type=\"text\" name=\"your-subject\" \/><\/span>\n<\/p>\n<p>Va\u0161e zpr\u00e1va\n<\/p>\n<p><span class=\"wpcf7-form-control-wrap\" data-name=\"your-message\"><textarea cols=\"40\" rows=\"10\" maxlength=\"2000\" class=\"wpcf7-form-control wpcf7-textarea\" aria-invalid=\"false\" name=\"your-message\"><\/textarea><\/span>\n<\/p>\n<p><div id=\"cf7sr-69de615b87a90\" class=\"cf7sr-g-recaptcha\" data-theme=\"light\" data-type=\"image\" data-size=\"normal\" data-sitekey=\"6LerGXwUAAAAANIW-lM2lRotaaW3CHEMa0Bi8QLw\"><\/div><span class=\"wpcf7-form-control-wrap cf7sr-recaptcha\" data-name=\"cf7sr-recaptcha\"><input type=\"hidden\" name=\"cf7sr-recaptcha\" value=\"\" class=\"wpcf7-form-control\"><\/span>\n<\/p>\n<p><input class=\"wpcf7-form-control wpcf7-submit has-spinner\" type=\"submit\" value=\"Odeslat\" \/>\n<\/p><div class=\"wpcf7-response-output\" aria-hidden=\"true\"><\/div>\n<\/form>\n<\/div>\n<\/td>\n<td style=\"width: 310px; vertical-align: top; padding-top: 5px;\">\n<h5>Na\u0161e adresa<\/h5>\n<p>FCBA Ltd<br \/>\nStrelnieku iela 9<br \/>\nRiga &#8211; LV1010<br \/>\nLoty\u0161sko<\/p>\n<p>Tel: +421 902 199 624 \/ +371 27590302<\/p>\n<p>Skype:\u00a0<span style=\"color: #666666;\">fcba.offshore.sk<\/span><\/td>\n<\/tr>\n<\/tbody>\n<\/table>\n<h5 style=\"text-align: justify;\"><\/h5>\n<p><span style=\"color: #ff0000;\">Upozorn\u011bn\u00ed! Pro jistotu si zkontrolujte SPAM slo\u017eku, pokud nedostanete odpov\u011b\u010f b\u011bhem n\u011bkolika hodin.<\/span><\/p>\n","protected":false},"excerpt":{"rendered":"<p>Kontakt M\u00e1te dotaz? R\u00e1di byste se obr\u00e1tili na n\u011bkter\u00e9ho z na\u0161ich odborn\u00edk\u016f? Vypl\u0148te n\u00ed\u017ee uveden\u00fd formul\u00e1\u0159 a my se v\u00e1m ozveme a spole\u010dn\u011b najdeme offshore \u0159e\u0161en\u00ed, kter\u00e9 bude pro va\u0161i osobn\u00ed i profesn\u00ed situaci nejvhodn\u011bj\u0161\u00ed. &nbsp; Kontaktn\u00ed formul\u00e1\u0159 Na\u0161e adresa FCBA Ltd Strelnieku iela 9 Riga &#8211; LV1010 Loty\u0161sko Tel: +421 902 199 624 \/&hellip;<\/p>\n","protected":false},"author":1,"featured_media":0,"parent":0,"menu_order":0,"comment_status":"closed","ping_status":"open","template":"","meta":{"footnotes":""},"class_list":["post-2801","page","type-page","status-publish","hentry"],"_links":{"self":[{"href":"https:\/\/fcba-offshore.com\/cs\/wp-json\/wp\/v2\/pages\/2801","targetHints":{"allow":["GET"]}}],"collection":[{"href":"https:\/\/fcba-offshore.com\/cs\/wp-json\/wp\/v2\/pages"}],"about":[{"href":"https:\/\/fcba-offshore.com\/cs\/wp-json\/wp\/v2\/types\/page"}],"author":[{"embeddable":true,"href":"https:\/\/fcba-offshore.com\/cs\/wp-json\/wp\/v2\/users\/1"}],"replies":[{"embeddable":true,"href":"https:\/\/fcba-offshore.com\/cs\/wp-json\/wp\/v2\/comments?post=2801"}],"version-history":[{"count":5,"href":"https:\/\/fcba-offshore.com\/cs\/wp-json\/wp\/v2\/pages\/2801\/revisions"}],"predecessor-version":[{"id":4065,"href":"https:\/\/fcba-offshore.com\/cs\/wp-json\/wp\/v2\/pages\/2801\/revisions\/4065"}],"wp:attachment":[{"href":"https:\/\/fcba-offshore.com\/cs\/wp-json\/wp\/v2\/media?parent=2801"}],"curies":[{"name":"wp","href":"https:\/\/api.w.org\/{rel}","templated":true}]}}