{"id":2806,"date":"2016-09-28T14:49:00","date_gmt":"2016-09-28T14:49:00","guid":{"rendered":"http:\/\/fcba-offshore.com\/?page_id=2806"},"modified":"2017-01-05T13:14:11","modified_gmt":"2017-01-05T13:14:11","slug":"offshore-spolecnost-v-lotyssku","status":"publish","type":"page","link":"https:\/\/fcba-offshore.com\/cs\/offshore-spolecnost-v-lotyssku\/","title":{"rendered":"Offshore spole\u010dnost v Loty\u0161sku"},"content":{"rendered":"<h1><a href=\"http:\/\/fcba-offshore.com\/wp-content\/uploads\/2014\/06\/Lettonie.png\"><img loading=\"lazy\" decoding=\"async\" class=\"alignnone size-full wp-image-353\" src=\"http:\/\/fcba-offshore.com\/wp-content\/uploads\/2014\/06\/Lettonie.png\" alt=\"Lettonie\" width=\"80\" height=\"47\" \/><\/a> <a href=\"http:\/\/fcba-offshore.com\/wp-content\/uploads\/2014\/06\/Lettonie-Offshore.png\"><img loading=\"lazy\" decoding=\"async\" class=\"size-medium wp-image-621 alignright\" src=\"http:\/\/fcba-offshore.com\/wp-content\/uploads\/2014\/06\/Lettonie-Offshore-300x131.png\" alt=\"Lettonie Offshore\" width=\"300\" height=\"131\" srcset=\"https:\/\/fcba-offshore.com\/wp-content\/uploads\/2014\/06\/Lettonie-Offshore-300x131.png 300w, https:\/\/fcba-offshore.com\/wp-content\/uploads\/2014\/06\/Lettonie-Offshore.png 641w, https:\/\/fcba-offshore.com\/wp-content\/uploads\/2014\/06\/Lettonie-Offshore-450x196.png 450w\" sizes=\"auto, (max-width: 300px) 100vw, 300px\" \/><\/a><\/h1>\n<p>&nbsp;<\/p>\n<h1>Offshore spole\u010dnost v Loty\u0161sku:<\/h1>\n<p>&nbsp;<\/p>\n<p style=\"text-align: justify;\">D\u016fvod\u016f, pro\u010d pova\u017eovat Loty\u0161sko za zaj\u00edmav\u00fd st\u00e1t pro podnik\u00e1n\u00ed, je hodn\u011b. Prvn\u00edm z nich je, \u017ee je Loty\u0161sko \u010dlenem Evropsk\u00e9 unie, a vlastn\u00edk <a href=\"https:\/\/fcba-offshore.com\/cs\/offshore-spolecnosti\/\">offshore spole\u010dnosti<\/a> tedy nebude m\u00edt \u017e\u00e1dn\u00e9 pot\u00ed\u017ee v navazov\u00e1n\u00ed obchodn\u00edho vztahu s jinou spole\u010dnost\u00ed s\u00eddl\u00edc\u00ed v Evrop\u011b, proto\u017ee loty\u0161sk\u00e1 spole\u010dnost bude m\u00edt evropsk\u00e9 identifika\u010dn\u00ed \u010d\u00edslo pro DPH. Ve srovn\u00e1n\u00ed s t\u00edm mnoho <a href=\"https:\/\/fcba-offshore.com\/cs\/offshore-spolecnosti\/\">offshore spole\u010dnost\u00ed<\/a> registrovan\u00fdch v exoti\u010dt\u011bj\u0161\u00edch <a href=\"https:\/\/fcba-offshore.com\/cs\/offshore-jurisdikce\/\">offshore jurisdikc\u00edch<\/a> nemus\u00ed v\u017edy vyhovovat strategi\u00edm mezin\u00e1rodn\u00edch koncern\u016f. Druh\u00fdm d\u016fvodem je, \u017ee loty\u0161sk\u00e9 spole\u010dnosti m\u016f\u017ee \u0159\u00eddit nerezident a sazba dan\u011b z p\u0159\u00edjm\u016f pr\u00e1vnick\u00e9 osoby je pouh\u00fdch 15 %. Tak\u00e9 ve\u0161ker\u00e9 administrativn\u00ed povinnosti souvisej\u00edc\u00ed s \u00fadr\u017ebou spole\u010dnosti jsou zjednodu\u0161eny a ve srovn\u00e1n\u00ed se spoustou jin\u00fdch <a href=\"https:\/\/fcba-offshore.com\/cs\/offshore-jurisdikce\/\">offshore jurisdikc\u00ed<\/a> nejsou tak drah\u00e9.\u00a0Krom\u011b toho je t\u0159eba m\u00edt na pam\u011bti skute\u010dnost, \u017ee ti, kdo se stanou loty\u0161sk\u00fdmi rezidenty, budou z p\u0159\u00edjm\u016f nad 15 000 \u20ac platit pouze 22% da\u0148 z\u00a0p\u0159\u00edjm\u016f a od roku 2015 to bude pouh\u00fdch 20 %. To prokazuje ochotu loty\u0161sk\u00e9 vl\u00e1dy sni\u017eovat v\u0161echny da\u0148ov\u00e9 strategie v zemi. A kone\u010dn\u011b, minim\u00e1ln\u00ed z\u00e1kladn\u00ed kapit\u00e1l loty\u0161sk\u00e9 spole\u010dnosti je pouze 2800 \u20ac a lze jej zaplatit v obdob\u00ed prvn\u00edch t\u0159\u00ed let od vytvo\u0159en\u00ed spole\u010dnosti.<\/p>\n<p style=\"text-align: justify;\"><a href=\"https:\/\/fcba-offshore.com\/cs\/\">FCBA Offshore Ltd<\/a> sv\u00e9 klienty v otev\u0159en\u00ed <a href=\"https:\/\/fcba-offshore.com\/cs\/offshore-bankovni-ucet\/\">offshore bankovn\u00edho \u00fa\u010dtu<\/a> a z\u0159\u00edzen\u00ed <a href=\"https:\/\/fcba-offshore.com\/cs\/offshore-spolecnosti\/\">offshore spole\u010dnosti<\/a> v Loty\u0161sku v\u00fdrazn\u011b podporuje. Tato zem\u011b p\u0159in\u00e1\u0161\u00ed mnoho v\u00fdhod a kvalita slu\u017eeb finan\u010dn\u00edho sektoru je jednou z nejlep\u0161\u00edch v Evrop\u011b. D\u016fv\u011brnost je tak\u00e9 vysok\u00e1 (bankovn\u00ed tajemstv\u00ed v\u016f\u010di Evropsk\u00e9 unii bylo p\u0159ed n\u011bkolika lety zaru\u010deno) a d\u00edky n\u00edzk\u00fdm administrativn\u00edm a spr\u00e1vn\u00edm n\u00e1klad\u016fm spole\u010dnosti je Loty\u0161sko nejp\u0159\u00edv\u011btiv\u011bj\u0161\u00ed evropskou <a href=\"https:\/\/fcba-offshore.com\/cs\/offshore-jurisdikce\/\">offshore destinac\u00ed<\/a> s nejvy\u0161\u0161\u00ed kvalitou.<\/p>\n<p style=\"text-align: justify;\">Nakonec je t\u0159eba m\u00edt na pam\u011bti skute\u010dnost, \u017ee po\u010d\u00e1te\u010dn\u00ed vklad, kter\u00fd m\u00edstn\u00ed banky vy\u017eaduj\u00ed, je n\u00edzk\u00fd, a proto by v\u00e1s od otev\u0159en\u00ed <a href=\"https:\/\/fcba-offshore.com\/cs\/offshore-bankovni-ucet\/\">offshore bankovn\u00edho \u00fa\u010dtu<\/a> nem\u011bl nikterak odradit.<\/p>\n<p style=\"text-align: justify;\">Pro jak\u00e9koliv dal\u0161\u00ed informace <a href=\"https:\/\/fcba-offshore.com\/cs\/kontakt-2\/\">nev\u00e1hejte a obra\u0165te se na \u010dleny t\u00fdmu FCBA Offshore Ltd<\/a>.<\/p>\n<p><a href=\"http:\/\/fcba-offshore.com\/wp-content\/uploads\/2014\/06\/logo-small.png\"><img loading=\"lazy\" decoding=\"async\" class=\"alignnone size-full wp-image-479\" src=\"http:\/\/fcba-offshore.com\/wp-content\/uploads\/2014\/06\/logo-small.png\" alt=\"Logo offshore small\" width=\"142\" height=\"31\" \/><\/a><\/p>\n","protected":false},"excerpt":{"rendered":"<p>&nbsp; Offshore spole\u010dnost v Loty\u0161sku: &nbsp; D\u016fvod\u016f, pro\u010d pova\u017eovat Loty\u0161sko za zaj\u00edmav\u00fd st\u00e1t pro podnik\u00e1n\u00ed, je hodn\u011b. Prvn\u00edm z nich je, \u017ee je Loty\u0161sko \u010dlenem Evropsk\u00e9 unie, a vlastn\u00edk offshore spole\u010dnosti tedy nebude m\u00edt \u017e\u00e1dn\u00e9 pot\u00ed\u017ee v navazov\u00e1n\u00ed obchodn\u00edho vztahu s jinou spole\u010dnost\u00ed s\u00eddl\u00edc\u00ed v Evrop\u011b, proto\u017ee loty\u0161sk\u00e1 spole\u010dnost bude m\u00edt evropsk\u00e9 identifika\u010dn\u00ed \u010d\u00edslo pro&hellip;<\/p>\n","protected":false},"author":1,"featured_media":0,"parent":0,"menu_order":0,"comment_status":"closed","ping_status":"open","template":"","meta":{"footnotes":""},"class_list":["post-2806","page","type-page","status-publish","hentry"],"_links":{"self":[{"href":"https:\/\/fcba-offshore.com\/cs\/wp-json\/wp\/v2\/pages\/2806","targetHints":{"allow":["GET"]}}],"collection":[{"href":"https:\/\/fcba-offshore.com\/cs\/wp-json\/wp\/v2\/pages"}],"about":[{"href":"https:\/\/fcba-offshore.com\/cs\/wp-json\/wp\/v2\/types\/page"}],"author":[{"embeddable":true,"href":"https:\/\/fcba-offshore.com\/cs\/wp-json\/wp\/v2\/users\/1"}],"replies":[{"embeddable":true,"href":"https:\/\/fcba-offshore.com\/cs\/wp-json\/wp\/v2\/comments?post=2806"}],"version-history":[{"count":4,"href":"https:\/\/fcba-offshore.com\/cs\/wp-json\/wp\/v2\/pages\/2806\/revisions"}],"predecessor-version":[{"id":3240,"href":"https:\/\/fcba-offshore.com\/cs\/wp-json\/wp\/v2\/pages\/2806\/revisions\/3240"}],"wp:attachment":[{"href":"https:\/\/fcba-offshore.com\/cs\/wp-json\/wp\/v2\/media?parent=2806"}],"curies":[{"name":"wp","href":"https:\/\/api.w.org\/{rel}","templated":true}]}}