{"id":2808,"date":"2016-09-28T14:52:41","date_gmt":"2016-09-28T14:52:41","guid":{"rendered":"http:\/\/fcba-offshore.com\/?page_id=2808"},"modified":"2016-10-04T16:03:20","modified_gmt":"2016-10-04T16:03:20","slug":"offshore-spolecnost-v-lichtenstejnsku","status":"publish","type":"page","link":"https:\/\/fcba-offshore.com\/cs\/offshore-spolecnost-v-lichtenstejnsku\/","title":{"rendered":"Offshore spole\u010dnost v Lichten\u0161tejnsku"},"content":{"rendered":"<h1><a href=\"http:\/\/fcba-offshore.com\/wp-content\/uploads\/2014\/06\/Liechtenstein.png\"><img loading=\"lazy\" decoding=\"async\" class=\"alignnone size-full wp-image-342\" src=\"http:\/\/fcba-offshore.com\/wp-content\/uploads\/2014\/06\/Liechtenstein.png\" alt=\"Liechtenstein\" width=\"80\" height=\"40\" \/><\/a> <a href=\"http:\/\/fcba-offshore.com\/wp-content\/uploads\/2014\/06\/Liechtenstein-Offshore.png\"><img loading=\"lazy\" decoding=\"async\" class=\"size-medium wp-image-624 alignright\" src=\"http:\/\/fcba-offshore.com\/wp-content\/uploads\/2014\/06\/Liechtenstein-Offshore-300x131.png\" alt=\"Liechtenstein Offshore\" width=\"300\" height=\"131\" srcset=\"https:\/\/fcba-offshore.com\/wp-content\/uploads\/2014\/06\/Liechtenstein-Offshore-300x131.png 300w, https:\/\/fcba-offshore.com\/wp-content\/uploads\/2014\/06\/Liechtenstein-Offshore.png 641w, https:\/\/fcba-offshore.com\/wp-content\/uploads\/2014\/06\/Liechtenstein-Offshore-450x196.png 450w\" sizes=\"auto, (max-width: 300px) 100vw, 300px\" \/><\/a><\/h1>\n<p>&nbsp;<\/p>\n<h1>Offshore spole\u010dnost v Lichten\u0161tejnsku:<\/h1>\n<p>&nbsp;<\/p>\n<p style=\"text-align: justify;\">Lichten\u0161tejnsk\u00e9 kn\u00ed\u017eectv\u00ed je mal\u00e1 zem\u011b v Alp\u00e1ch mezi Rakouskem a \u0160v\u00fdcarskem. Tento st\u00e1t je jednou z nejmen\u0161\u00edch zem\u00ed na sv\u011bt\u011b a zav\u00e1zala se rozv\u00edjet sv\u016fj finan\u010dn\u00ed sektor, aby z\u00edskala mezin\u00e1rodn\u011b uzn\u00e1vanou pozici a byla schopn\u00e1 p\u0159il\u00e1kat zahrani\u010dn\u00ed investory. Tak se Lichten\u0161tejnsko stalo \u00fasp\u011b\u0161nou <a href=\"https:\/\/fcba-offshore.com\/cs\/offshore-jurisdikce\/\">offshore destinac\u00ed<\/a>, kde m\u00e1 spousta mezin\u00e1rodn\u00edch spole\u010dnost\u00ed pobo\u010dku a vyu\u017e\u00edv\u00e1 jej\u00ed da\u0148ov\u011b p\u0159\u00edv\u011btiv\u00e9 postupy. Najdeme zde nap\u0159\u00edklad v\u00edce registrovan\u00fdch spole\u010dnost\u00ed ne\u017e pracuj\u00edc\u00edch lid\u00ed&#8230;<\/p>\n<p style=\"text-align: justify;\">Existuje n\u011bkolik d\u016fvod\u016f, pro\u010d si otev\u0159\u00edt <a href=\"https:\/\/fcba-offshore.com\/cs\/offshore-bankovni-ucet\/\">offshore bankovn\u00ed \u00fa\u010det<\/a> nebo z\u0159\u00eddit <a href=\"https:\/\/fcba-offshore.com\/cs\/offshore-spolecnosti\/\">offshore spole\u010dnost<\/a> v Lichten\u0161tejnsku. Prvn\u00edm z nich je, \u017ee OECD u\u017e nem\u00e1 Lichten\u0161tejnsko na seznamu da\u0148ov\u00fdch r\u00e1j\u016f, tak\u017ee je nyn\u00ed velmi snadn\u00e9 a vhodn\u00e9 vyu\u017e\u00edvat <a href=\"https:\/\/fcba-offshore.com\/cs\/offshore-spolecnosti\/\">offshore spole\u010dnost<\/a> v t\u00e9to zemi po cel\u00e9m sv\u011bt\u011b. Krom\u011b toho je jedn\u00edm z nejv\u011bt\u0161\u00edch p\u0159\u00ednos\u016f tohoto <a href=\"https:\/\/fcba-offshore.com\/cs\/offshore-jurisdikce\/\">offshore m\u00edsta<\/a> velmi n\u00edzk\u00e1 sazba dan\u011b z p\u0159\u00edjm\u016f pr\u00e1vnick\u00fdch osob. Lze ji p\u0159\u00edmo vyjednat s m\u00edstn\u00edmi da\u0148ov\u00fdmi \u00fa\u0159ady a v ka\u017ed\u00e9m p\u0159\u00edpad\u011b nep\u0159ekro\u010d\u00ed 18 %. Tento syst\u00e9m je zalo\u017een na \u0161v\u00fdcarsk\u00e9m syst\u00e9mu. V\u0161echny velk\u00e9 mezin\u00e1rodn\u00ed banky maj\u00ed nav\u00edc v tomto kn\u00ed\u017eectv\u00ed pobo\u010dku a nab\u00edz\u00ed zde exkluzivn\u00ed a vysoce \u00fa\u010dinn\u00e9 finan\u010dn\u00ed produkty a slu\u017eby pro velmi m\u00e1lo lid\u00ed.<\/p>\n<p style=\"text-align: justify;\">Otev\u0159en\u00ed <a href=\"https:\/\/fcba-offshore.com\/cs\/offshore-bankovni-ucet\/\">offshore bankovn\u00edho \u00fa\u010dtu<\/a> nebo z\u0159\u00edzen\u00ed <a href=\"https:\/\/fcba-offshore.com\/cs\/offshore-spolecnosti\/\">offshore spole\u010dnosti<\/a> v Lichten\u0161tejnsku doporu\u010duje <a href=\"https:\/\/fcba-offshore.com\/cs\/\">FCBA Offshore Ltd<\/a> sv\u00fdm klient\u016fm, pouze pokud maj\u00ed velk\u00fd objem pen\u011bz, kter\u00fd zde mohou investovat.<\/p>\n<p style=\"text-align: justify;\">Otev\u0159en\u00ed <a href=\"https:\/\/fcba-offshore.com\/cs\/offshore-bankovni-ucet\/\">offshore bankovn\u00edho \u00fa\u010dtu<\/a> nebo z\u0159\u00edzen\u00ed <a href=\"https:\/\/fcba-offshore.com\/cs\/offshore-spolecnosti\/\">offshore spole\u010dnosti<\/a> v Lichten\u0161tejnsku v\u0161ak nen\u00ed tak snadn\u00e9, ale d\u00edky na\u0161im zku\u0161enostem, s\u00edti a partnerstv\u00ed s m\u00edstn\u00edmi bankami v\u00e1m dok\u00e1\u017eeme pomoci, av\u0161ak pouze pokud je v\u00e1\u0161 profil v souladu s touto jurisdikc\u00ed.<\/p>\n<p style=\"text-align: justify;\">Je t\u0159eba upozornit, \u017ee z\u00e1kladn\u00ed vklad vy\u017eadovan\u00fd bankami je pom\u011brn\u011b vysok\u00fd, co\u017e v\u00e1m m\u016f\u017ee v otev\u0159en\u00ed <a href=\"https:\/\/fcba-offshore.com\/cs\/offshore-bankovni-ucet\/\">offshore bankovn\u00edho \u00fa\u010dtu<\/a> a v jednoduch\u00e9m a rychl\u00e9m rozb\u011bhu podnik\u00e1n\u00ed zabr\u00e1nit.<\/p>\n<p style=\"text-align: justify;\">Pro jak\u00e9koliv dal\u0161\u00ed informace <a href=\"https:\/\/fcba-offshore.com\/cs\/kontakt-2\/\">nev\u00e1hejte a obra\u0165te se na \u010dleny t\u00fdmu FCBA Offshore Ltd.<\/a><\/p>\n<p><a href=\"http:\/\/fcba-offshore.com\/wp-content\/uploads\/2014\/06\/logo-small.png\"><img loading=\"lazy\" decoding=\"async\" class=\"alignnone size-full wp-image-479\" src=\"http:\/\/fcba-offshore.com\/wp-content\/uploads\/2014\/06\/logo-small.png\" alt=\"Logo offshore small\" width=\"142\" height=\"31\" \/><\/a><\/p>\n","protected":false},"excerpt":{"rendered":"<p>&nbsp; Offshore spole\u010dnost v Lichten\u0161tejnsku: &nbsp; Lichten\u0161tejnsk\u00e9 kn\u00ed\u017eectv\u00ed je mal\u00e1 zem\u011b v Alp\u00e1ch mezi Rakouskem a \u0160v\u00fdcarskem. Tento st\u00e1t je jednou z nejmen\u0161\u00edch zem\u00ed na sv\u011bt\u011b a zav\u00e1zala se rozv\u00edjet sv\u016fj finan\u010dn\u00ed sektor, aby z\u00edskala mezin\u00e1rodn\u011b uzn\u00e1vanou pozici a byla schopn\u00e1 p\u0159il\u00e1kat zahrani\u010dn\u00ed investory. Tak se Lichten\u0161tejnsko stalo \u00fasp\u011b\u0161nou offshore destinac\u00ed, kde m\u00e1 spousta mezin\u00e1rodn\u00edch&hellip;<\/p>\n","protected":false},"author":1,"featured_media":0,"parent":0,"menu_order":0,"comment_status":"closed","ping_status":"open","template":"","meta":{"footnotes":""},"class_list":["post-2808","page","type-page","status-publish","hentry"],"_links":{"self":[{"href":"https:\/\/fcba-offshore.com\/cs\/wp-json\/wp\/v2\/pages\/2808","targetHints":{"allow":["GET"]}}],"collection":[{"href":"https:\/\/fcba-offshore.com\/cs\/wp-json\/wp\/v2\/pages"}],"about":[{"href":"https:\/\/fcba-offshore.com\/cs\/wp-json\/wp\/v2\/types\/page"}],"author":[{"embeddable":true,"href":"https:\/\/fcba-offshore.com\/cs\/wp-json\/wp\/v2\/users\/1"}],"replies":[{"embeddable":true,"href":"https:\/\/fcba-offshore.com\/cs\/wp-json\/wp\/v2\/comments?post=2808"}],"version-history":[{"count":3,"href":"https:\/\/fcba-offshore.com\/cs\/wp-json\/wp\/v2\/pages\/2808\/revisions"}],"predecessor-version":[{"id":2991,"href":"https:\/\/fcba-offshore.com\/cs\/wp-json\/wp\/v2\/pages\/2808\/revisions\/2991"}],"wp:attachment":[{"href":"https:\/\/fcba-offshore.com\/cs\/wp-json\/wp\/v2\/media?parent=2808"}],"curies":[{"name":"wp","href":"https:\/\/api.w.org\/{rel}","templated":true}]}}