{"id":2810,"date":"2016-09-28T14:54:12","date_gmt":"2016-09-28T14:54:12","guid":{"rendered":"http:\/\/fcba-offshore.com\/?page_id=2810"},"modified":"2016-10-10T13:17:22","modified_gmt":"2016-10-10T13:17:22","slug":"offshore-spolecnost-v-lucembursku","status":"publish","type":"page","link":"https:\/\/fcba-offshore.com\/cs\/offshore-spolecnost-v-lucembursku\/","title":{"rendered":"Offshore spole\u010dnost v Lucembursku"},"content":{"rendered":"<h1><a href=\"http:\/\/fcba-offshore.com\/wp-content\/uploads\/2014\/06\/Luxembourg.png\"><img loading=\"lazy\" decoding=\"async\" class=\"alignnone size-full wp-image-354\" src=\"http:\/\/fcba-offshore.com\/wp-content\/uploads\/2014\/06\/Luxembourg.png\" alt=\"Luxembourg\" width=\"78\" height=\"52\" \/><\/a> <a href=\"http:\/\/fcba-offshore.com\/wp-content\/uploads\/2014\/06\/Luxembourg-Offshore.png\"><img loading=\"lazy\" decoding=\"async\" class=\"size-medium wp-image-628 alignright\" src=\"http:\/\/fcba-offshore.com\/wp-content\/uploads\/2014\/06\/Luxembourg-Offshore-300x131.png\" alt=\"Luxembourg Offshore\" width=\"300\" height=\"131\" srcset=\"https:\/\/fcba-offshore.com\/wp-content\/uploads\/2014\/06\/Luxembourg-Offshore-300x131.png 300w, https:\/\/fcba-offshore.com\/wp-content\/uploads\/2014\/06\/Luxembourg-Offshore.png 641w, https:\/\/fcba-offshore.com\/wp-content\/uploads\/2014\/06\/Luxembourg-Offshore-450x196.png 450w\" sizes=\"auto, (max-width: 300px) 100vw, 300px\" \/><\/a><\/h1>\n<p>&nbsp;<\/p>\n<h1>Offshore spole\u010dnost v Lucembursku:<\/h1>\n<p>&nbsp;<\/p>\n<p style=\"text-align: justify;\">Velkov\u00e9vodstv\u00ed lucembursk\u00e9 le\u017e\u00ed mezi N\u011bmeckem, Franci\u00ed a Belgi\u00ed a od zalo\u017een\u00ed Evropsk\u00e9 unie v roce 1957 je jej\u00ed sou\u010d\u00e1st\u00ed. Tento st\u00e1te\u010dek si v\u017edy dok\u00e1zal za\u0159\u00eddit, aby hospod\u00e1\u0159sk\u00e9 odv\u011btv\u00ed slu\u017eeb, zvl\u00e1\u0161t\u011b pak jeho finan\u010dn\u00ed \u010d\u00e1st, vzkv\u00e9talo. Lucembursko lze toti\u017e pova\u017eovat za <a href=\"https:\/\/fcba-offshore.com\/cs\/offshore-spolecnosti\/\">offshore m\u00edsto<\/a>, proto\u017ee v\u0161echny <a href=\"https:\/\/fcba-offshore.com\/cs\/offshore-bankovni-ucet\/\">offshore bankovn\u00ed \u00fa\u010dty<\/a> (osobn\u00ed i podnikatelsk\u00e9), kter\u00e9 jsou zde otev\u0159en\u00e9, t\u011b\u017e\u00ed z pevn\u00e9ho bankovn\u00edho tajemstv\u00ed pro neevropsk\u00e9 rezidenty.<\/p>\n<p style=\"text-align: justify;\">Exkluzivita a rozmanitost slu\u017eeb, kter\u00e9 jsou zde k dispozici, i politick\u00e1 a ekonomick\u00e1 stabilita t\u00e9to <a href=\"https:\/\/fcba-offshore.com\/cs\/offshore-jurisdikce\/\">offshore jurisdikce<\/a> nav\u00edc proslavily toto m\u00edsto po cel\u00e9m sv\u011bt\u011b. O Lucembursku prohla\u0161ujeme, \u017ee je jednou z nejbezpe\u010dn\u011bj\u0161\u00edch mezin\u00e1rodn\u00edch <a href=\"https:\/\/fcba-offshore.com\/cs\/offshore-jurisdikce\/\">offshore destinac\u00ed<\/a>, co\u017e je d\u016fvod, pro\u010d si zde jednotlivci nebo spole\u010dnosti cht\u011bj\u00ed otev\u00edrat <a href=\"https:\/\/fcba-offshore.com\/cs\/offshore-bankovni-ucet\/\">offshore bankovn\u00ed \u00fa\u010det<\/a> nebo registrovat <a href=\"https:\/\/fcba-offshore.com\/cs\/offshore-spolecnosti\/\">offshore spole\u010dnost<\/a>. Z\u0159\u00edzen\u00ed <a href=\"https:\/\/fcba-offshore.com\/cs\/offshore-spolecnosti\/\">offshore spole\u010dnosti<\/a> v Lucembursku nen\u00ed nijak zvl\u00e1\u0161t\u011b zaj\u00edmav\u00e9, co se t\u00fd\u010de zda\u0148ov\u00e1n\u00ed, proto\u017ee ofici\u00e1ln\u00ed sazba dan\u011b z p\u0159\u00edjm\u016f pr\u00e1vnick\u00fdch osob je 29 %. Zato je zde celkem snadn\u00e9 sn\u00ed\u017eit zdaniteln\u00fd p\u0159\u00edjem na minimum t\u00edm, \u017ee se ode\u010dtou ve\u0161ker\u00e9 provozn\u00ed n\u00e1klady v\u00edce \u010di m\u00e9n\u011b souvisej\u00edc\u00ed s podnik\u00e1n\u00edm. Da\u0148ov\u00e9 \u00fa\u0159ady Lucemburska jsou celkem tolerantn\u00ed, co\u017e tuto <a href=\"https:\/\/fcba-offshore.com\/cs\/offshore-jurisdikce\/\">offshore jurisdikci<\/a> je\u0161t\u011b zv\u00fdhod\u0148uje.<\/p>\n<p style=\"text-align: justify;\">Otev\u0159en\u00ed <a href=\"https:\/\/fcba-offshore.com\/cs\/offshore-bankovni-ucet\/\">offshore bankovn\u00edho \u00fa\u010dtu<\/a> v Lucembursku <a href=\"https:\/\/fcba-offshore.com\/cs\/\">FCBA Offshore Ltd<\/a> sv\u00fdm bohat\u00fdm klient\u016fm doporu\u010duje. Ale pokud jde o z\u0159\u00edzen\u00ed <a href=\"https:\/\/fcba-offshore.com\/cs\/offshore-spolecnosti\/\">offshore spole\u010dnosti<\/a>, rad\u011bji nab\u00edz\u00edme jin\u00e9 <a href=\"https:\/\/fcba-offshore.com\/cs\/offshore-jurisdikce\/\">jurisdikce<\/a>, i kdy\u017e ka\u017ed\u00e1 situace je jin\u00e1. Jednotliv\u00e9 p\u0159\u00edpady je t\u0159eba osobn\u011b prostudovat spolu s\u00a0odborn\u00edky <a href=\"https:\/\/fcba-offshore.com\/cs\/\">FCBA Offshore<\/a> a je mo\u017en\u00e9, \u017ee dojde k lucembursk\u00e9mu \u0159e\u0161en\u00ed.<\/p>\n<p style=\"text-align: justify;\">Otev\u0159en\u00ed <a href=\"https:\/\/fcba-offshore.com\/cs\/offshore-bankovni-ucet\/\">offshore bankovn\u00edho \u00fa\u010dtu<\/a> nebo z\u0159\u00edzen\u00ed <a href=\"https:\/\/fcba-offshore.com\/cs\/offshore-spolecnosti\/\">offshore spole\u010dnosti<\/a> v Lucembursku v\u0161ak nen\u00ed tak snadn\u00e9, ale d\u00edky na\u0161im zku\u0161enostem, s\u00edti a partnerstv\u00ed s m\u00edstn\u00edmi bankami v\u00e1m dok\u00e1\u017eeme pomoci, av\u0161ak pouze pokud je v\u00e1\u0161 profil v souladu s touto jurisdikc\u00ed.<\/p>\n<p style=\"text-align: justify;\">Je t\u0159eba upozornit, \u017ee z\u00e1kladn\u00ed vklad vy\u017eadovan\u00fd bankami je pom\u011brn\u011b vysok\u00fd, co\u017e v\u00e1m m\u016f\u017ee v otev\u0159en\u00ed <a href=\"https:\/\/fcba-offshore.com\/cs\/offshore-bankovni-ucet\/\">offshore bankovn\u00edho \u00fa\u010dtu<\/a> a v jednoduch\u00e9m a rychl\u00e9m rozb\u011bhu podnik\u00e1n\u00ed zabr\u00e1nit.<\/p>\n<p style=\"text-align: justify;\">Pro jak\u00e9koliv dal\u0161\u00ed informace <a href=\"https:\/\/fcba-offshore.com\/cs\/kontakt-2\/\">nev\u00e1hejte a obra\u0165te se na \u010dleny t\u00fdmu FCBA Offshore Ltd<\/a>.<\/p>\n<p><a href=\"http:\/\/fcba-offshore.com\/wp-content\/uploads\/2014\/06\/logo-small.png\"><img loading=\"lazy\" decoding=\"async\" class=\"alignnone size-full wp-image-479\" src=\"http:\/\/fcba-offshore.com\/wp-content\/uploads\/2014\/06\/logo-small.png\" alt=\"Logo offshore small\" width=\"142\" height=\"31\" \/><\/a><\/p>\n","protected":false},"excerpt":{"rendered":"<p>&nbsp; Offshore spole\u010dnost v Lucembursku: &nbsp; Velkov\u00e9vodstv\u00ed lucembursk\u00e9 le\u017e\u00ed mezi N\u011bmeckem, Franci\u00ed a Belgi\u00ed a od zalo\u017een\u00ed Evropsk\u00e9 unie v roce 1957 je jej\u00ed sou\u010d\u00e1st\u00ed. Tento st\u00e1te\u010dek si v\u017edy dok\u00e1zal za\u0159\u00eddit, aby hospod\u00e1\u0159sk\u00e9 odv\u011btv\u00ed slu\u017eeb, zvl\u00e1\u0161t\u011b pak jeho finan\u010dn\u00ed \u010d\u00e1st, vzkv\u00e9talo. Lucembursko lze toti\u017e pova\u017eovat za offshore m\u00edsto, proto\u017ee v\u0161echny offshore bankovn\u00ed \u00fa\u010dty (osobn\u00ed i&hellip;<\/p>\n","protected":false},"author":1,"featured_media":0,"parent":0,"menu_order":0,"comment_status":"closed","ping_status":"open","template":"","meta":{"footnotes":""},"class_list":["post-2810","page","type-page","status-publish","hentry"],"_links":{"self":[{"href":"https:\/\/fcba-offshore.com\/cs\/wp-json\/wp\/v2\/pages\/2810","targetHints":{"allow":["GET"]}}],"collection":[{"href":"https:\/\/fcba-offshore.com\/cs\/wp-json\/wp\/v2\/pages"}],"about":[{"href":"https:\/\/fcba-offshore.com\/cs\/wp-json\/wp\/v2\/types\/page"}],"author":[{"embeddable":true,"href":"https:\/\/fcba-offshore.com\/cs\/wp-json\/wp\/v2\/users\/1"}],"replies":[{"embeddable":true,"href":"https:\/\/fcba-offshore.com\/cs\/wp-json\/wp\/v2\/comments?post=2810"}],"version-history":[{"count":3,"href":"https:\/\/fcba-offshore.com\/cs\/wp-json\/wp\/v2\/pages\/2810\/revisions"}],"predecessor-version":[{"id":3005,"href":"https:\/\/fcba-offshore.com\/cs\/wp-json\/wp\/v2\/pages\/2810\/revisions\/3005"}],"wp:attachment":[{"href":"https:\/\/fcba-offshore.com\/cs\/wp-json\/wp\/v2\/media?parent=2810"}],"curies":[{"name":"wp","href":"https:\/\/api.w.org\/{rel}","templated":true}]}}