{"id":2812,"date":"2016-09-28T14:57:31","date_gmt":"2016-09-28T14:57:31","guid":{"rendered":"http:\/\/fcba-offshore.com\/?page_id=2812"},"modified":"2016-10-04T14:36:14","modified_gmt":"2016-10-04T14:36:14","slug":"offshore-spolecnost-na-malte","status":"publish","type":"page","link":"https:\/\/fcba-offshore.com\/cs\/offshore-spolecnost-na-malte\/","title":{"rendered":"Offshore spole\u010dnost na Malt\u011b"},"content":{"rendered":"<h1><a href=\"http:\/\/fcba-offshore.com\/wp-content\/uploads\/2014\/06\/Malte.png\"><img loading=\"lazy\" decoding=\"async\" class=\"alignnone size-full wp-image-355\" src=\"http:\/\/fcba-offshore.com\/wp-content\/uploads\/2014\/06\/Malte.png\" alt=\"Malte\" width=\"83\" height=\"46\" \/><\/a> <a href=\"http:\/\/fcba-offshore.com\/wp-content\/uploads\/2014\/06\/Malte-Offshore.png\"><img loading=\"lazy\" decoding=\"async\" class=\"size-medium wp-image-631 alignright\" src=\"http:\/\/fcba-offshore.com\/wp-content\/uploads\/2014\/06\/Malte-Offshore-300x131.png\" alt=\"Malte Offshore\" width=\"300\" height=\"131\" srcset=\"https:\/\/fcba-offshore.com\/wp-content\/uploads\/2014\/06\/Malte-Offshore-300x131.png 300w, https:\/\/fcba-offshore.com\/wp-content\/uploads\/2014\/06\/Malte-Offshore.png 641w, https:\/\/fcba-offshore.com\/wp-content\/uploads\/2014\/06\/Malte-Offshore-450x196.png 450w\" sizes=\"auto, (max-width: 300px) 100vw, 300px\" \/><\/a><\/h1>\n<p>&nbsp;<\/p>\n<h1>Offshore spole\u010dnost na Malt\u011b:<\/h1>\n<p style=\"text-align: justify;\">Ostrov Malta le\u017e\u00ed ve St\u0159edozemn\u00edm mo\u0159i vedle Sic\u00edlie. Je to nejmen\u0161\u00ed st\u00e1t ze v\u0161ech \u010dlen\u016f Evropsk\u00e9 unie. D\u00edky jeho p\u0159\u00edsn\u00e9mu a konzervativn\u00edmu bankovn\u00edmu syst\u00e9mu je jednou z t\u011bch zaj\u00edmav\u011bj\u0161\u00edch <a href=\"https:\/\/fcba-offshore.com\/cs\/offshore-jurisdikce\/\">offshore destinac\u00ed<\/a>. Malta nav\u00edc b\u00fdvala pod britskou nadvl\u00e1dou, a m\u00e1 tud\u00ed\u017e velmi podnikatelsky orientovan\u00e9 pr\u00e1vn\u00ed p\u0159edpisy, kter\u00e9 jsou zalo\u017eeny na anglick\u00e9m modelu.\u00a0Z\u00e1kony jsou zde mnohem flexibiln\u011bj\u0161\u00ed a modern\u011bj\u0161\u00ed ne\u017e v Evropsk\u00e9 unii, co\u017e je velmi siln\u00fdm l\u00e1kadlem, kter\u00e9 spoustu zahrani\u010dn\u00edch investor\u016f motivuje k p\u0159est\u011bhov\u00e1n\u00ed jejich podnik\u00e1n\u00ed do t\u00e9to <a href=\"https:\/\/fcba-offshore.com\/cs\/offshore-jurisdikce\/\">jurisdikce<\/a>.<\/p>\n<p style=\"text-align: justify;\">Pokud uva\u017eujeme o Malt\u011b jako o offshore volb\u011b k otev\u0159en\u00ed <a href=\"https:\/\/fcba-offshore.com\/cs\/offshore-bankovni-ucet\/\">offshore bankovn\u00edho \u00fa\u010dtu<\/a> nebo ke z\u0159\u00edzen\u00ed <a href=\"https:\/\/fcba-offshore.com\/cs\/offshore-spolecnosti\/\">offshore spole\u010dnosti<\/a>, je t\u0159eba vz\u00edt v \u00favahu n\u011bkolik r\u016fzn\u00fdch aspekt\u016f. Prvn\u00edm z nich je, \u017ee z\u00e1kladn\u00ed kapit\u00e1l, kter\u00fd maltsk\u00e9 \u00fa\u0159ady po\u017eaduj\u00ed, je velmi n\u00edzk\u00fd. I 5% sazba dan\u011b z p\u0159\u00edjm\u016f pr\u00e1vnick\u00fdch osob je jednou z nejni\u017e\u0161\u00edch v Evropsk\u00e9 unii. Toto je v\u0161ak podm\u00edn\u011bno skute\u010dnost\u00ed, \u017ee nedostanete \u017e\u00e1dn\u00fd plat (nebo dividendu) b\u011bhem fisk\u00e1ln\u00edho roku, ale a\u017e na konci roku. Malta jako \u010dlen Evropsk\u00e9 unie v\u00e1m tak\u00e9 umo\u017en\u00ed vytvo\u0159it si siln\u00e9 ekonomick\u00e9 vazby se sv\u00fdmi obchodn\u00edmi partnery d\u00edky tomu, \u017ee budete m\u00edt evropsk\u00e9 identifika\u010dn\u00ed \u010d\u00edslo pro DPH. Pokud jde o <a href=\"https:\/\/fcba-offshore.com\/cs\/offshore-bankovni-ucet\/\">offshore bankovn\u00ed \u00fa\u010det<\/a>, je Malta se svou d\u016fv\u011brnost\u00ed a diskr\u00e9tnost\u00ed zaj\u00edmav\u00e1 pouze pro rezidenty mimo Evropskou unii, proto\u017ee s \u00fa\u0159ady jin\u00fdch \u010dlensk\u00fdch st\u00e1t\u016f komunikuje. Na ostrov\u011b maj\u00ed pobo\u010dku v\u0161echny v\u011bt\u0161\u00ed mezin\u00e1rodn\u00ed banky.<\/p>\n<p style=\"text-align: justify;\">Sv\u00fdm klient\u016fm, kte\u0159\u00ed si zde cht\u011bj\u00ed z\u0159\u00eddit <a href=\"https:\/\/fcba-offshore.com\/cs\/offshore-spolecnosti\/\">offshore spole\u010dnost<\/a>, <a href=\"https:\/\/fcba-offshore.com\/cs\/\">FCBA Offshore Ltd<\/a> d\u016frazn\u011b doporu\u010duje pova\u017eovat tuto jurisdikci za velice zaj\u00edmavou pro jej\u00ed ultra-konkurenceschopn\u00e9 da\u0148ov\u00e9 v\u00fdhody. Krom\u011b toho budete moci prost\u0159ednictv\u00edm maltsk\u00e9 <a href=\"https:\/\/fcba-offshore.com\/cs\/offshore-spolecnosti\/\">offshore spole\u010dnosti<\/a> fakturovat jak\u00e9koliv evropsk\u00e9 spole\u010dnosti, kter\u00e1 nikdy nebude va\u0161i spole\u010dnost pova\u017eovat za exotickou. Je tak\u00e9 dobr\u00e9 poznamenat, \u017ee nen\u00ed \u017e\u00e1dn\u00fd minim\u00e1ln\u00ed z\u00e1kladn\u00ed kapit\u00e1l, kter\u00fd maltsk\u00e9 \u00fa\u0159ady po\u017eaduj\u00ed. N\u011bco v\u00e1s budou st\u00e1t pouze striktn\u00ed \u00fa\u010detn\u00ed po\u017eadavky. Pokud jde o\u00a0<a href=\"https:\/\/fcba-offshore.com\/cs\/offshore-bankovni-ucet\/\">offshore bankovn\u00ed \u00fa\u010dty<\/a>, tuto jurisdikci doporu\u010dujeme pouze klient\u016fm, kte\u0159\u00ed jsou rezidenty mimo Evropskou unii. Nakonec je t\u0159eba m\u00edt na pam\u011bti, \u017ee pokud do t\u00e9to ostrovn\u00ed ekonomiky investujete p\u0159es 650 000 \u20ac, budete moci z\u00edskat maltsk\u00fd pas, co\u017e v\u00e1m umo\u017en\u00ed bezprobl\u00e9mov\u00e9 cestov\u00e1n\u00ed po cel\u00e9 Evrop\u011b.<\/p>\n<p style=\"text-align: justify;\">Otev\u0159en\u00ed <a href=\"https:\/\/fcba-offshore.com\/cs\/offshore-bankovni-ucet\/\">offshore bankovn\u00edho \u00fa\u010dtu<\/a> i\u00a0zalo\u017een\u00ed <a href=\"https:\/\/fcba-offshore.com\/cs\/offshore-spolecnosti\/\">offshore spole\u010dnosti<\/a> na Malt\u011b je pro n\u00e1s jednoduchou z\u00e1le\u017eitost\u00ed a r\u00e1di se s v\u00e1mi pod\u011bl\u00edme o svou s\u00ed\u0165 a partnerstv\u00ed s m\u00edstn\u00edmi bankami.<\/p>\n<p style=\"text-align: justify;\">Nakonec je t\u0159eba m\u00edt na pam\u011bti skute\u010dnost, \u017ee po\u010d\u00e1te\u010dn\u00ed vklad, kter\u00fd m\u00edstn\u00ed banky vy\u017eaduj\u00ed, je n\u00edzk\u00fd, a proto by v\u00e1s od otev\u0159en\u00ed <a href=\"https:\/\/fcba-offshore.com\/cs\/offshore-bankovni-ucet\/\">offshore bankovn\u00edho \u00fa\u010dtu<\/a> nem\u011bl nikterak odradit.<\/p>\n<p style=\"text-align: justify;\">Pro jak\u00e9koliv dal\u0161\u00ed informace <a href=\"https:\/\/fcba-offshore.com\/cs\/kontakt-2\/\">nev\u00e1hejte a obra\u0165te se na \u010dleny t\u00fdmu FCBA Offshore Ltd<\/a>.<\/p>\n<p><a href=\"http:\/\/fcba-offshore.com\/wp-content\/uploads\/2014\/06\/logo-small.png\"><img loading=\"lazy\" decoding=\"async\" class=\"alignnone size-full wp-image-479\" src=\"http:\/\/fcba-offshore.com\/wp-content\/uploads\/2014\/06\/logo-small.png\" alt=\"Logo offshore small\" width=\"142\" height=\"31\" \/><\/a><\/p>\n","protected":false},"excerpt":{"rendered":"<p>&nbsp; Offshore spole\u010dnost na Malt\u011b: Ostrov Malta le\u017e\u00ed ve St\u0159edozemn\u00edm mo\u0159i vedle Sic\u00edlie. Je to nejmen\u0161\u00ed st\u00e1t ze v\u0161ech \u010dlen\u016f Evropsk\u00e9 unie. D\u00edky jeho p\u0159\u00edsn\u00e9mu a konzervativn\u00edmu bankovn\u00edmu syst\u00e9mu je jednou z t\u011bch zaj\u00edmav\u011bj\u0161\u00edch offshore destinac\u00ed. Malta nav\u00edc b\u00fdvala pod britskou nadvl\u00e1dou, a m\u00e1 tud\u00ed\u017e velmi podnikatelsky orientovan\u00e9 pr\u00e1vn\u00ed p\u0159edpisy, kter\u00e9 jsou zalo\u017eeny na anglick\u00e9m&hellip;<\/p>\n","protected":false},"author":1,"featured_media":0,"parent":0,"menu_order":0,"comment_status":"closed","ping_status":"open","template":"","meta":{"footnotes":""},"class_list":["post-2812","page","type-page","status-publish","hentry"],"_links":{"self":[{"href":"https:\/\/fcba-offshore.com\/cs\/wp-json\/wp\/v2\/pages\/2812","targetHints":{"allow":["GET"]}}],"collection":[{"href":"https:\/\/fcba-offshore.com\/cs\/wp-json\/wp\/v2\/pages"}],"about":[{"href":"https:\/\/fcba-offshore.com\/cs\/wp-json\/wp\/v2\/types\/page"}],"author":[{"embeddable":true,"href":"https:\/\/fcba-offshore.com\/cs\/wp-json\/wp\/v2\/users\/1"}],"replies":[{"embeddable":true,"href":"https:\/\/fcba-offshore.com\/cs\/wp-json\/wp\/v2\/comments?post=2812"}],"version-history":[{"count":3,"href":"https:\/\/fcba-offshore.com\/cs\/wp-json\/wp\/v2\/pages\/2812\/revisions"}],"predecessor-version":[{"id":2963,"href":"https:\/\/fcba-offshore.com\/cs\/wp-json\/wp\/v2\/pages\/2812\/revisions\/2963"}],"wp:attachment":[{"href":"https:\/\/fcba-offshore.com\/cs\/wp-json\/wp\/v2\/media?parent=2812"}],"curies":[{"name":"wp","href":"https:\/\/api.w.org\/{rel}","templated":true}]}}