{"id":2814,"date":"2016-09-28T14:59:45","date_gmt":"2016-09-28T14:59:45","guid":{"rendered":"http:\/\/fcba-offshore.com\/?page_id=2814"},"modified":"2016-10-04T14:54:18","modified_gmt":"2016-10-04T14:54:18","slug":"offshore-spolecnost-na-ostrove-mauricius","status":"publish","type":"page","link":"https:\/\/fcba-offshore.com\/cs\/offshore-spolecnost-na-ostrove-mauricius\/","title":{"rendered":"Offshore spole\u010dnost na ostrov\u011b Mauricius"},"content":{"rendered":"<h1><a href=\"http:\/\/fcba-offshore.com\/wp-content\/uploads\/2014\/06\/Ile-Maurice.png\"><img loading=\"lazy\" decoding=\"async\" class=\"alignnone size-full wp-image-351\" src=\"http:\/\/fcba-offshore.com\/wp-content\/uploads\/2014\/06\/Ile-Maurice.png\" alt=\"Ile-Maurice\" width=\"74\" height=\"47\" srcset=\"https:\/\/fcba-offshore.com\/wp-content\/uploads\/2014\/06\/Ile-Maurice.png 74w, https:\/\/fcba-offshore.com\/wp-content\/uploads\/2014\/06\/Ile-Maurice-72x47.png 72w\" sizes=\"auto, (max-width: 74px) 100vw, 74px\" \/><\/a> <a href=\"http:\/\/fcba-offshore.com\/wp-content\/uploads\/2014\/06\/Ile-Maurice-Offshore1.png\"><img loading=\"lazy\" decoding=\"async\" class=\"size-medium wp-image-606 alignright\" src=\"http:\/\/fcba-offshore.com\/wp-content\/uploads\/2014\/06\/Ile-Maurice-Offshore1-300x131.png\" alt=\"Ile Maurice Offshore\" width=\"300\" height=\"131\" srcset=\"https:\/\/fcba-offshore.com\/wp-content\/uploads\/2014\/06\/Ile-Maurice-Offshore1-300x131.png 300w, https:\/\/fcba-offshore.com\/wp-content\/uploads\/2014\/06\/Ile-Maurice-Offshore1.png 641w, https:\/\/fcba-offshore.com\/wp-content\/uploads\/2014\/06\/Ile-Maurice-Offshore1-450x196.png 450w\" sizes=\"auto, (max-width: 300px) 100vw, 300px\" \/><\/a><\/h1>\n<p>&nbsp;<\/p>\n<h1>Offshore spole\u010dnost na ostrov\u011b Mauricius:<\/h1>\n<p>&nbsp;<\/p>\n<p style=\"text-align: justify;\">Ostrov Mauricius je proslul\u00fd jako obl\u00edben\u00e1 turistick\u00e1 destinace t\u011bch, kte\u0159\u00ed si cht\u011bj\u00ed u\u017e\u00edt slune\u010dnou a poklidnou dovolenou. Ale Mauricius je tak\u00e9 velmi konkurenceschopn\u00e1 <a href=\"https:\/\/fcba-offshore.com\/cs\/offshore-jurisdikce\/\">offshore destinace<\/a>. Toto souostrov\u00ed le\u017e\u00ed v Indick\u00e9m oce\u00e1nu a b\u00fdvalo pod britskou nadvl\u00e1dou, a m\u00e1 tud\u00ed\u017e velmi podnikatelsky orientovan\u00e9 pr\u00e1vn\u00ed p\u0159edpisy, kter\u00e9 jsou zalo\u017eeny na anglick\u00e9m modelu.\u00a0Z\u00e1kony jsou zde mnohem flexibiln\u011bj\u0161\u00ed a modern\u011bj\u0161\u00ed ne\u017e v Evropsk\u00e9 unii, co\u017e je velmi siln\u00fdm l\u00e1kadlem, kter\u00e9 spoustu zahrani\u010dn\u00edch investor\u016f motivuje k p\u0159est\u011bhov\u00e1n\u00ed jejich podnik\u00e1n\u00ed do t\u00e9to <a href=\"https:\/\/fcba-offshore.com\/cs\/offshore-jurisdikce\/\">offshore jurisdikce<\/a>.<\/p>\n<ul style=\"text-align: justify;\">\n<li>nulov\u00e1 DPH<\/li>\n<li>nulov\u00e1 da\u0148 z p\u0159\u00edjmu pr\u00e1vnick\u00fdch osob (pro nerezidenty)<\/li>\n<li>zaru\u010den\u00e9 bankovn\u00ed tajemstv\u00ed (100% diskr\u00e9tnost)<\/li>\n<li>nevyzrazov\u00e1n\u00ed identity majitel\u016f podnik\u016f<\/li>\n<li>velmi mal\u00e9 \u00fa\u010detn\u00ed po\u017eadavky<\/li>\n<\/ul>\n<p style=\"text-align: justify;\"><a href=\"https:\/\/fcba-offshore.com\/cs\/\">FCBA Offshore Ltd<\/a> sv\u00fdm klient\u016fm otev\u0159en\u00ed <a href=\"https:\/\/fcba-offshore.com\/cs\/offshore-bankovni-ucet\/\">offshore bankovn\u00edho \u00fa\u010dtu<\/a> \u010di z\u0159\u00edzen\u00ed offshore spole\u010dnosti na Mauriciu doporu\u010duje. Tato jurisdikce je zaj\u00edmav\u00e1 v mnoha ohledech a zaru\u010d\u00ed v\u00e1m velice vysokou \u00farove\u0148 d\u016fv\u011brnosti. Jedinou stinnou str\u00e1nkou t\u00e9to <a href=\"https:\/\/fcba-offshore.com\/cs\/offshore-spolecnosti\/\">offshore destinace<\/a> je, \u017ee \u00fa\u010detn\u00ed a administrativn\u00ed n\u00e1roky (i p\u0159esto\u017ee \u00fa\u010detn\u00ed postupy jsou pro nerezidenty zjednodu\u0161en\u00e9) jsou pon\u011bkud vy\u0161\u0161\u00ed ne\u017e v n\u011bkter\u00fdch jin\u00fdch <a href=\"https:\/\/fcba-offshore.com\/cs\/offshore-jurisdikce\/\">offshore jurisdikc\u00edch<\/a>.<\/p>\n<p style=\"text-align: justify;\">Otev\u0159en\u00ed <a href=\"https:\/\/fcba-offshore.com\/cs\/offshore-bankovni-ucet\/\">offshore bankovn\u00edho \u00fa\u010dtu<\/a> i\u00a0zalo\u017een\u00ed <a href=\"https:\/\/fcba-offshore.com\/cs\/offshore-spolecnosti\/\">offshore spole\u010dnosti<\/a> na ostrov\u011b Mauricius je pro n\u00e1s jednoduchou z\u00e1le\u017eitost\u00ed a r\u00e1di se s v\u00e1mi pod\u011bl\u00edme o svou s\u00ed\u0165 a partnerstv\u00ed s m\u00edstn\u00edmi bankami.<\/p>\n<p style=\"text-align: justify;\">Nakonec je t\u0159eba m\u00edt na pam\u011bti skute\u010dnost, \u017ee po\u010d\u00e1te\u010dn\u00ed vklad, kter\u00fd m\u00edstn\u00ed banky vy\u017eaduj\u00ed, je n\u00edzk\u00fd, a proto by v\u00e1s od otev\u0159en\u00ed <a href=\"https:\/\/fcba-offshore.com\/cs\/offshore-bankovni-ucet\/\">offshore bankovn\u00edho \u00fa\u010dtu<\/a> nem\u011bl nikterak odradit.<\/p>\n<p style=\"text-align: justify;\">Pro jak\u00e9koliv dal\u0161\u00ed informace <a href=\"https:\/\/fcba-offshore.com\/cs\/kontakt-2\/\">nev\u00e1hejte a obra\u0165te se na \u010dleny t\u00fdmu FCBA Offshore Ltd<\/a>.<\/p>\n<p><a href=\"http:\/\/fcba-offshore.com\/wp-content\/uploads\/2014\/06\/logo-small.png\"><img loading=\"lazy\" decoding=\"async\" class=\"alignnone size-full wp-image-479\" src=\"http:\/\/fcba-offshore.com\/wp-content\/uploads\/2014\/06\/logo-small.png\" alt=\"Logo offshore small\" width=\"142\" height=\"31\" \/><\/a><\/p>\n","protected":false},"excerpt":{"rendered":"<p>&nbsp; Offshore spole\u010dnost na ostrov\u011b Mauricius: &nbsp; Ostrov Mauricius je proslul\u00fd jako obl\u00edben\u00e1 turistick\u00e1 destinace t\u011bch, kte\u0159\u00ed si cht\u011bj\u00ed u\u017e\u00edt slune\u010dnou a poklidnou dovolenou. Ale Mauricius je tak\u00e9 velmi konkurenceschopn\u00e1 offshore destinace. Toto souostrov\u00ed le\u017e\u00ed v Indick\u00e9m oce\u00e1nu a b\u00fdvalo pod britskou nadvl\u00e1dou, a m\u00e1 tud\u00ed\u017e velmi podnikatelsky orientovan\u00e9 pr\u00e1vn\u00ed p\u0159edpisy, kter\u00e9 jsou zalo\u017eeny na&hellip;<\/p>\n","protected":false},"author":1,"featured_media":0,"parent":0,"menu_order":0,"comment_status":"closed","ping_status":"open","template":"","meta":{"footnotes":""},"class_list":["post-2814","page","type-page","status-publish","hentry"],"_links":{"self":[{"href":"https:\/\/fcba-offshore.com\/cs\/wp-json\/wp\/v2\/pages\/2814","targetHints":{"allow":["GET"]}}],"collection":[{"href":"https:\/\/fcba-offshore.com\/cs\/wp-json\/wp\/v2\/pages"}],"about":[{"href":"https:\/\/fcba-offshore.com\/cs\/wp-json\/wp\/v2\/types\/page"}],"author":[{"embeddable":true,"href":"https:\/\/fcba-offshore.com\/cs\/wp-json\/wp\/v2\/users\/1"}],"replies":[{"embeddable":true,"href":"https:\/\/fcba-offshore.com\/cs\/wp-json\/wp\/v2\/comments?post=2814"}],"version-history":[{"count":3,"href":"https:\/\/fcba-offshore.com\/cs\/wp-json\/wp\/v2\/pages\/2814\/revisions"}],"predecessor-version":[{"id":2975,"href":"https:\/\/fcba-offshore.com\/cs\/wp-json\/wp\/v2\/pages\/2814\/revisions\/2975"}],"wp:attachment":[{"href":"https:\/\/fcba-offshore.com\/cs\/wp-json\/wp\/v2\/media?parent=2814"}],"curies":[{"name":"wp","href":"https:\/\/api.w.org\/{rel}","templated":true}]}}