{"id":2816,"date":"2016-09-28T15:01:25","date_gmt":"2016-09-28T15:01:25","guid":{"rendered":"http:\/\/fcba-offshore.com\/?page_id=2816"},"modified":"2016-10-10T13:25:44","modified_gmt":"2016-10-10T13:25:44","slug":"offshore-spolecnost-v-monaku","status":"publish","type":"page","link":"https:\/\/fcba-offshore.com\/cs\/offshore-spolecnost-v-monaku\/","title":{"rendered":"Offshore spole\u010dnost v Monaku"},"content":{"rendered":"<h1><a href=\"http:\/\/fcba-offshore.com\/wp-content\/uploads\/2014\/06\/Monaco.png\"><img loading=\"lazy\" decoding=\"async\" class=\"alignnone size-full wp-image-485\" src=\"http:\/\/fcba-offshore.com\/wp-content\/uploads\/2014\/06\/Monaco.png\" alt=\"Monako\" width=\"62\" height=\"41\" srcset=\"https:\/\/fcba-offshore.com\/wp-content\/uploads\/2014\/06\/Monaco.png 62w, https:\/\/fcba-offshore.com\/wp-content\/uploads\/2014\/06\/Monaco-60x41.png 60w\" sizes=\"auto, (max-width: 62px) 100vw, 62px\" \/><\/a> <a href=\"http:\/\/fcba-offshore.com\/wp-content\/uploads\/2014\/06\/Monaco-Offshore.png\"><img loading=\"lazy\" decoding=\"async\" class=\"size-medium wp-image-633 alignright\" src=\"http:\/\/fcba-offshore.com\/wp-content\/uploads\/2014\/06\/Monaco-Offshore-300x131.png\" alt=\"Monaco Offshore\" width=\"300\" height=\"131\" srcset=\"https:\/\/fcba-offshore.com\/wp-content\/uploads\/2014\/06\/Monaco-Offshore-300x131.png 300w, https:\/\/fcba-offshore.com\/wp-content\/uploads\/2014\/06\/Monaco-Offshore.png 641w, https:\/\/fcba-offshore.com\/wp-content\/uploads\/2014\/06\/Monaco-Offshore-450x196.png 450w\" sizes=\"auto, (max-width: 300px) 100vw, 300px\" \/><\/a><\/h1>\n<p>&nbsp;<\/p>\n<h1>Offshore spole\u010dnost v Monaku:<\/h1>\n<p>&nbsp;<\/p>\n<p style=\"text-align: justify;\">Monack\u00e9 kn\u00ed\u017eectv\u00ed je proslul\u00e9 po cel\u00e9m sv\u011bt\u011b jako jedna z nejobl\u00edben\u011bj\u0161\u00edch destinac\u00ed pro spr\u00e1vu majetku. Po sv\u00e9m vstoupen\u00ed do francouzsk\u00e9ho bankovn\u00edho syst\u00e9mu v\u0161ak nyn\u00ed (nejen) francouzsk\u00e9 da\u0148ov\u00e9 \u00fa\u0159ady po Monaku po\u017eaduj\u00ed vyzrazov\u00e1n\u00ed jmen lid\u00ed, kter\u00e9 v tomto m\u011bstsk\u00e9m st\u00e1t\u011b maj\u00ed <a href=\"https:\/\/fcba-offshore.com\/cs\/offshore-bankovni-ucet\/\">offshore bankovn\u00ed \u00fa\u010det<\/a>. Pro mnoho dal\u0161\u00edch lid\u00ed s r\u016fzn\u00fdm ob\u010danstv\u00edm v\u0161ak Monako st\u00e1le znamen\u00e1 vysokou \u00farove\u0148 spr\u00e1vy majetku.<\/p>\n<p style=\"text-align: justify;\">Kvalita bankovn\u00edch slu\u017eeb a produkt\u016f, kter\u00e9 jsou v Monaku k dispozici, pat\u0159\u00ed mezi nejlep\u0161\u00ed na sv\u011bt\u011b. Povede v\u00e1s zku\u0161en\u00fd osobn\u00ed poradce, kter\u00fd zajist\u00ed, \u017ee va\u0161e strategie da\u0148ov\u00e9 optimalizace bude efektivn\u00ed a \u017ee v\u0161echny produkty, kter\u00e9 budete vyu\u017e\u00edvat, budou vysoce funk\u010dn\u00ed a budou zaru\u010dovat diskr\u00e9tnost. D\u016fv\u011brnost je v Monaku pro v\u00e1s \u010di v\u00e1\u0161 fond v\u017edycky zaru\u010dena. Z\u0159\u00edzen\u00ed <a href=\"https:\/\/fcba-offshore.com\/cs\/offshore-spolecnosti\/\">offshore spole\u010dnosti<\/a> v Monaku v\u0161ak nen\u00ed tak zaj\u00edmav\u00e9.<\/p>\n<p style=\"text-align: justify;\"><a href=\"https:\/\/fcba-offshore.com\/cs\/\">FCBA Offshore Ltd<\/a> \u0159\u00edk\u00e1v\u00e1: \u201eotev\u0159en\u00ed <a href=\"https:\/\/fcba-offshore.com\/cs\/offshore-bankovni-ucet\/\">offshore bankovn\u00edho \u00fa\u010dtu<\/a> v Monaku n\u011bkter\u00e9mu z na\u0161ich klient\u016f je ud\u00e1lost, kterou je t\u0159eba oslavit.\u201c Kv\u016fli exkluzivit\u011b m\u00edsta a jeho \u0161patn\u00e9 dostupnosti toti\u017e banky velice \u010dasto po\u017eaduj\u00ed, aby je na\u0161i klienti nav\u0161t\u00edvili osobn\u011b v jejich kancel\u00e1\u0159i.<\/p>\n<p style=\"text-align: justify;\">Otev\u0159en\u00ed <a href=\"https:\/\/fcba-offshore.com\/cs\/offshore-bankovni-ucet\/\">offshore bankovn\u00edho \u00fa\u010dtu<\/a> nebo z\u0159\u00edzen\u00ed <a href=\"https:\/\/fcba-offshore.com\/cs\/offshore-spolecnosti\/\">offshore spole\u010dnosti<\/a> v Monaku v\u0161ak nen\u00ed tak snadn\u00e9, ale d\u00edky na\u0161im zku\u0161enostem, s\u00edti a partnerstv\u00ed s m\u00edstn\u00edmi bankami v\u00e1m dok\u00e1\u017eeme pomoci, av\u0161ak pouze pokud je v\u00e1\u0161 profil v souladu s touto jurisdikc\u00ed.<\/p>\n<p style=\"text-align: justify;\">Je t\u0159eba upozornit, \u017ee z\u00e1kladn\u00ed vklad vy\u017eadovan\u00fd bankami je pom\u011brn\u011b vysok\u00fd, co\u017e v\u00e1m m\u016f\u017ee v otev\u0159en\u00ed <a href=\"https:\/\/fcba-offshore.com\/cs\/offshore-bankovni-ucet\/\">offshore bankovn\u00edho \u00fa\u010dtu<\/a> a v jednoduch\u00e9m a rychl\u00e9m rozb\u011bhu podnik\u00e1n\u00ed zabr\u00e1nit.<\/p>\n<p style=\"text-align: justify;\">Pro jak\u00e9koliv dal\u0161\u00ed informace <a href=\"https:\/\/fcba-offshore.com\/cs\/kontakt-2\/\">nev\u00e1hejte a obra\u0165te se na \u010dleny t\u00fdmu FCBA Offshore Ltd<\/a>.<\/p>\n<p><a href=\"http:\/\/fcba-offshore.com\/wp-content\/uploads\/2014\/06\/logo-small.png\"><img loading=\"lazy\" decoding=\"async\" class=\"alignnone size-full wp-image-479\" src=\"http:\/\/fcba-offshore.com\/wp-content\/uploads\/2014\/06\/logo-small.png\" alt=\"Logo offshore small\" width=\"142\" height=\"31\" \/><\/a><\/p>\n","protected":false},"excerpt":{"rendered":"<p>&nbsp; Offshore spole\u010dnost v Monaku: &nbsp; Monack\u00e9 kn\u00ed\u017eectv\u00ed je proslul\u00e9 po cel\u00e9m sv\u011bt\u011b jako jedna z nejobl\u00edben\u011bj\u0161\u00edch destinac\u00ed pro spr\u00e1vu majetku. Po sv\u00e9m vstoupen\u00ed do francouzsk\u00e9ho bankovn\u00edho syst\u00e9mu v\u0161ak nyn\u00ed (nejen) francouzsk\u00e9 da\u0148ov\u00e9 \u00fa\u0159ady po Monaku po\u017eaduj\u00ed vyzrazov\u00e1n\u00ed jmen lid\u00ed, kter\u00e9 v tomto m\u011bstsk\u00e9m st\u00e1t\u011b maj\u00ed offshore bankovn\u00ed \u00fa\u010det. Pro mnoho dal\u0161\u00edch lid\u00ed s r\u016fzn\u00fdm&hellip;<\/p>\n","protected":false},"author":1,"featured_media":0,"parent":0,"menu_order":0,"comment_status":"closed","ping_status":"open","template":"","meta":{"footnotes":""},"class_list":["post-2816","page","type-page","status-publish","hentry"],"_links":{"self":[{"href":"https:\/\/fcba-offshore.com\/cs\/wp-json\/wp\/v2\/pages\/2816","targetHints":{"allow":["GET"]}}],"collection":[{"href":"https:\/\/fcba-offshore.com\/cs\/wp-json\/wp\/v2\/pages"}],"about":[{"href":"https:\/\/fcba-offshore.com\/cs\/wp-json\/wp\/v2\/types\/page"}],"author":[{"embeddable":true,"href":"https:\/\/fcba-offshore.com\/cs\/wp-json\/wp\/v2\/users\/1"}],"replies":[{"embeddable":true,"href":"https:\/\/fcba-offshore.com\/cs\/wp-json\/wp\/v2\/comments?post=2816"}],"version-history":[{"count":3,"href":"https:\/\/fcba-offshore.com\/cs\/wp-json\/wp\/v2\/pages\/2816\/revisions"}],"predecessor-version":[{"id":3007,"href":"https:\/\/fcba-offshore.com\/cs\/wp-json\/wp\/v2\/pages\/2816\/revisions\/3007"}],"wp:attachment":[{"href":"https:\/\/fcba-offshore.com\/cs\/wp-json\/wp\/v2\/media?parent=2816"}],"curies":[{"name":"wp","href":"https:\/\/api.w.org\/{rel}","templated":true}]}}