{"id":2818,"date":"2016-09-28T15:04:01","date_gmt":"2016-09-28T15:04:01","guid":{"rendered":"http:\/\/fcba-offshore.com\/?page_id=2818"},"modified":"2016-10-04T14:33:12","modified_gmt":"2016-10-04T14:33:12","slug":"offshore-spolecnost-na-nevisu","status":"publish","type":"page","link":"https:\/\/fcba-offshore.com\/cs\/offshore-spolecnost-na-nevisu\/","title":{"rendered":"Offshore spole\u010dnost na Nevisu"},"content":{"rendered":"<h1><a href=\"http:\/\/fcba-offshore.com\/wp-content\/uploads\/2014\/06\/Nieves.png\"><img loading=\"lazy\" decoding=\"async\" class=\"alignnone size-full wp-image-365\" src=\"http:\/\/fcba-offshore.com\/wp-content\/uploads\/2014\/06\/Nieves.png\" alt=\"Nieves\" width=\"66\" height=\"43\" \/><\/a> <a href=\"http:\/\/fcba-offshore.com\/wp-content\/uploads\/2014\/06\/Neves-Offshore-2.png\"><img loading=\"lazy\" decoding=\"async\" class=\"size-medium wp-image-636 alignright\" src=\"http:\/\/fcba-offshore.com\/wp-content\/uploads\/2014\/06\/Neves-Offshore-2-300x131.png\" alt=\"Neves Offshore 2\" width=\"300\" height=\"131\" srcset=\"https:\/\/fcba-offshore.com\/wp-content\/uploads\/2014\/06\/Neves-Offshore-2-300x131.png 300w, https:\/\/fcba-offshore.com\/wp-content\/uploads\/2014\/06\/Neves-Offshore-2.png 641w, https:\/\/fcba-offshore.com\/wp-content\/uploads\/2014\/06\/Neves-Offshore-2-450x196.png 450w\" sizes=\"auto, (max-width: 300px) 100vw, 300px\" \/><\/a><\/h1>\n<p>&nbsp;<\/p>\n<h1>Offshore spole\u010dnost na Nevisu:<\/h1>\n<p>&nbsp;<\/p>\n<p style=\"text-align: justify;\">Ostr\u016fvek Nevis je sou\u010d\u00e1st\u00ed Karibsk\u00e9ho souostrov\u00ed v Atlantick\u00e9m oce\u00e1nu, kter\u00fd ob\u00fdv\u00e1 pouze n\u011bco p\u0159es 12 000 obyvatel. M\u00edstn\u00ed lid\u00e9, kte\u0159\u00ed se \u017eiv\u00ed hlavn\u011b ryba\u0159en\u00edm a turistikou, jsou celkem chud\u00ed a finan\u010dn\u00ed instituce se s\u00eddlem na tomto ostrov\u011b naj\u00edmaj\u00ed p\u0159edev\u0161\u00edm lidi ze zahrani\u010d\u00ed. Tento ostrov je \u010dlenem Commonwealthu a m\u00e1 vysoce podnikatelsky orientovan\u00e9 pr\u00e1vn\u00ed p\u0159edpisy, kter\u00e9 jsou zalo\u017eeny na anglick\u00e9m modelu.\u00a0Z\u00e1kony jsou zde mnohem flexibiln\u011bj\u0161\u00ed a modern\u011bj\u0161\u00ed ne\u017e v Evropsk\u00e9 unii, co\u017e je velmi siln\u00fdm l\u00e1kadlem, kter\u00e9 spoustu zahrani\u010dn\u00edch investor\u016f motivuje k p\u0159est\u011bhov\u00e1n\u00ed jejich podnik\u00e1n\u00ed do t\u00e9to <a href=\"https:\/\/fcba-offshore.com\/cs\/offshore-jurisdikce\/\">offshore jurisdikce<\/a>. Tento ostrov, kter\u00fd je v Evrop\u011b t\u00e9m\u011b\u0159 nezn\u00e1m\u00fd, zaru\u010duje vysokou kvalitu d\u016fv\u011brnosti pro lidi, kte\u0159\u00ed si zde cht\u011bj\u00ed otev\u0159\u00edt <a href=\"https:\/\/fcba-offshore.com\/cs\/offshore-bankovni-ucet\/\">offshore bankovn\u00ed \u00fa\u010det<\/a> nebo z\u0159\u00eddit <a href=\"https:\/\/fcba-offshore.com\/cs\/offshore-spolecnosti\/\">offshore spole\u010dnost<\/a>.<\/p>\n<p style=\"text-align: justify;\">Hlavn\u00ed p\u0159\u00ednosy t\u00e9to jurisdikce jsou:<\/p>\n<ul style=\"text-align: justify;\">\n<li>nulov\u00e1 DPH<\/li>\n<li>nulov\u00e1 da\u0148 z p\u0159\u00edjmu pr\u00e1vnick\u00fdch osob (pro nerezidenty)<\/li>\n<li>nulov\u00e1 da\u0148 z dividend<\/li>\n<li>zaru\u010den\u00e9 bankovn\u00ed tajemstv\u00ed (100% diskr\u00e9tnost)<\/li>\n<li>nevyzrazov\u00e1n\u00ed identity majitel\u016f podnik\u016f<\/li>\n<\/ul>\n<p style=\"text-align: justify;\">Otev\u0159en\u00ed <a href=\"https:\/\/fcba-offshore.com\/cs\/offshore-bankovni-ucet\/\">offshore bankovn\u00edho \u00fa\u010dtu<\/a> \u010di\u00a0zalo\u017een\u00ed <a href=\"https:\/\/fcba-offshore.com\/cs\/offshore-spolecnosti\/\">offshore spole\u010dnosti<\/a> na ostrov\u011b Nevis <a href=\"https:\/\/fcba-offshore.com\/cs\/\">FCBA Offshore Ltd<\/a> doporu\u010duje zvl\u00e1\u0161t\u011b lidem, kte\u0159\u00ed nemaj\u00ed \u017e\u00e1dn\u00e9 obchodn\u00ed vztahy s evropsk\u00fdmi spole\u010dnostmi, proto\u017ee tato jurisdikce m\u016f\u017ee b\u00fdt v\u011bt\u0161\u00edmi mezin\u00e1rodn\u00edmi skupinami pova\u017eov\u00e1na za exotickou. Krom\u011b toho existuje velk\u00fd \u010dasov\u00fd posun mezi ostrovem a Evropou, ostrov je mal\u00fd a pobo\u010dku na ostrov\u011b m\u00e1 n\u011bkolik mezin\u00e1rodn\u00edch bank, co\u017e v n\u00e1s vyvol\u00e1v\u00e1 pochybnosti o dlouhodob\u00fdch p\u0159\u00ednosech m\u00edt jak\u00fdkoliv majetek nebo jakoukoliv <a href=\"https:\/\/fcba-offshore.com\/cs\/offshore-spolecnosti\/\">offshore spole\u010dnost<\/a> na Nevisu.<\/p>\n<p style=\"text-align: justify;\">Otev\u0159en\u00ed <a href=\"https:\/\/fcba-offshore.com\/cs\/offshore-bankovni-ucet\/\">offshore bankovn\u00edho \u00fa\u010dtu<\/a> i\u00a0zalo\u017een\u00ed <a href=\"https:\/\/fcba-offshore.com\/cs\/offshore-spolecnosti\/\">offshore spole\u010dnosti<\/a> na Nevisu je pro n\u00e1s jednoduchou z\u00e1le\u017eitost\u00ed a r\u00e1di se s v\u00e1mi pod\u011bl\u00edme o svou s\u00ed\u0165 a partnerstv\u00ed s m\u00edstn\u00edmi bankami.<\/p>\n<p style=\"text-align: justify;\">Nakonec je t\u0159eba m\u00edt na pam\u011bti skute\u010dnost, \u017ee po\u010d\u00e1te\u010dn\u00ed vklad, kter\u00fd m\u00edstn\u00ed banky vy\u017eaduj\u00ed, je celkem n\u00edzk\u00fd, a proto by v\u00e1s od otev\u0159en\u00ed <a href=\"https:\/\/fcba-offshore.com\/cs\/offshore-bankovni-ucet\/\">offshore bankovn\u00edho \u00fa\u010dtu<\/a> nem\u011bl nikterak odradit.<\/p>\n<p style=\"text-align: justify;\">Pro jak\u00e9koliv dal\u0161\u00ed informace <a href=\"https:\/\/fcba-offshore.com\/cs\/kontakt-2\/\">nev\u00e1hejte a obra\u0165te se na \u010dleny t\u00fdmu FCBA Offshore Ltd<\/a>.<\/p>\n<p><a href=\"http:\/\/fcba-offshore.com\/wp-content\/uploads\/2014\/06\/logo-small.png\"><img loading=\"lazy\" decoding=\"async\" class=\"alignnone size-full wp-image-479\" src=\"http:\/\/fcba-offshore.com\/wp-content\/uploads\/2014\/06\/logo-small.png\" alt=\"Logo offshore small\" width=\"142\" height=\"31\" \/><\/a><\/p>\n","protected":false},"excerpt":{"rendered":"<p>&nbsp; Offshore spole\u010dnost na Nevisu: &nbsp; Ostr\u016fvek Nevis je sou\u010d\u00e1st\u00ed Karibsk\u00e9ho souostrov\u00ed v Atlantick\u00e9m oce\u00e1nu, kter\u00fd ob\u00fdv\u00e1 pouze n\u011bco p\u0159es 12 000 obyvatel. M\u00edstn\u00ed lid\u00e9, kte\u0159\u00ed se \u017eiv\u00ed hlavn\u011b ryba\u0159en\u00edm a turistikou, jsou celkem chud\u00ed a finan\u010dn\u00ed instituce se s\u00eddlem na tomto ostrov\u011b naj\u00edmaj\u00ed p\u0159edev\u0161\u00edm lidi ze zahrani\u010d\u00ed. Tento ostrov je \u010dlenem Commonwealthu a m\u00e1&hellip;<\/p>\n","protected":false},"author":1,"featured_media":0,"parent":0,"menu_order":0,"comment_status":"closed","ping_status":"open","template":"","meta":{"footnotes":""},"class_list":["post-2818","page","type-page","status-publish","hentry"],"_links":{"self":[{"href":"https:\/\/fcba-offshore.com\/cs\/wp-json\/wp\/v2\/pages\/2818","targetHints":{"allow":["GET"]}}],"collection":[{"href":"https:\/\/fcba-offshore.com\/cs\/wp-json\/wp\/v2\/pages"}],"about":[{"href":"https:\/\/fcba-offshore.com\/cs\/wp-json\/wp\/v2\/types\/page"}],"author":[{"embeddable":true,"href":"https:\/\/fcba-offshore.com\/cs\/wp-json\/wp\/v2\/users\/1"}],"replies":[{"embeddable":true,"href":"https:\/\/fcba-offshore.com\/cs\/wp-json\/wp\/v2\/comments?post=2818"}],"version-history":[{"count":3,"href":"https:\/\/fcba-offshore.com\/cs\/wp-json\/wp\/v2\/pages\/2818\/revisions"}],"predecessor-version":[{"id":2961,"href":"https:\/\/fcba-offshore.com\/cs\/wp-json\/wp\/v2\/pages\/2818\/revisions\/2961"}],"wp:attachment":[{"href":"https:\/\/fcba-offshore.com\/cs\/wp-json\/wp\/v2\/media?parent=2818"}],"curies":[{"name":"wp","href":"https:\/\/api.w.org\/{rel}","templated":true}]}}