{"id":2825,"date":"2016-09-29T10:03:25","date_gmt":"2016-09-29T10:03:25","guid":{"rendered":"http:\/\/fcba-offshore.com\/?page_id=2825"},"modified":"2016-10-10T14:03:26","modified_gmt":"2016-10-10T14:03:26","slug":"offshore-jurisdikce","status":"publish","type":"page","link":"https:\/\/fcba-offshore.com\/cs\/offshore-jurisdikce\/","title":{"rendered":"Offshore jurisdikce"},"content":{"rendered":"<h1>Offshore jurisdikce:<\/h1>\n<p>&nbsp;<\/p>\n<table class=\"int-tbl\" cellspacing=\"0\" cellpadding=\"0\">\n<tfoot>\n<tr>\n<td><\/td>\n<\/tr>\n<\/tfoot>\n<tbody>\n<tr>\n<td><a href=\"https:\/\/fcba-offshore.com\/en\/offshore-company-in-andorra\/\"><img loading=\"lazy\" decoding=\"async\" class=\"alignnone wp-image-369\" src=\"http:\/\/fcba-offshore.com\/wp-content\/uploads\/2014\/06\/Andorre.png\" alt=\"Andorre\" width=\"33\" height=\"20\" \/><\/a> <a class=\"tooltips\" style=\"position: absolute;\" title=\"Andorra je ve sv\u011bt\u011b zn\u00e1m\u00e1...\" href=\"https:\/\/fcba-offshore.com\/cs\/offshore-spolecnost-v-andore\/\">Andorra<\/a><\/td>\n<td><a href=\"https:\/\/fcba-offshore.com\/en\/offshore-company-in-dominica\/\"><img loading=\"lazy\" decoding=\"async\" class=\"alignnone wp-image-347\" src=\"http:\/\/fcba-offshore.com\/wp-content\/uploads\/2014\/06\/Dominique.png\" alt=\"Dominique\" width=\"33\" height=\"20\" \/><\/a><a class=\"tooltips\" style=\"position: absolute;\" title=\"Dominika je ostrov v Karibiku v Atlantsk\u00e9m oce\u00e1nu...\" href=\"https:\/\/fcba-offshore.com\/cs\/offshore-spolecnost-v-dominice\/\"> Dominika<\/a><\/td>\n<td><a href=\"https:\/\/fcba-offshore.com\/en\/offshore-company-in-jersey\/\"><img loading=\"lazy\" decoding=\"async\" class=\"alignnone wp-image-364\" src=\"http:\/\/fcba-offshore.com\/wp-content\/uploads\/2014\/06\/Jersey.png\" alt=\"Jersey\" width=\"33\" height=\"20\" \/><\/a> <a class=\"tooltips\" style=\"position: absolute;\" title=\"Jersey (ofici\u00e1ln\u011b pojmenovan\u00fd Bailiwick of Jersey) se nach\u00e1z\u00ed...\" href=\"https:\/\/fcba-offshore.com\/cs\/offshore-spolecnost-na-jersey\/\">Jersey<\/a><\/td>\n<td><a href=\"https:\/\/fcba-offshore.com\/en\/offshore-company-in-nevis\/\"><img loading=\"lazy\" decoding=\"async\" class=\"alignnone wp-image-365\" src=\"http:\/\/fcba-offshore.com\/wp-content\/uploads\/2014\/06\/Nieves.png\" alt=\"Nieves\" width=\"33\" height=\"20\" \/><\/a> <a class=\"tooltips\" style=\"position: absolute;\" title=\"Ostrov Nevis s populac\u00ed n\u011bco p\u0159es 12,000 obyvatel...\" href=\"https:\/\/fcba-offshore.com\/cs\/offshore-spolecnost-na-nevisu\/\">Nevis<\/a><\/td>\n<\/tr>\n<tr>\n<td><a href=\"https:\/\/fcba-offshore.com\/en\/offshore-company-in-bahamas\/\"><img loading=\"lazy\" decoding=\"async\" class=\"alignnone wp-image-362\" src=\"http:\/\/fcba-offshore.com\/wp-content\/uploads\/2014\/06\/Bahamas.png\" alt=\"Bahamas is an island populated by approxiamtely...\" width=\"33\" height=\"20\" \/><\/a> <a class=\"tooltips\" style=\"position: absolute;\" title=\"Bahamy jsou nez\u00e1visl\u00fd st\u00e1t pat\u0159\u00edc\u00ed do jednoho...\" href=\"https:\/\/fcba-offshore.com\/cs\/offshore-spolecnost-na-bahamach\/\">Bahamy<\/a><\/td>\n<td><a href=\"https:\/\/fcba-offshore.com\/en\/offshore-company-in-dubai\/\"><img loading=\"lazy\" decoding=\"async\" class=\"alignnone wp-image-348\" src=\"http:\/\/fcba-offshore.com\/wp-content\/uploads\/2014\/06\/Dubai.png\" alt=\"Dubai\" width=\"33\" height=\"20\" \/><\/a> <a class=\"tooltips\" style=\"position: absolute;\" title=\"Dubaj je v sou\u010dasnosti pova\u017eov\u00e1n za jednu z nejluxusn\u011bj\u0161\u00edch...\" href=\"https:\/\/fcba-offshore.com\/cs\/offshore-spolecnost-v-dubaji\/\">Dubaj<\/a><\/td>\n<td><a href=\"https:\/\/fcba-offshore.com\/en\/offshore-company-in-latvia\/\"><img loading=\"lazy\" decoding=\"async\" class=\"alignnone wp-image-353\" src=\"http:\/\/fcba-offshore.com\/wp-content\/uploads\/2014\/06\/Lettonie.png\" alt=\"Lettonie\" width=\"33\" height=\"20\" \/><\/a> <a class=\"tooltips\" style=\"position: absolute;\" title=\"Loty\u0161sko je spolu s Litvou a Estonskem sou\u010d\u00e1st\u00ed...\" href=\"https:\/\/fcba-offshore.com\/cs\/offshore-spolecnost-v-lotyssku\/\">Loty\u0161sko<\/a><\/td>\n<td><a href=\"https:\/\/fcba-offshore.com\/en\/offshore-company-in-panama\/\"><img loading=\"lazy\" decoding=\"async\" class=\"alignnone wp-image-366\" src=\"http:\/\/fcba-offshore.com\/wp-content\/uploads\/2014\/06\/Panama.png\" alt=\"Panama\" width=\"33\" height=\"20\" \/><\/a> <a class=\"tooltips\" style=\"position: absolute;\" title=\"Panama je nejji\u017en\u011bj\u0161\u00ed zem\u011b St\u0159edn\u00ed Ameriky...\" href=\"https:\/\/fcba-offshore.com\/cs\/offshore-spolecnost-v-paname\/\">Panama<\/a><\/td>\n<\/tr>\n<tr>\n<td><a href=\"https:\/\/fcba-offshore.com\/en\/offshore-company-in-belize\/\"><img loading=\"lazy\" decoding=\"async\" class=\"alignnone wp-image-344\" src=\"http:\/\/fcba-offshore.com\/wp-content\/uploads\/2014\/06\/Belize.png\" alt=\"Belize\" width=\"33\" height=\"20\" \/><\/a> <a class=\"tooltips\" style=\"position: absolute;\" title=\"Belize se nach\u00e1z\u00ed na jihu Mexika...\" href=\"https:\/\/fcba-offshore.com\/cs\/offshore-spolecnost-v-belize\/\">Belize<\/a><\/td>\n<td><a href=\"https:\/\/fcba-offshore.com\/en\/offshore-company-in-gibraltar\/\"><img loading=\"lazy\" decoding=\"async\" class=\"alignnone wp-image-368\" src=\"http:\/\/fcba-offshore.com\/wp-content\/uploads\/2014\/06\/Gibraltar.png\" alt=\"Gibraltar\" width=\"33\" height=\"20\" \/><\/a> <a class=\"tooltips\" style=\"position: absolute;\" title=\"Gibralt\u00e1rska skala (The Rock of Gibraltar) je...\" href=\"https:\/\/fcba-offshore.com\/cs\/offshore-spolecnost-na-gibraltaru\/\">Gibraltar<\/a><\/td>\n<td><a href=\"https:\/\/fcba-offshore.com\/en\/offshore-company-in-liechtenstein\/\"><img loading=\"lazy\" decoding=\"async\" class=\"alignnone wp-image-342\" src=\"http:\/\/fcba-offshore.com\/wp-content\/uploads\/2014\/06\/Liechtenstein.png\" alt=\"Liechtenstein\" width=\"33\" height=\"20\" \/><\/a> <a class=\"tooltips\" style=\"position: absolute;\" title=\"Lichten\u0161tejnsk\u00e9 kr\u00e1lovstv\u00ed je mal\u00e1 alpsk\u00e1 zem\u011b...\" href=\"https:\/\/fcba-offshore.com\/cs\/offshore-spolecnost-v-lichtenstejnsku\/\">Lichten\u0161tejnsko<\/a><\/td>\n<td><a href=\"https:\/\/fcba-offshore.com\/en\/offshore-company-in-seychelles\/\"><img loading=\"lazy\" decoding=\"async\" class=\"alignnone wp-image-357\" src=\"http:\/\/fcba-offshore.com\/wp-content\/uploads\/2014\/06\/Seychelles.png\" alt=\"Seychelles\" width=\"33\" height=\"20\" \/><\/a> <a class=\"tooltips\" style=\"position: absolute;\" title=\"Seychely se nach\u00e1zej\u00ed v Indick\u00e9m oce\u00e1nu nedaleko...\" href=\"https:\/\/fcba-offshore.com\/cs\/offshore-spolecnost-na-seychelach\/\">Seychely<\/a><\/td>\n<\/tr>\n<tr>\n<td><a href=\"https:\/\/fcba-offshore.com\/en\/offshore-company-in-the-bvi\/\"><img loading=\"lazy\" decoding=\"async\" class=\"alignnone wp-image-352\" src=\"http:\/\/fcba-offshore.com\/wp-content\/uploads\/2014\/06\/Iles-Vierges-Britanniques.png\" alt=\"Iles-Vierges-Britanniques\" width=\"33\" height=\"20\" srcset=\"https:\/\/fcba-offshore.com\/wp-content\/uploads\/2014\/06\/Iles-Vierges-Britanniques.png 75w, https:\/\/fcba-offshore.com\/wp-content\/uploads\/2014\/06\/Iles-Vierges-Britanniques-72x46.png 72w\" sizes=\"auto, (max-width: 33px) 100vw, 33px\" \/><\/a> <a class=\"tooltips\" style=\"position: absolute;\" title=\"Britsk\u00e9 Panensk\u00e9 ostrovy jsou sou\u010d\u00e1st\u00ed Kan\u00e1rsk\u00fdch ostrov\u016f...\" href=\"https:\/\/fcba-offshore.com\/cs\/offshore-spolecnost-na-b-p-o\/\">B.P.O.<\/a><\/td>\n<td><a href=\"https:\/\/fcba-offshore.com\/en\/offshore-company-in-guernsey\/\"><img loading=\"lazy\" decoding=\"async\" class=\"alignnone wp-image-363\" src=\"http:\/\/fcba-offshore.com\/wp-content\/uploads\/2014\/06\/Guernesey.png\" alt=\"Guernesey\" width=\"33\" height=\"20\" \/><\/a> <a class=\"tooltips\" style=\"position: absolute;\" title=\"Ostrov Guernsey (nebo ofici\u00e1ln\u011b pojmenovan\u00fd Bailiwick of Guernsey)...\" href=\"https:\/\/fcba-offshore.com\/cs\/offshore-spolecnost-na-guernsey\/\">Guernesey<\/a><\/td>\n<td><a href=\"https:\/\/fcba-offshore.com\/en\/offshore-company-in-luxembourg\/\"><img loading=\"lazy\" decoding=\"async\" class=\"alignnone wp-image-354\" src=\"http:\/\/fcba-offshore.com\/wp-content\/uploads\/2014\/06\/Luxembourg.png\" alt=\"Luxembourg\" width=\"33\" height=\"20\" \/><\/a> <a class=\"tooltips\" style=\"position: absolute;\" title=\"Lucembursk\u00e9 velkov\u00e9vodstv\u00ed je malou zem\u00ed...\" href=\"https:\/\/fcba-offshore.com\/cs\/offshore-spolecnost-v-lucembursku\/\">Lucembursko<\/a><\/td>\n<td><a href=\"https:\/\/fcba-offshore.com\/en\/offshore-company-in-singapore\/\"><img loading=\"lazy\" decoding=\"async\" class=\"alignnone wp-image-358\" src=\"http:\/\/fcba-offshore.com\/wp-content\/uploads\/2014\/06\/Singapour.png\" alt=\"Singapour\" width=\"33\" height=\"20\" \/><\/a> <a class=\"tooltips\" style=\"position: absolute;\" title=\"Singapur je m\u011bstsk\u00fdm st\u00e1tem nach\u00e1zej\u00edc\u00edm se...\" href=\"https:\/\/fcba-offshore.com\/cs\/offshore-spolecnost-v-singapuru\/\">Singapur<\/a><\/td>\n<\/tr>\n<tr>\n<td><a href=\"https:\/\/fcba-offshore.com\/en\/offshore-company-in-the-cayman-islands\/\"><img loading=\"lazy\" decoding=\"async\" class=\"alignnone wp-image-343\" src=\"http:\/\/fcba-offshore.com\/wp-content\/uploads\/2014\/06\/Iles-Caimans.png\" alt=\"Iles-Caimans\" width=\"33\" height=\"20\" \/><\/a> <a class=\"tooltips\" style=\"position: absolute;\" title=\"Kajmansk\u00e9 ostrovy pat\u0159\u00ed do souostrov\u00ed Karibsk\u00e9ho mo\u0159e...\" href=\"https:\/\/fcba-offshore.com\/cs\/offshore-spolecnost-na-kajmanskych-ostrovech\/\">Kajmansk\u00e9 ostrovy<\/a><\/td>\n<td><a href=\"https:\/\/fcba-offshore.com\/en\/offshore-company-in-hong-kong\/\"><img loading=\"lazy\" decoding=\"async\" class=\"alignnone wp-image-349\" src=\"http:\/\/fcba-offshore.com\/wp-content\/uploads\/2014\/06\/Hong-Kong.png\" alt=\"Hong-Kong\" width=\"33\" height=\"20\" \/><\/a> <a class=\"tooltips\" style=\"position: absolute;\" title=\"Hongkong je pova\u017eov\u00e1n za hlavn\u00ed finan\u010dn\u00ed centrum...\" href=\"https:\/\/fcba-offshore.com\/cs\/offshore-spolecnost-v-hongkongu\/\">Hongkong<\/a><\/td>\n<td><a href=\"https:\/\/fcba-offshore.com\/en\/offshore-company-in-malta\/\"><img loading=\"lazy\" decoding=\"async\" class=\"alignnone wp-image-355\" src=\"http:\/\/fcba-offshore.com\/wp-content\/uploads\/2014\/06\/Malte.png\" alt=\"Malte\" width=\"33\" height=\"20\" \/><\/a> <a class=\"tooltips\" style=\"position: absolute;\" title=\"Malta je ostrovem St\u0159edozemn\u00edho mo\u0159e hned vedle Sic\u00edlie...\" href=\"https:\/\/fcba-offshore.com\/cs\/offshore-spolecnost-na-malte\/\">Malta<\/a><\/td>\n<td><a href=\"https:\/\/fcba-offshore.com\/en\/offshore-company-in-switzerland\/\"><img loading=\"lazy\" decoding=\"async\" class=\"alignnone wp-image-359\" src=\"http:\/\/fcba-offshore.com\/wp-content\/uploads\/2014\/06\/Suisse.png\" alt=\"Suisse\" width=\"33\" height=\"20\" \/><\/a> <a class=\"tooltips\" style=\"position: absolute;\" title=\"\u0160v\u00fdcarsko, zemi nach\u00e1zej\u00edc\u00ed se v z\u00e1padn\u00ed Evrop\u011b...\" href=\"https:\/\/fcba-offshore.com\/cs\/offshore-spolecnost-ve-svycarsku\/\">\u0160v\u00fdcarsko<\/a><\/td>\n<\/tr>\n<tr>\n<td><a href=\"https:\/\/fcba-offshore.com\/en\/offshore-company-in-cyprus\/\"><img loading=\"lazy\" decoding=\"async\" class=\"alignnone wp-image-345\" src=\"http:\/\/fcba-offshore.com\/wp-content\/uploads\/2014\/06\/Chypre.png\" alt=\"Chypre\" width=\"33\" height=\"20\" \/><\/a> <a class=\"tooltips\" style=\"position: absolute;\" title=\"Kypr je ostrov ve v\u00fdchodn\u00ed \u010d\u00e1sti St\u0159edozemn\u00edho mo\u0159e ...\" href=\"https:\/\/fcba-offshore.com\/cs\/offshore-spolecnost-na-kypru\/\">Kypr<\/a><\/td>\n<td><a href=\"https:\/\/fcba-offshore.com\/en\/offshore-company-in-ireland\/\"><img loading=\"lazy\" decoding=\"async\" class=\"alignnone wp-image-367\" src=\"http:\/\/fcba-offshore.com\/wp-content\/uploads\/2014\/06\/Irelande.png\" alt=\"\u00cdrsko\" width=\"33\" height=\"20\" \/><\/a> <a class=\"tooltips\" style=\"position: absolute;\" title=\"Pravd\u011bpodobn\u011b nen\u00ed pot\u0159eba p\u0159edstavovat Irsko...\" href=\"https:\/\/fcba-offshore.com\/cs\/offshore-spolecnost-v-irsku\/\">Irsko<\/a><\/td>\n<td><a href=\"https:\/\/fcba-offshore.com\/en\/offshore-company-in-mauritius\/\"><img loading=\"lazy\" decoding=\"async\" class=\"alignnone wp-image-351\" src=\"http:\/\/fcba-offshore.com\/wp-content\/uploads\/2014\/06\/Ile-Maurice.png\" alt=\"Ile-Maurice\" width=\"33\" height=\"20\" \/><\/a> <a class=\"tooltips\" style=\"position: absolute;\" title=\"Mauricius nebo Mauricijsk\u00e1 republika je v prvn\u00ed \u0159ad\u011b...\" href=\"https:\/\/fcba-offshore.com\/cs\/offshore-spolecnost-na-ostrove-mauricius\/\">Mauricius<\/a><\/td>\n<td><a href=\"https:\/\/fcba-offshore.com\/en\/offshore-company-in-vanuatu\/\"><img loading=\"lazy\" decoding=\"async\" class=\"alignnone wp-image-360\" src=\"http:\/\/fcba-offshore.com\/wp-content\/uploads\/2014\/06\/Vanuatu.png\" alt=\"Vanuatu\" width=\"33\" height=\"20\" \/><\/a> <a class=\"tooltips\" style=\"position: absolute;\" title=\"Vanuatu je souostrov\u00ed nach\u00e1zej\u00edc\u00ed se v Oce\u00e1nii...\" href=\"https:\/\/fcba-offshore.com\/cs\/offshore-spolecnost-na-vanuatu\/\">Vanuatu<\/a><\/td>\n<\/tr>\n<tr>\n<td><a href=\"https:\/\/fcba-offshore.com\/en\/offshore-company-in-delaware\/\"><img loading=\"lazy\" decoding=\"async\" class=\"alignnone wp-image-346\" src=\"http:\/\/fcba-offshore.com\/wp-content\/uploads\/2014\/06\/Delaware.png\" alt=\"Delaware\" width=\"33\" height=\"20\" \/><\/a> <a class=\"tooltips\" style=\"position: absolute;\" title=\"St\u00e1t Delaware je sou\u010d\u00e1st\u00ed Spojen\u00fdch st\u00e1t\u016f americk\u00fdch...\" href=\"https:\/\/fcba-offshore.com\/cs\/offshore-spolecnost-v-delaware\/\">Delaware<\/a><\/td>\n<td><a href=\"https:\/\/fcba-offshore.com\/en\/offshore-company-in-the-isle-of-man\/\"><img loading=\"lazy\" decoding=\"async\" class=\"alignnone wp-image-350\" src=\"http:\/\/fcba-offshore.com\/wp-content\/uploads\/2014\/06\/Ile-de-Man.png\" alt=\"Ile-de-Man\" width=\"33\" height=\"20\" \/><\/a> <a class=\"tooltips\" style=\"position: absolute;\" title=\"Ostrov Man (The Isle of Man) je v Evrop\u011b pom\u011brn\u011b zn\u00e1m\u00fd...\" href=\"https:\/\/fcba-offshore.com\/cs\/offshore-spolecnost-na-ostrove-man\/\">Ostrov Man<\/a><\/td>\n<td><a href=\"https:\/\/fcba-offshore.com\/en\/offshore-company-in-monaco\/\"><img loading=\"lazy\" decoding=\"async\" class=\"alignnone wp-image-356\" src=\"http:\/\/fcba-offshore.com\/wp-content\/uploads\/2014\/06\/Monaco.png\" alt=\"Monaco is a principality and an exclusive offshore destination...\" width=\"33\" height=\"20\" \/><\/a> <a class=\"tooltips\" style=\"position: absolute;\" title=\"Monack\u00e9 kn\u00ed\u017eectv\u00ed je ve sv\u011bt\u011b zn\u00e1m\u00e9 jako destinace...\" href=\"https:\/\/fcba-offshore.com\/cs\/offshore-spolecnost-v-monaku\/\">Monako<\/a><\/td>\n<td><a class=\"tooltips\" style=\"position: absolute;\" title=\"Ostatn\u00ed offshore jurisdikce...\" href=\"https:\/\/fcba-offshore.com\/cs\/ostatni-offshore-jurisdikce\/\">Ostatn\u00ed offshore jurisdikce<\/a><\/td>\n<\/tr>\n<\/tbody>\n<\/table>\n<p><span class=\"hps\">P\u0159e\u010dt\u011bte si informace o ka\u017ed\u00e9 <a href=\"https:\/\/fcba-offshore.com\/cs\/offshore-jurisdikce\/\">offshore jurisdikci<\/a> uveden\u00e9 v\u00fd\u0161e a z\u00edskejte tak z\u00e1kladn\u00ed znalosti o <a href=\"https:\/\/fcba-offshore.com\/cs\/\">offshore podnik\u00e1n\u00ed<\/a>. Porovnejte si je tak\u00e9, abyste tak l\u00e9pe pochopili rady na\u0161ich odborn\u00edk\u016f..<\/span><span class=\"hps\">.<\/span><\/p>\n<p>&nbsp;<\/p>\n<p style=\"text-align: justify;\"><a href=\"https:\/\/fcba-offshore.com\/cs\/kontakt-2\/\">Pro jak\u00e9koliv dal\u0161\u00ed informace nev\u00e1hejte a obra\u0165te se na \u010dleny t\u00fdmu FCBA Offshore Ltd<\/a>.<\/p>\n<p>&nbsp;<\/p>\n<p style=\"text-align: justify;\"><a href=\"http:\/\/fcba-offshore.com\/wp-content\/uploads\/2014\/06\/logo-small.png\"><img loading=\"lazy\" decoding=\"async\" class=\"alignnone size-full wp-image-479\" src=\"http:\/\/fcba-offshore.com\/wp-content\/uploads\/2014\/06\/logo-small.png\" alt=\"Logo offshore small\" width=\"142\" height=\"31\" \/><\/a><\/p>\n","protected":false},"excerpt":{"rendered":"<p>Offshore jurisdikce: &nbsp; Andorra Dominika Jersey Nevis Bahamy Dubaj Loty\u0161sko Panama Belize Gibraltar Lichten\u0161tejnsko Seychely B.P.O. Guernesey Lucembursko Singapur Kajmansk\u00e9 ostrovy Hongkong Malta \u0160v\u00fdcarsko Kypr Irsko Mauricius Vanuatu Delaware Ostrov Man Monako Ostatn\u00ed offshore jurisdikce P\u0159e\u010dt\u011bte si informace o ka\u017ed\u00e9 offshore jurisdikci uveden\u00e9 v\u00fd\u0161e a z\u00edskejte tak z\u00e1kladn\u00ed znalosti o offshore podnik\u00e1n\u00ed. Porovnejte si je&hellip;<\/p>\n","protected":false},"author":1,"featured_media":0,"parent":0,"menu_order":0,"comment_status":"closed","ping_status":"open","template":"","meta":{"footnotes":""},"class_list":["post-2825","page","type-page","status-publish","hentry"],"_links":{"self":[{"href":"https:\/\/fcba-offshore.com\/cs\/wp-json\/wp\/v2\/pages\/2825","targetHints":{"allow":["GET"]}}],"collection":[{"href":"https:\/\/fcba-offshore.com\/cs\/wp-json\/wp\/v2\/pages"}],"about":[{"href":"https:\/\/fcba-offshore.com\/cs\/wp-json\/wp\/v2\/types\/page"}],"author":[{"embeddable":true,"href":"https:\/\/fcba-offshore.com\/cs\/wp-json\/wp\/v2\/users\/1"}],"replies":[{"embeddable":true,"href":"https:\/\/fcba-offshore.com\/cs\/wp-json\/wp\/v2\/comments?post=2825"}],"version-history":[{"count":5,"href":"https:\/\/fcba-offshore.com\/cs\/wp-json\/wp\/v2\/pages\/2825\/revisions"}],"predecessor-version":[{"id":3018,"href":"https:\/\/fcba-offshore.com\/cs\/wp-json\/wp\/v2\/pages\/2825\/revisions\/3018"}],"wp:attachment":[{"href":"https:\/\/fcba-offshore.com\/cs\/wp-json\/wp\/v2\/media?parent=2825"}],"curies":[{"name":"wp","href":"https:\/\/api.w.org\/{rel}","templated":true}]}}