{"id":2828,"date":"2016-09-29T10:08:03","date_gmt":"2016-09-29T10:08:03","guid":{"rendered":"http:\/\/fcba-offshore.com\/?page_id=2828"},"modified":"2016-10-03T15:06:01","modified_gmt":"2016-10-03T15:06:01","slug":"offshore-spolecnosti-s-fcba-offshore-ltd","status":"publish","type":"page","link":"https:\/\/fcba-offshore.com\/cs\/","title":{"rendered":"Offshore podnik\u00e1n\u00ed"},"content":{"rendered":"<h1><strong>Offshore podnik\u00e1n\u00ed s FCBA Offshore Ltd:<\/strong><\/h1>\n<p><script>\/\/ <![CDATA[\n(function(i,s,o,g,r,a,m){i['GoogleAnalyticsObject']=r;i[r]=i[r]||function(){\n  (i[r].q=i[r].q||[]).push(arguments)},i[r].l=1*new Date();a=s.createElement(o),\n  m=s.getElementsByTagName(o)[0];a.async=1;a.src=g;m.parentNode.insertBefore(a,m)\n  })(window,document,'script','\/\/www.google-analytics.com\/analytics.js','ga');\n\n  ga('create', 'UA-74936480-1', 'auto');\n  ga('send', 'pageview');\n\n\/\/ ]]><\/script><\/p>\n<p style=\"text-align: justify;\">V\u00e1\u017een\u00ed \u010dten\u00e1\u0159i,<\/p>\n<p>&nbsp;<\/p>\n<p style=\"text-align: justify;\"><a href=\"https:\/\/fcba-offshore.com\/cs\/\">Spole\u010dnost FCBA Offshore Ltd<\/a> je specialistou na <a href=\"https:\/\/fcba-offshore.com\/cs\/offshore-spolecnosti\/\">podnik\u00e1n\u00ed offshore<\/a> a jej\u00ed zku\u0161en\u00ed odborn\u00edci jsou v\u00e1m nyn\u00ed k dispozici s odpov\u011bd\u00ed na jak\u00fdkoliv dotaz.<br \/>\n<a href=\"https:\/\/fcba-offshore.com\/cs\/\">FCBA Offshore Ltd<\/a> byla zalo\u017eena profesion\u00e1ly s bohat\u00fdmi zku\u0161enostmi v podnik\u00e1n\u00ed typu offshore, veden\u00fdmi snahou vytvo\u0159it vlastn\u00ed spole\u010dnost, stoj\u00edc\u00ed na pevn\u00fdch kontaktech ve sv\u011bt\u011b podnik\u00e1n\u00ed. D\u00edky t\u00e9to s\u00edti dok\u00e1zala <a href=\"https:\/\/fcba-offshore.com\/cs\/\">spole\u010dnost FCBA Offshore Ltd<\/a> vytvo\u0159it jednoduch\u00fd, racion\u00e1ln\u00ed a\u00a0nen\u00e1kladn\u00fd syst\u00e9m produkt\u016f offshore.<\/p>\n<p style=\"text-align: justify;\">Na\u0161\u00edm c\u00edlem je nal\u00e9zt v ka\u017ed\u00e9m obchodn\u00edm p\u0159\u00edpad\u011b <a href=\"https:\/\/fcba-offshore.com\/cs\/offshore-bankovni-ucet\/\">offshore \u0159e\u0161en\u00ed<\/a> na m\u00edru osobn\u00edm \u010di profesion\u00e1ln\u00edm pot\u0159eb\u00e1m z\u00e1kazn\u00edka a\u00a0postarat se o v\u0161echny administrativn\u00ed n\u00e1le\u017eitosti registrace <a href=\"https:\/\/fcba-offshore.com\/cs\/offshore-spolecnosti\/\">offshore spole\u010dnosti<\/a> a ostatn\u00ed povinnosti (v\u010detn\u011b \u00fa\u010detn\u00edch) souvisej\u00edc\u00ed se z\u00e1vazky m\u011bs\u00ed\u010dn\u00edho, \u010dtvrtletn\u00edho \u010di ro\u010dn\u00edho charakteru. Toto pojet\u00ed je na\u0161\u00ed velkou v\u00fdhodou v\u016f\u010di konkurenci, kter\u00e1 dok\u00e1\u017ee z\u00e1kazn\u00edk\u016fm na za\u010d\u00e1tku pomoci s registrac\u00ed spole\u010dnosti, ale pak miz\u00ed a z\u00e1kazn\u00edk si mus\u00ed s administrativn\u00edm zaveden\u00edm <a href=\"https:\/\/fcba-offshore.com\/cs\/offshore-spolecnosti\/\">offshore spole\u010dnosti<\/a> poradit s\u00e1m.<\/p>\n<p style=\"text-align: justify;\">Pokud se rozhodnete n\u00e1m d\u016fv\u011b\u0159ovat a spolupracovat s n\u00e1mi, zaru\u010d\u00edme v\u00e1m za vysokou kvalitu slu\u017eeb spojenou s diskr\u00e9tnost\u00ed a p\u0159\u00edstupem ke v\u0161em p\u0159ednostem podnik\u00e1n\u00ed typu offshore na dlouhodob\u00e9 b\u00e1zi.<\/p>\n<p style=\"text-align: justify;\">Po prvn\u00edm e-mailov\u00e9m kontaktu se s v\u00e1mi do 48 hodin spoj\u00edme, abychom spole\u010dn\u011b vypracovali \u0159e\u0161en\u00ed vyu\u017e\u00edvaj\u00edc\u00ed offshore podle va\u0161ich osobn\u00edch a profesion\u00e1ln\u00edch pot\u0159eb. Pro n\u00e1s je kl\u00ed\u010dem k postupu pozn\u00e1n\u00ed va\u0161\u00ed motivace pro vstup do <a href=\"https:\/\/fcba-offshore.com\/cs\/offshore-spolecnosti\/\">podnik\u00e1n\u00ed offshore<\/a>. Na\u0161i zku\u0161en\u00ed konzultanti v\u00e1m bez pochyb dok\u00e1\u017eou poradit a navrhnout \u0159e\u0161en\u00ed na m\u00edru. I kdy\u017e je <a href=\"https:\/\/fcba-offshore.com\/cs\/offshore-jurisdikce\/\">offshore sv\u011bt<\/a> sv\u011btem zna\u010dn\u011b exkluzivn\u00edm, nen\u00ed vyhrazen pro jakoukoliv men\u0161inu a snahou <a href=\"https:\/\/fcba-offshore.com\/cs\/\">FCBA\u00a0Offshore Ltd<\/a> je p\u0159in\u00e9st p\u0159ednosti <a href=\"https:\/\/fcba-offshore.com\/cs\/offshore-spolecnosti\/\">podnik\u00e1n\u00ed offshore<\/a> co nejv\u011bt\u0161\u00edmu po\u010dtu lid\u00ed.<\/p>\n<p style=\"text-align: justify;\"><strong>JEDNODUCHOST<\/strong>, <strong>RACION\u00c1LNOST<\/strong> a\u00a0<strong>HOSPOD\u00c1RNOST<\/strong> &#8211; to v\u0161e v\u00e1m m\u016f\u017eeme zaru\u010dit.<\/p>\n<p style=\"text-align: justify;\">Nav\u0161tivte <a href=\"https:\/\/fcba-offshore.com\/cs\/\">na\u0161e str\u00e1nky<\/a> a pod\u00edvejte se d\u016fkladn\u011bji na nab\u00edzen\u00e9 produkty a slu\u017eby. V\u017edy v\u00edce a\u00a0jinak \u2013 <a href=\"https:\/\/fcba-offshore.com\/cs\/offshore-bankovni-ucet\/\">offshore \u0159e\u0161en\u00ed<\/a> na m\u00edru z\u00e1kazn\u00edk\u016fm.<\/p>\n<p>&nbsp;<\/p>\n<p style=\"text-align: justify;\">A\u0165 se v\u00e1m na\u0161e str\u00e1nky l\u00edb\u00ed.<\/p>\n<p style=\"text-align: justify;\">T\u00fdm FCBA Offshore Ltd,<\/p>\n<p>&nbsp;<\/p>\n<p style=\"text-align: justify;\"><a href=\"http:\/\/fcba-offshore.com\/wp-content\/uploads\/2014\/06\/logo-small.png\"><img loading=\"lazy\" decoding=\"async\" class=\"alignnone size-full wp-image-479\" src=\"http:\/\/fcba-offshore.com\/wp-content\/uploads\/2014\/06\/logo-small.png\" alt=\"Logo offshore small\" width=\"142\" height=\"31\" \/><\/a><\/p>\n","protected":false},"excerpt":{"rendered":"<p>Offshore podnik\u00e1n\u00ed s FCBA Offshore Ltd: V\u00e1\u017een\u00ed \u010dten\u00e1\u0159i, &nbsp; Spole\u010dnost FCBA Offshore Ltd je specialistou na podnik\u00e1n\u00ed offshore a jej\u00ed zku\u0161en\u00ed odborn\u00edci jsou v\u00e1m nyn\u00ed k dispozici s odpov\u011bd\u00ed na jak\u00fdkoliv dotaz. FCBA Offshore Ltd byla zalo\u017eena profesion\u00e1ly s bohat\u00fdmi zku\u0161enostmi v podnik\u00e1n\u00ed typu offshore, veden\u00fdmi snahou vytvo\u0159it vlastn\u00ed spole\u010dnost, stoj\u00edc\u00ed na pevn\u00fdch kontaktech ve&hellip;<\/p>\n","protected":false},"author":1,"featured_media":0,"parent":0,"menu_order":0,"comment_status":"closed","ping_status":"open","template":"template_homepage1.php","meta":{"footnotes":""},"class_list":["post-2828","page","type-page","status-publish","hentry"],"_links":{"self":[{"href":"https:\/\/fcba-offshore.com\/cs\/wp-json\/wp\/v2\/pages\/2828","targetHints":{"allow":["GET"]}}],"collection":[{"href":"https:\/\/fcba-offshore.com\/cs\/wp-json\/wp\/v2\/pages"}],"about":[{"href":"https:\/\/fcba-offshore.com\/cs\/wp-json\/wp\/v2\/types\/page"}],"author":[{"embeddable":true,"href":"https:\/\/fcba-offshore.com\/cs\/wp-json\/wp\/v2\/users\/1"}],"replies":[{"embeddable":true,"href":"https:\/\/fcba-offshore.com\/cs\/wp-json\/wp\/v2\/comments?post=2828"}],"version-history":[{"count":5,"href":"https:\/\/fcba-offshore.com\/cs\/wp-json\/wp\/v2\/pages\/2828\/revisions"}],"predecessor-version":[{"id":2943,"href":"https:\/\/fcba-offshore.com\/cs\/wp-json\/wp\/v2\/pages\/2828\/revisions\/2943"}],"wp:attachment":[{"href":"https:\/\/fcba-offshore.com\/cs\/wp-json\/wp\/v2\/media?parent=2828"}],"curies":[{"name":"wp","href":"https:\/\/api.w.org\/{rel}","templated":true}]}}