{"id":2834,"date":"2016-09-29T10:14:34","date_gmt":"2016-09-29T10:14:34","guid":{"rendered":"http:\/\/fcba-offshore.com\/?page_id=2834"},"modified":"2016-10-10T13:28:23","modified_gmt":"2016-10-10T13:28:23","slug":"ostatni-offshore-jurisdikce","status":"publish","type":"page","link":"https:\/\/fcba-offshore.com\/cs\/ostatni-offshore-jurisdikce\/","title":{"rendered":"Ostatn\u00ed offshore jurisdikce"},"content":{"rendered":"<h1>Ostatn\u00ed offshore jurisdikce:<\/h1>\n<p>&nbsp;<\/p>\n<p style=\"text-align: justify;\">Nen\u00ed t\u0159eba \u0159\u00edkat, \u017ee seznam <a href=\"https:\/\/fcba-offshore.com\/cs\/offshore-jurisdikce\/\">offshore jurisdikc\u00ed<\/a> popsan\u00fdch\u00a0na na\u0161\u00ed webov\u00e9 str\u00e1nce\u00a0nen\u00ed vy\u010derp\u00e1vaj\u00edc\u00ed a neobsahuje v\u0161echny glob\u00e1ln\u00ed offshore m\u00edsta na sv\u011bt\u011b.<\/p>\n<p style=\"text-align: justify;\">M\u011bn\u00ed se tak\u00e9 neust\u00e1le finan\u010dn\u00ed sv\u011bt\u00a0nov\u00fdmi na\u0159\u00edzen\u00edmi nebo z\u00e1kony, kter\u00e9 parlamenty t\u011bchto <a href=\"https:\/\/fcba-offshore.com\/cs\/offshore-jurisdikce\/\">offshore jurisdikc\u00ed<\/a> p\u0159ij\u00edmaj\u00ed, a tak je nemo\u017en\u00e9 zajistit, \u017ee moment\u00e1ln\u00ed <a href=\"https:\/\/fcba-offshore.com\/cs\/offshore-spolecnosti\/\">offshore m\u00edsta<\/a> a jejich v\u00fdhody budou stejn\u011b i z\u00edtra. To je d\u016fvodem, pro\u010d se n\u00e1\u0161 t\u00fdm, kter\u00fd je ve spojen\u00ed s na\u0161\u00ed mezin\u00e1rodn\u00ed s\u00edt\u00ed, udr\u017euje v obraze, co se t\u00fd\u010de nov\u00fdch da\u0148ov\u00fdch pr\u00e1vn\u00edch p\u0159edpis\u016f, kter\u00e9 vl\u00e1dy v\u0161ude po sv\u011bt\u011b schvaluj\u00ed. Krom\u011b toho je v na\u0161em odv\u011btv\u00ed\u00a0vysok\u00e1 \u00farove\u0148 konkurenceschopnosti, proto\u00a0\u00famysln\u011b nep\u0159edstavujeme v\u0161echny <a href=\"https:\/\/fcba-offshore.com\/cs\/offshore-jurisdikce\/\">offshore jurisdikce<\/a>, ve kter\u00fdch m\u00e1me finan\u010dn\u00ed partnery, proto\u017ee to pova\u017eujeme za d\u016fv\u011brn\u00e9.<\/p>\n<p style=\"text-align: justify;\">Pro jak\u00e9koliv dal\u0161\u00ed informace <a href=\"https:\/\/fcba-offshore.com\/cs\/kontakt-2\/\">nev\u00e1hejte a obra\u0165te se na \u010dleny t\u00fdmu FCBA Offshore Ltd<\/a>.<\/p>\n<p><a href=\"http:\/\/fcba-offshore.com\/wp-content\/uploads\/2014\/06\/logo-small.png\"><img loading=\"lazy\" decoding=\"async\" class=\"alignnone size-full wp-image-479\" src=\"http:\/\/fcba-offshore.com\/wp-content\/uploads\/2014\/06\/logo-small.png\" alt=\"Logo offshore small\" width=\"142\" height=\"31\" \/><\/a><\/p>\n","protected":false},"excerpt":{"rendered":"<p>Ostatn\u00ed offshore jurisdikce: &nbsp; Nen\u00ed t\u0159eba \u0159\u00edkat, \u017ee seznam offshore jurisdikc\u00ed popsan\u00fdch\u00a0na na\u0161\u00ed webov\u00e9 str\u00e1nce\u00a0nen\u00ed vy\u010derp\u00e1vaj\u00edc\u00ed a neobsahuje v\u0161echny glob\u00e1ln\u00ed offshore m\u00edsta na sv\u011bt\u011b. M\u011bn\u00ed se tak\u00e9 neust\u00e1le finan\u010dn\u00ed sv\u011bt\u00a0nov\u00fdmi na\u0159\u00edzen\u00edmi nebo z\u00e1kony, kter\u00e9 parlamenty t\u011bchto offshore jurisdikc\u00ed p\u0159ij\u00edmaj\u00ed, a tak je nemo\u017en\u00e9 zajistit, \u017ee moment\u00e1ln\u00ed offshore m\u00edsta a jejich v\u00fdhody budou stejn\u011b i z\u00edtra.&hellip;<\/p>\n","protected":false},"author":1,"featured_media":0,"parent":0,"menu_order":0,"comment_status":"closed","ping_status":"open","template":"","meta":{"footnotes":""},"class_list":["post-2834","page","type-page","status-publish","hentry"],"_links":{"self":[{"href":"https:\/\/fcba-offshore.com\/cs\/wp-json\/wp\/v2\/pages\/2834","targetHints":{"allow":["GET"]}}],"collection":[{"href":"https:\/\/fcba-offshore.com\/cs\/wp-json\/wp\/v2\/pages"}],"about":[{"href":"https:\/\/fcba-offshore.com\/cs\/wp-json\/wp\/v2\/types\/page"}],"author":[{"embeddable":true,"href":"https:\/\/fcba-offshore.com\/cs\/wp-json\/wp\/v2\/users\/1"}],"replies":[{"embeddable":true,"href":"https:\/\/fcba-offshore.com\/cs\/wp-json\/wp\/v2\/comments?post=2834"}],"version-history":[{"count":3,"href":"https:\/\/fcba-offshore.com\/cs\/wp-json\/wp\/v2\/pages\/2834\/revisions"}],"predecessor-version":[{"id":3009,"href":"https:\/\/fcba-offshore.com\/cs\/wp-json\/wp\/v2\/pages\/2834\/revisions\/3009"}],"wp:attachment":[{"href":"https:\/\/fcba-offshore.com\/cs\/wp-json\/wp\/v2\/media?parent=2834"}],"curies":[{"name":"wp","href":"https:\/\/api.w.org\/{rel}","templated":true}]}}