{"id":2836,"date":"2016-09-29T10:16:28","date_gmt":"2016-09-29T10:16:28","guid":{"rendered":"http:\/\/fcba-offshore.com\/?page_id=2836"},"modified":"2016-10-10T13:12:11","modified_gmt":"2016-10-10T13:12:11","slug":"offshore-spolecnost-v-paname","status":"publish","type":"page","link":"https:\/\/fcba-offshore.com\/cs\/offshore-spolecnost-v-paname\/","title":{"rendered":"Offshore spole\u010dnost v Panam\u011b"},"content":{"rendered":"<h1><a href=\"http:\/\/fcba-offshore.com\/wp-content\/uploads\/2014\/06\/Panama.png\"><img loading=\"lazy\" decoding=\"async\" class=\"alignnone size-full wp-image-366\" src=\"http:\/\/fcba-offshore.com\/wp-content\/uploads\/2014\/06\/Panama.png\" alt=\"Panama\" width=\"65\" height=\"42\" \/><\/a> <a href=\"http:\/\/fcba-offshore.com\/wp-content\/uploads\/2014\/06\/Panama-Offshore.png\"><img loading=\"lazy\" decoding=\"async\" class=\"size-medium wp-image-638 alignright\" src=\"http:\/\/fcba-offshore.com\/wp-content\/uploads\/2014\/06\/Panama-Offshore-300x131.png\" alt=\"Panama Offshore\" width=\"300\" height=\"131\" srcset=\"https:\/\/fcba-offshore.com\/wp-content\/uploads\/2014\/06\/Panama-Offshore-300x131.png 300w, https:\/\/fcba-offshore.com\/wp-content\/uploads\/2014\/06\/Panama-Offshore.png 641w, https:\/\/fcba-offshore.com\/wp-content\/uploads\/2014\/06\/Panama-Offshore-450x196.png 450w\" sizes=\"auto, (max-width: 300px) 100vw, 300px\" \/><\/a><\/h1>\n<p>&nbsp;<\/p>\n<h1>Offshore spole\u010dnost v Panam\u011b:<\/h1>\n<p>&nbsp;<\/p>\n<p style=\"text-align: justify;\">Panama je nejji\u017en\u011bj\u0161\u00edm st\u00e1tem ve st\u0159edn\u00ed Americe a m\u00e1 skoro 3,5 milionu obyvatel. Je zn\u00e1m\u00e1 po cel\u00e9m sv\u011bt\u011b d\u00edky sv\u00e9mu pr\u016fplavu, kter\u00fdm si lod\u011b zkracuj\u00ed cestu mezi Atlantick\u00fdm a Tich\u00fdm oce\u00e1nem. Ekonomika t\u00e9to zem\u011b prosperuje nejv\u00edce z cel\u00e9 st\u0159edn\u00ed Ameriky a je zalo\u017eena na obchod\u011b, turistice, a p\u0159edev\u0161\u00edm na finan\u010dn\u00edch slu\u017eb\u00e1ch. Tato <a href=\"https:\/\/fcba-offshore.com\/cs\/offshore-jurisdikce\/\">offshore jurisdikce<\/a> s velmi da\u0148ov\u011b p\u0159\u00edv\u011btiv\u00fdmi pr\u00e1vn\u00edmi p\u0159edpisy zaru\u010duje lidem, kte\u0159\u00ed \u017eij\u00ed v zahrani\u010d\u00ed, ale maj\u00ed zde <a href=\"https:\/\/fcba-offshore.com\/cs\/offshore-bankovni-ucet\/\">offshore bankovn\u00ed \u00fa\u010det<\/a> nebo <a href=\"https:\/\/fcba-offshore.com\/cs\/offshore-spolecnosti\/\">offshore spole\u010dnost<\/a>, anonymitu. Tento st\u00e1t se d\u00e1 snadno srovn\u00e1vat se \u0160v\u00fdcarskem, proto\u017ee Panama je region\u00e1ln\u011b mocn\u00fdm finan\u010dn\u00edm centrem, kter\u00fd va\u0161emu podnik\u00e1n\u00ed nab\u00edz\u00ed bankovn\u00ed tajemstv\u00ed a vysokou \u00farove\u0148 d\u016fv\u011brnosti.<\/p>\n<p style=\"text-align: justify;\">Existuje spousta p\u0159\u00ednos\u016f vypl\u00fdvaj\u00edc\u00edch z <a href=\"https:\/\/fcba-offshore.com\/cs\/offshore-bankovni-ucet\/\">offshore bankovn\u00edho \u00fa\u010dtu<\/a> nebo vlastnictv\u00ed <a href=\"https:\/\/fcba-offshore.com\/cs\/offshore-spolecnosti\/\">offshore spole\u010dnosti<\/a> v Panam\u011b:<\/p>\n<ul style=\"text-align: justify;\">\n<li>nulov\u00e1 DPH<\/li>\n<li>nulov\u00e1 da\u0148 z p\u0159\u00edjmu pr\u00e1vnick\u00fdch osob (pouze u nerezident\u016f)<\/li>\n<li>\u017e\u00e1dn\u00e9 stanoven\u00e9 minimum z\u00e1kladn\u00edho kapit\u00e1lu<\/li>\n<li>zaru\u010den\u00e9 bankovn\u00ed tajemstv\u00ed (100% d\u016fv\u011brnost)<\/li>\n<li>nevyzrazov\u00e1n\u00ed identity majitel\u016f podnik\u016f<\/li>\n<\/ul>\n<p style=\"text-align: justify;\">Otev\u0159en\u00ed <a href=\"https:\/\/fcba-offshore.com\/cs\/offshore-bankovni-ucet\/\">offshore bankovn\u00edho \u00fa\u010dtu<\/a> nebo z\u0159\u00edzen\u00ed <a href=\"https:\/\/fcba-offshore.com\/cs\/offshore-spolecnosti\/\">offshore spole\u010dnosti<\/a> v Panam\u011b doporu\u010duje <a href=\"https:\/\/fcba-offshore.com\/cs\/\">FCBA Offshore Ltd<\/a> p\u0159edev\u0161\u00edm lidem, kte\u0159\u00ed nijak neobchoduj\u00ed s Evropou. D\u016fvodem je exoti\u010dnost t\u00e9to jurisdikce z pohledu evropsk\u00fdch vl\u00e1d a tak\u00e9 velk\u00fd \u010dasov\u00fd posun mezi Evropou a Panamou, kter\u00fd m\u016f\u017ee znemo\u017e\u0148ovat \u00fa\u010dinn\u00fd ka\u017edodenn\u00ed kontakt s va\u0161\u00ed bankou.<\/p>\n<p style=\"text-align: justify;\">Otev\u0159en\u00ed <a href=\"https:\/\/fcba-offshore.com\/cs\/offshore-bankovni-ucet\/\">offshore bankovn\u00edho \u00fa\u010dtu<\/a> i\u00a0zalo\u017een\u00ed <a href=\"https:\/\/fcba-offshore.com\/cs\/offshore-spolecnosti\/\">offshore spole\u010dnosti<\/a> v Panam\u011b je pro n\u00e1s jednoduchou z\u00e1le\u017eitost\u00ed a r\u00e1di se s v\u00e1mi pod\u011bl\u00edme o svou s\u00ed\u0165 a partnerstv\u00ed s m\u00edstn\u00edmi bankami.<\/p>\n<p style=\"text-align: justify;\">Nakonec je t\u0159eba m\u00edt na pam\u011bti skute\u010dnost, \u017ee po\u010d\u00e1te\u010dn\u00ed vklad, kter\u00fd m\u00edstn\u00ed banky vy\u017eaduj\u00ed, je celkem vysok\u00fd, co\u017e m\u016f\u017ee od otev\u0159en\u00ed <a href=\"https:\/\/fcba-offshore.com\/cs\/offshore-bankovni-ucet\/\">offshore bankovn\u00edho \u00fa\u010dtu<\/a> odradit.<\/p>\n<p style=\"text-align: justify;\">Pro jak\u00e9koliv dal\u0161\u00ed informace <a href=\"https:\/\/fcba-offshore.com\/cs\/kontakt-2\/\">nev\u00e1hejte a obra\u0165te se na \u010dleny t\u00fdmu FCBA Offshore Ltd<\/a>.<\/p>\n<p><a href=\"http:\/\/fcba-offshore.com\/wp-content\/uploads\/2014\/06\/logo-small.png\"><img loading=\"lazy\" decoding=\"async\" class=\"alignnone size-full wp-image-479\" src=\"http:\/\/fcba-offshore.com\/wp-content\/uploads\/2014\/06\/logo-small.png\" alt=\"Logo offshore small\" width=\"142\" height=\"31\" \/><\/a><\/p>\n","protected":false},"excerpt":{"rendered":"<p>&nbsp; Offshore spole\u010dnost v Panam\u011b: &nbsp; Panama je nejji\u017en\u011bj\u0161\u00edm st\u00e1tem ve st\u0159edn\u00ed Americe a m\u00e1 skoro 3,5 milionu obyvatel. Je zn\u00e1m\u00e1 po cel\u00e9m sv\u011bt\u011b d\u00edky sv\u00e9mu pr\u016fplavu, kter\u00fdm si lod\u011b zkracuj\u00ed cestu mezi Atlantick\u00fdm a Tich\u00fdm oce\u00e1nem. Ekonomika t\u00e9to zem\u011b prosperuje nejv\u00edce z cel\u00e9 st\u0159edn\u00ed Ameriky a je zalo\u017eena na obchod\u011b, turistice, a p\u0159edev\u0161\u00edm na&hellip;<\/p>\n","protected":false},"author":1,"featured_media":0,"parent":0,"menu_order":0,"comment_status":"closed","ping_status":"open","template":"","meta":{"footnotes":""},"class_list":["post-2836","page","type-page","status-publish","hentry"],"_links":{"self":[{"href":"https:\/\/fcba-offshore.com\/cs\/wp-json\/wp\/v2\/pages\/2836","targetHints":{"allow":["GET"]}}],"collection":[{"href":"https:\/\/fcba-offshore.com\/cs\/wp-json\/wp\/v2\/pages"}],"about":[{"href":"https:\/\/fcba-offshore.com\/cs\/wp-json\/wp\/v2\/types\/page"}],"author":[{"embeddable":true,"href":"https:\/\/fcba-offshore.com\/cs\/wp-json\/wp\/v2\/users\/1"}],"replies":[{"embeddable":true,"href":"https:\/\/fcba-offshore.com\/cs\/wp-json\/wp\/v2\/comments?post=2836"}],"version-history":[{"count":3,"href":"https:\/\/fcba-offshore.com\/cs\/wp-json\/wp\/v2\/pages\/2836\/revisions"}],"predecessor-version":[{"id":3003,"href":"https:\/\/fcba-offshore.com\/cs\/wp-json\/wp\/v2\/pages\/2836\/revisions\/3003"}],"wp:attachment":[{"href":"https:\/\/fcba-offshore.com\/cs\/wp-json\/wp\/v2\/media?parent=2836"}],"curies":[{"name":"wp","href":"https:\/\/api.w.org\/{rel}","templated":true}]}}