{"id":2838,"date":"2016-09-29T10:25:47","date_gmt":"2016-09-29T10:25:47","guid":{"rendered":"http:\/\/fcba-offshore.com\/?page_id=2838"},"modified":"2016-10-03T11:01:58","modified_gmt":"2016-10-03T11:01:58","slug":"pravni-souvislosti","status":"publish","type":"page","link":"https:\/\/fcba-offshore.com\/cs\/pravni-souvislosti\/","title":{"rendered":"Pr\u00e1vn\u00ed souvislosti"},"content":{"rendered":"<h2>Pr\u00e1vn\u00ed souvislosti:<\/h2>\n<h3><\/h3>\n<h3><\/h3>\n<h3 style=\"text-align: justify;\">Editor webov\u00fdch str\u00e1nek<\/h3>\n<p style=\"text-align: justify;\">www.fcba-offshore.com editoval:<\/p>\n<p style=\"text-align: justify;\">FCBA Ltd<\/p>\n<h3 style=\"text-align: justify;\">Hosting<\/h3>\n<p style=\"text-align: justify;\">www.fcba-offshore.com spravuje: GoDaddy.com LLC, 14455 North Hayden Rd., Suite 219, Scottsdale, AZ 85260. Na\u0161e osobn\u00ed identifika\u010dn\u00ed informace byly v souladu se z\u00e1konem vyzrazeny spole\u010dnosti GoDaddy.com.<\/p>\n<p style=\"text-align: justify;\">V p\u0159\u00edpad\u011b st\u00ed\u017enost\u00ed t\u00fdkaj\u00edc\u00edch se obsahu webov\u00fdch str\u00e1nek, koment\u00e1\u0159\u016f nebo post\u016f se obra\u0165te p\u0159\u00edmo na n\u00e1s pomoc\u00ed kontaktn\u00edho formul\u00e1\u0159e, kter\u00fd je k dispozici na webov\u00fdch str\u00e1nk\u00e1ch.<br \/>\nPodle z\u00e1kona se tak\u00e9 m\u016f\u017eete obr\u00e1tit p\u0159\u00edmo na hostingovou spole\u010dnost na t\u00e9to adrese:<\/p>\n<p style=\"text-align: justify;\">Legal Department GoDaddy.com LLC , 14455 North Hayden Rd., Suite 219, Scottsdale, AZ 85260.<br \/>\nSpole\u010dnosti GoDaddy.com m\u016f\u017eete napsat tak\u00e9 e-mail na support@godaddy.com.<\/p>\n<h3 style=\"text-align: justify;\">Zpracov\u00e1v\u00e1n\u00ed osobn\u00edch \u00fadaj\u016f<\/h3>\n<p style=\"text-align: justify;\">Shrom\u00e1\u017ed\u011bn\u00e9 osobn\u00ed \u00fadaje slou\u017e\u00ed pouze pro intern\u00ed pou\u017eit\u00ed.<br \/>\nVa\u0161e osobn\u00ed \u00fadaje budou vyu\u017e\u00edv\u00e1ny k odpov\u011bd\u00edm na va\u0161e dotazy a nebudou nikdy prod\u00e1ny, sd\u00edleny nebo vyzrazov\u00e1ny t\u0159et\u00edm stran\u00e1m.<\/p>\n<h3 style=\"text-align: justify;\">O FCBA Offshore spolo\u010dnosti<\/h3>\n<p style=\"text-align: justify;\">Tuto webovou str\u00e1nku uve\u0159ejnila spole\u010dnost FCBA Offshore Ltd zapsan\u00e1 na Seychel\u00e1ch pod \u010d\u00edslem 147879.<\/p>\n<p style=\"text-align: justify;\">Spole\u010dnost FCBA Offshore Ltd nen\u00ed regulov\u00e1na \u00da\u0159adem pro finan\u010dn\u00ed etiku (Financial Conduct Authority, FCA) ve Spojen\u00e9m kr\u00e1lovstv\u00ed ani \u017e\u00e1dn\u00fdm jin\u00fdm regula\u010dn\u00edm \u00fa\u0159adem v\u00a0jak\u00e9koliv jin\u00e9 zemi. FCBA Offshore Ltd proto neposkytuje \u017e\u00e1dn\u00e9 investi\u010dn\u00ed poradensk\u00e9 slu\u017eby.<\/p>\n<p style=\"text-align: justify;\">Stejn\u011b tak m\u016f\u017ee FCBA Offshore Ltd p\u0159ij\u00edmat vklady od ve\u0159ejnosti pouze ve form\u011b poplatk\u016f.<\/p>\n<p style=\"text-align: justify;\">\u00da\u010delem t\u011bchto webov\u00fdch str\u00e1nek je informovat ve\u0159ejnost o aktivit\u00e1ch spole\u010dnosti FCBA Offshore Ltd. Spole\u010dnost FCBA Offshore Ltd ani jej\u00ed p\u0159idru\u017een\u00e9 spole\u010dnosti nebo partne\u0159i nejsou jejich obsahem obchodn\u011b v\u00e1z\u00e1ni. <\/p>\n<p style=\"text-align: justify;\">Spole\u010dnost FCBA Offshore Ltd usiluje o to, aby informace na t\u011bchto webov\u00fdch str\u00e1nk\u00e1ch byly p\u0159esn\u00e9 a aktu\u00e1ln\u00ed, a vyhrazuje si pr\u00e1vo na opravu obsahu kdykoliv a bez upozorn\u011bn\u00ed. Nelze v\u0161ak zaru\u010dit, \u017ee budou tyto informace vy\u010derp\u00e1vaj\u00edc\u00ed. Nem\u00e1 tak\u00e9 \u017e\u00e1dnou odpov\u011bdnost za p\u0159\u00edpadn\u00e9 chyby nebo opomenut\u00ed v uveden\u00fdch informac\u00edch.<\/p>\n<p style=\"text-align: justify;\">Je t\u0159eba, aby ka\u017ed\u00fd, kdo chce vyu\u017e\u00edvat zde uveden\u00e9 slu\u017eby nebo produkty, kontaktoval spole\u010dnost FCBA Offshore Ltd a zjistil, zda je konkr\u00e9tn\u00ed slu\u017eba nebo produkt k dispozici a\u00a0jak\u00e9 jsou platn\u00e9 smluvn\u00ed podm\u00ednky a sazby.<\/p>\n<p style=\"text-align: justify;\">FCBA Offshore Ltd nem\u00e1 naprosto \u017e\u00e1dnou odpov\u011bdnost za obsah t\u011bchto str\u00e1nek a jejich vyu\u017eit\u00ed k\u00fdmkoliv a prohla\u0161uje, \u017ee jak\u00e9koliv, by\u0165 \u010d\u00e1ste\u010dn\u00e9, zve\u0159ej\u0148ov\u00e1n\u00ed, pou\u017e\u00edv\u00e1n\u00ed nebo \u0161\u00ed\u0159en\u00ed t\u011bchto str\u00e1nek mus\u00ed b\u00fdt p\u0159edem schv\u00e1leno.<\/p>\n<p style=\"text-align: justify;\">Informace na t\u011bchto webov\u00fdch str\u00e1nk\u00e1ch podl\u00e9h\u00e1 britsk\u00fdm z\u00e1kon\u016fm.<\/p>\n<p style=\"text-align: justify;\">Vlastnictv\u00ed a pou\u017e\u00edv\u00e1n\u00ed offshore \u00fa\u010dtu m\u016f\u017ee regulovat zem\u011b pobytu vlastn\u00edka.<br \/>\nSpole\u010dnost FCBA Offshore Ltd neposkytuje uveden\u00e9 produkty nebo slu\u017eby nikomu, komu je zakazuje z\u00e1kon zem\u011b jejich p\u016fvodu nebo jak\u00e1koliv jin\u00e1 zem\u011b, se kterou maj\u00ed n\u011bco spole\u010dn\u00e9ho.<br \/>\nSpole\u010dnost FCBA Offshore Ltd kontroluje aktivity sv\u00fdch z\u00e1kazn\u00edk\u016f, ale nem\u016f\u017ee za n\u011b n\u00e9st odpov\u011bdnost.<\/p>\n<p style=\"text-align: justify;\">Spole\u010dnost FCBA Offshore Ltd prohla\u0161uje, \u017ee v\u011bt\u0161ina uveden\u00fdch jurisdikc\u00ed nab\u00edz\u00ed absolutn\u00ed d\u016fv\u011brnost. Dr\u017eitel\u00e9 offshore \u00fa\u010dtu nesou odpov\u011bdnost za nahl\u00e1\u0161en\u00ed t\u00e9to informace i v\u0161ech sv\u00fdch p\u0159\u00edjm\u016f da\u0148ov\u00fdm \u00fa\u0159ad\u016fm zem\u011b sv\u00e9ho pobytu.<\/p>\n<h3 style=\"text-align: justify;\">Obsah<\/h3>\n<p style=\"text-align: justify;\">Obsah t\u011bchto internetov\u00fdch str\u00e1nek (http:\/\/fcba-offshore.com) slou\u017e\u00ed pouze informativn\u00edm \u00fa\u010del\u016fm. Spole\u010dnost FCBA Offshore Ltd nenese odpov\u011bdnost za zm\u011bny, v\u00fdvoj nebo dodatky pr\u00e1vn\u00edch p\u0159edpis\u016f nebo da\u0148ov\u00fdch re\u017eim\u016f v konkr\u00e9tn\u00edch jurisdikc\u00edch a z\u00e1kazn\u00edk nesm\u00ed obsah ch\u00e1pat striktn\u011b, ani\u017e by se p\u0159edem poradil.<\/p>\n<p style=\"text-align: justify;\">Evidence ud\u00e1lost\u00ed zem\u011b poskytuje informace, kter\u00e9 FCBA Offshore Ltd po pr\u00e1vnick\u00e9 a\u00a0technologick\u00e9 str\u00e1nce monitoruje a aktualizuje, ale p\u0159esto nenese odpov\u011bdnost za m\u00edstn\u00ed v\u00fdvoj. Diagramy a bal\u00ed\u010dky se poskytuj\u00ed pro informativn\u00ed \u00fa\u010dely a FCBA Offshore Ltd za n\u011b nenese odpov\u011bdnost.<\/p>\n<p style=\"text-align: justify;\">Term\u00edn \u201eoffshore\u201c mohou n\u011bkter\u00e9 zem\u011b v ur\u010dit\u00e9m ohledu poj\u00edmat jako da\u0148ov\u00fd podvod, da\u0148ov\u00fd \u00fanik nebo poru\u0161en\u00ed z\u00e1kona. Uveden\u00fd v\u00fdklad m\u016f\u017ee b\u00fdt v n\u011bkter\u00fdch zem\u00edch pova\u017eov\u00e1n za protipr\u00e1vn\u00ed. Zde p\u0159edstavuje stru\u010dn\u00fd obsah z hlediska mezin\u00e1rodn\u00ed praxe. Nem\u016f\u017ee b\u00fdt pova\u017eov\u00e1n za kone\u010dn\u00fd nebo platn\u00fd v podm\u00ednk\u00e1ch uveden\u00fdch p\u0159\u00edklad\u016f. Z\u00e1kazn\u00edci se z\u00e1jmem o\u00a0toto \u0159e\u0161en\u00ed se mus\u00ed obr\u00e1tit na kvalifikovan\u00e9ho poradce.<\/p>\n<p style=\"text-align: justify;\">Term\u00edn \u201eotev\u0159en\u00ed offshore bankovn\u00edho \u00fa\u010dtu\u201c znamen\u00e1 slu\u017ebu, kter\u00e1 spojuje z\u00e1kazn\u00edky s\u00a0opr\u00e1vn\u011bn\u00fdmi bankovn\u00edmi institucemi. Neznamen\u00e1 to, \u017ee \u00fa\u010det otev\u0159e FCBA Offshore Ltd ve sv\u00fdch knih\u00e1ch.<\/p>\n<h3 style=\"text-align: justify;\">Boj proti pran\u00ed \u0161pinav\u00fdch pen\u011bz<\/h3>\n<p style=\"text-align: justify;\">Spole\u010dnost FCBA Offshore Ltd bojuje proti pran\u00ed \u0161pinav\u00fdch pen\u011bz a financov\u00e1n\u00ed terorist\u016f v\u00a0r\u00e1mci spole\u010dnosti i v r\u00e1mci projekt\u016f klient\u016f.<\/p>\n<p style=\"text-align: justify;\">Spole\u010dnost FCBA Offshore Ltd se zavazuje vykon\u00e1vat svou \u010dinnost objektivn\u011b, \u010destn\u011b a\u00a0spravedliv\u011b a prim\u00e1rn\u011b v z\u00e1jmu spole\u010dnosti, z\u00e1kazn\u00edk\u016f a integrity trhu. Spole\u010dnost FCBA Offshore Ltd se zav\u00e1zala dodr\u017eovat etick\u00e9 normy nejen kv\u016fli z\u00e1kon\u016fm a na\u0159\u00edzen\u00edm v r\u016fzn\u00fdch jurisdikc\u00edch, ve kter\u00fdch je zainteresov\u00e1na, ale tak\u00e9 kv\u016fli tomu, aby si u sv\u00fdch z\u00e1kazn\u00edk\u016f, akcion\u00e1\u0159\u016f, zam\u011bstnanc\u016f a partner\u016f z\u00edsk\u00e1vala a udr\u017eovala dlouhodobou d\u016fv\u011bru.<\/p>\n<p>&nbsp;<br \/>\n<a href=\"http:\/\/fcba-offshore.com\/wp-content\/uploads\/2014\/06\/logo-small.png\"><img loading=\"lazy\" decoding=\"async\" class=\"alignnone size-full wp-image-479\" src=\"http:\/\/fcba-offshore.com\/wp-content\/uploads\/2014\/06\/logo-small.png\" alt=\"Logo offshore small\" width=\"142\" height=\"31\" \/><\/a><\/p>\n","protected":false},"excerpt":{"rendered":"<p>Pr\u00e1vn\u00ed souvislosti: Editor webov\u00fdch str\u00e1nek www.fcba-offshore.com editoval: FCBA Ltd Hosting www.fcba-offshore.com spravuje: GoDaddy.com LLC, 14455 North Hayden Rd., Suite 219, Scottsdale, AZ 85260. Na\u0161e osobn\u00ed identifika\u010dn\u00ed informace byly v souladu se z\u00e1konem vyzrazeny spole\u010dnosti GoDaddy.com. V p\u0159\u00edpad\u011b st\u00ed\u017enost\u00ed t\u00fdkaj\u00edc\u00edch se obsahu webov\u00fdch str\u00e1nek, koment\u00e1\u0159\u016f nebo post\u016f se obra\u0165te p\u0159\u00edmo na n\u00e1s pomoc\u00ed kontaktn\u00edho formul\u00e1\u0159e, kter\u00fd&hellip;<\/p>\n","protected":false},"author":1,"featured_media":0,"parent":0,"menu_order":0,"comment_status":"closed","ping_status":"open","template":"","meta":{"footnotes":""},"class_list":["post-2838","page","type-page","status-publish","hentry"],"_links":{"self":[{"href":"https:\/\/fcba-offshore.com\/cs\/wp-json\/wp\/v2\/pages\/2838","targetHints":{"allow":["GET"]}}],"collection":[{"href":"https:\/\/fcba-offshore.com\/cs\/wp-json\/wp\/v2\/pages"}],"about":[{"href":"https:\/\/fcba-offshore.com\/cs\/wp-json\/wp\/v2\/types\/page"}],"author":[{"embeddable":true,"href":"https:\/\/fcba-offshore.com\/cs\/wp-json\/wp\/v2\/users\/1"}],"replies":[{"embeddable":true,"href":"https:\/\/fcba-offshore.com\/cs\/wp-json\/wp\/v2\/comments?post=2838"}],"version-history":[{"count":1,"href":"https:\/\/fcba-offshore.com\/cs\/wp-json\/wp\/v2\/pages\/2838\/revisions"}],"predecessor-version":[{"id":2839,"href":"https:\/\/fcba-offshore.com\/cs\/wp-json\/wp\/v2\/pages\/2838\/revisions\/2839"}],"wp:attachment":[{"href":"https:\/\/fcba-offshore.com\/cs\/wp-json\/wp\/v2\/media?parent=2838"}],"curies":[{"name":"wp","href":"https:\/\/api.w.org\/{rel}","templated":true}]}}