{"id":2851,"date":"2016-09-29T10:50:59","date_gmt":"2016-09-29T10:50:59","guid":{"rendered":"http:\/\/fcba-offshore.com\/?page_id=2851"},"modified":"2016-10-04T14:52:37","modified_gmt":"2016-10-04T14:52:37","slug":"offshore-spolecnost-na-seychelach","status":"publish","type":"page","link":"https:\/\/fcba-offshore.com\/cs\/offshore-spolecnost-na-seychelach\/","title":{"rendered":"Offshore spole\u010dnost na Seychel\u00e1ch"},"content":{"rendered":"<h1><a href=\"http:\/\/fcba-offshore.com\/wp-content\/uploads\/2014\/06\/Seychelles.png\"><img loading=\"lazy\" decoding=\"async\" class=\"alignnone size-full wp-image-357\" src=\"http:\/\/fcba-offshore.com\/wp-content\/uploads\/2014\/06\/Seychelles.png\" alt=\"Seychelles\" width=\"65\" height=\"35\" \/><\/a> <a href=\"http:\/\/fcba-offshore.com\/wp-content\/uploads\/2014\/06\/Seychelles-Offshore.png\"><img loading=\"lazy\" decoding=\"async\" class=\"size-medium wp-image-642 alignright\" src=\"http:\/\/fcba-offshore.com\/wp-content\/uploads\/2014\/06\/Seychelles-Offshore-300x131.png\" alt=\"Seychelles Offshore\" width=\"300\" height=\"131\" srcset=\"https:\/\/fcba-offshore.com\/wp-content\/uploads\/2014\/06\/Seychelles-Offshore-300x131.png 300w, https:\/\/fcba-offshore.com\/wp-content\/uploads\/2014\/06\/Seychelles-Offshore.png 641w, https:\/\/fcba-offshore.com\/wp-content\/uploads\/2014\/06\/Seychelles-Offshore-450x196.png 450w\" sizes=\"auto, (max-width: 300px) 100vw, 300px\" \/><\/a><\/h1>\n<p>&nbsp;<\/p>\n<h1>Offshore spole\u010dnost na Seychel\u00e1ch:<\/h1>\n<p>&nbsp;<\/p>\n<p style=\"text-align: justify;\">Seychely le\u017e\u00ed v Indick\u00e9m oce\u00e1nu pobl\u00ed\u017e ostrova Mauricius a nedaleko od Madagaskaru. Toto souostrov\u00ed, kter\u00e9 se skl\u00e1d\u00e1 ze 115 ostrov\u016f, je jednou z nejlep\u0161\u00edch <a href=\"https:\/\/fcba-offshore.com\/cs\/offshore-jurisdikce\/\">offshore destinac\u00ed<\/a> na sv\u011bt\u011b nab\u00edzej\u00edc\u00ed bezpe\u010dnost a spoustu finan\u010dn\u00edch v\u00fdhod.\u00a0Seychely b\u00fdvaly pod britskou nadvl\u00e1dou, a m\u00e1 tud\u00ed\u017e velmi podnikatelsky orientovan\u00e9 pr\u00e1vn\u00ed p\u0159edpisy, kter\u00e9 jsou zalo\u017eeny na anglick\u00e9m modelu.\u00a0Z\u00e1kony jsou zde mnohem flexibiln\u011bj\u0161\u00ed a modern\u011bj\u0161\u00ed ne\u017e v Evropsk\u00e9 unii, co\u017e je velmi siln\u00fdm l\u00e1kadlem, kter\u00e9 spoustu zahrani\u010dn\u00edch investor\u016f motivuje k p\u0159est\u011bhov\u00e1n\u00ed jejich podnik\u00e1n\u00ed do t\u00e9to jurisdikce. Krom\u011b toho dokazuj\u00ed ochotu vl\u00e1dy je\u0161t\u011b upevnit dominantn\u00ed postaven\u00e9 Seychel ned\u00e1vno schv\u00e1len\u00e9 da\u0148ov\u00e9 reformy, d\u00edky kter\u00fdm se o tuto jurisdikci zvy\u0161uje z\u00e1jem.<\/p>\n<p style=\"text-align: justify;\">Hlavn\u00ed d\u016fvody pro otev\u0159en\u00ed <a href=\"https:\/\/fcba-offshore.com\/cs\/offshore-bankovni-ucet\/\">offshore bankovn\u00edho \u00fa\u010dtu<\/a> nebo z\u0159\u00edzen\u00ed <a href=\"https:\/\/fcba-offshore.com\/cs\/offshore-spolecnosti\/\">offshore spole\u010dnosti<\/a> na Seychel\u00e1ch jsou:<\/p>\n<ul style=\"text-align: justify;\">\n<li>nulov\u00e1 da\u0148 z p\u0159\u00edjmu pr\u00e1vnick\u00fdch osob (pouze u nerezident\u016f)<\/li>\n<li>nulov\u00e1 da\u0148 z dividend<\/li>\n<li>nulov\u00e1 DPH<\/li>\n<li>100% zaru\u010den\u00e9 bankovn\u00ed tajemstv\u00ed<\/li>\n<li>\u00fapln\u00e1 anonymita a nevyzrazov\u00e1n\u00ed identity majitel\u016f podnik\u016f<\/li>\n<li>\u017e\u00e1dn\u00fd minim\u00e1ln\u00ed z\u00e1kladn\u00ed kapit\u00e1l<\/li>\n<\/ul>\n<p style=\"text-align: justify;\"><a href=\"https:\/\/fcba-offshore.com\/cs\/\">FCBA Offshore Ltd<\/a> sv\u00fdm klient\u016fm, kte\u0159\u00ed maj\u00ed z\u00e1jem o d\u016fv\u011brnost, otev\u0159en\u00ed <a href=\"https:\/\/fcba-offshore.com\/cs\/offshore-bankovni-ucet\/\">offshore bankovn\u00edho \u00fa\u010dtu<\/a> \u010di z\u0159\u00edzen\u00ed <a href=\"https:\/\/fcba-offshore.com\/cs\/offshore-spolecnosti\/\">offshore spole\u010dnosti<\/a> na Seychel\u00e1ch v\u0159ele doporu\u010duje. Krom\u011b uveden\u00fdch v\u00fdhod v\u00e1m toti\u017e Seychely umo\u017e\u0148uj\u00ed \u0159\u00eddit podnik\u00e1n\u00ed odkudkoliv na sv\u011bt\u011b, proto\u017ee je OECD nem\u00e1 na seznamu da\u0148ov\u00fdch r\u00e1j\u016f. M\u016f\u017ee se st\u00e1t, \u017ee n\u011bkolik spole\u010dnost\u00ed, kter\u00e9 jsou sou\u010d\u00e1st\u00ed velk\u00fdch mezin\u00e1rodn\u00edch koncern\u016f se s\u00eddlem v Evrop\u011b a kter\u00e9 necht\u011bj\u00ed budovat \u017e\u00e1dn\u00e9 obchodn\u00ed vztahy se Seychelami, v\u00e1m odm\u00edtne propl\u00e1cet faktury z t\u00e9to destinace, i kdy\u017e to jejich st\u00e1ty nezakazuj\u00ed. Tak\u00e9 administrativa je na Seychel\u00e1ch jedna z nejjednodu\u0161\u0161\u00edch, nejlevn\u011bj\u0161\u00edch a nejefektivn\u011bj\u0161\u00edch na sv\u011bt\u011b. To v\u00e1m usnadn\u00ed ka\u017edodenn\u00ed vztahy s m\u00edstn\u00edmi \u00fa\u0159ady. A kone\u010dn\u011b, otev\u0159en\u00ed <a href=\"https:\/\/fcba-offshore.com\/cs\/offshore-bankovni-ucet\/\">offshore bankovn\u00edho \u00fa\u010dtu<\/a> na tomto souostrov\u00ed v\u00e1m zaru\u010d\u00ed \u00faplnou anonymitu, proto\u017ee Seychely udr\u017euj\u00ed bankovn\u00ed tajemstv\u00ed.<\/p>\n<p style=\"text-align: justify;\">Otev\u0159en\u00ed <a href=\"https:\/\/fcba-offshore.com\/cs\/offshore-bankovni-ucet\/\">offshore bankovn\u00edho \u00fa\u010dtu<\/a> i\u00a0zalo\u017een\u00ed <a href=\"https:\/\/fcba-offshore.com\/cs\/offshore-spolecnosti\/\">offshore spole\u010dnosti<\/a> na Seychel\u00e1ch je pro n\u00e1s jednoduchou z\u00e1le\u017eitost\u00ed a r\u00e1di se s v\u00e1mi pod\u011bl\u00edme o svou s\u00ed\u0165 a partnerstv\u00ed s m\u00edstn\u00edmi bankami.<\/p>\n<p style=\"text-align: justify;\">Nakonec je t\u0159eba m\u00edt na pam\u011bti skute\u010dnost, \u017ee po\u010d\u00e1te\u010dn\u00ed vklad, kter\u00fd m\u00edstn\u00ed banky vy\u017eaduj\u00ed, je n\u00edzk\u00fd, a proto by v\u00e1s od otev\u0159en\u00ed <a href=\"https:\/\/fcba-offshore.com\/cs\/offshore-bankovni-ucet\/\">offshore bankovn\u00edho \u00fa\u010dtu<\/a> nem\u011bl nikterak odradit.<\/p>\n<p style=\"text-align: justify;\">Pro jak\u00e9koliv dal\u0161\u00ed informace <a href=\"https:\/\/fcba-offshore.com\/cs\/kontakt-2\/\">nev\u00e1hejte a obra\u0165te se na \u010dleny t\u00fdmu FCBA Offshore Ltd<\/a>.<\/p>\n<p><a href=\"http:\/\/fcba-offshore.com\/wp-content\/uploads\/2014\/06\/logo-small.png\"><img loading=\"lazy\" decoding=\"async\" class=\"alignnone size-full wp-image-479\" src=\"http:\/\/fcba-offshore.com\/wp-content\/uploads\/2014\/06\/logo-small.png\" alt=\"Logo offshore small\" width=\"142\" height=\"31\" \/><\/a><\/p>\n","protected":false},"excerpt":{"rendered":"<p>&nbsp; Offshore spole\u010dnost na Seychel\u00e1ch: &nbsp; Seychely le\u017e\u00ed v Indick\u00e9m oce\u00e1nu pobl\u00ed\u017e ostrova Mauricius a nedaleko od Madagaskaru. Toto souostrov\u00ed, kter\u00e9 se skl\u00e1d\u00e1 ze 115 ostrov\u016f, je jednou z nejlep\u0161\u00edch offshore destinac\u00ed na sv\u011bt\u011b nab\u00edzej\u00edc\u00ed bezpe\u010dnost a spoustu finan\u010dn\u00edch v\u00fdhod.\u00a0Seychely b\u00fdvaly pod britskou nadvl\u00e1dou, a m\u00e1 tud\u00ed\u017e velmi podnikatelsky orientovan\u00e9 pr\u00e1vn\u00ed p\u0159edpisy, kter\u00e9 jsou zalo\u017eeny&hellip;<\/p>\n","protected":false},"author":1,"featured_media":0,"parent":0,"menu_order":0,"comment_status":"closed","ping_status":"open","template":"","meta":{"footnotes":""},"class_list":["post-2851","page","type-page","status-publish","hentry"],"_links":{"self":[{"href":"https:\/\/fcba-offshore.com\/cs\/wp-json\/wp\/v2\/pages\/2851","targetHints":{"allow":["GET"]}}],"collection":[{"href":"https:\/\/fcba-offshore.com\/cs\/wp-json\/wp\/v2\/pages"}],"about":[{"href":"https:\/\/fcba-offshore.com\/cs\/wp-json\/wp\/v2\/types\/page"}],"author":[{"embeddable":true,"href":"https:\/\/fcba-offshore.com\/cs\/wp-json\/wp\/v2\/users\/1"}],"replies":[{"embeddable":true,"href":"https:\/\/fcba-offshore.com\/cs\/wp-json\/wp\/v2\/comments?post=2851"}],"version-history":[{"count":3,"href":"https:\/\/fcba-offshore.com\/cs\/wp-json\/wp\/v2\/pages\/2851\/revisions"}],"predecessor-version":[{"id":2973,"href":"https:\/\/fcba-offshore.com\/cs\/wp-json\/wp\/v2\/pages\/2851\/revisions\/2973"}],"wp:attachment":[{"href":"https:\/\/fcba-offshore.com\/cs\/wp-json\/wp\/v2\/media?parent=2851"}],"curies":[{"name":"wp","href":"https:\/\/api.w.org\/{rel}","templated":true}]}}