{"id":2853,"date":"2016-09-29T10:54:27","date_gmt":"2016-09-29T10:54:27","guid":{"rendered":"http:\/\/fcba-offshore.com\/?page_id=2853"},"modified":"2016-10-10T13:10:17","modified_gmt":"2016-10-10T13:10:17","slug":"offshore-spolecnost-v-singapuru","status":"publish","type":"page","link":"https:\/\/fcba-offshore.com\/cs\/offshore-spolecnost-v-singapuru\/","title":{"rendered":"Offshore spole\u010dnost v Singapuru"},"content":{"rendered":"<h1><a href=\"http:\/\/fcba-offshore.com\/wp-content\/uploads\/2014\/06\/Singapour.png\"><img loading=\"lazy\" decoding=\"async\" class=\"alignnone size-full wp-image-358\" src=\"http:\/\/fcba-offshore.com\/wp-content\/uploads\/2014\/06\/Singapour.png\" alt=\"Singapour\" width=\"64\" height=\"46\" \/><\/a> <a href=\"http:\/\/fcba-offshore.com\/wp-content\/uploads\/2014\/06\/Singapour-Offshore-2.png\"><img loading=\"lazy\" decoding=\"async\" class=\"size-medium wp-image-645 alignright\" src=\"http:\/\/fcba-offshore.com\/wp-content\/uploads\/2014\/06\/Singapour-Offshore-2-300x131.png\" alt=\"Singapour Offshore 2\" width=\"300\" height=\"131\" srcset=\"https:\/\/fcba-offshore.com\/wp-content\/uploads\/2014\/06\/Singapour-Offshore-2-300x131.png 300w, https:\/\/fcba-offshore.com\/wp-content\/uploads\/2014\/06\/Singapour-Offshore-2.png 641w, https:\/\/fcba-offshore.com\/wp-content\/uploads\/2014\/06\/Singapour-Offshore-2-450x196.png 450w\" sizes=\"auto, (max-width: 300px) 100vw, 300px\" \/><\/a><\/h1>\n<p>&nbsp;<\/p>\n<h1>Offshore spole\u010dnost v Singapuru:<\/h1>\n<p>&nbsp;<\/p>\n<p style=\"text-align: justify;\">M\u011bstsk\u00fd st\u00e1t Singapur v ji\u017en\u00ed Asii je jednou z ekonomicky dynamick\u00fdch oblast\u00ed na sv\u011bt\u011b.\u00a0V\u016f\u010di <a href=\"https:\/\/fcba-offshore.com\/cs\/offshore-spolecnosti\/\">offshore spole\u010dnostem<\/a> (tzn. spole\u010dnostem s aktivitami mimo tuto jurisdikci) m\u00e1 velmi p\u0159\u00edzniv\u00fd da\u0148ov\u00fd re\u017eim a OECD jej nem\u00e1 na seznamu da\u0148ov\u00fdch r\u00e1j\u016f. Proto tvrd\u00edme, \u017ee Singapur je asijsk\u00e9 \u0160v\u00fdcarsko nebo asijsk\u00fd drak.<\/p>\n<p style=\"text-align: justify;\">Z\u0159\u00edzen\u00ed <a href=\"https:\/\/fcba-offshore.com\/cs\/offshore-spolecnosti\/\">offshore spole\u010dnosti<\/a> nebo otev\u0159en\u00ed <a href=\"https:\/\/fcba-offshore.com\/cs\/offshore-bankovni-ucet\/\">offshore bankovn\u00edho \u00fa\u010dtu<\/a> v Singapuru p\u0159in\u00e1\u0161\u00ed tyto v\u00fdhody:<\/p>\n<ul style=\"text-align: justify;\">\n<li>nulov\u00e1 da\u0148 z p\u0159\u00edjmu pr\u00e1vnick\u00fdch osob (u nerezident\u016f)<\/li>\n<li>nulov\u00e1 da\u0148 z dividend<\/li>\n<li>nulov\u00e1 DPH<\/li>\n<li>100% zaru\u010den\u00e9 bankovn\u00ed tajemstv\u00ed<\/li>\n<li>nevyzrazov\u00e1n\u00ed identity majitel\u016f podnik\u016f<\/li>\n<li>\u017e\u00e1dn\u00fd minim\u00e1ln\u00ed z\u00e1kladn\u00ed kapit\u00e1l<\/li>\n<\/ul>\n<p style=\"text-align: justify;\"><a href=\"https:\/\/fcba-offshore.com\/cs\/\">FCBA Offshore Ltd<\/a> sv\u00fdm klient\u016fm otev\u0159en\u00ed <a href=\"https:\/\/fcba-offshore.com\/cs\/offshore-bankovni-ucet\/\">offshore bankovn\u00edho \u00fa\u010dtu<\/a> \u010di z\u0159\u00edzen\u00ed <a href=\"https:\/\/fcba-offshore.com\/cs\/offshore-spolecnosti\/\">offshore spole\u010dnosti<\/a> na Mauriciu doporu\u010duje, proto\u017ee jde o politicky velmi stabiln\u00ed <a href=\"https:\/\/fcba-offshore.com\/cs\/offshore-jurisdikce\/\">jurisdikci<\/a>. D\u00edky tomu, \u017ee Singapur nen\u00ed na seznamu da\u0148ov\u00fdch r\u00e1j\u016f, lze tak\u00e9 prov\u00e1d\u011bt obvykl\u00e9 ekonomick\u00e9 aktivity kdekoliv na sv\u011bt\u011b. Administrativn\u00ed povinnosti v t\u00e9to jurisdikci jsou v\u0161ak velik\u00e9 a\u00a0\u00fa\u010detn\u00ed po\u017eadavky s sebou p\u0159in\u00e1\u0161ej\u00ed velk\u00e9 n\u00e1klady. Krom\u011b toho m\u016f\u017ee znemo\u017e\u0148ovat \u00fa\u010dinn\u00fd ka\u017edodenn\u00ed kontakt s bankou \u010di s obchodn\u00edmi partnery ohromn\u00fd \u010dasov\u00fd posun mezi Singapurem a Evropou.<\/p>\n<p style=\"text-align: justify;\">Otev\u0159en\u00ed <a href=\"https:\/\/fcba-offshore.com\/cs\/offshore-bankovni-ucet\/\">offshore bankovn\u00edho \u00fa\u010dtu<\/a> i\u00a0zalo\u017een\u00ed <a href=\"https:\/\/fcba-offshore.com\/cs\/offshore-spolecnosti\/\">offshore spole\u010dnosti<\/a> v Singapuru je pro n\u00e1s jednoduchou z\u00e1le\u017eitost\u00ed a r\u00e1di se s v\u00e1mi pod\u011bl\u00edme o svou s\u00ed\u0165 a partnerstv\u00ed s m\u00edstn\u00edmi bankami.<\/p>\n<p style=\"text-align: justify;\">Nakonec je t\u0159eba m\u00edt na pam\u011bti skute\u010dnost, \u017ee po\u010d\u00e1te\u010dn\u00ed vklad, kter\u00fd m\u00edstn\u00ed banky vy\u017eaduj\u00ed, je celkem vysok\u00fd, ale nem\u011blo by v\u00e1s to od otev\u0159en\u00ed <a href=\"https:\/\/fcba-offshore.com\/cs\/offshore-bankovni-ucet\/\">offshore bankovn\u00edho \u00fa\u010dtu <\/a>odradit.<\/p>\n<p style=\"text-align: justify;\">Pro jak\u00e9koliv dal\u0161\u00ed informace <a href=\"https:\/\/fcba-offshore.com\/cs\/kontakt-2\/\">nev\u00e1hejte a obra\u0165te se na \u010dleny t\u00fdmu FCBA Offshore Ltd<\/a>.<\/p>\n<p><a href=\"http:\/\/fcba-offshore.com\/wp-content\/uploads\/2014\/06\/logo-small.png\"><img loading=\"lazy\" decoding=\"async\" class=\"alignnone size-full wp-image-479\" src=\"http:\/\/fcba-offshore.com\/wp-content\/uploads\/2014\/06\/logo-small.png\" alt=\"Logo offshore small\" width=\"142\" height=\"31\" \/><\/a><\/p>\n","protected":false},"excerpt":{"rendered":"<p>&nbsp; Offshore spole\u010dnost v Singapuru: &nbsp; M\u011bstsk\u00fd st\u00e1t Singapur v ji\u017en\u00ed Asii je jednou z ekonomicky dynamick\u00fdch oblast\u00ed na sv\u011bt\u011b.\u00a0V\u016f\u010di offshore spole\u010dnostem (tzn. spole\u010dnostem s aktivitami mimo tuto jurisdikci) m\u00e1 velmi p\u0159\u00edzniv\u00fd da\u0148ov\u00fd re\u017eim a OECD jej nem\u00e1 na seznamu da\u0148ov\u00fdch r\u00e1j\u016f. Proto tvrd\u00edme, \u017ee Singapur je asijsk\u00e9 \u0160v\u00fdcarsko nebo asijsk\u00fd drak. Z\u0159\u00edzen\u00ed offshore spole\u010dnosti&hellip;<\/p>\n","protected":false},"author":1,"featured_media":0,"parent":0,"menu_order":0,"comment_status":"closed","ping_status":"open","template":"","meta":{"footnotes":""},"class_list":["post-2853","page","type-page","status-publish","hentry"],"_links":{"self":[{"href":"https:\/\/fcba-offshore.com\/cs\/wp-json\/wp\/v2\/pages\/2853","targetHints":{"allow":["GET"]}}],"collection":[{"href":"https:\/\/fcba-offshore.com\/cs\/wp-json\/wp\/v2\/pages"}],"about":[{"href":"https:\/\/fcba-offshore.com\/cs\/wp-json\/wp\/v2\/types\/page"}],"author":[{"embeddable":true,"href":"https:\/\/fcba-offshore.com\/cs\/wp-json\/wp\/v2\/users\/1"}],"replies":[{"embeddable":true,"href":"https:\/\/fcba-offshore.com\/cs\/wp-json\/wp\/v2\/comments?post=2853"}],"version-history":[{"count":3,"href":"https:\/\/fcba-offshore.com\/cs\/wp-json\/wp\/v2\/pages\/2853\/revisions"}],"predecessor-version":[{"id":3001,"href":"https:\/\/fcba-offshore.com\/cs\/wp-json\/wp\/v2\/pages\/2853\/revisions\/3001"}],"wp:attachment":[{"href":"https:\/\/fcba-offshore.com\/cs\/wp-json\/wp\/v2\/media?parent=2853"}],"curies":[{"name":"wp","href":"https:\/\/api.w.org\/{rel}","templated":true}]}}