{"id":2855,"date":"2016-09-29T10:54:58","date_gmt":"2016-09-29T10:54:58","guid":{"rendered":"http:\/\/fcba-offshore.com\/?page_id=2855"},"modified":"2016-10-10T13:07:09","modified_gmt":"2016-10-10T13:07:09","slug":"offshore-spolecnost-ve-svycarsku","status":"publish","type":"page","link":"https:\/\/fcba-offshore.com\/cs\/offshore-spolecnost-ve-svycarsku\/","title":{"rendered":"Offshore spole\u010dnost ve \u0160v\u00fdcarsku"},"content":{"rendered":"<h1><a href=\"http:\/\/fcba-offshore.com\/wp-content\/uploads\/2014\/06\/Suisse.png\"><img loading=\"lazy\" decoding=\"async\" class=\"alignnone size-full wp-image-359\" src=\"http:\/\/fcba-offshore.com\/wp-content\/uploads\/2014\/06\/Suisse.png\" alt=\"Suisse\" width=\"63\" height=\"44\" \/><\/a> <a href=\"http:\/\/fcba-offshore.com\/wp-content\/uploads\/2014\/06\/Suisse-Offshore.png\"><img loading=\"lazy\" decoding=\"async\" class=\"size-medium wp-image-652 alignright\" src=\"http:\/\/fcba-offshore.com\/wp-content\/uploads\/2014\/06\/Suisse-Offshore-300x131.png\" alt=\"Suisse Offshore\" width=\"300\" height=\"131\" srcset=\"https:\/\/fcba-offshore.com\/wp-content\/uploads\/2014\/06\/Suisse-Offshore-300x131.png 300w, https:\/\/fcba-offshore.com\/wp-content\/uploads\/2014\/06\/Suisse-Offshore.png 641w, https:\/\/fcba-offshore.com\/wp-content\/uploads\/2014\/06\/Suisse-Offshore-450x196.png 450w\" sizes=\"auto, (max-width: 300px) 100vw, 300px\" \/><\/a><\/h1>\n<p>&nbsp;<\/p>\n<h1>Offshore spole\u010dnost ve \u0160v\u00fdcarsku:<\/h1>\n<p>&nbsp;<\/p>\n<p style=\"text-align: justify;\">\u0160v\u00fdcarsko nen\u00ed t\u0159eba p\u0159edstavovat. Tato <a href=\"https:\/\/fcba-offshore.com\/cs\/offshore-jurisdikce\/\">offshore jurisdikce<\/a> uprost\u0159ed z\u00e1padn\u00ed Evropy je mezin\u00e1rodn\u011b uzn\u00e1van\u00e1 jako d\u016fv\u011bryhodn\u00e1 destinace se spr\u00e1vou majetku nejvy\u0161\u0161\u00ed \u00farovn\u011b. Otev\u0159en\u00ed <a href=\"https:\/\/fcba-offshore.com\/cs\/offshore-bankovni-ucet\/\">offshore bankovn\u00edho \u00fa\u010dtu<\/a> ve \u0160v\u00fdcarsku v\u00e1m stejn\u011b jako v Monaku a Lucembursku nab\u00edz\u00ed exkluzivn\u00ed finan\u010dn\u00ed produkty a vysokou efektivitou a rozmanitost\u00ed. Bankovn\u00ed slu\u017eby v\u00e1s nepochybn\u011b uspokoj\u00ed a p\u0159ekvap\u00ed.<\/p>\n<p style=\"text-align: justify;\">Otev\u0159en\u00ed <a href=\"https:\/\/fcba-offshore.com\/cs\/offshore-bankovni-ucet\/\">offshore bankovn\u00edho \u00fa\u010dtu<\/a> ve \u0160v\u00fdcarsku v\u00e1m p\u0159inese mnoho v\u00fdhod. Zaprv\u00e9 je pro investory velice zaj\u00edmav\u00e1 historick\u00e1 z\u00e1ruka bankovn\u00edho tajemstv\u00ed a politick\u00e1 stabilita tohoto neutr\u00e1ln\u00edho st\u00e1tu. Z\u0159\u00edzen\u00ed <a href=\"https:\/\/fcba-offshore.com\/cs\/offshore-spolecnosti\/\">offshore spole\u010dnosti<\/a> ve \u0160v\u00fdcarsku je v\u0161ak nesmysl z ekonomick\u00e9ho \u00fahlu pohledu, proto\u017ee \u0160v\u00fdcarsko je n\u00e1kladn\u00e9, pokud jde o administrativn\u00ed a \u00fa\u010detn\u00ed po\u017eadavky. Sazbu dan\u011b z p\u0159\u00edjm\u016f pr\u00e1vnick\u00fdch osob lze vyjednat p\u0159\u00edmo s m\u00edstn\u00edmi \u00fa\u0159ady, ale slevu, kter\u00e1 obvykle motivuje k podnik\u00e1n\u00ed v zemi, dost\u00e1vaj\u00ed pouze velk\u00e9 spole\u010dnosti nebo koncerny. Krom\u011b toho je minim\u00e1ln\u00ed po\u010d\u00e1te\u010dn\u00ed kapit\u00e1l pro podnik\u00e1n\u00ed p\u0159ibli\u017en\u011b 70 000 \u20ac.<\/p>\n<p style=\"text-align: justify;\"><a href=\"https:\/\/fcba-offshore.com\/cs\/\">FCBA Offshore Ltd<\/a> sv\u00fdm klient\u016fm doporu\u010duje, aby m\u011bli na otev\u0159en\u00ed <a href=\"https:\/\/fcba-offshore.com\/cs\/offshore-bankovni-ucet\/\">offshore bankovn\u00edho \u00fa\u010dtu<\/a> ve \u0160v\u00fdcarsku k dispozici velk\u00fd objem pen\u011bz, pokud cht\u011bj\u00ed vyu\u017e\u00edvat efektivn\u00edch produkt\u016f spr\u00e1vy majetku, kter\u00e9 tato <a href=\"https:\/\/fcba-offshore.com\/cs\/offshore-jurisdikce\/\">offshore jurisdikce<\/a> nab\u00edz\u00ed.\u00a0Ale pokud jde o z\u0159\u00edzen\u00ed <a href=\"https:\/\/fcba-offshore.com\/cs\/offshore-spolecnosti\/\">offshore spole\u010dnosti<\/a>, rad\u011bji nab\u00edz\u00edme jin\u00e9 <a href=\"https:\/\/fcba-offshore.com\/cs\/offshore-jurisdikce\/\">jurisdikce<\/a>, i kdy\u017e ka\u017ed\u00e1 situace je jin\u00e1. Jednotliv\u00e9 p\u0159\u00edpady je t\u0159eba osobn\u011b prostudovat spolu s odborn\u00edky <a href=\"https:\/\/fcba-offshore.com\/cs\/\">FCBA Offshore<\/a> a je mo\u017en\u00e9, \u017ee dojde ke \u0161v\u00fdcarsk\u00e9mu \u0159e\u0161en\u00ed.<\/p>\n<p style=\"text-align: justify;\">Otev\u0159en\u00ed <a href=\"https:\/\/fcba-offshore.com\/cs\/offshore-bankovni-ucet\/\">offshore bankovn\u00edho \u00fa\u010dtu<\/a> nebo z\u0159\u00edzen\u00ed <a href=\"https:\/\/fcba-offshore.com\/cs\/offshore-spolecnosti\/\">offshore spole\u010dnosti<\/a> ve \u0160v\u00fdcarsku v\u0161ak nen\u00ed tak snadn\u00e9, ale d\u00edky na\u0161im zku\u0161enostem, s\u00edti a partnerstv\u00ed s m\u00edstn\u00edmi bankami v\u00e1m dok\u00e1\u017eeme pomoci, av\u0161ak pouze pokud je v\u00e1\u0161 profil v souladu s touto <a href=\"https:\/\/fcba-offshore.com\/cs\/offshore-jurisdikce\/\">jurisdikc\u00ed<\/a>.<\/p>\n<p style=\"text-align: justify;\">Je t\u0159eba upozornit, \u017ee z\u00e1kladn\u00ed vklad vy\u017eadovan\u00fd bankami je pom\u011brn\u011b vysok\u00fd, co\u017e v\u00e1m m\u016f\u017ee v otev\u0159en\u00ed <a href=\"https:\/\/fcba-offshore.com\/cs\/offshore-bankovni-ucet\/\">offshore bankovn\u00edho \u00fa\u010dtu<\/a> a v jednoduch\u00e9m a rychl\u00e9m rozb\u011bhu podnik\u00e1n\u00ed zabr\u00e1nit.<\/p>\n<p>&nbsp;<\/p>\n<p style=\"text-align: justify;\">Pro jak\u00e9koliv dal\u0161\u00ed informace <a href=\"https:\/\/fcba-offshore.com\/cs\/kontakt-2\/\">nev\u00e1hejte a obra\u0165te se na \u010dleny t\u00fdmu FCBA Offshore Ltd<\/a>.<\/p>\n<p>&nbsp;<\/p>\n<p style=\"text-align: justify;\"><a href=\"http:\/\/fcba-offshore.com\/wp-content\/uploads\/2014\/06\/logo-small.png\"><img loading=\"lazy\" decoding=\"async\" class=\"alignnone size-full wp-image-479\" src=\"http:\/\/fcba-offshore.com\/wp-content\/uploads\/2014\/06\/logo-small.png\" alt=\"Logo offshore small\" width=\"142\" height=\"31\" \/><\/a><\/p>\n","protected":false},"excerpt":{"rendered":"<p>&nbsp; Offshore spole\u010dnost ve \u0160v\u00fdcarsku: &nbsp; \u0160v\u00fdcarsko nen\u00ed t\u0159eba p\u0159edstavovat. Tato offshore jurisdikce uprost\u0159ed z\u00e1padn\u00ed Evropy je mezin\u00e1rodn\u011b uzn\u00e1van\u00e1 jako d\u016fv\u011bryhodn\u00e1 destinace se spr\u00e1vou majetku nejvy\u0161\u0161\u00ed \u00farovn\u011b. Otev\u0159en\u00ed offshore bankovn\u00edho \u00fa\u010dtu ve \u0160v\u00fdcarsku v\u00e1m stejn\u011b jako v Monaku a Lucembursku nab\u00edz\u00ed exkluzivn\u00ed finan\u010dn\u00ed produkty a vysokou efektivitou a rozmanitost\u00ed. Bankovn\u00ed slu\u017eby v\u00e1s nepochybn\u011b uspokoj\u00ed a&hellip;<\/p>\n","protected":false},"author":1,"featured_media":0,"parent":0,"menu_order":0,"comment_status":"closed","ping_status":"open","template":"","meta":{"footnotes":""},"class_list":["post-2855","page","type-page","status-publish","hentry"],"_links":{"self":[{"href":"https:\/\/fcba-offshore.com\/cs\/wp-json\/wp\/v2\/pages\/2855","targetHints":{"allow":["GET"]}}],"collection":[{"href":"https:\/\/fcba-offshore.com\/cs\/wp-json\/wp\/v2\/pages"}],"about":[{"href":"https:\/\/fcba-offshore.com\/cs\/wp-json\/wp\/v2\/types\/page"}],"author":[{"embeddable":true,"href":"https:\/\/fcba-offshore.com\/cs\/wp-json\/wp\/v2\/users\/1"}],"replies":[{"embeddable":true,"href":"https:\/\/fcba-offshore.com\/cs\/wp-json\/wp\/v2\/comments?post=2855"}],"version-history":[{"count":4,"href":"https:\/\/fcba-offshore.com\/cs\/wp-json\/wp\/v2\/pages\/2855\/revisions"}],"predecessor-version":[{"id":2999,"href":"https:\/\/fcba-offshore.com\/cs\/wp-json\/wp\/v2\/pages\/2855\/revisions\/2999"}],"wp:attachment":[{"href":"https:\/\/fcba-offshore.com\/cs\/wp-json\/wp\/v2\/media?parent=2855"}],"curies":[{"name":"wp","href":"https:\/\/api.w.org\/{rel}","templated":true}]}}