{"id":2859,"date":"2016-09-29T10:58:53","date_gmt":"2016-09-29T10:58:53","guid":{"rendered":"http:\/\/fcba-offshore.com\/?page_id=2859"},"modified":"2016-10-04T14:50:40","modified_gmt":"2016-10-04T14:50:40","slug":"offshore-spolecnost-na-vanuatu","status":"publish","type":"page","link":"https:\/\/fcba-offshore.com\/cs\/offshore-spolecnost-na-vanuatu\/","title":{"rendered":"Offshore spole\u010dnost na Vanuatu"},"content":{"rendered":"<h1><a href=\"http:\/\/fcba-offshore.com\/wp-content\/uploads\/2014\/06\/Vanuatu.png\"><img loading=\"lazy\" decoding=\"async\" class=\"alignnone size-full wp-image-360\" src=\"http:\/\/fcba-offshore.com\/wp-content\/uploads\/2014\/06\/Vanuatu.png\" alt=\"Vanuatu\" width=\"69\" height=\"43\" \/><\/a> <a href=\"http:\/\/fcba-offshore.com\/wp-content\/uploads\/2014\/06\/Vanuatu-Offshore.png\"><img loading=\"lazy\" decoding=\"async\" class=\"size-medium wp-image-655 alignright\" src=\"http:\/\/fcba-offshore.com\/wp-content\/uploads\/2014\/06\/Vanuatu-Offshore-300x131.png\" alt=\"Vanuatu Offshore\" width=\"300\" height=\"131\" srcset=\"https:\/\/fcba-offshore.com\/wp-content\/uploads\/2014\/06\/Vanuatu-Offshore-300x131.png 300w, https:\/\/fcba-offshore.com\/wp-content\/uploads\/2014\/06\/Vanuatu-Offshore.png 641w, https:\/\/fcba-offshore.com\/wp-content\/uploads\/2014\/06\/Vanuatu-Offshore-450x196.png 450w\" sizes=\"auto, (max-width: 300px) 100vw, 300px\" \/><\/a><\/h1>\n<p>&nbsp;<\/p>\n<h1>Offshore spole\u010dnost na Vanuatu:<\/h1>\n<p>&nbsp;<\/p>\n<p style=\"text-align: justify;\">Vanuatu je souostrov\u00ed v Oce\u00e1nii severn\u011b od Austr\u00e1lie. Tato zem\u011b nen\u00ed ve sv\u011bt\u011b p\u0159\u00edli\u0161 zn\u00e1m\u00e1 a m\u00e1 m\u00e1lo obyvatel (na Vanuatu \u017eije p\u0159ibli\u017en\u011b 260 000 obyvatel), l\u00e1k\u00e1 v\u0161ak zahrani\u010dn\u00ed investory sv\u00fdmi velmi v\u00fdhodn\u00fdmi da\u0148ov\u00fdmi pr\u00e1vn\u00edmi p\u0159edpisy pro nerezidenty a <a href=\"https:\/\/fcba-offshore.com\/cs\/offshore-spolecnosti\/\">offshore spole\u010dnosti<\/a>. Ekonomika souostrov\u00ed stoj\u00ed krom\u011b finan\u010dn\u00edho odv\u011btv\u00ed na ryba\u0159en\u00ed a turistice, ale ji\u017e nem\u00e1 k dispozici \u017e\u00e1dn\u00e9 p\u0159\u00edrodn\u00ed zdroje.<\/p>\n<p style=\"text-align: justify;\">Hlavn\u00ed p\u0159\u00ednosy pro otev\u0159en\u00ed <a href=\"https:\/\/fcba-offshore.com\/cs\/offshore-bankovni-ucet\/\">offshore bankovn\u00edho \u00fa\u010dtu<\/a> nebo z\u0159\u00edzen\u00ed <a href=\"https:\/\/fcba-offshore.com\/cs\/offshore-spolecnosti\/\">offshore spole\u010dnosti<\/a> na Vanuatu jsou:<\/p>\n<ul style=\"text-align: justify;\">\n<li>nulov\u00e1 da\u0148 z p\u0159\u00edjm\u016f pr\u00e1vnick\u00fdch osob<\/li>\n<li>nulov\u00e1 da\u0148 z dividend<\/li>\n<li>nulov\u00e1 DPH<\/li>\n<li>100% z\u00e1ruka bankovn\u00edho tajemstv\u00ed<\/li>\n<li>nevyzrazov\u00e1n\u00ed identity majitel\u016f podnik\u016f<\/li>\n<li>\u017e\u00e1dn\u00fd minim\u00e1ln\u00ed z\u00e1kladn\u00ed kapit\u00e1l<\/li>\n<li>nulov\u00e1 da\u0148 z p\u0159\u00edjm\u016f<\/li>\n<li>nulov\u00e9 zdan\u011bn\u00ed kapit\u00e1lov\u00fdch zisk\u016f<\/li>\n<\/ul>\n<p style=\"text-align: justify;\">Otev\u0159en\u00ed <a href=\"https:\/\/fcba-offshore.com\/cs\/offshore-bankovni-ucet\/\">offshore bankovn\u00edho \u00fa\u010dtu<\/a> i\u00a0zalo\u017een\u00ed <a href=\"https:\/\/fcba-offshore.com\/cs\/offshore-spolecnosti\/\">offshore spole\u010dnosti<\/a> na Vanuatu je pro n\u00e1s jednoduchou z\u00e1le\u017eitost\u00ed a r\u00e1di se s v\u00e1mi pod\u011bl\u00edme o svou s\u00ed\u0165 a partnerstv\u00ed s m\u00edstn\u00edmi bankami.<\/p>\n<p style=\"text-align: justify;\">Nakonec je t\u0159eba m\u00edt na pam\u011bti skute\u010dnost, \u017ee po\u010d\u00e1te\u010dn\u00ed vklad, kter\u00fd m\u00edstn\u00ed banky vy\u017eaduj\u00ed, je celkem n\u00edzk\u00fd, a proto by v\u00e1s od otev\u0159en\u00ed <a href=\"https:\/\/fcba-offshore.com\/cs\/offshore-bankovni-ucet\/\">offshore bankovn\u00edho \u00fa\u010dtu<\/a> nem\u011bl nikterak odradit.<\/p>\n<p style=\"text-align: justify;\">Pro jak\u00e9koliv dal\u0161\u00ed informace <a href=\"https:\/\/fcba-offshore.com\/cs\/kontakt-2\/\">nev\u00e1hejte a obra\u0165te se na \u010dleny t\u00fdmu FCBA Offshore Ltd<\/a>.<\/p>\n<p><a href=\"http:\/\/fcba-offshore.com\/wp-content\/uploads\/2014\/06\/logo-small.png\"><img loading=\"lazy\" decoding=\"async\" class=\"alignnone size-full wp-image-479\" src=\"http:\/\/fcba-offshore.com\/wp-content\/uploads\/2014\/06\/logo-small.png\" alt=\"Logo offshore small\" width=\"142\" height=\"31\" \/><\/a><\/p>\n","protected":false},"excerpt":{"rendered":"<p>&nbsp; Offshore spole\u010dnost na Vanuatu: &nbsp; Vanuatu je souostrov\u00ed v Oce\u00e1nii severn\u011b od Austr\u00e1lie. Tato zem\u011b nen\u00ed ve sv\u011bt\u011b p\u0159\u00edli\u0161 zn\u00e1m\u00e1 a m\u00e1 m\u00e1lo obyvatel (na Vanuatu \u017eije p\u0159ibli\u017en\u011b 260 000 obyvatel), l\u00e1k\u00e1 v\u0161ak zahrani\u010dn\u00ed investory sv\u00fdmi velmi v\u00fdhodn\u00fdmi da\u0148ov\u00fdmi pr\u00e1vn\u00edmi p\u0159edpisy pro nerezidenty a offshore spole\u010dnosti. Ekonomika souostrov\u00ed stoj\u00ed krom\u011b finan\u010dn\u00edho odv\u011btv\u00ed na ryba\u0159en\u00ed&hellip;<\/p>\n","protected":false},"author":1,"featured_media":0,"parent":0,"menu_order":0,"comment_status":"closed","ping_status":"open","template":"","meta":{"footnotes":""},"class_list":["post-2859","page","type-page","status-publish","hentry"],"_links":{"self":[{"href":"https:\/\/fcba-offshore.com\/cs\/wp-json\/wp\/v2\/pages\/2859","targetHints":{"allow":["GET"]}}],"collection":[{"href":"https:\/\/fcba-offshore.com\/cs\/wp-json\/wp\/v2\/pages"}],"about":[{"href":"https:\/\/fcba-offshore.com\/cs\/wp-json\/wp\/v2\/types\/page"}],"author":[{"embeddable":true,"href":"https:\/\/fcba-offshore.com\/cs\/wp-json\/wp\/v2\/users\/1"}],"replies":[{"embeddable":true,"href":"https:\/\/fcba-offshore.com\/cs\/wp-json\/wp\/v2\/comments?post=2859"}],"version-history":[{"count":3,"href":"https:\/\/fcba-offshore.com\/cs\/wp-json\/wp\/v2\/pages\/2859\/revisions"}],"predecessor-version":[{"id":2971,"href":"https:\/\/fcba-offshore.com\/cs\/wp-json\/wp\/v2\/pages\/2859\/revisions\/2971"}],"wp:attachment":[{"href":"https:\/\/fcba-offshore.com\/cs\/wp-json\/wp\/v2\/media?parent=2859"}],"curies":[{"name":"wp","href":"https:\/\/api.w.org\/{rel}","templated":true}]}}