{"id":2863,"date":"2016-09-29T14:41:42","date_gmt":"2016-09-29T14:41:42","guid":{"rendered":"http:\/\/fcba-offshore.com\/?page_id=2863"},"modified":"2016-10-03T11:06:08","modified_gmt":"2016-10-03T11:06:08","slug":"obecne-pravni-podminky","status":"publish","type":"page","link":"https:\/\/fcba-offshore.com\/cs\/obecne-pravni-podminky\/","title":{"rendered":"Obecn\u00e9 pr\u00e1vn\u00ed podm\u00ednky"},"content":{"rendered":"<h3><strong>1. Z\u00e1m\u011br a z\u00e1konn\u00e9 \u00fa\u010dely<\/strong><\/h3>\n<p style=\"text-align: justify;\">D\u00e1le uveden\u00e9 podm\u00ednky plat\u00ed pro smluvn\u00ed vztah FCBA Offshore Ltd a jeho z\u00e1kazn\u00edka. Jsou ned\u00edlnou sou\u010d\u00e1st\u00ed ka\u017ed\u00e9 smlouvy uzav\u0159en\u00e9 mezi FCBA Offshore Ltd a jeho z\u00e1kazn\u00edkem. Stanov\u00ed podm\u00ednky r\u016fzn\u00fdch slu\u017eeb, kter\u00e9 FCBA Offshore Ltd poskytuje, tj. nap\u0159. z\u0159\u00edzen\u00ed spole\u010dnosti, otev\u0159en\u00ed bankovn\u00edho \u00fa\u010dtu a veden\u00ed administrativn\u00edch z\u00e1le\u017eitost\u00ed spole\u010dnosti.<\/p>\n<p style=\"text-align: justify;\">Klient se zavazuje, \u017ee smlouvu ani \u017e\u00e1dnou jej\u00ed \u010d\u00e1st nepou\u017eije k protipr\u00e1vn\u00edm, nemor\u00e1ln\u00edm \u010di ur\u00e1\u017eliv\u00fdm \u00fa\u010del\u016fm. Pro p\u0159\u00edpad poru\u0161en\u00ed smlouvy z\u00e1kazn\u00edkem si FCBA Offshore Ltd vyhrazuje pr\u00e1vo spolupracovat s kompetentn\u00edmi org\u00e1ny. FCBA Offshore Ltd nebude spojena s\u00a0komer\u010dn\u00edmi aktivitami z\u00e1kazn\u00edka.<\/p>\n<p style=\"text-align: justify;\">Pokud klient p\u00edsemn\u011b neupozorn\u00ed FCBA Offshore Ltd na nezp\u016fsobilost, ru\u010d\u00ed se v\u0161emi riziky za pr\u00e1vn\u00ed zp\u016fsobilost svoji, sv\u00fdch pr\u00e1vn\u00edch z\u00e1stupc\u016f a t\u0159et\u00edch stran.<\/p>\n<p style=\"text-align: justify;\">FCBA Offshore Ltd m\u016f\u017ee bez dal\u0161\u00edho vysv\u011btlen\u00ed z\u00e1kazn\u00edkovi odm\u00edtnout poskytov\u00e1n\u00ed v\u0161ech sv\u00fdch slu\u017eeb.<\/p>\n<p style=\"text-align: justify;\">FCBA Offshore Ltd si vyhrazuje pr\u00e1vo pr\u00e1vo kdykoliv a s okam\u017eitou platnost\u00ed m\u011bnit tyto podm\u00ednky. Klient bude na zm\u011bny upozorn\u011bn p\u00edsemn\u00fdm ozn\u00e1men\u00edm. Zm\u011bny budou pova\u017eov\u00e1ny za klientem schv\u00e1len\u00e9, pokud k nim FCBA Offshore Ltd neobdr\u017e\u00ed p\u00edsemnou n\u00e1mitku do \u010dty\u0159 t\u00fddn\u016f od data ozn\u00e1men\u00ed.<\/p>\n<h3 style=\"text-align: justify;\"><strong>2. Podrobn\u00fd p\u0159ehled slu\u017eeb<\/strong><\/h3>\n<p style=\"text-align: justify;\"><strong>Otev\u0159en\u00ed bankovn\u00edho \u00fa\u010dtu:<\/strong><br \/>\nFCBA Offshore Ltd pom\u016f\u017ee z\u00e1kazn\u00edkovi se z\u0159\u00edzen\u00edm bankovn\u00edho \u00fa\u010dtu. FCBA Offshore Ltd provede v\u0161echny kroky ke spokojenosti z\u00e1kazn\u00edka. S\u00a0c\u00edlem poskytnout z\u00e1kazn\u00edkovi optim\u00e1ln\u00ed slu\u017ebu, p\u0159edlo\u017e\u00ed FCBA Offshore Ltd z\u00e1kazn\u00edkovi p\u0159ehled pe\u010dliv\u011b vybran\u00fdch bank. V n\u011bkter\u00fdch p\u0159\u00edpadech je banka nucena odm\u00edtnout otev\u0159en\u00ed \u00fa\u010dtu. To se t\u00fdk\u00e1 zejm\u00e9na p\u0159\u00edpad\u016f, kdy nejsou dodr\u017eov\u00e1ny z\u00e1sady pot\u0159ebn\u00e9 pe\u010dlivosti. FCBA Offshore Ltd se zavazuje, \u017ee v p\u0159\u00edpad\u011b, \u017ee nebude mo\u017en\u00e9 otev\u0159\u00edt \u00fa\u010det, vr\u00e1t\u00ed z\u00e1kazn\u00edkovi v\u0161echny \u201eporadensk\u00e9\u201c poplatky.<\/p>\n<ul style=\"text-align: justify;\">\n<li>Slu\u017eby, kter\u00e9 budou poskytov\u00e1ny (otev\u0159en\u00ed bankovn\u00edho \u00fa\u010dtu s internetov\u00fdm bankovnictv\u00edm, debetn\u00ed a kreditn\u00ed karty, m\u011bna\u2026) a ceny budou dohodnuty se z\u00e1stupcem FCBA Offshore Ltd.<\/li>\n<li>Platbu lze prov\u00e9st bankovn\u00edm p\u0159evodem (podle \u00fadaj\u016f na faktu\u0159e) nebo zabezpe\u010den\u00fdm p\u0159evodem online (+ 5 %).<\/li>\n<li>V\u0161etky platobn\u00e9 prostriedky musia by\u0165 schv\u00e1len\u00e9 p\u00edsomne jedn\u00fdm zo z\u00e1stupcov FCBA Offshore Ltd<\/li>\n<li>Ke zp\u016fsobu \u00fahrady mus\u00ed vydat p\u00edsemn\u00fd souhlas z\u00e1stupce FCBA Offshore Ltd.<\/li>\n<li>FCBA Offshore Ltd nem\u016f\u017ee n\u00e9st odpov\u011bdnost za dobu zpracov\u00e1n\u00ed operace z\u0159\u00edzen\u00ed \u00fa\u010dtu bankou ani za dobu pot\u0159ebnou na zasl\u00e1n\u00ed pot\u0159ebn\u00fdch dokument\u016f klientem.<\/li>\n<li>FCBA Ltd v\u0161ak mus\u00ed proces d\u016fsledn\u011b sledovat a d\u011blat v\u0161e proto, aby se poda\u0159ilo v\u011bc vy\u0159\u00eddit do 15 pracovn\u00edch dn\u016f (pokud obdr\u017e\u00ed v\u0161echny pot\u0159ebn\u00e9 dokumenty od klienta).<\/li>\n<li>Klient m\u00e1 pr\u00e1vo odstoupit od po\u017eadavku do 7 dn\u016f a FCBA Ltd mu vr\u00e1t\u00ed v\u0161echny \u201eporadensk\u00e9\u201c poplatky souvisej\u00edc\u00ed s otev\u0159en\u00edm bankovn\u00edho \u00fa\u010dtu zaplacen\u00e9  zabezpe\u010den\u00fdm p\u0159evodem online (kreditn\u00ed \u010di debetn\u00ed kartou).<\/li>\n<li>Jako zprost\u0159edkovatel zodpov\u00edd\u00e1 FCBA Offshore Ltd za proces z\u0159\u00edzen\u00ed bankovn\u00edho \u00fa\u010dtu, ale po jeho otev\u0159en\u00ed u\u017e nem\u016f\u017ee n\u00e9st \u017e\u00e1dnou odpov\u011bdnost za cokoliv, co se stane mezi bankou a klientem.<\/li>\n<\/ul>\n<p style=\"text-align: justify;\"><strong>Z\u0159\u00edzen\u00ed spole\u010dnosti: <\/strong><\/p>\n<p style=\"text-align: justify;\">FCBA Offshore Ltd pom\u016f\u017ee z\u00e1kazn\u00edkovi se z\u00e1pisem spole\u010dnosti do obchodn\u00edho rejst\u0159\u00edku. FCBA Offshore Ltd provede v\u0161echny kroky ke spokojenosti z\u00e1kazn\u00edka. S c\u00edlem poskytnout z\u00e1kazn\u00edkovi optim\u00e1ln\u00ed slu\u017ebu jedn\u00e1 FCBA Offshore Ltd v\u017edy s n\u011bkolika m\u00edstn\u00edmi partnery. N\u011bkdy mus\u00ed tito partne\u0159i z d\u016fvod\u016f z\u00e1konn\u00fdch podm\u00ednek platn\u00fdch v\u00a0jurisdikci proveden\u00ed z\u00e1pisu spole\u010dnosti odm\u00edtnout. To se t\u00fdk\u00e1 zejm\u00e9na p\u0159\u00edpad\u016f, kdy nejsou dodr\u017eov\u00e1ny z\u00e1sady pot\u0159ebn\u00e9 pe\u010dlivosti. FCBA Offshore Ltd se zavazuje, \u017ee v p\u0159\u00edpad\u011b, \u017ee nebude mo\u017en\u00e9 zaregistrovat spole\u010dnost, vr\u00e1t\u00ed z\u00e1kazn\u00edkovi v\u0161echny \u201eporadensk\u00e9\u201c poplatky.<\/p>\n<ul style=\"text-align: justify;\">\n<li>Slu\u017eby, kter\u00e9 budou poskytov\u00e1ny (registrace spole\u010dnosti, zpracov\u00e1n\u00ed pr\u00e1vn\u00ed dokumentace\u2026), a ceny budou dohodnuty se z\u00e1stupcem FCBA Offshore Ltd.<\/li>\n<li>Platbu lze prov\u00e9st bankovn\u00edm p\u0159evodem (podle \u00fadaj\u016f na faktu\u0159e) nebo zabezpe\u010den\u00fdm p\u0159evodem online (+ 5 %).<\/li>\n<li>Ke zp\u016fsobu \u00fahrady mus\u00ed vydat p\u00edsemn\u00fd souhlas z\u00e1stupce FCBA Offshore Ltd.<\/li>\n<li>FCBA Offshore Ltd nem\u016f\u017ee n\u00e9st odpov\u011bdnost za dobu proveden\u00ed z\u00e1pisu \u00fa\u0159ady ani za dobu pot\u0159ebnou na zasl\u00e1n\u00ed pot\u0159ebn\u00fdch dokument\u016f klientem.<\/li>\n<li>FCBA Ltd v\u0161ak mus\u00ed proces d\u016fsledn\u011b sledovat a d\u011blat v\u0161e proto, aby se poda\u0159ilo v\u011bc vy\u0159\u00eddit do 30 pracovn\u00edch dn\u016f (pokud obdr\u017e\u00ed v\u0161echny pot\u0159ebn\u00e9 dokumenty od klienta).<\/li>\n<li>Klient m\u00e1 pr\u00e1vo odstoupit od po\u017eadavku do 7 dn\u016f a FCBA Ltd mu vr\u00e1t\u00ed v\u0161echny \u201eporadensk\u00e9\u201c poplatky souvisej\u00edc\u00ed s registrac\u00ed spole\u010dnosti zaplacen\u00e9 zabezpe\u010den\u00fdm p\u0159evodem online (kreditn\u00ed \u010di debetn\u00ed kartou).<\/li>\n<li>Jako zprost\u0159edkovatel zodpov\u00edd\u00e1 FCBA Offshore Ltd za proces registrace spole\u010dnosti, ale po jeho dokon\u010den\u00ed u\u017e nem\u016f\u017ee n\u00e9st \u017e\u00e1dnou odpov\u011bdnost za cokoliv, co se stane mezi \u00fa\u0159ady a klientem.<\/li>\n<\/ul>\n<p style=\"text-align: justify;\"><strong>Podnikov\u00e1 administrativa:<\/strong><\/p>\n<p style=\"text-align: justify;\">FCBA Offshore Ltd nab\u00edz\u00ed klientovi pomoc v administrativ\u011b a\u00a0spr\u00e1v\u011b spole\u010dnosti (veden\u00ed \u00fa\u010detnictv\u00ed, zaji\u0161\u0165ov\u00e1n\u00ed administrativn\u011b-\u00fa\u010detn\u00edch povinnost\u00ed v\u016f\u010di \u00fa\u0159ad\u016fm&#8230;) a\u00a0uchov\u00e1v\u00e1n\u00ed podnikatelsk\u00fdch z\u00e1znam\u016f a doklad\u016f souvisej\u00edc\u00edch se spole\u010dnost\u00ed. Tuto slu\u017ebu zaji\u0161\u0165uje ve spolupr\u00e1ci s m\u00edstn\u00edmi renomovan\u00fdmi partnery a FCBA Offshore Ltd nenese odpov\u011bdnost za finan\u010dn\u011b-spr\u00e1vn\u00ed nedostatky spole\u010dnost\u00ed, kter\u00e9 slu\u017ebu realizuj\u00ed. FCBA Offshore Ltd m\u00e1 ov\u0161em povinnost informovat vlastn\u00edka spole\u010dnosti o v\u0161ech povinnostech, kter\u00e9 m\u00e1 (nap\u0159\u00edklad hradit ro\u010dn\u00ed poplatky na prodlou\u017een\u00ed) pro udr\u017een\u00ed spole\u010dnosti v provozu.<\/p>\n<ul style=\"text-align: justify;\">\n<li>Slu\u017eby, kter\u00e9 budou poskytov\u00e1ny (archivace dokument\u016f, pr\u00e1vn\u00ed povinnosti kv\u016fli udr\u017een\u00ed spole\u010dnosti, zaji\u0161\u0165ov\u00e1n\u00ed administrativn\u011b-\u00fa\u010detn\u00edch povinnost\u00ed\u2026), a ceny (m\u011bs\u00ed\u010dn\u00ed a obnovovac\u00ed poplatky) budou dohodnuty se z\u00e1stupcem FCBA Offshore Ltd.<\/li>\n<li>Platbu lze prov\u00e9st bankovn\u00edm p\u0159evodem (podle \u00fadaj\u016f na faktu\u0159e) nebo zabezpe\u010den\u00fdm p\u0159evodem online (+ 5 %).<\/li>\n<li>Ke zp\u016fsobu \u00fahrady mus\u00ed vydat p\u00edsemn\u00fd souhlas z\u00e1stupce FCBA Offshore Ltd.<\/li>\n<li>Proto\u017ee FCBA Offshore Ltd bude klientovi poskytovat slu\u017eby podnikov\u00e9 administrativy prost\u0159ednictv\u00edm m\u00edstn\u00edch smluvn\u00edch partner\u016f, nenese odpov\u011bdnost za p\u0159\u00edpadn\u00e9 ukon\u010den\u00ed smluvn\u00edho vztahu s partnery.<\/li>\n<li>Pokud FCBA Offshore Ltd ukon\u010d\u00ed smluvn\u00ed spolupr\u00e1ci s\u00a0m\u00edstn\u00edm partnerem, mus\u00ed klientovi ozn\u00e1mit nezp\u016fsobilost k veden\u00ed podnikov\u00e9 administrativy jeho spole\u010dnosti a\u00a0(p\u0159\u00edpadn\u011b) vr\u00e1tit v\u0161echny zaplacen\u00e9 poplatky za budouc\u00ed m\u011bs\u00edce&#8230;<\/li>\n<li>Klient, kter\u00fd si objedn\u00e1 veden\u00ed podnikov\u00e9 administrativy, je povinen hradit m\u011bs\u00ed\u010dn\u00ed poplatky, a p\u0159\u00edpadn\u011b 3 m\u011bs\u00edce p\u0159edem ozn\u00e1mit FCBA Offshore Ltd \u00famysl p\u0159estat odeb\u00edrat tuto slu\u017ebu. Pokud \u00famysl ukon\u010dit smluvn\u00ed vztah vzejde od klienta, uhrazen\u00e9 poplatky za budouc\u00ed m\u011bs\u00edce se nevracej\u00ed.<\/li>\n<\/ul>\n<h3 style=\"text-align: justify;\"><strong>3. Pr\u00e1vo odm\u00edtnout slu\u017eby<\/strong><\/h3>\n<p style=\"text-align: justify;\">FCBA Offshore Ltd si vyhrazuje pr\u00e1vo bez ud\u00e1n\u00ed d\u016fvodu a vysv\u011btlen\u00ed odm\u00edtnout poskytov\u00e1n\u00ed slu\u017eeb jak\u00e9mukoliv klientovi a za \u017e\u00e1dn\u00fdch okolnost\u00ed nem\u016f\u017ee n\u00e9st odpov\u011bdnost za toto odm\u00edtnut\u00ed. <\/p>\n<h3 style=\"text-align: justify;\"><strong>4. Pr\u00e1vn\u00ed poradenstv\u00ed<\/strong><\/h3>\n<p style=\"text-align: justify;\">I kdy\u017e se FCBA Offshore Ltd sna\u017e\u00ed o v\u0161ech sv\u00fdch slu\u017eb\u00e1ch poskytovat pravdiv\u00e9 a spr\u00e1vn\u00e9 informace, neposkytuje pr\u00e1vn\u00ed poradenstv\u00ed. Klient s\u00e1m zodpov\u00edd\u00e1 za to, \u017ee si zabezpe\u010d\u00ed \u00fapln\u00e9 da\u0148ov\u00e9 a pr\u00e1vn\u00ed informace o zalo\u017een\u00ed a\u00a0fungov\u00e1n\u00ed spole\u010dnosti, a zajist\u00ed, aby \u010dinnost nebyla v rozporu se z\u00e1kony p\u0159\u00edslu\u0161n\u00e9 jurisdikce.<\/p>\n<h3 style=\"text-align: justify;\"><strong>5. Z\u00e1konn\u00e9 \u00fa\u010dely<\/strong><\/h3>\n<p style=\"text-align: justify;\">Klient ru\u010d\u00ed za to, \u017ee nepou\u017eije pr\u00e1va z jak\u00e9koliv smlouvy k protipr\u00e1vn\u00edm, neslu\u0161n\u00fdm, nemor\u00e1ln\u00edm \u010di ur\u00e1\u017eliv\u00fdm \u00fa\u010del\u016fm a \u017ee \u017e\u00e1dn\u00fdm zp\u016fsobem neohroz\u00ed dobr\u00e9 jm\u00e9no FCBA Offshore Ltd. Klient v podnikatelsk\u00e9 \u010dinnosti \u017e\u00e1dn\u00fdm zp\u016fsobem samostatn\u011b ani v kombinaci, vcelku ani z\u010d\u00e1sti, nepou\u017eije jm\u00e9no FCBA Offshore Ltd.<\/p>\n<h3 style=\"text-align: justify;\"><strong>6. Ochrana proti pran\u00ed \u0161pinav\u00fdch pen\u011bz a n\u00e1le\u017eit\u00e1 opatrnost<\/strong><\/h3>\n<p style=\"text-align: justify;\">Klient p\u0159edlo\u017e\u00ed FCBA Offshore Ltd informace, kter\u00e9 bude FCBA Offshore Ltd pova\u017eovat za pot\u0159ebn\u00e9 k zaji\u0161t\u011bn\u00ed souladu jedn\u00e1n\u00ed spole\u010dnosti s platn\u00fdmi z\u00e1kony o z\u00e1kazu pran\u00ed \u0161pinav\u00fdch pen\u011bz a n\u00e1le\u017eit\u00e9 opatrnosti.  Za spr\u00e1vnost informac\u00ed poskytnut\u00fdch FCBA Offshore Ltd odpov\u00edd\u00e1 klient. Klient tak\u00e9 dolo\u017e\u00ed FCBA Offshore Ltd, \u017ee aktiva a finan\u010dn\u00ed prost\u0159edky vkl\u00e1dan\u00e9 do spole\u010dnosti nepoch\u00e1zej\u00ed p\u0159\u00edmo ani nep\u0159\u00edmo z trestn\u00e9 \u010di jinak protipr\u00e1vn\u00ed \u010dinnosti. V z\u00e1jmu zp\u016fsobilosti FCBA Offshore Ltd plnit z\u00e1konn\u00e9 povinnosti je klient povinen \u00fapln\u011b a v\u010das informovat FCBA Offshore Ltd o zm\u011bn\u00e1ch ve vlastnick\u00e9 struktu\u0159e a veden\u00ed spole\u010dnosti.<\/p>\n<h3 style=\"text-align: justify;\"><strong>7. Odpov\u011bdnost<\/strong><\/h3>\n<p style=\"text-align: justify;\">Ve\u0161ker\u00e9 dohody mezi FCBA Offshore Ltd a klientem jsou pova\u017eov\u00e1ny za smlouvy.<\/p>\n<p style=\"text-align: justify;\">Krom\u011b specifick\u00fdch podm\u00ednek a p\u0159\u00edpad\u016f nedbalosti \u010di podvodu, kter\u00e9 nelze vylou\u010dit, p\u016fjdou ve\u0161ker\u00e9 \u0161kody vznikl\u00e9 z pochyben\u00ed nebo nedopat\u0159en\u00ed FCBA Offshore Ltd a jej\u00edch zam\u011bstnanc\u016f k t\u00ed\u017ei z\u00e1kazn\u00edka. K t\u00ed\u017ei z\u00e1kazn\u00edka p\u016fjdou tak\u00e9 jak\u00e9koliv \u0161kody vznikl\u00e9 p\u0159\u00edmo \u010di nep\u0159\u00edmo z\u00a0nedbalosti, chyby, \u010dinnosti \u010di nedopat\u0159en\u00ed jak\u00e9koliv t\u0159et\u00ed strany, instituce nebo platebn\u00ed infrastruktury. K t\u00ed\u017ei z\u00e1kazn\u00edka p\u016fjdou ve\u0161ker\u00e9 \u0161kody souvisej\u00edc\u00ed s u\u017eit\u00edm po\u0161tovn\u00edch slu\u017eeb, telefonu, faxu, e-mailu \u010di jin\u00fdch komunika\u010dn\u00edch prost\u0159edk\u016f a \u0161kody vznikl\u00e9 v d\u016fsledku prodlen\u00ed \u010di nedorozum\u011bn\u00ed, pokud nevzniknou v d\u016fsledku hrub\u00e9 nedbalosti FCBA Offshore\u00a0Ltd.<\/p>\n<p style=\"text-align: justify;\">FCBA Offshore Ltd se zavazuje, \u017ee vyvine ve\u0161ker\u00e9 pot\u0159ebn\u00e9 \u00fasil\u00ed pro poskytnut\u00ed bezchybn\u00fdch slu\u017eeb. Pokud v\u0161ak se tyto slu\u017eby nepoda\u0159\u00ed \u0159\u00e1dn\u011b zrealizovat, neponese za to FCBA Offshore Ltd \u017e\u00e1dnou odpov\u011bdnost.<\/p>\n<p style=\"text-align: justify;\">Podobn\u011b p\u0159i z\u0159izov\u00e1n\u00ed \u00fa\u010dtu FCBA Offshore Ltd p\u016fsob\u00ed pouze jako zprost\u0159edkovatel mezi bankou a z\u00e1kazn\u00edkem. FCBA Offshore Ltd nebude za \u017e\u00e1dn\u00fdch okolnost\u00ed br\u00e1na k\u00a0zodpov\u011bdnosti za jak\u00e9koliv \u0161kody \u010di spory vznikl\u00e9 ve vztahu banky a z\u00e1kazn\u00edka. FCBA Offshore Ltd je pouze zprost\u0159edkovatelem a v \u017e\u00e1dn\u00e9 souvislosti nep\u016fsob\u00ed jm\u00e9nem banky.<\/p>\n<h3 style=\"text-align: justify;\"><strong>8. Povinnosti klienta<\/strong><\/h3>\n<p style=\"text-align: justify;\">Klient je povinen p\u0159edlo\u017eit FCBA Offshore Ltd ve\u0161ker\u00e9 dokumenty pot\u0159ebn\u00e9 ke z\u0159\u00edzen\u00ed bankovn\u00edho \u00fa\u010dtu a k registraci spole\u010dnosti. Klient je povinen hradit fakturu souvisej\u00edc\u00ed s\u00a0poskytovan\u00fdmi slu\u017ebami.<\/p>\n<p>&nbsp;<\/p>\n<h3 style=\"text-align: justify;\"><strong>9. Kompetentn\u00ed jurisdikce<\/strong><\/h3>\n<p style=\"text-align: justify;\">V p\u0159\u00edpad\u011b sporu jsou pr\u00e1vn\u011b kompetentn\u00ed soudy Seychelsk\u00e9 republiky.<\/p>\n<p>&nbsp;<br \/>\n<a href=\"http:\/\/fcba-offshore.com\/wp-content\/uploads\/2014\/06\/logo-small.png\"><img loading=\"lazy\" decoding=\"async\" class=\"alignnone size-full wp-image-479\" src=\"http:\/\/fcba-offshore.com\/wp-content\/uploads\/2014\/06\/logo-small.png\" alt=\"Logo offshore small\" width=\"142\" height=\"31\" \/><\/a><\/p>\n","protected":false},"excerpt":{"rendered":"<p>1. Z\u00e1m\u011br a z\u00e1konn\u00e9 \u00fa\u010dely D\u00e1le uveden\u00e9 podm\u00ednky plat\u00ed pro smluvn\u00ed vztah FCBA Offshore Ltd a jeho z\u00e1kazn\u00edka. Jsou ned\u00edlnou sou\u010d\u00e1st\u00ed ka\u017ed\u00e9 smlouvy uzav\u0159en\u00e9 mezi FCBA Offshore Ltd a jeho z\u00e1kazn\u00edkem. Stanov\u00ed podm\u00ednky r\u016fzn\u00fdch slu\u017eeb, kter\u00e9 FCBA Offshore Ltd poskytuje, tj. nap\u0159. z\u0159\u00edzen\u00ed spole\u010dnosti, otev\u0159en\u00ed bankovn\u00edho \u00fa\u010dtu a veden\u00ed administrativn\u00edch z\u00e1le\u017eitost\u00ed spole\u010dnosti. Klient se zavazuje,&hellip;<\/p>\n","protected":false},"author":1,"featured_media":0,"parent":0,"menu_order":0,"comment_status":"closed","ping_status":"open","template":"","meta":{"footnotes":""},"class_list":["post-2863","page","type-page","status-publish","hentry"],"_links":{"self":[{"href":"https:\/\/fcba-offshore.com\/cs\/wp-json\/wp\/v2\/pages\/2863","targetHints":{"allow":["GET"]}}],"collection":[{"href":"https:\/\/fcba-offshore.com\/cs\/wp-json\/wp\/v2\/pages"}],"about":[{"href":"https:\/\/fcba-offshore.com\/cs\/wp-json\/wp\/v2\/types\/page"}],"author":[{"embeddable":true,"href":"https:\/\/fcba-offshore.com\/cs\/wp-json\/wp\/v2\/users\/1"}],"replies":[{"embeddable":true,"href":"https:\/\/fcba-offshore.com\/cs\/wp-json\/wp\/v2\/comments?post=2863"}],"version-history":[{"count":1,"href":"https:\/\/fcba-offshore.com\/cs\/wp-json\/wp\/v2\/pages\/2863\/revisions"}],"predecessor-version":[{"id":2864,"href":"https:\/\/fcba-offshore.com\/cs\/wp-json\/wp\/v2\/pages\/2863\/revisions\/2864"}],"wp:attachment":[{"href":"https:\/\/fcba-offshore.com\/cs\/wp-json\/wp\/v2\/media?parent=2863"}],"curies":[{"name":"wp","href":"https:\/\/api.w.org\/{rel}","templated":true}]}}