{"id":2164,"date":"2016-02-27T12:49:42","date_gmt":"2016-02-27T12:49:42","guid":{"rendered":"http:\/\/fcba-offshore.com\/?page_id=2164"},"modified":"2016-03-07T17:44:42","modified_gmt":"2016-03-07T17:44:42","slug":"2164-2","status":"publish","type":"page","link":"https:\/\/fcba-offshore.com\/de\/2164-2\/","title":{"rendered":"Andorra Offshore"},"content":{"rendered":"<h1><a href=\"http:\/\/fcba-offshore.com\/wp-content\/uploads\/2014\/06\/Andorre.png\"><img loading=\"lazy\" decoding=\"async\" class=\"alignnone size-full wp-image-369\" src=\"http:\/\/fcba-offshore.com\/wp-content\/uploads\/2014\/06\/Andorre.png\" alt=\"Andorre\" width=\"68\" height=\"48\" \/><\/a> <a href=\"http:\/\/fcba-offshore.com\/wp-content\/uploads\/2014\/06\/Andorre-offshore.png\"><img loading=\"lazy\" decoding=\"async\" class=\"size-medium wp-image-538 alignright\" src=\"http:\/\/fcba-offshore.com\/wp-content\/uploads\/2014\/06\/Andorre-offshore-300x131.png\" alt=\"Andorre offshore\" width=\"300\" height=\"131\" srcset=\"https:\/\/fcba-offshore.com\/wp-content\/uploads\/2014\/06\/Andorre-offshore-300x131.png 300w, https:\/\/fcba-offshore.com\/wp-content\/uploads\/2014\/06\/Andorre-offshore.png 641w, https:\/\/fcba-offshore.com\/wp-content\/uploads\/2014\/06\/Andorre-offshore-450x196.png 450w\" sizes=\"auto, (max-width: 300px) 100vw, 300px\" \/><\/a><\/h1>\n<p>&nbsp;<\/p>\n<h1>Offshore Business in Andorra:<\/h1>\n<p>&nbsp;<\/p>\n<p style=\"text-align: justify;\">Andorra ist ein bekannter Ort in der Offshore Welt. Dieses kleine Land liegt in den \u00f6stlichen Pyren\u00e4en zwischen Frankreich und Spanien. Es gilt auch heute noch als Steueroase auf Grund seiner niedrigen Umsatzsteuer und viele Touristen kommen hierhin, um Duty-free Artikel einzukaufen. Bis 2009 hat der kleine Staat, in dem ungef\u00e4hr 80.000 Menschen wohnen, keinerlei Bankinformationen an andere Staaten weitergegeben (Bankgeheimnis), was sich allerdings inzwischen ge\u00e4ndert hat.\u00a0Auf Grund der stark wachsenden Abh\u00e4ngigkeit Andorras von der EU, hat der Pyren\u00e4enstaat seine Kommunikationspolitik ge\u00e4ndert. Fran\u00e7ois Hollande (das franz\u00f6sische Staatsoberhaupt) ist der Kronprinz Andorras, in Doppelherrschaft mit dem Bischoff von Urgell.<\/p>\n<p style=\"text-align: justify;\">Was die Besteuerung angeht, ist es jedoch weiterhin interessant, ein <a title=\"Offshore Bankkonto\" href=\"https:\/\/fcba-offshore.com\/de\/offshore-bank\/\">Offshore Bankkonto<\/a> oder eine <a title=\"Offshore Firma\" href=\"https:\/\/fcba-offshore.com\/de\/offshore-firma\/\">Offshore Firma<\/a> in Andorra zu haben, die folgende Vorteile mit sich bringt:<\/p>\n<ul style=\"text-align: justify;\">\n<li>Keine Einkommenssteuern (falls man einen Wohnsitz in Andorra hat)<\/li>\n<li>Keine Verm\u00f6gungssteuern (falls man einen Wohnsitz in Andorra hat)<\/li>\n<li>Sehr geringe MwSt.\u00a0(4,5% seit 1. Januar 2013)<\/li>\n<li>Nur 10% Unternehmensgewinnsteuer\u00a0f\u00fcr Wohnsitz- und Nicht-Wohnsitzinhaber<\/li>\n<\/ul>\n<p style=\"text-align: justify;\"><a title=\"Homepage\" href=\"https:\/\/fcba-offshore.com\/de\/\">FCBA Offshore<\/a> empfiehlt die Er\u00f6ffnung eines <a title=\"Offshore Bankkonto\" href=\"https:\/\/fcba-offshore.com\/de\/offshore-bank\/\">Offshore Bankkontos<\/a> und einer <a title=\"Offshore Firma\" href=\"https:\/\/fcba-offshore.com\/de\/offshore-firma\/\">Offshore Firma<\/a> in Andorra haupts\u00e4chlich f\u00fcr Nicht-Wohnsitzinhaber in der Europ\u00e4ischen Union auf Grund des starken Informationsaustauschs zwischen Andorra und der EU.\u00a0\u00a0Da wir im Grunde nicht mehr von einem funktionierenden Bankgeheimnis zwischen Andorra und der EU sprechen k\u00f6nnen, hat das Interesse an Offshore Aktivit\u00e4ten f\u00fcr Andorra stark abgenommen.<\/p>\n<p style=\"text-align: justify;\">Die Er\u00f6ffnung sowohl eines Bankkontos als auch einer <a title=\"Offshore Firma\" href=\"https:\/\/fcba-offshore.com\/de\/offshore-firma\/\">Offshore Firma<\/a> stellt f\u00fcr uns kein Problem dar, denn wir verf\u00fcgen \u00fcber ein enges Netzwerk zu Banken in dem kleinen Staat. Bitte beachten Sie, dass die Stammeinlage auf einem <a title=\"Offshore Bankkonto\" href=\"https:\/\/fcba-offshore.com\/de\/offshore-bank\/\">Bankkonto<\/a>\u00a0 in Andorra relativ hoch ist (aber beispielsweise immer noch niedriger als die Einlage bei einer schweizerischen Bank), was einen Einfluss darauf haben kann, wie schnell Sie ihr Business starten k\u00f6nnen.<\/p>\n<p>&nbsp;<\/p>\n<p style=\"text-align: justify;\"><a title=\"Kontakt\" href=\"https:\/\/fcba-offshore.com\/de\/317-2\/\">Falls Sie weitere Fragen zu diesem Thema haben, kontaktieren Sie bitte \u00a0einen Mitarbeiter des FCBA Offshore Ltd\u00a0Teams.<\/a><\/p>\n<p>&nbsp;<\/p>\n<p><a href=\"http:\/\/fcba-offshore.com\/wp-content\/uploads\/2014\/06\/logo-small.png\"><img loading=\"lazy\" decoding=\"async\" class=\"alignnone size-full wp-image-479\" src=\"http:\/\/fcba-offshore.com\/wp-content\/uploads\/2014\/06\/logo-small.png\" alt=\"Logo offshore small\" width=\"142\" height=\"31\" \/><\/a><\/p>\n","protected":false},"excerpt":{"rendered":"<p>&nbsp; Offshore Business in Andorra: &nbsp; Andorra ist ein bekannter Ort in der Offshore Welt. Dieses kleine Land liegt in den \u00f6stlichen Pyren\u00e4en zwischen Frankreich und Spanien. Es gilt auch heute noch als Steueroase auf Grund seiner niedrigen Umsatzsteuer und viele Touristen kommen hierhin, um Duty-free Artikel einzukaufen. Bis 2009 hat der kleine Staat, in&hellip;<\/p>\n","protected":false},"author":1,"featured_media":0,"parent":0,"menu_order":0,"comment_status":"closed","ping_status":"open","template":"","meta":{"footnotes":""},"class_list":["post-2164","page","type-page","status-publish","hentry"],"_links":{"self":[{"href":"https:\/\/fcba-offshore.com\/de\/wp-json\/wp\/v2\/pages\/2164","targetHints":{"allow":["GET"]}}],"collection":[{"href":"https:\/\/fcba-offshore.com\/de\/wp-json\/wp\/v2\/pages"}],"about":[{"href":"https:\/\/fcba-offshore.com\/de\/wp-json\/wp\/v2\/types\/page"}],"author":[{"embeddable":true,"href":"https:\/\/fcba-offshore.com\/de\/wp-json\/wp\/v2\/users\/1"}],"replies":[{"embeddable":true,"href":"https:\/\/fcba-offshore.com\/de\/wp-json\/wp\/v2\/comments?post=2164"}],"version-history":[{"count":19,"href":"https:\/\/fcba-offshore.com\/de\/wp-json\/wp\/v2\/pages\/2164\/revisions"}],"predecessor-version":[{"id":2582,"href":"https:\/\/fcba-offshore.com\/de\/wp-json\/wp\/v2\/pages\/2164\/revisions\/2582"}],"wp:attachment":[{"href":"https:\/\/fcba-offshore.com\/de\/wp-json\/wp\/v2\/media?parent=2164"}],"curies":[{"name":"wp","href":"https:\/\/api.w.org\/{rel}","templated":true}]}}