{"id":2166,"date":"2016-02-27T12:50:06","date_gmt":"2016-02-27T12:50:06","guid":{"rendered":"http:\/\/fcba-offshore.com\/?page_id=2166"},"modified":"2016-03-07T16:56:15","modified_gmt":"2016-03-07T16:56:15","slug":"2166-2","status":"publish","type":"page","link":"https:\/\/fcba-offshore.com\/de\/","title":{"rendered":"Homepage FCBA Offshore"},"content":{"rendered":"<h1><strong>Die Offshore Welt mit\u00a0FCBA Offshore:<\/strong><\/h1>\n<p>&nbsp;<\/p>\n<p style=\"text-align: justify;\">Haben Sie dar\u00fcber nachgedacht, wie sie ihre finanzielle Privatsph\u00e4re besser sch\u00fctzen k\u00f6nnen? Oder welche M\u00f6glichkeiten es gibt, eine Firma au\u00dferhalb des Heimatlands zu gr\u00fcnden? Ist es Ihr Anliegen, Ihr Verm\u00f6gen besser zu sch\u00fctzen? W\u00fcnschen Sie weniger B\u00fcrokratie, weniger Aufwand f\u00fcr Ihr Unternehmen?<\/p>\n<p style=\"text-align: justify;\">Bei <a title=\"Homepage\" href=\"https:\/\/fcba-offshore.com\/de\/\">FCBA Offshore<\/a> finden Sie ausgesprochene Experten f\u00fcr diese Themen. Durch jahrelange T\u00e4tigkeit in diesen Gebieten, konnten sich die Mitarbeiter eine gro\u00dfe Kompetenz erarbeiten, die sie nun an ihre Kunden weitergeben. Bei <a title=\"Homepage\" href=\"https:\/\/fcba-offshore.com\/de\/\">FCBA Offshore<\/a> gehen wir einen Schritt weiter als die meisten unserer Mitbewerber. Unser Service h\u00f6rt nicht der erfolgreichen <a title=\"Offshore Firma\" href=\"https:\/\/fcba-offshore.com\/de\/offshore-firma\/\">Offshore Firmener\u00f6ffnung<\/a> auf. Wir begleiten unsere Kunden dar\u00fcber hinaus bei allen weiteren, administrativen Aufgaben (u.a. Erf\u00fcllung der Buchf\u00fchrungspflichten), nach Absprache auf monatlicher, viertelj\u00e4hrlicher oder j\u00e4hrlicher Basis.<\/p>\n<p style=\"text-align: justify;\">Unser Bestreben ist es, gemeinsam mit Ihnen als Kunden, die auf Ihre pers\u00f6nlichen und professionellen Bed\u00fcrfnisse zugeschnittene, optimale L\u00f6sung zu erarbeiten und diese dann in eine <a title=\"Offshore Firma\" href=\"https:\/\/fcba-offshore.com\/de\/offshore-firma\/\">Offshore-Firmengr\u00fcndung<\/a> am richtigen Ort umzusetzen. Dies kann selbstverst\u00e4ndlich auch ein Geflecht aus mehreren <a title=\"Offshore Firma\" href=\"https:\/\/fcba-offshore.com\/de\/offshore-firma\/\">Offshore-Firmen<\/a> sein.<\/p>\n<p style=\"text-align: justify;\">Auch falls Sie ausschlie\u00dflich ein <a title=\"Offshore Bankkonto\" href=\"https:\/\/fcba-offshore.com\/de\/offshore-bank\/\">Offshore Bankkonto<\/a> ben\u00f6tigen, stehen wir Ihnen gern mit unserer Erfahrung und Kompetenz zur Seite. Unsere hohen Servicestandards, unsere absolute Diskretion und unsere Verl\u00e4sslichkeit werden Sie \u00fcberzeugen.<\/p>\n<p style=\"text-align: justify;\">Nach Ihrer Kontaktaufnahme per E-Mail \u00fcber unser Kontaktformular werden wir Sie innerhalb von zwei Arbeitstagen kontaktieren. Schriftlich oder telefonisch m\u00f6chten wir mit Ihnen diskutieren, welche Ziele Sie mit einer <a title=\"Offshore Firma\" href=\"https:\/\/fcba-offshore.com\/de\/offshore-firma\/\">Offshore Firmengr\u00fcndung<\/a> oder einem <a title=\"Offshore Bankkonto\" href=\"https:\/\/fcba-offshore.com\/de\/offshore-bank\/\">Offshore Bankkonto<\/a> erreichen wollen. Unsere erfahrenen Mitarbeiter nehmen sich die notwendige Zeit, um Sie in allen relevanten Aspekte eingehend zu beraten. Und dies alles auf Deutsch, Fremdsprachenkenntnisse sind nicht erforderlich!<\/p>\n<p style=\"text-align: justify;\">Unser Motto dabei ist, unkompliziert, effizient und \u00f6konomisch f\u00fcr Sie t\u00e4tig zu sein. Dies ist unser Ansporn und Versprechen an unsere Kunden.<\/p>\n<p style=\"text-align: justify;\">Bitte besuchen Sie die weiteren Seiten unserer Webseite und machen Sie sich mit unseren Produkten vertraut. <a title=\"Kontakt\" href=\"https:\/\/fcba-offshore.com\/de\/317-2\/\">F\u00fcr Ihre Fragen stehen wir Ihnen gerne zur Verf\u00fcgung.<\/a><\/p>\n<p>FCBA Offshore Team<\/p>\n<p>&nbsp;<\/p>\n<p><a href=\"http:\/\/fcba-offshore.com\/wp-content\/uploads\/2014\/06\/logo-small.png\"><img loading=\"lazy\" decoding=\"async\" class=\"alignnone size-full wp-image-479\" src=\"http:\/\/fcba-offshore.com\/wp-content\/uploads\/2014\/06\/logo-small.png\" alt=\"logo-small\" width=\"142\" height=\"31\" \/><\/a><\/p>\n<p>&nbsp;<\/p>\n","protected":false},"excerpt":{"rendered":"<p>Die Offshore Welt mit\u00a0FCBA Offshore: &nbsp; Haben Sie dar\u00fcber nachgedacht, wie sie ihre finanzielle Privatsph\u00e4re besser sch\u00fctzen k\u00f6nnen? Oder welche M\u00f6glichkeiten es gibt, eine Firma au\u00dferhalb des Heimatlands zu gr\u00fcnden? Ist es Ihr Anliegen, Ihr Verm\u00f6gen besser zu sch\u00fctzen? W\u00fcnschen Sie weniger B\u00fcrokratie, weniger Aufwand f\u00fcr Ihr Unternehmen? Bei FCBA Offshore finden Sie ausgesprochene Experten&hellip;<\/p>\n","protected":false},"author":1,"featured_media":0,"parent":0,"menu_order":0,"comment_status":"closed","ping_status":"open","template":"template_homepage1.php","meta":{"footnotes":""},"class_list":["post-2166","page","type-page","status-publish","hentry"],"_links":{"self":[{"href":"https:\/\/fcba-offshore.com\/de\/wp-json\/wp\/v2\/pages\/2166","targetHints":{"allow":["GET"]}}],"collection":[{"href":"https:\/\/fcba-offshore.com\/de\/wp-json\/wp\/v2\/pages"}],"about":[{"href":"https:\/\/fcba-offshore.com\/de\/wp-json\/wp\/v2\/types\/page"}],"author":[{"embeddable":true,"href":"https:\/\/fcba-offshore.com\/de\/wp-json\/wp\/v2\/users\/1"}],"replies":[{"embeddable":true,"href":"https:\/\/fcba-offshore.com\/de\/wp-json\/wp\/v2\/comments?post=2166"}],"version-history":[{"count":7,"href":"https:\/\/fcba-offshore.com\/de\/wp-json\/wp\/v2\/pages\/2166\/revisions"}],"predecessor-version":[{"id":2573,"href":"https:\/\/fcba-offshore.com\/de\/wp-json\/wp\/v2\/pages\/2166\/revisions\/2573"}],"wp:attachment":[{"href":"https:\/\/fcba-offshore.com\/de\/wp-json\/wp\/v2\/media?parent=2166"}],"curies":[{"name":"wp","href":"https:\/\/api.w.org\/{rel}","templated":true}]}}