{"id":2172,"date":"2016-02-29T16:56:04","date_gmt":"2016-02-29T16:56:04","guid":{"rendered":"http:\/\/fcba-offshore.com\/?page_id=2172"},"modified":"2016-03-07T16:52:00","modified_gmt":"2016-03-07T16:52:00","slug":"bahamas-offshore","status":"publish","type":"page","link":"https:\/\/fcba-offshore.com\/de\/bahamas-offshore\/","title":{"rendered":"Bahamas Offshore"},"content":{"rendered":"<h1 style=\"text-align: right;\"><img loading=\"lazy\" decoding=\"async\" class=\"size-full wp-image-362 alignleft\" src=\"http:\/\/fcba-offshore.com\/wp-content\/uploads\/2014\/06\/Bahamas.png\" alt=\"Bahamas\" width=\"74\" height=\"37\" srcset=\"https:\/\/fcba-offshore.com\/wp-content\/uploads\/2014\/06\/Bahamas.png 74w, https:\/\/fcba-offshore.com\/wp-content\/uploads\/2014\/06\/Bahamas-72x37.png 72w\" sizes=\"auto, (max-width: 74px) 100vw, 74px\" \/><\/h1>\n<h1><a href=\"http:\/\/fcba-offshore.com\/wp-content\/uploads\/2014\/06\/Bahamas-offshore.png\"><img loading=\"lazy\" decoding=\"async\" class=\"size-medium wp-image-553 alignright\" src=\"http:\/\/fcba-offshore.com\/wp-content\/uploads\/2014\/06\/Bahamas-offshore-300x131.png\" alt=\"Bahamas offshore\" width=\"300\" height=\"131\" srcset=\"https:\/\/fcba-offshore.com\/wp-content\/uploads\/2014\/06\/Bahamas-offshore-300x131.png 300w, https:\/\/fcba-offshore.com\/wp-content\/uploads\/2014\/06\/Bahamas-offshore.png 641w, https:\/\/fcba-offshore.com\/wp-content\/uploads\/2014\/06\/Bahamas-offshore-450x196.png 450w\" sizes=\"auto, (max-width: 300px) 100vw, 300px\" \/><\/a><\/h1>\n<p>&nbsp;<\/p>\n<p>&nbsp;<\/p>\n<p>&nbsp;<\/p>\n<h1>Offshore Business in Bahamas:<\/h1>\n<p>&nbsp;<\/p>\n<p style=\"text-align: justify;\">Die Bahamas sind ein Inselstaat, bestehend aus ca.700 Inseln und z\u00e4hlen zu den karibischen Inseln. Sie liegen zwischen Kuba und dem US-Bundesstaat Florida im Atlantischen Ozean und z\u00e4hlen ungef\u00e4hr 300.000 Einwohner.\u00a0Die Bahamas sind als Ort f\u00fcr Offshore Business sehr bekannt und garantieren ein hohes Ma\u00df an Diskretion \u00fcber Personen, die dort ein <a title=\"Offshore Bankkonto\" href=\"https:\/\/fcba-offshore.com\/de\/offshore-bank\/\">Offshore Bankkonto<\/a> oder eine <a title=\"Offshore Firma\" href=\"https:\/\/fcba-offshore.com\/de\/offshore-firma\/\">Offshore Firma<\/a> innehaben.<\/p>\n<p style=\"text-align: justify;\">Neben dem Bankgeheimnis gelten die Bahamas als ein sehr steuerfreundliches Land mit dem Anspruch, in besonderem Ma\u00dfe Gesch\u00e4fte auch au\u00dferhalb des eigenen Archipelagos zu unternehmen und ausl\u00e4ndische Investoren mit Steuerfreiheit auf ausl\u00e4ndische Profite zu motivieren, eine Firma auf den Bahamas zu gr\u00fcnden.\u00a0 Eine weitere Besonderheit der Bahamas ist die sehr wirtschaftsfreundliche Gesetzgebung des Staates, basierend auf dem britischen Modell. Viele potentielle Investoren f\u00fchlen sich durch deren Aktualit\u00e4t und Flexibilit\u00e4t angezogen. Die Bahamas gelten nicht zuletzt als ein sicherer Hafen durch die Nichtver\u00f6ffentlichung von Firmeninhabern, die auf deren Territorium registriert sind.<\/p>\n<p style=\"text-align: justify;\"><a title=\"Homepage\" href=\"https:\/\/fcba-offshore.com\/de\/\">FCBA Offshore<\/a> empfiehlt die Er\u00f6ffnung eines Bankkontos oder einer <a title=\"Offshore Firma\" href=\"https:\/\/fcba-offshore.com\/de\/offshore-firma\/\">Offshore Firma<\/a> besonders denjenigen, die ein reines US Dollar Konto ben\u00f6tigen, da der Dollar die wichtigste W\u00e4hrung vor Ort ist.\u00a0Bitte behalten Sie im Auge, dass die minimale Einlage bei USD 50.000 liegt. F\u00fcr einige Interessierte kann das ein Hinderungsgrund sein, auf den Bahamas eine Offshore Firma zu er\u00f6ffnen.<\/p>\n<p style=\"text-align: justify;\">Die Er\u00f6ffnung sowohl eines <a title=\"Offshore Bankkonto\" href=\"https:\/\/fcba-offshore.com\/de\/offshore-bank\/\">Bankkontos<\/a> als auch einer <a title=\"Offshore Firma\" href=\"https:\/\/fcba-offshore.com\/de\/offshore-firma\/\">Offshore Firma<\/a> stellt f\u00fcr uns kein Problem dar, denn wir verf\u00fcgen \u00fcber ein enges Netzwerk zu Banken auf den Bahamas. Die Geb\u00fchren der lokalen Banken (sowohl f\u00fcr Einrichtung, Beibehaltung als auch Transaktionen) sind relativ hoch im Vergleich zu anderen Offshore L\u00e4ndern.<\/p>\n<p style=\"text-align: justify;\">Bitte beachten Sie, dass die Stammeinlage auf einem <a title=\"Offshore Bankkonto\" href=\"https:\/\/fcba-offshore.com\/de\/offshore-bank\/\">Bankkonto\u00a0<\/a> auf den Bahamas relativ hoch ist , was einen Einfluss darauf haben kann, wie schnell Sie ihr Business starten k\u00f6nnen.<\/p>\n<p style=\"text-align: justify;\"><a title=\"Kontakt\" href=\"https:\/\/fcba-offshore.com\/de\/317-2\/\">Falls Sie weitere Fragen zu diesem Thema haben, kontaktieren Sie bitte \u00a0einen Mitarbeiter des FCBA Offshore Ltd\u00a0Teams.<\/a><\/p>\n<p>&nbsp;<\/p>\n<p style=\"text-align: justify;\"><a href=\"http:\/\/fcba-offshore.com\/wp-content\/uploads\/2014\/06\/logo-small.png\"><img loading=\"lazy\" decoding=\"async\" class=\"alignnone size-full wp-image-479\" src=\"http:\/\/fcba-offshore.com\/wp-content\/uploads\/2014\/06\/logo-small.png\" alt=\"Logo offshore small\" width=\"142\" height=\"31\" \/><\/a><\/p>\n","protected":false},"excerpt":{"rendered":"<p>&nbsp; &nbsp; &nbsp; Offshore Business in Bahamas: &nbsp; Die Bahamas sind ein Inselstaat, bestehend aus ca.700 Inseln und z\u00e4hlen zu den karibischen Inseln. Sie liegen zwischen Kuba und dem US-Bundesstaat Florida im Atlantischen Ozean und z\u00e4hlen ungef\u00e4hr 300.000 Einwohner.\u00a0Die Bahamas sind als Ort f\u00fcr Offshore Business sehr bekannt und garantieren ein hohes Ma\u00df an Diskretion&hellip;<\/p>\n","protected":false},"author":1,"featured_media":0,"parent":0,"menu_order":0,"comment_status":"closed","ping_status":"open","template":"","meta":{"footnotes":""},"class_list":["post-2172","page","type-page","status-publish","hentry"],"_links":{"self":[{"href":"https:\/\/fcba-offshore.com\/de\/wp-json\/wp\/v2\/pages\/2172","targetHints":{"allow":["GET"]}}],"collection":[{"href":"https:\/\/fcba-offshore.com\/de\/wp-json\/wp\/v2\/pages"}],"about":[{"href":"https:\/\/fcba-offshore.com\/de\/wp-json\/wp\/v2\/types\/page"}],"author":[{"embeddable":true,"href":"https:\/\/fcba-offshore.com\/de\/wp-json\/wp\/v2\/users\/1"}],"replies":[{"embeddable":true,"href":"https:\/\/fcba-offshore.com\/de\/wp-json\/wp\/v2\/comments?post=2172"}],"version-history":[{"count":13,"href":"https:\/\/fcba-offshore.com\/de\/wp-json\/wp\/v2\/pages\/2172\/revisions"}],"predecessor-version":[{"id":2418,"href":"https:\/\/fcba-offshore.com\/de\/wp-json\/wp\/v2\/pages\/2172\/revisions\/2418"}],"wp:attachment":[{"href":"https:\/\/fcba-offshore.com\/de\/wp-json\/wp\/v2\/media?parent=2172"}],"curies":[{"name":"wp","href":"https:\/\/api.w.org\/{rel}","templated":true}]}}