{"id":2179,"date":"2016-02-29T17:11:06","date_gmt":"2016-02-29T17:11:06","guid":{"rendered":"http:\/\/fcba-offshore.com\/?page_id=2179"},"modified":"2016-03-07T17:02:51","modified_gmt":"2016-03-07T17:02:51","slug":"belize-offshore","status":"publish","type":"page","link":"https:\/\/fcba-offshore.com\/de\/belize-offshore\/","title":{"rendered":"Belize Offshore"},"content":{"rendered":"<h1><a href=\"http:\/\/fcba-offshore.com\/wp-content\/uploads\/2014\/06\/Belize.png\"><img loading=\"lazy\" decoding=\"async\" class=\"alignnone size-full wp-image-344\" src=\"http:\/\/fcba-offshore.com\/wp-content\/uploads\/2014\/06\/Belize.png\" alt=\"Belize\" width=\"72\" height=\"50\" \/><\/a> <a href=\"http:\/\/fcba-offshore.com\/wp-content\/uploads\/2014\/06\/Belize-offshore.png\"><img loading=\"lazy\" decoding=\"async\" class=\"size-medium wp-image-559 alignright\" src=\"http:\/\/fcba-offshore.com\/wp-content\/uploads\/2014\/06\/Belize-offshore-300x131.png\" alt=\"Belize offshore\" width=\"300\" height=\"131\" srcset=\"https:\/\/fcba-offshore.com\/wp-content\/uploads\/2014\/06\/Belize-offshore-300x131.png 300w, https:\/\/fcba-offshore.com\/wp-content\/uploads\/2014\/06\/Belize-offshore.png 641w, https:\/\/fcba-offshore.com\/wp-content\/uploads\/2014\/06\/Belize-offshore-450x196.png 450w\" sizes=\"auto, (max-width: 300px) 100vw, 300px\" \/><\/a><\/h1>\n<p>&nbsp;<\/p>\n<h1>Offshore Business in Belize:<\/h1>\n<p>&nbsp;<\/p>\n<p style=\"text-align: justify;\">Belize ist ein kleiner Staat in Mittelamerika, s\u00fcdlich von Mexiko. In dem ehemaligen Commonwealth Staat leben gut 300.000 Einwohner, die weiterhin K\u00f6nigin Elizabeth II als ihr Staatsoberhaupt betrachten. Dies ist der Grund, weshalb Belize das einzige Land der gesamten Region ist, in dem Englisch offizielle Amtssprache ist, obschon Spanisch im t\u00e4glichen Leben h\u00e4ufig genutzt wird. \u00a0Bedingt durch die britische Vergangenheit, hat auch Belize eine wirtschaftsfreundliche Gesetzgebung. Deren Flexibilit\u00e4t und Modernit\u00e4t ist ein gro\u00dfes Plus f\u00fcr Offshore Business,\u00a0was zahlreiche Investoren anzieht. Die Rechtsprechung bietet sowohl ein vollst\u00e4ndiges Bankgeheimnis als auch komplette Anonymit\u00e4t \u00a0des Inhabers von Firmen, die in Belize registriert sind. Dar\u00fcber hinaus sind die Beh\u00f6rden steuerfreundlich mit allen juristischen Personen, die au\u00dferhalb des Landes Gesch\u00e4fte betreiben. Dies f\u00fchrt zu einer Steuerbefreiung aller Gewinne, die Ihre Firma mit Sitz in Belize au\u00dferhalb des Landes erwirtschaftet.<\/p>\n<p style=\"text-align: justify;\">Die Vorz\u00fcge einer <a title=\"Offshore Firma\" href=\"https:\/\/fcba-offshore.com\/de\/offshore-firma\/\">Offshore Firma<\/a> in Belize sind kurz zusammengefasst:<\/p>\n<ul style=\"text-align: justify;\">\n<li>Keine MwSt.<\/li>\n<li>Keine K\u00f6rperschaftssteuer (f\u00fcr Nicht-Residenten Belize\u2018s)<\/li>\n<li>Diskretion: Bankgeheimnis und Anonymit\u00e4t von Firmeninhabern<\/li>\n<\/ul>\n<p style=\"text-align: justify;\"><a title=\"Homepage\" href=\"https:\/\/fcba-offshore.com\/de\/\">FCBA Offshore<\/a> empfiehlt die Er\u00f6ffnung eines <a title=\"Offshore Bankkonto\" href=\"https:\/\/fcba-offshore.com\/de\/offshore-bank\/\">Bankkontos<\/a> oder einer <a title=\"Offshore Firma\" href=\"https:\/\/fcba-offshore.com\/de\/offshore-firma\/\">Offshore Firma<\/a> in Belize besonders denjenigen, \u00a0die keine Gesch\u00e4fte mit Firmen betreiben, deren Sitz in der Europ\u00e4ischen Union liegt, \u00a0das dieser Gerichtsstand in der Regel als exotisch betrachtet wird, was zu Schwierigkeiten f\u00fchren d\u00fcrfte bei der Rechnungsakzeptanz bzw. bei der Gewinnung von Kunden. Dazu kommen noch 8 Stunden Zeitunterschied zwischen Belize und Europa, die den zeitnahen und effizienten Kontakt zu Ihrer Bank in Belize zumindest erschweren.<\/p>\n<p style=\"text-align: justify;\">Die Er\u00f6ffnung sowohl eines <a title=\"Offshore Bankkonto\" href=\"https:\/\/fcba-offshore.com\/de\/offshore-bank\/\">Bankkontos<\/a> als auch einer <a title=\"Offshore Firma\" href=\"https:\/\/fcba-offshore.com\/de\/offshore-firma\/\">Offshore Firma<\/a> in Belize stellt f\u00fcr uns kein Problem dar, denn wir verf\u00fcgen \u00fcber ein enges Netzwerk zu Banken vor Ort.<\/p>\n<p style=\"text-align: justify;\">Zu guter Letzt, dass Sie bei einer Bank in Belize zwar keine signifikante Ersteinlage haben m\u00fcssen, \u00a0aber es gibt eine minimale Einlage, die gesichert sein muss,\u00a0 denn diese dient der Absicherung Ihrer Solvenz. Diese minimale durchschnittliche Einlage ist nicht unerheblich.<\/p>\n<p style=\"text-align: justify;\"><a title=\"Kontakt\" href=\"https:\/\/fcba-offshore.com\/de\/317-2\/\">Falls Sie weitere Fragen zu diesem Thema haben, kontaktieren Sie bitte \u00a0einen Mitarbeiter des FCBA Offshore Ltd\u00a0Teams.<\/a><\/p>\n<p>&nbsp;<\/p>\n<p><a href=\"http:\/\/fcba-offshore.com\/wp-content\/uploads\/2014\/06\/logo-small.png\"><img loading=\"lazy\" decoding=\"async\" class=\"alignnone size-full wp-image-479\" src=\"http:\/\/fcba-offshore.com\/wp-content\/uploads\/2014\/06\/logo-small.png\" alt=\"Logo offshore small\" width=\"142\" height=\"31\" \/><\/a><\/p>\n","protected":false},"excerpt":{"rendered":"<p>&nbsp; Offshore Business in Belize: &nbsp; Belize ist ein kleiner Staat in Mittelamerika, s\u00fcdlich von Mexiko. In dem ehemaligen Commonwealth Staat leben gut 300.000 Einwohner, die weiterhin K\u00f6nigin Elizabeth II als ihr Staatsoberhaupt betrachten. Dies ist der Grund, weshalb Belize das einzige Land der gesamten Region ist, in dem Englisch offizielle Amtssprache ist, obschon Spanisch&hellip;<\/p>\n","protected":false},"author":1,"featured_media":0,"parent":0,"menu_order":0,"comment_status":"closed","ping_status":"open","template":"","meta":{"footnotes":""},"class_list":["post-2179","page","type-page","status-publish","hentry"],"_links":{"self":[{"href":"https:\/\/fcba-offshore.com\/de\/wp-json\/wp\/v2\/pages\/2179","targetHints":{"allow":["GET"]}}],"collection":[{"href":"https:\/\/fcba-offshore.com\/de\/wp-json\/wp\/v2\/pages"}],"about":[{"href":"https:\/\/fcba-offshore.com\/de\/wp-json\/wp\/v2\/types\/page"}],"author":[{"embeddable":true,"href":"https:\/\/fcba-offshore.com\/de\/wp-json\/wp\/v2\/users\/1"}],"replies":[{"embeddable":true,"href":"https:\/\/fcba-offshore.com\/de\/wp-json\/wp\/v2\/comments?post=2179"}],"version-history":[{"count":8,"href":"https:\/\/fcba-offshore.com\/de\/wp-json\/wp\/v2\/pages\/2179\/revisions"}],"predecessor-version":[{"id":2423,"href":"https:\/\/fcba-offshore.com\/de\/wp-json\/wp\/v2\/pages\/2179\/revisions\/2423"}],"wp:attachment":[{"href":"https:\/\/fcba-offshore.com\/de\/wp-json\/wp\/v2\/media?parent=2179"}],"curies":[{"name":"wp","href":"https:\/\/api.w.org\/{rel}","templated":true}]}}