{"id":2181,"date":"2016-02-29T17:12:38","date_gmt":"2016-02-29T17:12:38","guid":{"rendered":"http:\/\/fcba-offshore.com\/?page_id=2181"},"modified":"2016-03-07T17:11:19","modified_gmt":"2016-03-07T17:11:19","slug":"bvi-offshore","status":"publish","type":"page","link":"https:\/\/fcba-offshore.com\/de\/bvi-offshore\/","title":{"rendered":"Britische Jungferninseln Offshore"},"content":{"rendered":"<p><a href=\"http:\/\/fcba-offshore.com\/wp-content\/uploads\/2014\/06\/Iles-Vierges-Britanniques-Offshore.png\"><img loading=\"lazy\" decoding=\"async\" class=\"size-medium wp-image-608 alignright\" src=\"http:\/\/fcba-offshore.com\/wp-content\/uploads\/2014\/06\/Iles-Vierges-Britanniques-Offshore-300x131.png\" alt=\"Iles Vierges Britanniques Offshore\" width=\"300\" height=\"131\" srcset=\"https:\/\/fcba-offshore.com\/wp-content\/uploads\/2014\/06\/Iles-Vierges-Britanniques-Offshore-300x131.png 300w, https:\/\/fcba-offshore.com\/wp-content\/uploads\/2014\/06\/Iles-Vierges-Britanniques-Offshore.png 641w, https:\/\/fcba-offshore.com\/wp-content\/uploads\/2014\/06\/Iles-Vierges-Britanniques-Offshore-450x196.png 450w\" sizes=\"auto, (max-width: 300px) 100vw, 300px\" \/><\/a><\/p>\n<h1><a href=\"http:\/\/fcba-offshore.com\/wp-content\/uploads\/2014\/06\/Iles-Vierges-Britanniques.png\"><img loading=\"lazy\" decoding=\"async\" class=\"alignnone size-full wp-image-352\" src=\"http:\/\/fcba-offshore.com\/wp-content\/uploads\/2014\/06\/Iles-Vierges-Britanniques.png\" alt=\"Iles-Vierges-Britanniques\" width=\"75\" height=\"46\" \/><\/a><\/h1>\n<p>&nbsp;<\/p>\n<h1>Offshore Business in <strong>den Britischen Jungferninseln<\/strong>:<\/h1>\n<p>&nbsp;<\/p>\n<p style=\"text-align: justify;\">Die Britischen Jungferninseln\u00a0(international abgek\u00fcrzt mit BVI) liegen im Atlantischen Ozean und sind ein Teil der Karibischen Inseln. Mit weniger als 30.000 Einwohnern sind diese Inselgruppe stark abh\u00e4ngig von Beziehungen mit anderen Staaten. Dies erkl\u00e4rt, weshalb K\u00f6nigin Elizabeth II. Weiterhin als Staatsoberhaupt angesehen wird.\u00a0Die Steuerbeh\u00f6rden der BVI sind bekannt daf\u00fcr, sehr offen und\u00a0 verst\u00e4ndnisvoll zu sein gegen\u00fcber allen, die Gesch\u00e4fte au\u00dferhalb des Archipelagos betreiben. Firmengr\u00fcndungen werden gef\u00f6rdert durch Nicht-Besteuerung von Gewinnen, die au\u00dferhalb des Territoriums der BVI erzielt werden. Die wirtschaftsfreundliche Gesetzgebung, basierend auf dem britischen Model, ist flexible und modern, was ein auschlaggebender Punkt ist, dass sich viele ausl\u00e4ndische Investoren f\u00fcr eine Firmengr\u00fcndung auf dem Gebiet der BVI entscheiden.<\/p>\n<p style=\"text-align: justify;\">Eine Offshore Firma bzw. ein <a title=\"Offshore Bankkonto\" href=\"https:\/\/fcba-offshore.com\/de\/offshore-bank\/\">Offshore Bankkonto<\/a> auf den BVI hat u.a. folgende Vorteile<\/p>\n<ul style=\"text-align: justify;\">\n<li>Keine Mehrwertsteuer<\/li>\n<li>Keine K\u00f6rperschaftssteuer (f\u00fcr Nicht-Residenten der BVI)<\/li>\n<li>Bankgeheimnis und<\/li>\n<li>Anonymit\u00e4t von Firmeninhabern<\/li>\n<\/ul>\n<p style=\"text-align: justify;\">Dadurch, dass mehr als 40% internationaler Konzerne entweder eine Tochterfirma oder eine Holding auf den BVI registriert haben, k\u00f6nnte es aber in absehbarer Zukunft wenig attraktiv sein (gem\u00e4\u00df einigen pessimistischen Experten), auf den BVI eine <a title=\"Offshore Firma\" href=\"https:\/\/fcba-offshore.com\/de\/offshore-firma\/\">Offshore Firma<\/a> zu haben da deren Rechtsprechung ein Opfer einer erzwungenerma\u00dfen engen Zusammenarbeit mit der OECD wird.<\/p>\n<p style=\"text-align: justify;\"><a title=\"Homepage\" href=\"https:\/\/fcba-offshore.com\/de\/\">FCBA Offshore<\/a> empfiehlt aus o.g. Gr\u00fcnden f\u00fcr langfristige Anlagen keine \u00a0Er\u00f6ffnung eines <a title=\"Offshore Bankkonto\" href=\"https:\/\/fcba-offshore.com\/de\/offshore-bank\/\">Bankkontos<\/a> oder einer <a title=\"Offshore Firma\" href=\"https:\/\/fcba-offshore.com\/de\/offshore-firma\/\">Offshore Firma<\/a> auf den BVI.\u00a0Denjenigen, die bereits ein <a title=\"Offshore Bankkonto\" href=\"https:\/\/fcba-offshore.com\/de\/offshore-bank\/\">Offshore Bankkonto<\/a> oder eine <a title=\"Offshore Firma\" href=\"https:\/\/fcba-offshore.com\/de\/offshore-firma\/\">Offshore Firma<\/a> auf den BVI haben, sollten sich mit uns in Kontakt setzen, um gemeinsam daf\u00fcr zukunftsorientierte L\u00f6sungen zu erarbeiten.<\/p>\n<p style=\"text-align: justify;\">Trotzdem ist es f\u00fcr uns weiterhin m\u00f6glich, ein Konto bzw. eine Firma auf den BVI zu er\u00f6ffnen, denn wir verf\u00fcgen \u00fcber ein enges Netzwerk zu Banken vor Ort.<\/p>\n<p style=\"text-align: justify;\">Zu guter Letzt m\u00f6chten wir Sie informieren, dass die Ersteinzahlung auf ein <a title=\"Offshore Bankkonto\" href=\"https:\/\/fcba-offshore.com\/de\/offshore-bank\/\">Offshore Bankkonto<\/a> auf den BVI recht hoch ist. Die Einzahlung muss zeitnah erfolgen nach der Er\u00f6ffnung eines Kontos.<\/p>\n<p>&nbsp;<\/p>\n<p><a title=\"Kontakt\" href=\"https:\/\/fcba-offshore.com\/de\/317-2\/\">Falls Sie weitere Fragen zu diesem Thema haben, kontaktieren Sie bitte \u00a0einen Mitarbeiter des FCBA Offshore Teams.<\/a><\/p>\n<p>&nbsp;<\/p>\n<p style=\"text-align: justify;\"><a href=\"http:\/\/fcba-offshore.com\/wp-content\/uploads\/2014\/06\/logo-small.png\"><img loading=\"lazy\" decoding=\"async\" class=\"alignnone size-full wp-image-479\" src=\"http:\/\/fcba-offshore.com\/wp-content\/uploads\/2014\/06\/logo-small.png\" alt=\"Logo offshore small\" width=\"142\" height=\"31\" \/><\/a><\/p>\n","protected":false},"excerpt":{"rendered":"<p>&nbsp; Offshore Business in den Britischen Jungferninseln: &nbsp; Die Britischen Jungferninseln\u00a0(international abgek\u00fcrzt mit BVI) liegen im Atlantischen Ozean und sind ein Teil der Karibischen Inseln. Mit weniger als 30.000 Einwohnern sind diese Inselgruppe stark abh\u00e4ngig von Beziehungen mit anderen Staaten. Dies erkl\u00e4rt, weshalb K\u00f6nigin Elizabeth II. Weiterhin als Staatsoberhaupt angesehen wird.\u00a0Die Steuerbeh\u00f6rden der BVI sind&hellip;<\/p>\n","protected":false},"author":1,"featured_media":0,"parent":0,"menu_order":0,"comment_status":"closed","ping_status":"open","template":"","meta":{"footnotes":""},"class_list":["post-2181","page","type-page","status-publish","hentry"],"_links":{"self":[{"href":"https:\/\/fcba-offshore.com\/de\/wp-json\/wp\/v2\/pages\/2181","targetHints":{"allow":["GET"]}}],"collection":[{"href":"https:\/\/fcba-offshore.com\/de\/wp-json\/wp\/v2\/pages"}],"about":[{"href":"https:\/\/fcba-offshore.com\/de\/wp-json\/wp\/v2\/types\/page"}],"author":[{"embeddable":true,"href":"https:\/\/fcba-offshore.com\/de\/wp-json\/wp\/v2\/users\/1"}],"replies":[{"embeddable":true,"href":"https:\/\/fcba-offshore.com\/de\/wp-json\/wp\/v2\/comments?post=2181"}],"version-history":[{"count":14,"href":"https:\/\/fcba-offshore.com\/de\/wp-json\/wp\/v2\/pages\/2181\/revisions"}],"predecessor-version":[{"id":2575,"href":"https:\/\/fcba-offshore.com\/de\/wp-json\/wp\/v2\/pages\/2181\/revisions\/2575"}],"wp:attachment":[{"href":"https:\/\/fcba-offshore.com\/de\/wp-json\/wp\/v2\/media?parent=2181"}],"curies":[{"name":"wp","href":"https:\/\/api.w.org\/{rel}","templated":true}]}}