{"id":2187,"date":"2016-02-29T17:18:25","date_gmt":"2016-02-29T17:18:25","guid":{"rendered":"http:\/\/fcba-offshore.com\/?page_id=2187"},"modified":"2016-03-07T17:12:04","modified_gmt":"2016-03-07T17:12:04","slug":"cayman-islands-offshore","status":"publish","type":"page","link":"https:\/\/fcba-offshore.com\/de\/cayman-islands-offshore\/","title":{"rendered":"Cayman Inseln Offshore"},"content":{"rendered":"<p><a href=\"http:\/\/fcba-offshore.com\/wp-content\/uploads\/2014\/06\/Iles-Caimans.png\"><img loading=\"lazy\" decoding=\"async\" class=\"alignnone size-full wp-image-343\" src=\"http:\/\/fcba-offshore.com\/wp-content\/uploads\/2014\/06\/Iles-Caimans.png\" alt=\"Iles-Caimans\" width=\"78\" height=\"40\" \/><\/a> <a href=\"http:\/\/fcba-offshore.com\/wp-content\/uploads\/2014\/06\/Iles-Caymans-Offshore.png\"><img loading=\"lazy\" decoding=\"async\" class=\"size-medium wp-image-598 alignright\" src=\"http:\/\/fcba-offshore.com\/wp-content\/uploads\/2014\/06\/Iles-Caymans-Offshore-300x131.png\" alt=\"Iles Caymans Offshore\" width=\"300\" height=\"131\" srcset=\"https:\/\/fcba-offshore.com\/wp-content\/uploads\/2014\/06\/Iles-Caymans-Offshore-300x131.png 300w, https:\/\/fcba-offshore.com\/wp-content\/uploads\/2014\/06\/Iles-Caymans-Offshore.png 641w, https:\/\/fcba-offshore.com\/wp-content\/uploads\/2014\/06\/Iles-Caymans-Offshore-450x196.png 450w\" sizes=\"auto, (max-width: 300px) 100vw, 300px\" \/><\/a><\/p>\n<p>&nbsp;<\/p>\n<h1>Offshore Business auf den Cayman Inseln:<\/h1>\n<p>&nbsp;<\/p>\n<p style=\"text-align: justify;\">Die Cayman Inseln sind ein Archipelogo in der Karibik und sind ein Teil des britischen \u00dcberseeterritoriums. In den neunziger Jahren wurde dieser Staat bereits als Offshore-Paradies in den Medien beschrieben auf Grund Ihrer steuerlichen Vorz\u00fcge. Heute sieht es allerdings anders aus, was an bereits unterzeichneten Vertr\u00e4gen zwischen den Cayman Inseln und den USA, Irland, den Niederlanden, skandinavischen L\u00e4ndern liegt und intensive Pl\u00e4nen, diese oder \u00e4hnliche Vertr\u00e4ge auch mit der OECD zu ratifizieren. Eine ganze Reihe von EU-L\u00e4ndern hat die Cayman-Inseln auf ihrer &#8220;schwarzen Liste&#8221;. Viele Experten sehen aus diesem Grund das Ende des \u201eOffshore Paradises\u201c Cayman Inseln.<\/p>\n<p style=\"text-align: justify;\">Die Cayman Inseln bieten auch heute noch 0% Steuern auf Gewinne, die au\u00dferhalb der \u00a0Cayman Inseln erzielt werden. Aber die Verwaltung des kleinen Inselstaats muss nun die Namen der <a title=\"Offshore Firma\" href=\"https:\/\/fcba-offshore.com\/de\/offshore-firma\/\">Offshore Firmeninhabern<\/a>, die auf den Cayman Inseln registriert sind, auf Anfrage ver\u00f6ffentlichen. Daher ist es immer noch m\u00f6glich, dass Gewinne, die au\u00dferhalb der Cayman Inseln erwirtschaftet werden, unversteuert zu lassen. Allerdings wird die zuvor so gesch\u00e4tzte Anonymit\u00e4t nicht mehr gew\u00e4hrleistet.<\/p>\n<p style=\"text-align: justify;\"><a title=\"Homepage\" href=\"https:\/\/fcba-offshore.com\/de\/\">FCBA Offshore<\/a> \u00a0empfiehlt aus o.g. Gr\u00fcnden f\u00fcr langfristige Anlagen keine \u00a0Er\u00f6ffnung eines <a title=\"Offshore Bankkonto\" href=\"https:\/\/fcba-offshore.com\/de\/offshore-bank\/\">Bankkontos<\/a> oder einer <a title=\"Offshore Firma\" href=\"https:\/\/fcba-offshore.com\/de\/offshore-firma\/\">Offshore Firma<\/a> auf den Cayman Inseln.\u00a0Denjenigen, die bereits ein <a title=\"Offshore Bankkonto\" href=\"https:\/\/fcba-offshore.com\/de\/offshore-bank\/\">Offshore Bankkonto<\/a> oder eine <a title=\"Offshore Firma\" href=\"https:\/\/fcba-offshore.com\/de\/offshore-firma\/\">Offshore Firma<\/a> auf den Cayman Inseln haben, sollten sich mit uns in Kontakt setzen, um gemeinsam daf\u00fcr zukunftsorientierte L\u00f6sungen zu erarbeiten.<\/p>\n<p style=\"text-align: justify;\">Trotzdem ist es f\u00fcr uns weiterhin m\u00f6glich, ein Konto bzw. eine Firma auf den Cayman Inseln zu er\u00f6ffnen, denn wir verf\u00fcgen \u00fcber ein enges Netzwerk zu Banken vor Ort.<\/p>\n<p style=\"text-align: justify;\">Zu guter Letzt m\u00f6chten wir Sie informieren, dass die Ersteinzahlung auf ein <a title=\"Offshore Bankkonto\" href=\"https:\/\/fcba-offshore.com\/de\/offshore-bank\/\">Offshore Bankkonto<\/a> auf den Cayman Inseln recht hoch ist im Vergleich zu anderen Offshore Orten. \u00a0Die Einzahlung muss zeitnah erfolgen nach der Er\u00f6ffnung eines Kontos.<\/p>\n<p>&nbsp;<\/p>\n<p style=\"text-align: justify;\"><a title=\"Kontakt\" href=\"https:\/\/fcba-offshore.com\/de\/317-2\/\">Falls Sie weitere Fragen zu diesem Thema haben, kontaktieren Sie bitte \u00a0einen Mitarbeiter des FCBA Offshore Teams.<\/a><\/p>\n<p>&nbsp;<\/p>\n<p style=\"text-align: justify;\"><a href=\"http:\/\/fcba-offshore.com\/wp-content\/uploads\/2014\/06\/logo-small.png\"><img loading=\"lazy\" decoding=\"async\" class=\"alignnone size-full wp-image-479\" src=\"http:\/\/fcba-offshore.com\/wp-content\/uploads\/2014\/06\/logo-small.png\" alt=\"Logo offshore small\" width=\"142\" height=\"31\" \/><\/a><\/p>\n","protected":false},"excerpt":{"rendered":"<p>&nbsp; Offshore Business auf den Cayman Inseln: &nbsp; Die Cayman Inseln sind ein Archipelogo in der Karibik und sind ein Teil des britischen \u00dcberseeterritoriums. In den neunziger Jahren wurde dieser Staat bereits als Offshore-Paradies in den Medien beschrieben auf Grund Ihrer steuerlichen Vorz\u00fcge. Heute sieht es allerdings anders aus, was an bereits unterzeichneten Vertr\u00e4gen zwischen&hellip;<\/p>\n","protected":false},"author":1,"featured_media":0,"parent":0,"menu_order":0,"comment_status":"closed","ping_status":"open","template":"","meta":{"footnotes":""},"class_list":["post-2187","page","type-page","status-publish","hentry"],"_links":{"self":[{"href":"https:\/\/fcba-offshore.com\/de\/wp-json\/wp\/v2\/pages\/2187","targetHints":{"allow":["GET"]}}],"collection":[{"href":"https:\/\/fcba-offshore.com\/de\/wp-json\/wp\/v2\/pages"}],"about":[{"href":"https:\/\/fcba-offshore.com\/de\/wp-json\/wp\/v2\/types\/page"}],"author":[{"embeddable":true,"href":"https:\/\/fcba-offshore.com\/de\/wp-json\/wp\/v2\/users\/1"}],"replies":[{"embeddable":true,"href":"https:\/\/fcba-offshore.com\/de\/wp-json\/wp\/v2\/comments?post=2187"}],"version-history":[{"count":13,"href":"https:\/\/fcba-offshore.com\/de\/wp-json\/wp\/v2\/pages\/2187\/revisions"}],"predecessor-version":[{"id":2576,"href":"https:\/\/fcba-offshore.com\/de\/wp-json\/wp\/v2\/pages\/2187\/revisions\/2576"}],"wp:attachment":[{"href":"https:\/\/fcba-offshore.com\/de\/wp-json\/wp\/v2\/media?parent=2187"}],"curies":[{"name":"wp","href":"https:\/\/api.w.org\/{rel}","templated":true}]}}