{"id":2191,"date":"2016-02-29T17:21:36","date_gmt":"2016-02-29T17:21:36","guid":{"rendered":"http:\/\/fcba-offshore.com\/?page_id=2191"},"modified":"2016-03-07T17:10:32","modified_gmt":"2016-03-07T17:10:32","slug":"cyprus-offshore","status":"publish","type":"page","link":"https:\/\/fcba-offshore.com\/de\/cyprus-offshore\/","title":{"rendered":"Zypern Offshore"},"content":{"rendered":"<h1><a href=\"http:\/\/fcba-offshore.com\/wp-content\/uploads\/2014\/06\/Chypre.png\"><img loading=\"lazy\" decoding=\"async\" class=\"alignnone size-full wp-image-345\" src=\"http:\/\/fcba-offshore.com\/wp-content\/uploads\/2014\/06\/Chypre.png\" alt=\"Chypre\" width=\"79\" height=\"50\" \/><\/a> <a href=\"http:\/\/fcba-offshore.com\/wp-content\/uploads\/2014\/06\/Chypre-offshore.png\"><img loading=\"lazy\" decoding=\"async\" class=\"size-medium wp-image-563 alignright\" src=\"http:\/\/fcba-offshore.com\/wp-content\/uploads\/2014\/06\/Chypre-offshore-300x131.png\" alt=\"Chypre offshore\" width=\"300\" height=\"131\" srcset=\"https:\/\/fcba-offshore.com\/wp-content\/uploads\/2014\/06\/Chypre-offshore-300x131.png 300w, https:\/\/fcba-offshore.com\/wp-content\/uploads\/2014\/06\/Chypre-offshore.png 641w, https:\/\/fcba-offshore.com\/wp-content\/uploads\/2014\/06\/Chypre-offshore-450x196.png 450w\" sizes=\"auto, (max-width: 300px) 100vw, 300px\" \/><\/a><\/h1>\n<p>&nbsp;<\/p>\n<h1>Offshore Business <strong>auf Zypern<\/strong>:<\/h1>\n<p>&nbsp;<\/p>\n<p style=\"text-align: justify;\">Zypern ist eine Insel im \u00f6stlichen Mittelmeer, in unmittelbarer N\u00e4he zu\u00a0Griechenland und s\u00fcdlich der T\u00fcrkei gelegen. Hauptwirtschaftszweig ist der Tourismus, aber Zypern offeriert auch eine ganze Reihe interessanter Vorteile f\u00fcr interessierte Kunden, die dort ein <a title=\"Offshore Bankkonto\" href=\"https:\/\/fcba-offshore.com\/de\/offshore-bank\/\">Offshore Bankkonto<\/a> oder einen Offshore Firma gr\u00fcnden m\u00f6chten. In 2012\/13 wurde Zypern von einer starken Finanzkrise heimgesucht und deshalb ist das Image der Insel als Finanzplatz stark angekratzt. Allerdings wurde Zypern schon mehrfach von Krisen heimgesucht und unser lokaler Partner hatte die letzte Krise bereits antizipiert und die richtigen Vorkehrungen getroffen.<\/p>\n<p style=\"text-align: justify;\">Die Vorteile eines <a title=\"Offshore Bankkonto\" href=\"https:\/\/fcba-offshore.com\/de\/offshore-bank\/\">Offshore Bankkontos<\/a> bzw. einer <a title=\"Offshore Firma\" href=\"https:\/\/fcba-offshore.com\/de\/offshore-firma\/\">Offshore Firma<\/a> auf Zypern sind wie folgt:<\/p>\n<ul style=\"text-align: justify;\">\n<li>Bankgeheimnis und Diskretion von Konto-Inhabern\u00a0(allerdings leider nicht mehr gegen\u00fcber den Staaten der Europ\u00e4ischen Union)<\/li>\n<li>M\u00f6glichkeit einer Registrierung in der Europ\u00e4ischen Union\u00a0\/ VAT- Nummer (denn Zypern ist Mitglied der EU)<\/li>\n<li>Offizielle W\u00e4hrung ist der Euro (\u20ac)<\/li>\n<li>Niedrige K\u00f6rperschaftssteuer von 12,5% sowohl f\u00fcr Bewohner als auch Nichtbewohner Zyperns<\/li>\n<\/ul>\n<p style=\"text-align: justify;\"><a title=\"Homepage\" href=\"https:\/\/fcba-offshore.com\/de\/\">FCBA Offshore<\/a> empfiehlt zun\u00e4chst allen Kunden, die ein <a title=\"Offshore Bankkonto\" href=\"https:\/\/fcba-offshore.com\/de\/offshore-bank\/\">Offshore Bankkonto<\/a> auf Zypern besitzen und von der Bankenkrise Zyperns Schaden erlitten haben, uns zu kontaktieren. Wir werden Sie sehr gerne beratend unterst\u00fctzen, wie sein ein neues <a title=\"Offshore Bankkonto\" href=\"https:\/\/fcba-offshore.com\/de\/offshore-bank\/\">Offshore Bankkonto<\/a> einrichten k\u00f6nnen,\u00a0entweder mit einem zypriotischen Partner bzw. Bank\u00a0oder aber auch mit einem Bankinstitut eines anderen Landes.\u00a0Ebenso unterst\u00fctzen wir gern alle Kunden, die Interesse an einer <a title=\"Offshore Firma\" href=\"https:\/\/fcba-offshore.com\/de\/offshore-firma\/\">Offshore Firma<\/a> haben und diese unter Umst\u00e4nden auf Zypern gr\u00fcnden m\u00f6chten. Wir stehen Ihnen dabei sehr gern beratend zur Seite.<\/p>\n<p style=\"text-align: justify;\">Die Er\u00f6ffnung sowohl eines <a title=\"Offshore Bankkonto\" href=\"https:\/\/fcba-offshore.com\/de\/offshore-bank\/\">Bankkontos<\/a> als auch einer <a title=\"Offshore Firma\" href=\"https:\/\/fcba-offshore.com\/de\/offshore-firma\/\">Offshore Firma<\/a> in Zypern stellt f\u00fcr uns kein Problem dar, denn wir verf\u00fcgen \u00fcber ein enges Netzwerk zu Banken vor Ort.<\/p>\n<p style=\"text-align: justify;\">Zu guter Letzt m\u00f6chten wir Sie noch informieren, dass Sie bei einer Bank in Zypern keine signifikante Ersteinlage haben m\u00fcssen.<\/p>\n<p>&nbsp;<\/p>\n<p style=\"text-align: justify;\"><a title=\"Kontakt\" href=\"https:\/\/fcba-offshore.com\/de\/317-2\/\">Falls Sie weitere Fragen zu diesem Thema haben, kontaktieren Sie bitte \u00a0einen Mitarbeiter des FCBA Offshore Teams.<\/a><\/p>\n<p>&nbsp;<\/p>\n<p style=\"text-align: justify;\"><a href=\"http:\/\/fcba-offshore.com\/wp-content\/uploads\/2014\/06\/logo-small.png\"><img loading=\"lazy\" decoding=\"async\" class=\"alignnone size-full wp-image-479\" src=\"http:\/\/fcba-offshore.com\/wp-content\/uploads\/2014\/06\/logo-small.png\" alt=\"Logo offshore small\" width=\"142\" height=\"31\" \/><\/a><\/p>\n","protected":false},"excerpt":{"rendered":"<p>&nbsp; Offshore Business auf Zypern: &nbsp; Zypern ist eine Insel im \u00f6stlichen Mittelmeer, in unmittelbarer N\u00e4he zu\u00a0Griechenland und s\u00fcdlich der T\u00fcrkei gelegen. Hauptwirtschaftszweig ist der Tourismus, aber Zypern offeriert auch eine ganze Reihe interessanter Vorteile f\u00fcr interessierte Kunden, die dort ein Offshore Bankkonto oder einen Offshore Firma gr\u00fcnden m\u00f6chten. In 2012\/13 wurde Zypern von einer&hellip;<\/p>\n","protected":false},"author":1,"featured_media":0,"parent":0,"menu_order":0,"comment_status":"closed","ping_status":"open","template":"","meta":{"footnotes":""},"class_list":["post-2191","page","type-page","status-publish","hentry"],"_links":{"self":[{"href":"https:\/\/fcba-offshore.com\/de\/wp-json\/wp\/v2\/pages\/2191","targetHints":{"allow":["GET"]}}],"collection":[{"href":"https:\/\/fcba-offshore.com\/de\/wp-json\/wp\/v2\/pages"}],"about":[{"href":"https:\/\/fcba-offshore.com\/de\/wp-json\/wp\/v2\/types\/page"}],"author":[{"embeddable":true,"href":"https:\/\/fcba-offshore.com\/de\/wp-json\/wp\/v2\/users\/1"}],"replies":[{"embeddable":true,"href":"https:\/\/fcba-offshore.com\/de\/wp-json\/wp\/v2\/comments?post=2191"}],"version-history":[{"count":12,"href":"https:\/\/fcba-offshore.com\/de\/wp-json\/wp\/v2\/pages\/2191\/revisions"}],"predecessor-version":[{"id":2574,"href":"https:\/\/fcba-offshore.com\/de\/wp-json\/wp\/v2\/pages\/2191\/revisions\/2574"}],"wp:attachment":[{"href":"https:\/\/fcba-offshore.com\/de\/wp-json\/wp\/v2\/media?parent=2191"}],"curies":[{"name":"wp","href":"https:\/\/api.w.org\/{rel}","templated":true}]}}