{"id":2194,"date":"2016-02-29T17:23:54","date_gmt":"2016-02-29T17:23:54","guid":{"rendered":"http:\/\/fcba-offshore.com\/?page_id=2194"},"modified":"2016-03-07T17:14:01","modified_gmt":"2016-03-07T17:14:01","slug":"delaware-offshore","status":"publish","type":"page","link":"https:\/\/fcba-offshore.com\/de\/delaware-offshore\/","title":{"rendered":"Delaware Offshore"},"content":{"rendered":"<h1><a href=\"http:\/\/fcba-offshore.com\/wp-content\/uploads\/2014\/06\/Delaware.png\"><img loading=\"lazy\" decoding=\"async\" class=\"alignnone size-full wp-image-346\" src=\"http:\/\/fcba-offshore.com\/wp-content\/uploads\/2014\/06\/Delaware.png\" alt=\"Delaware\" width=\"79\" height=\"44\" \/><\/a> <a href=\"http:\/\/fcba-offshore.com\/wp-content\/uploads\/2014\/06\/Delaware-offshore-2.png\"><img loading=\"lazy\" decoding=\"async\" class=\"size-medium wp-image-575 alignright\" src=\"http:\/\/fcba-offshore.com\/wp-content\/uploads\/2014\/06\/Delaware-offshore-2-300x131.png\" alt=\"Delaware offshore 2\" width=\"300\" height=\"131\" srcset=\"https:\/\/fcba-offshore.com\/wp-content\/uploads\/2014\/06\/Delaware-offshore-2-300x131.png 300w, https:\/\/fcba-offshore.com\/wp-content\/uploads\/2014\/06\/Delaware-offshore-2.png 641w, https:\/\/fcba-offshore.com\/wp-content\/uploads\/2014\/06\/Delaware-offshore-2-450x196.png 450w\" sizes=\"auto, (max-width: 300px) 100vw, 300px\" \/><\/a><\/h1>\n<p>&nbsp;<\/p>\n<h1>Offshore Business in Delaware:<\/h1>\n<p>&nbsp;<\/p>\n<p style=\"text-align: justify;\">Delaware ist einer der 50 Staaten der Vereinigten Staaten von Amerika und befindet sich im nord\u00f6stlichen Teil der USA, unweit von Washington, DC. Dieser Ort ist beinahe schon traditionell ein Offshore Ort, genie\u00dft eine hohe Akzeptanz und ist mit Sicherheit einer der bekanntesten Offshore Pl\u00e4tze weltweit. Zus\u00e4tzlich zu den sehr attraktiven Steuervorteilen f\u00fcr alle ans\u00e4ssigen Firmen in ihren Staat, erlaubt Delaware (unter bestimmten Bedingungen) den eingetragenen Inhabern einer Firma eine \u201eGreen Card\u201c zu beantragen und damit eine Aufenthaltsgenehmigung f\u00fcr die USA zu erlangen.<\/p>\n<p style=\"text-align: justify;\">Der Hauptgrund, eine <a title=\"Offshore Firma\" href=\"https:\/\/fcba-offshore.com\/de\/offshore-firma\/\">Offshore Firma<\/a> im US-Staat Delaware zu er\u00f6ffnen, ist die steuerfreundliche Behandlung der lokalen Beh\u00f6rden gegen\u00fcber Firmen, die ihre Eink\u00fcnfte au\u00dferhalb des Staates generieren. Der US-Staat Delaware unterst\u00fctzt<a title=\"Offshore Firma\" href=\"https:\/\/fcba-offshore.com\/de\/offshore-firma\/\"> Offshore Firmengr\u00fcndungen<\/a> durch eine Nicht-Besteuerung von Gewinnen, die au\u00dferhalb des Staates erzielt wurden. Jedoch hat die Zusammenarbeit zwischen der EU und dem Staat Delaware das vollst\u00e4ndige Ausnutzen der Steuervorteile erschwert. In der Tat haben Neueinstufungen der europ\u00e4ischen Steuerbeh\u00f6rden die Steuerbefreihung der Gewinne teilweise eingeschr\u00e4nkt.<\/p>\n<p style=\"text-align: justify;\">Daher empfehlen wir allen Inhabern von <a title=\"Offshore Firma\" href=\"https:\/\/fcba-offshore.com\/de\/offshore-firma\/\">Offshore Firmen<\/a> in Delaware, die Probleme bei der Rechnungsstellung an bestimmte Partner oder Firmen haben, sich mit uns von <a title=\"Homepage\" href=\"https:\/\/fcba-offshore.com\/de\/\">FCBA Offshore<\/a> in Verbindung zu setzen. Wir unterst\u00fctzen Sie dabei, eine neue <a title=\"Offshore Firma\" href=\"https:\/\/fcba-offshore.com\/de\/offshore-firma\/\">Offshore Firma<\/a> an einem anderen Ort zu gr\u00fcnden, die Ihnen die Rechnungsstellung vereinfacht. Auch denjenigen, die bereits eine <a title=\"Offshore Firma\" href=\"https:\/\/fcba-offshore.com\/de\/offshore-firma\/\">Offshore Firma<\/a> in Delaware haben, m\u00f6chten wir mitteilen, dass wir starke und erfahrene Partner haben, die Sie in allen Bankdienstleistungsfragen unterst\u00fctzen.<\/p>\n<p style=\"text-align: justify;\">Die Er\u00f6ffnung sowohl eines Bankkontos als auch einer <a title=\"Offshore Firma\" href=\"https:\/\/fcba-offshore.com\/de\/offshore-firma\/\">Offshore Firma<\/a> in Delaware stellt f\u00fcr uns kein Problem dar, denn wir verf\u00fcgen \u00fcber ein enges Netzwerk zu Banken vor Ort.<\/p>\n<p style=\"text-align: justify;\">Zu guter Letzt m\u00f6chten wir Sie noch informieren, dass Sie bei einer Bank in Delaware keine signifikante Ersteinlage haben m\u00fcssen.<\/p>\n<p>&nbsp;<\/p>\n<p style=\"text-align: justify;\"><a title=\"Kontakt\" href=\"https:\/\/fcba-offshore.com\/de\/317-2\/\">Falls Sie weitere Fragen zu diesem Thema haben, kontaktieren Sie bitte einen Mitarbeiter des FCBA Offshore Teams.<\/a><\/p>\n<p>&nbsp;<\/p>\n<p style=\"text-align: justify;\"><a href=\"http:\/\/fcba-offshore.com\/wp-content\/uploads\/2014\/06\/logo-small.png\"><img loading=\"lazy\" decoding=\"async\" class=\"alignnone size-full wp-image-479\" src=\"http:\/\/fcba-offshore.com\/wp-content\/uploads\/2014\/06\/logo-small.png\" alt=\"Logo offshore small\" width=\"142\" height=\"31\" \/><\/a><\/p>\n","protected":false},"excerpt":{"rendered":"<p>&nbsp; Offshore Business in Delaware: &nbsp; Delaware ist einer der 50 Staaten der Vereinigten Staaten von Amerika und befindet sich im nord\u00f6stlichen Teil der USA, unweit von Washington, DC. Dieser Ort ist beinahe schon traditionell ein Offshore Ort, genie\u00dft eine hohe Akzeptanz und ist mit Sicherheit einer der bekanntesten Offshore Pl\u00e4tze weltweit. Zus\u00e4tzlich zu den&hellip;<\/p>\n","protected":false},"author":1,"featured_media":0,"parent":0,"menu_order":0,"comment_status":"closed","ping_status":"open","template":"","meta":{"footnotes":""},"class_list":["post-2194","page","type-page","status-publish","hentry"],"_links":{"self":[{"href":"https:\/\/fcba-offshore.com\/de\/wp-json\/wp\/v2\/pages\/2194","targetHints":{"allow":["GET"]}}],"collection":[{"href":"https:\/\/fcba-offshore.com\/de\/wp-json\/wp\/v2\/pages"}],"about":[{"href":"https:\/\/fcba-offshore.com\/de\/wp-json\/wp\/v2\/types\/page"}],"author":[{"embeddable":true,"href":"https:\/\/fcba-offshore.com\/de\/wp-json\/wp\/v2\/users\/1"}],"replies":[{"embeddable":true,"href":"https:\/\/fcba-offshore.com\/de\/wp-json\/wp\/v2\/comments?post=2194"}],"version-history":[{"count":6,"href":"https:\/\/fcba-offshore.com\/de\/wp-json\/wp\/v2\/pages\/2194\/revisions"}],"predecessor-version":[{"id":2442,"href":"https:\/\/fcba-offshore.com\/de\/wp-json\/wp\/v2\/pages\/2194\/revisions\/2442"}],"wp:attachment":[{"href":"https:\/\/fcba-offshore.com\/de\/wp-json\/wp\/v2\/media?parent=2194"}],"curies":[{"name":"wp","href":"https:\/\/api.w.org\/{rel}","templated":true}]}}