{"id":2196,"date":"2016-02-29T17:25:12","date_gmt":"2016-02-29T17:25:12","guid":{"rendered":"http:\/\/fcba-offshore.com\/?page_id=2196"},"modified":"2016-03-07T17:15:56","modified_gmt":"2016-03-07T17:15:56","slug":"dominica-offshore","status":"publish","type":"page","link":"https:\/\/fcba-offshore.com\/de\/dominica-offshore\/","title":{"rendered":"Dominica Offshore"},"content":{"rendered":"<h1><a href=\"http:\/\/fcba-offshore.com\/wp-content\/uploads\/2014\/06\/Dominique.png\"><img loading=\"lazy\" decoding=\"async\" class=\"alignnone size-full wp-image-347\" src=\"http:\/\/fcba-offshore.com\/wp-content\/uploads\/2014\/06\/Dominique.png\" alt=\"Dominique\" width=\"78\" height=\"41\" \/><\/a> <a href=\"http:\/\/fcba-offshore.com\/wp-content\/uploads\/2014\/06\/Dominique-Offshore-2.png\"><img loading=\"lazy\" decoding=\"async\" class=\"size-medium wp-image-577 alignright\" src=\"http:\/\/fcba-offshore.com\/wp-content\/uploads\/2014\/06\/Dominique-Offshore-2-300x131.png\" alt=\"Dominique Offshore 2\" width=\"300\" height=\"131\" srcset=\"https:\/\/fcba-offshore.com\/wp-content\/uploads\/2014\/06\/Dominique-Offshore-2-300x131.png 300w, https:\/\/fcba-offshore.com\/wp-content\/uploads\/2014\/06\/Dominique-Offshore-2.png 641w, https:\/\/fcba-offshore.com\/wp-content\/uploads\/2014\/06\/Dominique-Offshore-2-450x196.png 450w\" sizes=\"auto, (max-width: 300px) 100vw, 300px\" \/><\/a><\/h1>\n<p>&nbsp;<\/p>\n<h1>Offshore Business in Dominica:<\/h1>\n<p>&nbsp;<\/p>\n<p style=\"text-align: justify;\">Der kleine Inselstaat Dominica wird h\u00e4ufig verwechselt mit der Dominikanischen Republik. Aber Dominica ist ein selbstst\u00e4ndiges Land, das dem Commonwealth angeh\u00f6rt und dessen Landessprache dementsprechend Englisch ist. Die Insel liegt zwischen Puerto Rico und Trinidad.\u00a0Die Finanzbeh\u00f6rden Dominicas sind sehr steuerfreundlich mit allen ans\u00e4ssigen Firmen, die au\u00dferhalb des Inselstaats Gesch\u00e4fte abwickeln. Dementsprechend werden Gewinne von <a title=\"Offshore Firma\" href=\"https:\/\/fcba-offshore.com\/de\/offshore-firma\/\">Offshore Firmen<\/a>, die in Dominica ihren Sitz haben, nicht besteuert, wenn sie nicht in Dominica erzielt worden sind. Die wirtschaftsfreundliche Gesetzgebung, basierend auf dem britischen Model, ist flexibel und modern, was ein auschlaggebender Punkt daf\u00fcr ist, dass sich viele ausl\u00e4ndische Investoren f\u00fcr eine Firmengr\u00fcndung auf dem Gebiet der Inselrepublik Dominicas entscheiden.<\/p>\n<p style=\"text-align: justify;\">Es gibt eine Reihe von Vorteilen, wenn man ein <a title=\"Offshore Bankkonto\" href=\"https:\/\/fcba-offshore.com\/de\/offshore-bank\/\">Offshore Bankkonto<\/a> oder eine <a title=\"Offshore Firma\" href=\"https:\/\/fcba-offshore.com\/de\/offshore-firma\/\">Offshore\u00a0 Firma<\/a> auf Dominica hat. Diese sind im Einzelnen:<\/p>\n<ul style=\"text-align: justify;\">\n<li>Keine MwSt.<\/li>\n<li>Keine K\u00f6rperschaftssteuer (f\u00fcr die ersten 20 Jahre nach Gesch\u00e4ftser\u00f6ffnung)<\/li>\n<li>Bankgeheimnis\u00a0(100% Diskretion)<\/li>\n<li>V\u00f6llige Anonymit\u00e4t von Offshore Firmeninhabern<\/li>\n<\/ul>\n<p style=\"text-align: justify;\">Wir m\u00f6chte auch noch hervorheben, dass Dominica als recht junger Staat weniger Verdacht bei den Beh\u00f6rden hervorruft als manch anderes Offshore Gebiet. \u00a0Trotzdem muss man mit Problemen rechnen bei Bezahlungen von Rechnungen mit Firmen innerhalb der EU oder gro\u00dfen, internationalen Konzernen.<\/p>\n<p style=\"text-align: justify;\">Daher empfiehlt <a title=\"Homepage\" href=\"https:\/\/fcba-offshore.com\/de\/\">FCBA Offshore<\/a> ein <a title=\"Offshore Bankkonto\" href=\"https:\/\/fcba-offshore.com\/de\/offshore-bank\/\">Bankkonto<\/a> oder eine <a title=\"Offshore Firma\" href=\"https:\/\/fcba-offshore.com\/de\/offshore-firma\/\">Offshore Firma<\/a> auf Dominica\u00a0nur zu er\u00f6ffnen, wenn man keinerlei Gesch\u00e4ftsbeziehungen zu Firmen innerhalb der EU hat. Dazu kommen noch sechs Stunden Zeitunterschied zu Europa, die s\u00e4mtliche Bankgesch\u00e4fte, besonders wenn sie dringend sind, deutlich erschweren.<\/p>\n<p style=\"text-align: justify;\">Die Er\u00f6ffnung sowohl eines <a title=\"Offshore Bankkonto\" href=\"https:\/\/fcba-offshore.com\/de\/offshore-bank\/\">Bankkontos<\/a> als auch einer <a title=\"Offshore Firma\" href=\"https:\/\/fcba-offshore.com\/de\/offshore-firma\/\">Offshore Firma<\/a> in Dominica stellt f\u00fcr uns kein Problem dar, denn wir verf\u00fcgen \u00fcber ein enges Netzwerk zu Banken vor Ort.<\/p>\n<p style=\"text-align: justify;\">Zu guter Letzt m\u00f6chten wir Sie noch informieren, dass Sie bei einer Bank in Dominica keine signifikante Ersteinlage haben m\u00fcssen.<\/p>\n<p>&nbsp;<\/p>\n<p style=\"text-align: justify;\"><a title=\"Kontakt\" href=\"https:\/\/fcba-offshore.com\/de\/317-2\/\">Falls Sie weitere Fragen zu diesem Thema haben, kontaktieren Sie bitte \u00a0einen Mitarbeiter des FCBA Offshore Teams.<\/a><\/p>\n<p>&nbsp;<\/p>\n<p style=\"text-align: justify;\"><a href=\"http:\/\/fcba-offshore.com\/wp-content\/uploads\/2014\/06\/logo-small.png\"><img loading=\"lazy\" decoding=\"async\" class=\"alignnone size-full wp-image-479\" src=\"http:\/\/fcba-offshore.com\/wp-content\/uploads\/2014\/06\/logo-small.png\" alt=\"Logo offshore small\" width=\"142\" height=\"31\" \/><\/a><\/p>\n","protected":false},"excerpt":{"rendered":"<p>&nbsp; Offshore Business in Dominica: &nbsp; Der kleine Inselstaat Dominica wird h\u00e4ufig verwechselt mit der Dominikanischen Republik. Aber Dominica ist ein selbstst\u00e4ndiges Land, das dem Commonwealth angeh\u00f6rt und dessen Landessprache dementsprechend Englisch ist. Die Insel liegt zwischen Puerto Rico und Trinidad.\u00a0Die Finanzbeh\u00f6rden Dominicas sind sehr steuerfreundlich mit allen ans\u00e4ssigen Firmen, die au\u00dferhalb des Inselstaats Gesch\u00e4fte&hellip;<\/p>\n","protected":false},"author":1,"featured_media":0,"parent":0,"menu_order":0,"comment_status":"closed","ping_status":"open","template":"","meta":{"footnotes":""},"class_list":["post-2196","page","type-page","status-publish","hentry"],"_links":{"self":[{"href":"https:\/\/fcba-offshore.com\/de\/wp-json\/wp\/v2\/pages\/2196","targetHints":{"allow":["GET"]}}],"collection":[{"href":"https:\/\/fcba-offshore.com\/de\/wp-json\/wp\/v2\/pages"}],"about":[{"href":"https:\/\/fcba-offshore.com\/de\/wp-json\/wp\/v2\/types\/page"}],"author":[{"embeddable":true,"href":"https:\/\/fcba-offshore.com\/de\/wp-json\/wp\/v2\/users\/1"}],"replies":[{"embeddable":true,"href":"https:\/\/fcba-offshore.com\/de\/wp-json\/wp\/v2\/comments?post=2196"}],"version-history":[{"count":9,"href":"https:\/\/fcba-offshore.com\/de\/wp-json\/wp\/v2\/pages\/2196\/revisions"}],"predecessor-version":[{"id":2445,"href":"https:\/\/fcba-offshore.com\/de\/wp-json\/wp\/v2\/pages\/2196\/revisions\/2445"}],"wp:attachment":[{"href":"https:\/\/fcba-offshore.com\/de\/wp-json\/wp\/v2\/media?parent=2196"}],"curies":[{"name":"wp","href":"https:\/\/api.w.org\/{rel}","templated":true}]}}