{"id":2198,"date":"2016-02-29T17:26:42","date_gmt":"2016-02-29T17:26:42","guid":{"rendered":"http:\/\/fcba-offshore.com\/?page_id=2198"},"modified":"2016-03-07T17:17:56","modified_gmt":"2016-03-07T17:17:56","slug":"dubai-offshore","status":"publish","type":"page","link":"https:\/\/fcba-offshore.com\/de\/dubai-offshore\/","title":{"rendered":"Dubai Offshore"},"content":{"rendered":"<h1><a href=\"http:\/\/fcba-offshore.com\/wp-content\/uploads\/2014\/06\/Dubai.png\"><img loading=\"lazy\" decoding=\"async\" class=\"alignnone size-full wp-image-348\" src=\"http:\/\/fcba-offshore.com\/wp-content\/uploads\/2014\/06\/Dubai.png\" alt=\"Dubai\" width=\"82\" height=\"48\" \/><\/a> <a href=\"http:\/\/fcba-offshore.com\/wp-content\/uploads\/2014\/06\/Dubai-offshore.png\"><img loading=\"lazy\" decoding=\"async\" class=\"size-medium wp-image-582 alignright\" src=\"http:\/\/fcba-offshore.com\/wp-content\/uploads\/2014\/06\/Dubai-offshore-300x131.png\" alt=\"Dubai offshore\" width=\"300\" height=\"131\" srcset=\"https:\/\/fcba-offshore.com\/wp-content\/uploads\/2014\/06\/Dubai-offshore-300x131.png 300w, https:\/\/fcba-offshore.com\/wp-content\/uploads\/2014\/06\/Dubai-offshore.png 641w, https:\/\/fcba-offshore.com\/wp-content\/uploads\/2014\/06\/Dubai-offshore-450x196.png 450w\" sizes=\"auto, (max-width: 300px) 100vw, 300px\" \/><\/a><\/h1>\n<p>&nbsp;<\/p>\n<h1>Offshore Business in Dubai:<\/h1>\n<p>&nbsp;<\/p>\n<p style=\"text-align: justify;\">Dubai ist heutzutage bekannt als eine der popul\u00e4rsten und \u00a0extrem luxuri\u00f6sen touristischen Destinationen weltweit. Aber Dubai hat auch den Ehrgeiz, sich von Einnahmen aus \u00d6l und Gas\u00a0unabh\u00e4ngig zu machen, vor allem f\u00fcr den n\u00e4herkommenden Zeitpunkt, wenn diese Ressourcen verenden. Experten gehen davon aus, dass dieser Fall innerhalb der kommenden 15-20 Jahre eintreten k\u00f6nnte. Deshalb baut das Emirat auf neue und zukunftsweisende Technologien. Dubai ist eines von insgesamt sieben Emiraten (der Vereinigten Arabischen Emirate) und z\u00e4hlt ungef\u00e4hr 2 Mio. Einwohner, viele davon Ausl\u00e4nder.<\/p>\n<p style=\"text-align: justify;\">In Sachen Steuern hat Dubai eine \u201eTax Free Zone\u201c eingerichtet,\u00a0die viele Annehmlichkeiten und stabiles Wirtschaftswachstum verspricht. Die wichtigsten Vorteile f\u00fcr Firmeninhaber sind:<\/p>\n<ul style=\"text-align: justify;\">\n<li>Keine MwSt.<\/li>\n<li>Keine K\u00f6rperschaftssteuer (nur f\u00fcr Nicht-Einwohner Dubais)<\/li>\n<li>Keine Besteuerung von Kapitalzuwachs<\/li>\n<li>Keine Einkommensteuern<\/li>\n<\/ul>\n<p style=\"text-align: justify;\"><a title=\"Homepage\" href=\"https:\/\/fcba-offshore.com\/de\/\">FCBA Offshore<\/a> empfiehlt all denjenigen eine <a title=\"Offshore Firma\" href=\"https:\/\/fcba-offshore.com\/de\/offshore-firma\/\">Offshore Firma<\/a> im Emirat von Dubai, die an den genannten Vorteilen interessiert sind. Allerdings ist Dubai nicht der beste Ort f\u00fcr absolute Diskretion. Es gibt weder ein Bankgeheimnis noch eine Anonymit\u00e4t des Firmeninhabers einer <a title=\"Offshore Firma\" href=\"https:\/\/fcba-offshore.com\/de\/offshore-firma\/\">Offshore Firma<\/a>. Sie m\u00fcssen mit \u00f6ffentlichen Eintragungen in die Handelsregister rechnen.\u00a0Au\u00dferdem m\u00fcssen Sie eine Einlage von \u20ac 60&#8217;000 Kapital vorweisen, was f\u00fcr einige Interessierte ein Hindernis darstellen kann.\u00a0Und dazu sind die rechtlichen Anforderungen an das Rechnungswesen in Dubai hoch und dementsprechend teuer. Die Einhaltung dieser Regeln werden regelm\u00e4\u00dfig vor Ort kontrolliert.<\/p>\n<p style=\"text-align: justify;\">Die Er\u00f6ffnung sowohl eines <a title=\"Offshore Bankkonto\" href=\"https:\/\/fcba-offshore.com\/de\/offshore-bankkonto\/\">Bankkontos<\/a> als auch einer <a title=\"Offshore Firma\" href=\"https:\/\/fcba-offshore.com\/de\/offshore-firma\/\">Offshore Firma<\/a> in Dubai stellt f\u00fcr uns kein Problem dar, denn wir verf\u00fcgen \u00fcber ein enges Netzwerk zu Banken vor Ort.<\/p>\n<p style=\"text-align: justify;\">Die Bankgeb\u00fchren sind in Dubai allerdings recht hoch \u00a0(Transaktions- und Unterhaltsgeb\u00fchren) im Vergleich zu anderen Offshore Orten.<\/p>\n<p style=\"text-align: justify;\">Zu guter Letzt m\u00f6chten wir Sie informieren, dass die Ersteinzahlung auf ein <a title=\"Offshore Bankkonto\" href=\"https:\/\/fcba-offshore.com\/de\/offshore-bankkonto\/\">Offshore Bankkonto<\/a> in Dubai recht hoch ist und daher eine gewisse Bindung von Kapital eintritt.<\/p>\n<p>&nbsp;<\/p>\n<p style=\"text-align: justify;\"><a style=\"color: #0875ba;\" title=\"Kontakt\" href=\"https:\/\/fcba-offshore.com\/de\/317-2\/\">Falls Sie weitere Fragen zu diesem Thema haben, kontaktieren Sie bitte \u00a0einen Mitarbeiter des FCBA Offshore Ltd\u00a0Teams.<\/a><\/p>\n<p>&nbsp;<\/p>\n<p style=\"text-align: justify;\"><a href=\"http:\/\/fcba-offshore.com\/wp-content\/uploads\/2014\/06\/logo-small.png\"><img loading=\"lazy\" decoding=\"async\" class=\"alignnone size-full wp-image-479\" src=\"http:\/\/fcba-offshore.com\/wp-content\/uploads\/2014\/06\/logo-small.png\" alt=\"Logo offshore small\" width=\"142\" height=\"31\" \/><\/a><\/p>\n","protected":false},"excerpt":{"rendered":"<p>&nbsp; Offshore Business in Dubai: &nbsp; Dubai ist heutzutage bekannt als eine der popul\u00e4rsten und \u00a0extrem luxuri\u00f6sen touristischen Destinationen weltweit. Aber Dubai hat auch den Ehrgeiz, sich von Einnahmen aus \u00d6l und Gas\u00a0unabh\u00e4ngig zu machen, vor allem f\u00fcr den n\u00e4herkommenden Zeitpunkt, wenn diese Ressourcen verenden. Experten gehen davon aus, dass dieser Fall innerhalb der kommenden&hellip;<\/p>\n","protected":false},"author":1,"featured_media":0,"parent":0,"menu_order":0,"comment_status":"closed","ping_status":"open","template":"","meta":{"footnotes":""},"class_list":["post-2198","page","type-page","status-publish","hentry"],"_links":{"self":[{"href":"https:\/\/fcba-offshore.com\/de\/wp-json\/wp\/v2\/pages\/2198","targetHints":{"allow":["GET"]}}],"collection":[{"href":"https:\/\/fcba-offshore.com\/de\/wp-json\/wp\/v2\/pages"}],"about":[{"href":"https:\/\/fcba-offshore.com\/de\/wp-json\/wp\/v2\/types\/page"}],"author":[{"embeddable":true,"href":"https:\/\/fcba-offshore.com\/de\/wp-json\/wp\/v2\/users\/1"}],"replies":[{"embeddable":true,"href":"https:\/\/fcba-offshore.com\/de\/wp-json\/wp\/v2\/comments?post=2198"}],"version-history":[{"count":16,"href":"https:\/\/fcba-offshore.com\/de\/wp-json\/wp\/v2\/pages\/2198\/revisions"}],"predecessor-version":[{"id":2449,"href":"https:\/\/fcba-offshore.com\/de\/wp-json\/wp\/v2\/pages\/2198\/revisions\/2449"}],"wp:attachment":[{"href":"https:\/\/fcba-offshore.com\/de\/wp-json\/wp\/v2\/media?parent=2198"}],"curies":[{"name":"wp","href":"https:\/\/api.w.org\/{rel}","templated":true}]}}