{"id":2200,"date":"2016-02-29T17:28:38","date_gmt":"2016-02-29T17:28:38","guid":{"rendered":"http:\/\/fcba-offshore.com\/?page_id=2200"},"modified":"2016-03-09T16:39:26","modified_gmt":"2016-03-09T16:39:26","slug":"faq-sektion","status":"publish","type":"page","link":"https:\/\/fcba-offshore.com\/de\/faq-sektion\/","title":{"rendered":"FAQ"},"content":{"rendered":"<h2>\u00dcbersicht der wichtigsten Fragen \u00fcber Offshore Firmen und Offshore Bankkonten<\/h2>\n<p><strong>Was ist eine Offshore Firma?<\/strong><\/p>\n<p>Eine <a title=\"Offshore Firma\" href=\"https:\/\/fcba-offshore.com\/de\/offshore-firma\/\">Offshore Firma<\/a> ist eine Firma, deren Sitz in einem Land ist au\u00dferhalb der normalerweise g\u00fcltigen Rechtsnormen. Dabei handelt es sich um andere Steuergesetzgebungen oder strengere Richtlinien in Sachen Geheimhaltung von Kontodaten und die Vertraulichkeit der Informationsbehandlung zu Finanzverh\u00e4ltnissen.<\/p>\n<p><strong>Was sind die Vorteile, eine Offshore Firma zu besitzen?<\/strong><\/p>\n<p>Die gr\u00f6\u00dften Vorteile sind die Anonymit\u00e4t bzw. eine hohes Ma\u00df an Diskretion, die Eigentumsverh\u00e4ltnisse sind von au\u00dfen nicht nachvollziehbar, Schutz vor unerw\u00fcnschtem Fremdzugriff sowie vereinfachte Transaktionen. Diverse L\u00e4nder haben dar\u00fcber hinaus sehr niedrige Steuers\u00e4tze sowie geringe oder sogar keine Buchhaltungspflichten.<\/p>\n<p><strong>Welcher Sitz ist der vorteilhafteste f\u00fcr eine Offshore Firma?<\/strong><\/p>\n<p>Es gibt kein Land bzw. keinen Sitz mehr, der alle Vorteile in sich verb\u00fcrgt. Diverse L\u00e4nder haben gewisse St\u00e4rken und Schw\u00e4chen, \u00fcber die wir Sie sehr gerne beraten und dann eine Empfehlung geben, welches f\u00fcr Sie der beste Sitz einer Offshore Firma ist.<\/p>\n<p><strong>Gibt es eine Buchf\u00fchrungspflicht f\u00fcr Offshore Firmen?<\/strong><\/p>\n<p>In einigen L\u00e4ndern gibt es keine Buchf\u00fchrungsplicht, in anderen schon. <a title=\"Homepage\" href=\"https:\/\/fcba-offshore.com\/de\/\">FCBA Offshore<\/a> wird aber in jedem Fall die notwendigen Pflichten f\u00fcr Sie darlegen und auch in Ihrem Namen erf\u00fcllen.<\/p>\n<p><strong>Wie lange dauert die Gr\u00fcndung einer Offshore Firma?<\/strong><\/p>\n<p>Im optimalen Fall kann die Gr\u00fcndung innerhalb von weniger als 10 Tagen vonstattengehen. Jedoch brauchen wir von Ihnen einige Dokumente (unterschiedlich von Land zu Land). Abh\u00e4ngig vom Eintreffen aller notwendigen Informationen und Dokumente, veranlassen wir die Gr\u00fcndung unverz\u00fcglich.\u00a0 Im Durchschnitt vergehen zwischen dem Kundenerstkontakt und der abgeschlossenen Gr\u00fcndung drei Wochen.<\/p>\n<p><strong>Wie unterscheidet man zwischen einem Direktor und einem Teilhaber einer Offshore Firma?<\/strong><\/p>\n<p>Der Teilhaber ist der Inhaber der Firma, w\u00e4hrend ein Direktor ein Angestellter der Firma ist. In manchen L\u00e4ndern wird ein Direktor vorgeschrieben. <a title=\"Homepage\" href=\"https:\/\/fcba-offshore.com\/de\/\">FCBA Offshore<\/a> ist Ihnen bei der Erf\u00fcllung dieser Vorschrift selbstverst\u00e4ndlich behilflich.<\/p>\n<p><strong>Kann eine Person gleichzeitig Direktor und Teilhaber einer Offshore Firma sein?<\/strong><\/p>\n<p>Dies ist selbstverst\u00e4ndlich m\u00f6glich, soweit es die Vorschriften eines Landes erlauben. <a title=\"Homepage\" href=\"https:\/\/fcba-offshore.com\/de\/\">FCBA Offshore<\/a> empfiehlt aber die Einsetzung eines Direktors zur vollst\u00e4ndigen Vertraulichkeit und Anonymit\u00e4t Ihrer Person.<\/p>\n<p><strong>Bedeutet Offshore Firma immer auch Steuervermeidung?<\/strong><\/p>\n<p>Nein, das bedeutet es nicht.\u00a0 In einigen L\u00e4ndern fallen auf Gewinne oder ausl\u00e4ndische Einkommen an, in anderen dagegen schon. Dar\u00fcber hinaus bleiben Sie steuerpflichtig in dem Land Ihres Wohnsitzes. <a title=\"Homepage\" href=\"https:\/\/fcba-offshore.com\/de\/\">FCBA Offshore<\/a> ist jedoch in der Lage, auf Grund seiner Expertise und Erfahrung, Ihre Steuerlast auf das bestm\u00f6gliche Niveau zu bringen und Ihren Geb\u00fchren- und Zeitaufwand zu minimieren.<\/p>\n<p><strong>Muss man in das Land umziehen, um eine Offshore Firma zu gr\u00fcnden und zu f\u00fchren?<\/strong><\/p>\n<p>Nein. Sie brauchen weder umzuziehen noch in das Land Ihrer <a title=\"Offshore Firma\" href=\"https:\/\/fcba-offshore.com\/de\/offshore-firma\/\">Offshore Firma<\/a> zu reisen. Dank des gro\u00dfen Netzwerks der <a title=\"Homepage\" href=\"https:\/\/fcba-offshore.com\/de\/\">FCBA Offshore<\/a> sind wir in der Lage, alle notwendigen Formalit\u00e4ten f\u00fcr Sie auf schriftlichem Wege (E-Mail und selten Postweg) zu erledigen.<\/p>\n<p><strong>Folgt der Gr\u00fcndung einer Offshore Firma auch eine Er\u00f6ffnung eines Offshore Bankkontos?<\/strong><\/p>\n<p>Selbstverst\u00e4ndlich ben\u00f6tigen Sie f\u00fcr Ihre <a title=\"Offshore Firma\" href=\"https:\/\/fcba-offshore.com\/de\/offshore-firma\/\">Offshore Firma<\/a> auch ein <a title=\"Offshore Bankkonto\" href=\"https:\/\/fcba-offshore.com\/de\/offshore-bank\/\">Offshore Bankkonto<\/a>, welches wir f\u00fcr Sie einrichten. Dies sollte aus Vertraulichkeitsgr\u00fcnden in zwei unterschiedlichen Schritten geschehen. Um die Diskretion zu erh\u00f6hen, empfehlen wir auch ein anderes Land f\u00fcr Ihr <a title=\"Offshore Bankkonto\" href=\"https:\/\/fcba-offshore.com\/de\/offshore-bank\/\">Offshore Bankkonto<\/a> als das Land, in dem Ihre <a title=\"Offshore Firma\" href=\"https:\/\/fcba-offshore.com\/de\/offshore-firma\/\">Offshore Firma<\/a> Ihren Sitz hat.<\/p>\n<p><strong>Ist es m\u00f6glich, ein privates Offshore Bankkonto zu er\u00f6ffnen, zus\u00e4tzlich zu einem Firmenkonto?<\/strong><\/p>\n<p>Ohne Frage k\u00f6nnen wir f\u00fcr Sie ein weiteres <a title=\"Offshore Bankkonto\" href=\"https:\/\/fcba-offshore.com\/de\/offshore-bank\/\">Offshore Bankkonto<\/a>, zus\u00e4tzlich zu einem bereits bestehenden Firmenkonto er\u00f6ffnen.\u00a0 Gerne auch in einem v\u00f6llig anderen Land, wenn gew\u00fcnscht oder notwendig.<\/p>\n<p><strong>Wie hoch sind die j\u00e4hrlichen Geb\u00fchren f\u00fcr ein Offshore Bankkonto?<\/strong><\/p>\n<p>Die j\u00e4hrlichen Geb\u00fchren f\u00fcr ein <a title=\"Offshore Bankkonto\" href=\"https:\/\/fcba-offshore.com\/de\/offshore-bank\/\">Offshore Bankkonto<\/a> sind \u00fcberschaubar, h\u00e4ngen in ihrer H\u00f6he jedoch vom Land und den gew\u00fcnschten und vereinbarten Serviceleistungen ab. <a title=\"Homepage\" href=\"https:\/\/fcba-offshore.com\/de\/\">FCBA Offshore<\/a> achtet jedoch stets darauf, dass es ausschlie\u00dflich mit Bankinstituten zusammenarbeitet, deren Geb\u00fchren wettbewerbsf\u00e4hig sind und nicht \u00fcberproportional ansteigen.<\/p>\n<p><strong>Ist es m\u00f6glich, ein W\u00e4hrungskonto als Offshore Bankkonto zu haben?<\/strong><\/p>\n<p>Absolut. Die meisten Banken, mit denen <a title=\"Homepage\" href=\"https:\/\/fcba-offshore.com\/de\/\">FCBA Offshore<\/a> zusammenarbeitet, bieten ein Multi-W\u00e4hrungskonto an. Die angebotenen W\u00e4hrungen sind in der Regel EUR, USD, GBP, aber auch weitere W\u00e4hrungen sind m\u00f6glich. Dies reduziert Ihre Kosten und erspart Ihnen Zeit und Aufwand.<\/p>\n<p><strong>Wie kann ich \u00fcber mein Geld verf\u00fcgen, das ich auf meinem Offshore Bankkonto habe?<\/strong><\/p>\n<p>Sie haben zum einen die M\u00f6glichkeit, \u00fcber eine Kredit- oder Debitkarte via Geldautomaten an Ihr Geld heranzukommen bzw. damit zu bezahlen (Gesch\u00e4fte\/Internet). Aber Sie k\u00f6nnen auch via Internet Banking Geldtransaktionen auf jedes beliebige Konto durchf\u00fchren.<\/p>\n<p><strong>Welche administrativen Regeln gibt es f\u00fcr eine Offshore Firma?<\/strong><\/p>\n<p>Als Eigent\u00fcmer einer <a title=\"Offshore Firma\" href=\"https:\/\/fcba-offshore.com\/de\/offshore-firma\/\">Offshore Firma<\/a> sind Sie verpflichtet, alle administrativen und buchhalterischen Regeln des Landes einzuhalten, in dem Ihre Firma registriert ist. \u00a0Aber <a title=\"Homepage\" href=\"https:\/\/fcba-offshore.com\/de\/\">FCBA Offshore<\/a> versteht selbstverst\u00e4ndlich, dass Sie sich nicht um diese eher l\u00e4stigen Pflichten k\u00fcmmern m\u00f6chten und nehmen Ihnen die notwendigen Arbeiten ab und f\u00fchren ihre Firma administrativ. Wir empfehlen Ihnen, <a title=\"Homepage\" href=\"https:\/\/fcba-offshore.com\/de\/\">FCBA Offshore<\/a> als offiziellen Buchhalter einzusetzen. Zur Wahrung der vollen Vertraulichkeit empfehlen wir, keinerlei Unterlagen der <a title=\"Offshore Firma\" href=\"https:\/\/fcba-offshore.com\/de\/offshore-firma\/\">Offshore Firma<\/a> bei Ihnen aufzubewahren.<\/p>\n<p><strong>Welchen Namen kann ich meiner Offshore Firma geben?<\/strong><\/p>\n<p>Das ist Ihnen komplett \u00fcberlassen. <a title=\"Homepage\" href=\"https:\/\/fcba-offshore.com\/de\/\">FCBA Offshore<\/a> \u00fcberpr\u00fcft die Verf\u00fcgbarkeit des gew\u00fcnschten Namens im ausgew\u00e4hlten Land.<\/p>\n<p><strong>Was ist eine notarielle Beglaubigung und was ist eine Apostille?<\/strong><\/p>\n<p>Eine Beglaubigung, durch einen Notar ausgestellt, die belegt, dass sich Ihre <a title=\"Offshore Firma\" href=\"https:\/\/fcba-offshore.com\/de\/offshore-firma\/\">Offshore Firma<\/a> an die Gesetze und Regeln des Landes h\u00e4lt, in dem sie registriert ist. Eine solche Beglaubigung einer Urkunde wird im juristischen internationalen Verkehr als Apostille bezeichnet.<\/p>\n<p>&nbsp;<\/p>\n<p><a title=\"Kontakt\" href=\"https:\/\/fcba-offshore.com\/de\/317-2\/\">Falls Sie weitere Fragen haben bzw. dar\u00fcber hinaus Informationen zu Offshore Firmen und Offshore Bankkonten haben, kontaktieren Sie bitte einen Mitarbeiter der FCBA Offshore.<\/a><\/p>\n<p>&nbsp;<\/p>\n<p><a href=\"http:\/\/fcba-offshore.com\/wp-content\/uploads\/2014\/06\/logo-small.png\"><img loading=\"lazy\" decoding=\"async\" class=\"alignnone size-full wp-image-479\" src=\"http:\/\/fcba-offshore.com\/wp-content\/uploads\/2014\/06\/logo-small.png\" alt=\"Logo offshore small\" width=\"142\" height=\"31\" \/><\/a><\/p>\n","protected":false},"excerpt":{"rendered":"<p>\u00dcbersicht der wichtigsten Fragen \u00fcber Offshore Firmen und Offshore Bankkonten Was ist eine Offshore Firma? Eine Offshore Firma ist eine Firma, deren Sitz in einem Land ist au\u00dferhalb der normalerweise g\u00fcltigen Rechtsnormen. Dabei handelt es sich um andere Steuergesetzgebungen oder strengere Richtlinien in Sachen Geheimhaltung von Kontodaten und die Vertraulichkeit der Informationsbehandlung zu Finanzverh\u00e4ltnissen. Was&hellip;<\/p>\n","protected":false},"author":1,"featured_media":0,"parent":0,"menu_order":0,"comment_status":"closed","ping_status":"open","template":"","meta":{"footnotes":""},"class_list":["post-2200","page","type-page","status-publish","hentry"],"_links":{"self":[{"href":"https:\/\/fcba-offshore.com\/de\/wp-json\/wp\/v2\/pages\/2200","targetHints":{"allow":["GET"]}}],"collection":[{"href":"https:\/\/fcba-offshore.com\/de\/wp-json\/wp\/v2\/pages"}],"about":[{"href":"https:\/\/fcba-offshore.com\/de\/wp-json\/wp\/v2\/types\/page"}],"author":[{"embeddable":true,"href":"https:\/\/fcba-offshore.com\/de\/wp-json\/wp\/v2\/users\/1"}],"replies":[{"embeddable":true,"href":"https:\/\/fcba-offshore.com\/de\/wp-json\/wp\/v2\/comments?post=2200"}],"version-history":[{"count":10,"href":"https:\/\/fcba-offshore.com\/de\/wp-json\/wp\/v2\/pages\/2200\/revisions"}],"predecessor-version":[{"id":2619,"href":"https:\/\/fcba-offshore.com\/de\/wp-json\/wp\/v2\/pages\/2200\/revisions\/2619"}],"wp:attachment":[{"href":"https:\/\/fcba-offshore.com\/de\/wp-json\/wp\/v2\/media?parent=2200"}],"curies":[{"name":"wp","href":"https:\/\/api.w.org\/{rel}","templated":true}]}}