{"id":2204,"date":"2016-02-29T17:31:58","date_gmt":"2016-02-29T17:31:58","guid":{"rendered":"http:\/\/fcba-offshore.com\/?page_id=2204"},"modified":"2016-03-07T17:20:14","modified_gmt":"2016-03-07T17:20:14","slug":"gibraltar-offshore","status":"publish","type":"page","link":"https:\/\/fcba-offshore.com\/de\/gibraltar-offshore\/","title":{"rendered":"Gibraltar Offshore"},"content":{"rendered":"<h1><a href=\"http:\/\/fcba-offshore.com\/wp-content\/uploads\/2014\/06\/Gibraltar.png\"><img loading=\"lazy\" decoding=\"async\" class=\"alignnone size-full wp-image-368\" src=\"http:\/\/fcba-offshore.com\/wp-content\/uploads\/2014\/06\/Gibraltar.png\" alt=\"Gibraltar\" width=\"72\" height=\"43\" \/><\/a> <a href=\"http:\/\/fcba-offshore.com\/wp-content\/uploads\/2014\/06\/Gibraltar-Offshore.png\"><img loading=\"lazy\" decoding=\"async\" class=\"size-medium wp-image-588 alignright\" src=\"http:\/\/fcba-offshore.com\/wp-content\/uploads\/2014\/06\/Gibraltar-Offshore-300x131.png\" alt=\"Gibraltar Offshore\" width=\"300\" height=\"131\" srcset=\"https:\/\/fcba-offshore.com\/wp-content\/uploads\/2014\/06\/Gibraltar-Offshore-300x131.png 300w, https:\/\/fcba-offshore.com\/wp-content\/uploads\/2014\/06\/Gibraltar-Offshore.png 641w, https:\/\/fcba-offshore.com\/wp-content\/uploads\/2014\/06\/Gibraltar-Offshore-450x196.png 450w\" sizes=\"auto, (max-width: 300px) 100vw, 300px\" \/><\/a><\/h1>\n<p>&nbsp;<\/p>\n<h1>Offshore Business in Gibraltar:<\/h1>\n<p>&nbsp;<\/p>\n<p style=\"text-align: justify;\">Der Felsen von Gibraltar ist in Europa sehr bekannt auf Grund seiner einzigartigen Lage als Grenze zwischen dem Mittelmeer und dem Atlantischen Ozean.\u00a0Demgegen\u00fcber wird der kleine Staat Gibraltar, der s\u00fcdlich von Spanien liegt, \u00f6fter ignoriert. Gibraltar ist ein \u00dcberseeterritorium des Vereinigten K\u00f6nigreichs. Es hat eine eigene Regierung, die die Aufgaben der Selbstverwaltung erf\u00fcllt.\u00a0Das Territorium umfasst eine Landfl\u00e4che von 6,5 km, wobei die Grenze zwischen Gibraltar und Spanien nur 1,2 Kilometer lang ist. Auf der spanischen Seite der Grenze liegt die Stadt La L\u00ednea de la Concepci\u00f3n.<\/p>\n<p style=\"text-align: justify;\">Als Offshore Ort bietet Gibraltar eine Reihe von interessanten Vorteilen, sowohl f\u00fcr <a title=\"Offshore Bankkonto\" href=\"https:\/\/fcba-offshore.com\/de\/offshore-bank\/\">Offshore Bankkunden<\/a> als auch <a title=\"Offshore Firma\" href=\"https:\/\/fcba-offshore.com\/de\/offshore-firma\/\">Offshore Firmen<\/a>.\u00a0Diese kurze Liste z\u00e4hlt nur die wichtigsten davon auf:<\/p>\n<ul style=\"text-align: justify;\">\n<li>Keine K\u00f6rperschaftssteuer (innerhalb der ersten 25 Jahre)<\/li>\n<li>Bankgeheimnis (100% Vertraulichkeit)<\/li>\n<li>Volle Anonymit\u00e4t der Inhaber von Offshore Firmen<\/li>\n<\/ul>\n<p style=\"text-align: justify;\">Bei <a title=\"Homepage\" href=\"https:\/\/fcba-offshore.com\/de\/\">FCBA Offshore<\/a> empfehlen wir, ein <a title=\"Offshore Bankkonto\" href=\"https:\/\/fcba-offshore.com\/de\/offshore-bank\/\">Bankkonto<\/a> oder eine <a title=\"Offshore Firma\" href=\"https:\/\/fcba-offshore.com\/de\/offshore-firma\/\">Offshore Firma<\/a> in Gibraltar\u00a0nur zu er\u00f6ffnen, wenn man keinerlei Gesch\u00e4ftsbeziehungen zu Firmen innerhalb der EU hat. Hauptproblem ist, dass Ihre Firma keine Steueridentifikationsnummer der EU bekommt, was zu gro\u00dfen Problemen beim Zahlungsverkehr mit gr\u00f6\u00dferen europ\u00e4ischen Firmen f\u00fchrt. Ebenso sind die Unterhalt- und Administrationskosten f\u00fcr <a title=\"Offshore Firma\" href=\"https:\/\/fcba-offshore.com\/de\/offshore-firma\/\">Offshore Firmen<\/a> in Gibraltar h\u00f6her als die anderer Orte.\u00a0Die wichtigsten Gr\u00fcnde f\u00fcr die h\u00f6heren Kosten sind die Verpflichtung, \u00a0einen Gesch\u00e4ftsf\u00fchrer einzustellen, der seinen Wohnsitz in Gibraltar hat und zweitens m\u00fcssen Sie das gesamte Rechnungswesen den lokalen Gesetzen anpassen. Beide Anforderungen sind aufwendig und teuer.<\/p>\n<p style=\"text-align: justify;\">Trotzdem ist es f\u00fcr uns weiterhin m\u00f6glich, ein Konto bzw. eine Firma in Gibraltar zu er\u00f6ffnen, denn wir verf\u00fcgen \u00fcber ein enges Netzwerk zu Banken vor Ort.<\/p>\n<p style=\"text-align: justify;\">Zu guter Letzt m\u00f6chten wir Sie informieren, dass die Ersteinzahlung auf ein <a title=\"Offshore Bankkonto\" href=\"https:\/\/fcba-offshore.com\/de\/offshore-bank\/\">Offshore Bankkonto<\/a> in Gibraltar hoch ist. \u00a0Die Einzahlung muss zeitnah erfolgen nach der Er\u00f6ffnung eines Kontos.<\/p>\n<p style=\"text-align: justify;\"><a style=\"color: #0875ba;\" title=\"Kontakt\" href=\"https:\/\/fcba-offshore.com\/de\/317-2\/\">Falls Sie weitere Fragen zu diesem Thema haben, kontaktieren Sie bitte einen Mitarbeiter des FCBA Offshore Teams.<\/a><\/p>\n<p>&nbsp;<\/p>\n<p><a href=\"http:\/\/fcba-offshore.com\/wp-content\/uploads\/2014\/06\/logo-small.png\"><img loading=\"lazy\" decoding=\"async\" class=\"alignnone size-full wp-image-479\" src=\"http:\/\/fcba-offshore.com\/wp-content\/uploads\/2014\/06\/logo-small.png\" alt=\"Logo offshore small\" width=\"142\" height=\"31\" \/><\/a><\/p>\n","protected":false},"excerpt":{"rendered":"<p>&nbsp; Offshore Business in Gibraltar: &nbsp; Der Felsen von Gibraltar ist in Europa sehr bekannt auf Grund seiner einzigartigen Lage als Grenze zwischen dem Mittelmeer und dem Atlantischen Ozean.\u00a0Demgegen\u00fcber wird der kleine Staat Gibraltar, der s\u00fcdlich von Spanien liegt, \u00f6fter ignoriert. Gibraltar ist ein \u00dcberseeterritorium des Vereinigten K\u00f6nigreichs. Es hat eine eigene Regierung, die die&hellip;<\/p>\n","protected":false},"author":1,"featured_media":0,"parent":0,"menu_order":0,"comment_status":"closed","ping_status":"open","template":"","meta":{"footnotes":""},"class_list":["post-2204","page","type-page","status-publish","hentry"],"_links":{"self":[{"href":"https:\/\/fcba-offshore.com\/de\/wp-json\/wp\/v2\/pages\/2204","targetHints":{"allow":["GET"]}}],"collection":[{"href":"https:\/\/fcba-offshore.com\/de\/wp-json\/wp\/v2\/pages"}],"about":[{"href":"https:\/\/fcba-offshore.com\/de\/wp-json\/wp\/v2\/types\/page"}],"author":[{"embeddable":true,"href":"https:\/\/fcba-offshore.com\/de\/wp-json\/wp\/v2\/users\/1"}],"replies":[{"embeddable":true,"href":"https:\/\/fcba-offshore.com\/de\/wp-json\/wp\/v2\/comments?post=2204"}],"version-history":[{"count":8,"href":"https:\/\/fcba-offshore.com\/de\/wp-json\/wp\/v2\/pages\/2204\/revisions"}],"predecessor-version":[{"id":2453,"href":"https:\/\/fcba-offshore.com\/de\/wp-json\/wp\/v2\/pages\/2204\/revisions\/2453"}],"wp:attachment":[{"href":"https:\/\/fcba-offshore.com\/de\/wp-json\/wp\/v2\/media?parent=2204"}],"curies":[{"name":"wp","href":"https:\/\/api.w.org\/{rel}","templated":true}]}}