{"id":2206,"date":"2016-02-29T17:33:12","date_gmt":"2016-02-29T17:33:12","guid":{"rendered":"http:\/\/fcba-offshore.com\/?page_id=2206"},"modified":"2016-03-07T17:27:14","modified_gmt":"2016-03-07T17:27:14","slug":"guernsey-offshore","status":"publish","type":"page","link":"https:\/\/fcba-offshore.com\/de\/guernsey-offshore\/","title":{"rendered":"Guernsey Offshore"},"content":{"rendered":"<h1><a href=\"http:\/\/fcba-offshore.com\/wp-content\/uploads\/2014\/06\/Guernesey.png\"><img loading=\"lazy\" decoding=\"async\" class=\"alignnone size-full wp-image-363\" src=\"http:\/\/fcba-offshore.com\/wp-content\/uploads\/2014\/06\/Guernesey.png\" alt=\"Guernesey\" width=\"72\" height=\"47\" \/><\/a> <a href=\"http:\/\/fcba-offshore.com\/wp-content\/uploads\/2014\/06\/Guernesey-Offshore.png\"><img loading=\"lazy\" decoding=\"async\" class=\"size-medium wp-image-592 alignright\" src=\"http:\/\/fcba-offshore.com\/wp-content\/uploads\/2014\/06\/Guernesey-Offshore-300x131.png\" alt=\"Guernesey Offshore\" width=\"300\" height=\"131\" srcset=\"https:\/\/fcba-offshore.com\/wp-content\/uploads\/2014\/06\/Guernesey-Offshore-300x131.png 300w, https:\/\/fcba-offshore.com\/wp-content\/uploads\/2014\/06\/Guernesey-Offshore.png 641w, https:\/\/fcba-offshore.com\/wp-content\/uploads\/2014\/06\/Guernesey-Offshore-450x196.png 450w\" sizes=\"auto, (max-width: 300px) 100vw, 300px\" \/><\/a><\/h1>\n<p>&nbsp;<\/p>\n<h1>Offshore Business in Guernsey:<\/h1>\n<p>&nbsp;<\/p>\n<p style=\"text-align: justify;\">Die Insel Guernsey (oder offiziell Der Bailiwick von Guernsey) ist die zweitgr\u00f6\u00dfte der britischen Kanalinseln. Die Kanalinseln sind weder Teil des Vereinigten K\u00f6nigreiches noch Kronkolonie, sondern als Kronbesitz (englisch \u201ecrown dependency\u201c) direkt der britischen Krone unterstellt. Sie sind gesonderte Rechtssubjekte und daher auch nicht Teil der Europ\u00e4ischen Union.Die Gesetzgebung ist sehr wirtschaftsfreundlich und orientiert sich am englischen Modell.\u00a0Niedrige Steuern haben Guernsey als Steueroase f\u00fcr Private Equity Fonds popul\u00e4r werden lassen. Als Mitglied einer Zollunion mit der EU werden zahlreiche Regularien der EU aber auch hier angewandt. Wie auch andere Offshore-Finanzzentren ger\u00e4t Guernsey immer mehr unter Druck, seine Gesetze an die Bedingungen der internationalen Politik anzupassen, insbesondere was die Transparenz von Kapitalzufl\u00fcssen anbelangt<\/p>\n<p style=\"text-align: justify;\">Die Gesetzgebung f\u00fcr Offshore erlaubt es (wenn Sie nicht ein Staatsb\u00fcrger der Europ\u00e4ischen Union sind) ein <a title=\"Offshore Bankkonto\" href=\"https:\/\/fcba-offshore.com\/de\/offshore-bank\/\">Offshore Bankkonto<\/a> oder eine <a title=\"Offshore Firma\" href=\"https:\/\/fcba-offshore.com\/de\/offshore-firma\/\">Offshore Firma<\/a> zu er\u00f6ffnen die eine gro\u00dfe Diskretion beinhaltet (Anonymit\u00e4t von Firmeninhabern) hinsichtlich Ihrem Wohnsitzland, zus\u00e4tzlich zum Bankgeheimnis.\u00a0Dar\u00fcber hinaus kommen Sie in den Genuss seiner sehr freundlichen Steuergesetzgebung und man wird von der Einkommenssteuer befreit, wenn man seinen Wohnsitz nach Guernsey verlegt. Zu guter Letzt ist die K\u00f6rperschaftssteuer mit den Beh\u00f6rden verhandelbar und wird keinesfalls \u00fcber 30% Ihres erzielten Gewinns hinausgehen. Dieser Steueransatz ist vergleichbar mit dem in der Schweiz.<\/p>\n<p style=\"text-align: justify;\"><a title=\"Homepage\" href=\"https:\/\/fcba-offshore.com\/de\/\">FCBA Offshore<\/a> empfiehlt allen Kunden die Er\u00f6ffnung eines <a title=\"Offshore Bankkonto\" href=\"https:\/\/fcba-offshore.com\/de\/offshore-bank\/\">Bankkontos<\/a> bzw. die Er\u00f6ffnung einer <a title=\"Offshore Firma\" href=\"https:\/\/fcba-offshore.com\/de\/offshore-firma\/\">Offshore Firma<\/a> auf Guernsey, die eine sehr wettbewerbsf\u00e4hige Firma in Europa haben m\u00f6chten, d.h. mit geringeren Steuers\u00e4tzen als eine durchschnittliche Firna innerhalb der Europ\u00e4ischen Union. Dies gilt wegen der Steuergesetzgebung der EU besonders f\u00fcr Kunden, die nicht aus der Europ\u00e4ischen Union kommen.<\/p>\n<p style=\"text-align: justify;\">Die Er\u00f6ffnung sowohl eines <a title=\"Offshore Bankkonto\" href=\"https:\/\/fcba-offshore.com\/de\/offshore-bank\/\">Bankkontos<\/a> als auch einer <a title=\"Offshore Firma\" href=\"https:\/\/fcba-offshore.com\/de\/offshore-firma\/\">Offshore Firma<\/a> auf Guernsey stellt f\u00fcr uns kein Problem dar, denn wir verf\u00fcgen \u00fcber ein enges Netzwerk zu Banken vor Ort.<\/p>\n<p style=\"text-align: justify;\">Zu guter Letzt m\u00f6chten wir Sie noch informieren, dass Sie bei einer Bank auf Guernsey\u00a0 eine relativ hohe Ersteinlage haben m\u00fcssen, was f\u00fcr eine Gesch\u00e4ftser\u00f6ffnung ein Hindernis darstellen kann.<\/p>\n<p>&nbsp;<\/p>\n<p style=\"text-align: justify;\"><a title=\"Kontakt\" href=\"https:\/\/fcba-offshore.com\/de\/317-2\/\">Falls Sie weitere Fragen zu diesem Thema haben, kontaktieren Sie bitte \u00a0einen Mitarbeiter des FCBA Offshore Ltd\u00a0Teams.<\/a><\/p>\n<p>&nbsp;<\/p>\n<p><a href=\"http:\/\/fcba-offshore.com\/wp-content\/uploads\/2014\/06\/logo-small.png\"><img loading=\"lazy\" decoding=\"async\" class=\"alignnone size-full wp-image-479\" src=\"http:\/\/fcba-offshore.com\/wp-content\/uploads\/2014\/06\/logo-small.png\" alt=\"Logo offshore small\" width=\"142\" height=\"31\" \/><\/a><\/p>\n","protected":false},"excerpt":{"rendered":"<p>&nbsp; Offshore Business in Guernsey: &nbsp; Die Insel Guernsey (oder offiziell Der Bailiwick von Guernsey) ist die zweitgr\u00f6\u00dfte der britischen Kanalinseln. Die Kanalinseln sind weder Teil des Vereinigten K\u00f6nigreiches noch Kronkolonie, sondern als Kronbesitz (englisch \u201ecrown dependency\u201c) direkt der britischen Krone unterstellt. Sie sind gesonderte Rechtssubjekte und daher auch nicht Teil der Europ\u00e4ischen Union.Die Gesetzgebung&hellip;<\/p>\n","protected":false},"author":1,"featured_media":0,"parent":0,"menu_order":0,"comment_status":"closed","ping_status":"open","template":"","meta":{"footnotes":""},"class_list":["post-2206","page","type-page","status-publish","hentry"],"_links":{"self":[{"href":"https:\/\/fcba-offshore.com\/de\/wp-json\/wp\/v2\/pages\/2206","targetHints":{"allow":["GET"]}}],"collection":[{"href":"https:\/\/fcba-offshore.com\/de\/wp-json\/wp\/v2\/pages"}],"about":[{"href":"https:\/\/fcba-offshore.com\/de\/wp-json\/wp\/v2\/types\/page"}],"author":[{"embeddable":true,"href":"https:\/\/fcba-offshore.com\/de\/wp-json\/wp\/v2\/users\/1"}],"replies":[{"embeddable":true,"href":"https:\/\/fcba-offshore.com\/de\/wp-json\/wp\/v2\/comments?post=2206"}],"version-history":[{"count":5,"href":"https:\/\/fcba-offshore.com\/de\/wp-json\/wp\/v2\/pages\/2206\/revisions"}],"predecessor-version":[{"id":2455,"href":"https:\/\/fcba-offshore.com\/de\/wp-json\/wp\/v2\/pages\/2206\/revisions\/2455"}],"wp:attachment":[{"href":"https:\/\/fcba-offshore.com\/de\/wp-json\/wp\/v2\/media?parent=2206"}],"curies":[{"name":"wp","href":"https:\/\/api.w.org\/{rel}","templated":true}]}}