{"id":2208,"date":"2016-02-29T17:34:45","date_gmt":"2016-02-29T17:34:45","guid":{"rendered":"http:\/\/fcba-offshore.com\/?page_id=2208"},"modified":"2016-03-07T17:29:25","modified_gmt":"2016-03-07T17:29:25","slug":"hong-kong-offshore","status":"publish","type":"page","link":"https:\/\/fcba-offshore.com\/de\/hong-kong-offshore\/","title":{"rendered":"Hongkong Offshore"},"content":{"rendered":"<h1><a href=\"http:\/\/fcba-offshore.com\/wp-content\/uploads\/2014\/06\/Hong-Kong.png\"><img loading=\"lazy\" decoding=\"async\" class=\"alignnone size-full wp-image-349\" src=\"http:\/\/fcba-offshore.com\/wp-content\/uploads\/2014\/06\/Hong-Kong.png\" alt=\"Hong-Kong\" width=\"79\" height=\"57\" \/><\/a> <a href=\"http:\/\/fcba-offshore.com\/wp-content\/uploads\/2014\/06\/Hong-Kong-Offshore.png\"><img loading=\"lazy\" decoding=\"async\" class=\"size-medium wp-image-596 alignright\" src=\"http:\/\/fcba-offshore.com\/wp-content\/uploads\/2014\/06\/Hong-Kong-Offshore-300x131.png\" alt=\"Hong Kong Offshore\" width=\"300\" height=\"131\" srcset=\"https:\/\/fcba-offshore.com\/wp-content\/uploads\/2014\/06\/Hong-Kong-Offshore-300x131.png 300w, https:\/\/fcba-offshore.com\/wp-content\/uploads\/2014\/06\/Hong-Kong-Offshore.png 641w, https:\/\/fcba-offshore.com\/wp-content\/uploads\/2014\/06\/Hong-Kong-Offshore-450x196.png 450w\" sizes=\"auto, (max-width: 300px) 100vw, 300px\" \/><\/a><\/h1>\n<p>&nbsp;<\/p>\n<h1>Offshore Business in Hongkong:<\/h1>\n<p>&nbsp;<\/p>\n<p style=\"text-align: justify;\">Hongkong betrachtet man als einen der wichtigsten Finanzpl\u00e4tze in einer boomenden Region: S\u00fcdostasien. Hongkong ist nicht nu rein gro\u00dfer, sondern auch ein liberaler Finanzplatz. \u00a0Sein besonderer Status gegen\u00fcber\u00a0 China ist der ehemaligen britischen Kronkolonie bis 2047 garantiert. Die offizielle Landessprache ist weiterhin Englisch und der auf Grund der Geschichte bestehende britische Einfluss m\u00fcndet in einer wirtschaftsorientierten Legislative.\u00a0Die Gesetzgebung ist modern und liberal, was ein starkes Asset ist und gleichzeitig Motivation f\u00fcr viele ausl\u00e4ndische Investoren, eine Filiale dort zu er\u00f6ffnen. Dar\u00fcber hinaus offeriert Hongkong ein sehr hohes Ma\u00df an Diskretion (Bankgeheimnis und Anonymit\u00e4t der Inhaber von <a title=\"Offshore Firma\" href=\"https:\/\/fcba-offshore.com\/de\/offshore-firma\/\">Offshore Firmen<\/a>).<\/p>\n<p style=\"text-align: justify;\">Als Offshore Ort bietet Hongkong eine Reihe von interessanten Vorteilen, sowohl f\u00fcr <a title=\"Offshore Bankkonto\" href=\"https:\/\/fcba-offshore.com\/de\/offshore-bank\/\">Offshore Bankkunden<\/a> als auch <a title=\"Offshore Firma\" href=\"https:\/\/fcba-offshore.com\/de\/offshore-firma\/\">Offshore Firmen<\/a>. Diese kurze Liste z\u00e4hlt nur die wichtigsten davon auf:<\/p>\n<ul style=\"text-align: justify;\">\n<li>Keine MwSt.<\/li>\n<li>Keine Gewinnversteuerung (auch nicht auf Dividenden)<\/li>\n<li>Keine Kapitalsteuern<\/li>\n<li>Bankgeheimnis<\/li>\n<li>Anonymit\u00e4t von Inhabern von <a title=\"Offshore Firma\" href=\"https:\/\/fcba-offshore.com\/de\/offshore-firma\/\">Offshore Firmen<\/a><\/li>\n<\/ul>\n<p style=\"text-align: justify;\"><a title=\"Homepage\" href=\"https:\/\/fcba-offshore.com\/de\/\">FCBA Offshore<\/a> kann Hongkong als einen sehr attraktiven Ort f\u00fcr <a title=\"Offshore Bankkonto\" href=\"https:\/\/fcba-offshore.com\/de\/offshore-bank\/\">Offshore Bankkonten<\/a> als auch <a title=\"Offshore Firma\" href=\"https:\/\/fcba-offshore.com\/de\/offshore-firma\/\">Offshore Firmen<\/a> empfehlen. Als Kunde werden Sie in der Lage sein, von allen oben genannten Vorteilen zu profitieren und die gesamte Korrespondenz wird in englischer Sprache sein. Da die Standards f\u00fcr Rechnungswesen\u00a0 in Hongkong recht hoch sind, brauchen Sie eine lokale Firma vor Ort, die sicherstellt, dass Sie alle Richtlinien erf\u00fcllen und die sich darum k\u00fcmmert, dass alle b\u00fcrokratischen Unterlagen rechtzeitig und vollst\u00e4ndig eingehalten werden.\u00a0Wir empfehlen eine <a title=\"Offshore Firma\" href=\"https:\/\/fcba-offshore.com\/de\/offshore-firma\/\">Offshore Firma<\/a> in Hongkong besonders unseren asiatischen Kunden bzw. Kunden mit einem hohen Gesch\u00e4ftsanteil in Asien. \u00a0Die sechs Stunden Zeitunterschied zwischen Europa und Hongkong k\u00f6nnen ein Nachteil im Gesch\u00e4ftsverkehr sein.<\/p>\n<p style=\"text-align: justify;\">Die Er\u00f6ffnung sowohl eines <a title=\"Offshore Bankkonto\" href=\"https:\/\/fcba-offshore.com\/de\/offshore-bank\/\">Bankkontos<\/a> als auch einer <a title=\"Offshore Firma\" href=\"https:\/\/fcba-offshore.com\/de\/offshore-firma\/\">Offshore Firma<\/a> in Hongkong stellt f\u00fcr uns kein Problem dar, denn wir verf\u00fcgen \u00fcber ein enges Netzwerk zu Banken vor Ort.<\/p>\n<p style=\"text-align: justify;\">Zu guter Letzt m\u00f6chten wir Sie noch informieren, dass Sie bei einer Bank in Hongkong\u00a0 eine relativ hohe Ersteinlage haben m\u00fcssen, was f\u00fcr eine Gesch\u00e4ftser\u00f6ffnung ein Hindernis darstellen kann.<\/p>\n<p>&nbsp;<\/p>\n<p><a title=\"Kontakt\" href=\"https:\/\/fcba-offshore.com\/de\/317-2\/\">Falls Sie weitere Fragen zu diesem Thema haben, kontaktieren Sie bitte \u00a0einen Mitarbeiter des FCBA Offshore Ltd\u00a0Teams.<\/a><\/p>\n<p>&nbsp;<\/p>\n<p><a href=\"http:\/\/fcba-offshore.com\/wp-content\/uploads\/2014\/06\/logo-small.png\"><img loading=\"lazy\" decoding=\"async\" class=\"alignnone size-full wp-image-479\" src=\"http:\/\/fcba-offshore.com\/wp-content\/uploads\/2014\/06\/logo-small.png\" alt=\"Logo offshore small\" width=\"142\" height=\"31\" \/><\/a><\/p>\n","protected":false},"excerpt":{"rendered":"<p>&nbsp; Offshore Business in Hongkong: &nbsp; Hongkong betrachtet man als einen der wichtigsten Finanzpl\u00e4tze in einer boomenden Region: S\u00fcdostasien. Hongkong ist nicht nu rein gro\u00dfer, sondern auch ein liberaler Finanzplatz. \u00a0Sein besonderer Status gegen\u00fcber\u00a0 China ist der ehemaligen britischen Kronkolonie bis 2047 garantiert. Die offizielle Landessprache ist weiterhin Englisch und der auf Grund der Geschichte&hellip;<\/p>\n","protected":false},"author":1,"featured_media":0,"parent":0,"menu_order":0,"comment_status":"closed","ping_status":"open","template":"","meta":{"footnotes":""},"class_list":["post-2208","page","type-page","status-publish","hentry"],"_links":{"self":[{"href":"https:\/\/fcba-offshore.com\/de\/wp-json\/wp\/v2\/pages\/2208","targetHints":{"allow":["GET"]}}],"collection":[{"href":"https:\/\/fcba-offshore.com\/de\/wp-json\/wp\/v2\/pages"}],"about":[{"href":"https:\/\/fcba-offshore.com\/de\/wp-json\/wp\/v2\/types\/page"}],"author":[{"embeddable":true,"href":"https:\/\/fcba-offshore.com\/de\/wp-json\/wp\/v2\/users\/1"}],"replies":[{"embeddable":true,"href":"https:\/\/fcba-offshore.com\/de\/wp-json\/wp\/v2\/comments?post=2208"}],"version-history":[{"count":7,"href":"https:\/\/fcba-offshore.com\/de\/wp-json\/wp\/v2\/pages\/2208\/revisions"}],"predecessor-version":[{"id":2578,"href":"https:\/\/fcba-offshore.com\/de\/wp-json\/wp\/v2\/pages\/2208\/revisions\/2578"}],"wp:attachment":[{"href":"https:\/\/fcba-offshore.com\/de\/wp-json\/wp\/v2\/media?parent=2208"}],"curies":[{"name":"wp","href":"https:\/\/api.w.org\/{rel}","templated":true}]}}