{"id":2211,"date":"2016-02-29T17:38:11","date_gmt":"2016-02-29T17:38:11","guid":{"rendered":"http:\/\/fcba-offshore.com\/?page_id=2211"},"modified":"2016-03-07T17:25:37","modified_gmt":"2016-03-07T17:25:37","slug":"ireland-offshore","status":"publish","type":"page","link":"https:\/\/fcba-offshore.com\/de\/ireland-offshore\/","title":{"rendered":"Irland Offshore"},"content":{"rendered":"<h1><a href=\"http:\/\/fcba-offshore.com\/wp-content\/uploads\/2014\/06\/Irelande.png\"><img loading=\"lazy\" decoding=\"async\" class=\"alignnone size-full wp-image-367\" src=\"http:\/\/fcba-offshore.com\/wp-content\/uploads\/2014\/06\/Irelande.png\" alt=\"Irelande\" width=\"72\" height=\"55\" \/><\/a> <a href=\"http:\/\/fcba-offshore.com\/wp-content\/uploads\/2014\/06\/Irlande-Offshore.png\"><img loading=\"lazy\" decoding=\"async\" class=\"size-medium wp-image-613 alignright\" src=\"http:\/\/fcba-offshore.com\/wp-content\/uploads\/2014\/06\/Irlande-Offshore-300x131.png\" alt=\"Irlande Offshore\" width=\"300\" height=\"131\" srcset=\"https:\/\/fcba-offshore.com\/wp-content\/uploads\/2014\/06\/Irlande-Offshore-300x131.png 300w, https:\/\/fcba-offshore.com\/wp-content\/uploads\/2014\/06\/Irlande-Offshore.png 641w, https:\/\/fcba-offshore.com\/wp-content\/uploads\/2014\/06\/Irlande-Offshore-450x196.png 450w\" sizes=\"auto, (max-width: 300px) 100vw, 300px\" \/><\/a><\/h1>\n<p>&nbsp;<\/p>\n<h1>Offshore Business in Irland:<\/h1>\n<p>&nbsp;<\/p>\n<p style=\"text-align: justify;\">Die \u201cgr\u00fcne Insel\u201d Irland braucht hier wahrscheinlich kaum n\u00e4her vorgestellt zu werden. Seit \u00fcber 40 Jahren ist sie bereits ein Teil der Europ\u00e4ischen Union.\u00a0Fr\u00fcher auch mal als &#8220;Celtic Tiger&#8221; beschrieben, hat sich Irland\u2019s Wirtschaft in den Nulllerjahren mit Hilfe einer steuerfreundlichen Gesetzgebung stark entwickelt. Obwohl die Insel durch die &#8220;Subprime Krise\u201d in den Jahren 2008 bis 2010 teilweise ersch\u00fcttert worden ist\u00a0, konnte sich Irland daraus wieder erholen. Eine ganze Reihe von namhaften Firmen wie z.B. Google haben sich f\u00fcr eine europ\u00e4ische Tochter in Irland entschieden.<\/p>\n<p style=\"text-align: justify;\">Es gibt mehrere Gr\u00fcnde daf\u00fcr, dass Irland ein attraktiver Ort f\u00fcr Offshore Business ist. Zum einen die Tatsache, dass es sich um ein Mitglied der Europ\u00e4ischen Union handelt,\u00a0und daher Ihre in Irland registrierte <a title=\"Offshore Firma\" href=\"https:\/\/fcba-offshore.com\/de\/offshore-firma\/\">Offshore Firma<\/a> niemals Probleme bekommen wird, andere europ\u00e4ische Firmen eine Rechnung auszustellen. In der Tat haben <a title=\"Offshore Firma\" href=\"https:\/\/fcba-offshore.com\/de\/offshore-firma\/\">Offshore Firmen<\/a>, die sich in exotischen L\u00e4ndern registriert haben, Probleme bei der Rechnungsstellung an europ\u00e4ische Firmen. Irland wird allerdings als 100% verl\u00e4sslich eingestuft.\u00a0Zweitens d\u00fcrfen Firmen mit Sitz in Irland aus dem Ausland heraus gef\u00fchrt werden und die Gewinnsteuer betr\u00e4gt nur 12,5%. Und zu guter Letzt sind die administrativen Regularien in Irland verh\u00e4ltnism\u00e4\u00dfig einfach.<\/p>\n<p style=\"text-align: justify;\"><a title=\"Homepage\" href=\"https:\/\/fcba-offshore.com\/de\/\">FCBA Offshore<\/a> empfiehlt seinen Kunden Irland als Ort f\u00fcr eine Er\u00f6ffnung eines <a title=\"Offshore Bankkonto\" href=\"https:\/\/fcba-offshore.com\/de\/offshore-bank\/\">Offshore Bankkontos<\/a> oder einer <a title=\"Offshore Firma\" href=\"https:\/\/fcba-offshore.com\/de\/offshore-firma\/\">Offshore Firma<\/a>. Allerdings gibt es einen bedeutenden Nachteil f\u00fcr Irland: Es handelt sich dabei um die hohen administrativen Kosten f\u00fcr Registrierung, Rechnungswesen und j\u00e4hrliche Erneuerung. Dazu kommt noch ein Grundkapital f\u00fcr die Firma von\u00a0\u20ac 38&#8217;000, was besonders f\u00fcr kleine Firmen eine Einstiegsh\u00fcrde darstellen kann.<\/p>\n<p style=\"text-align: justify;\">Die Er\u00f6ffnung sowohl eines <a title=\"Offshore Bankkonto\" href=\"https:\/\/fcba-offshore.com\/de\/offshore-bank\/\">Bankkontos<\/a> als auch einer <a title=\"Offshore Firma\" href=\"https:\/\/fcba-offshore.com\/de\/offshore-firma\/\">Offshore Firma<\/a> in Irland stellt f\u00fcr uns kein Problem dar, denn wir verf\u00fcgen \u00fcber ein enges Netzwerk zu Banken vor Ort.<\/p>\n<p style=\"text-align: justify;\">Zu guter Letzt m\u00f6chten wir Sie noch informieren, dass Sie bei einer Bank in Irland\u00a0 eine relativ hohe Ersteinlage haben m\u00fcssen, was f\u00fcr eine Gesch\u00e4ftser\u00f6ffnung ein Hindernis darstellen kann.<\/p>\n<p>&nbsp;<\/p>\n<p style=\"text-align: justify;\"><a title=\"Kontakt\" href=\"https:\/\/fcba-offshore.com\/de\/317-2\/\">Falls Sie weitere Fragen zu diesem Thema haben, kontaktieren Sie bitte einen Mitarbeiter des FCBA Offshore Teams.<\/a><\/p>\n<p>&nbsp;<\/p>\n<p style=\"text-align: justify;\"><a href=\"http:\/\/fcba-offshore.com\/wp-content\/uploads\/2014\/06\/logo-small.png\"><img loading=\"lazy\" decoding=\"async\" class=\"alignnone size-full wp-image-479\" src=\"http:\/\/fcba-offshore.com\/wp-content\/uploads\/2014\/06\/logo-small.png\" alt=\"Logo offshore small\" width=\"142\" height=\"31\" \/><\/a><\/p>\n","protected":false},"excerpt":{"rendered":"<p>&nbsp; Offshore Business in Irland: &nbsp; Die \u201cgr\u00fcne Insel\u201d Irland braucht hier wahrscheinlich kaum n\u00e4her vorgestellt zu werden. Seit \u00fcber 40 Jahren ist sie bereits ein Teil der Europ\u00e4ischen Union.\u00a0Fr\u00fcher auch mal als &#8220;Celtic Tiger&#8221; beschrieben, hat sich Irland\u2019s Wirtschaft in den Nulllerjahren mit Hilfe einer steuerfreundlichen Gesetzgebung stark entwickelt. Obwohl die Insel durch die&hellip;<\/p>\n","protected":false},"author":1,"featured_media":0,"parent":0,"menu_order":0,"comment_status":"closed","ping_status":"open","template":"","meta":{"footnotes":""},"class_list":["post-2211","page","type-page","status-publish","hentry"],"_links":{"self":[{"href":"https:\/\/fcba-offshore.com\/de\/wp-json\/wp\/v2\/pages\/2211","targetHints":{"allow":["GET"]}}],"collection":[{"href":"https:\/\/fcba-offshore.com\/de\/wp-json\/wp\/v2\/pages"}],"about":[{"href":"https:\/\/fcba-offshore.com\/de\/wp-json\/wp\/v2\/types\/page"}],"author":[{"embeddable":true,"href":"https:\/\/fcba-offshore.com\/de\/wp-json\/wp\/v2\/users\/1"}],"replies":[{"embeddable":true,"href":"https:\/\/fcba-offshore.com\/de\/wp-json\/wp\/v2\/comments?post=2211"}],"version-history":[{"count":9,"href":"https:\/\/fcba-offshore.com\/de\/wp-json\/wp\/v2\/pages\/2211\/revisions"}],"predecessor-version":[{"id":2577,"href":"https:\/\/fcba-offshore.com\/de\/wp-json\/wp\/v2\/pages\/2211\/revisions\/2577"}],"wp:attachment":[{"href":"https:\/\/fcba-offshore.com\/de\/wp-json\/wp\/v2\/media?parent=2211"}],"curies":[{"name":"wp","href":"https:\/\/api.w.org\/{rel}","templated":true}]}}