{"id":2213,"date":"2016-02-29T17:40:10","date_gmt":"2016-02-29T17:40:10","guid":{"rendered":"http:\/\/fcba-offshore.com\/?page_id=2213"},"modified":"2016-03-07T17:25:00","modified_gmt":"2016-03-07T17:25:00","slug":"isle-man-offshore","status":"publish","type":"page","link":"https:\/\/fcba-offshore.com\/de\/isle-man-offshore\/","title":{"rendered":"Isle of Man Offshore"},"content":{"rendered":"<h1><a href=\"http:\/\/fcba-offshore.com\/wp-content\/uploads\/2014\/06\/Ile-de-Man.png\"><img loading=\"lazy\" decoding=\"async\" class=\"alignnone size-full wp-image-350\" src=\"http:\/\/fcba-offshore.com\/wp-content\/uploads\/2014\/06\/Ile-de-Man.png\" alt=\"Ile-de-Man\" width=\"80\" height=\"51\" \/><\/a> <a href=\"http:\/\/fcba-offshore.com\/wp-content\/uploads\/2014\/06\/Ile-de-Man-Offshore.png\"><img loading=\"lazy\" decoding=\"async\" class=\"size-medium wp-image-601 alignright\" src=\"http:\/\/fcba-offshore.com\/wp-content\/uploads\/2014\/06\/Ile-de-Man-Offshore-300x131.png\" alt=\"Ile de Man Offshore\" width=\"300\" height=\"131\" srcset=\"https:\/\/fcba-offshore.com\/wp-content\/uploads\/2014\/06\/Ile-de-Man-Offshore-300x131.png 300w, https:\/\/fcba-offshore.com\/wp-content\/uploads\/2014\/06\/Ile-de-Man-Offshore.png 641w, https:\/\/fcba-offshore.com\/wp-content\/uploads\/2014\/06\/Ile-de-Man-Offshore-450x196.png 450w\" sizes=\"auto, (max-width: 300px) 100vw, 300px\" \/><\/a><\/h1>\n<p>&nbsp;<\/p>\n<h1>Offshore Business auf der Isle of Man:<\/h1>\n<p>&nbsp;<\/p>\n<p style=\"text-align: justify;\">Die Isle of Man hat sich inzwischen in Europa einen Namen gemacht. Die Insel liegt in der Irischen See zwischen Irland und England. Die Isle of Man ist ein Offshore Ort, da das Parlament der Insel \u00fcber vollst\u00e4ndige Autonomie verf\u00fcgt hinsichtlich Steuern. Die Verwaltung der Isle of Man ist sehr bem\u00fcht, Bankkunden und Firmenkunden zu gewinnen.<\/p>\n<p style=\"text-align: justify;\">Die Er\u00f6ffnung eines <a title=\"Offshore Bankkonto\" href=\"https:\/\/fcba-offshore.com\/de\/offshore-bank\/\">Bankkontos<\/a> auf der Isle of Man k\u00f6nnte vor allem f\u00fcr die Kunden interessant sein, die auf eine hohe Qualit\u00e4t der Bankdienstleistungen Wert legen. Im Grunde alle bekannten, internationalen Bankh\u00e4user haben eine Filiale auf der Isle of Man und Dank <a title=\"Homepage\" href=\"https:\/\/fcba-offshore.com\/de\/\">FCBA Offshore<\/a> sind Sie in der Lage, dort ein <a title=\"Offshore Bankkonto\" href=\"https:\/\/fcba-offshore.com\/de\/offshore-bank\/\">Offshore Bankkonto<\/a> zu er\u00f6ffnen und die Vorteile dessen zu nutzen. Selbstverst\u00e4ndlich kann Ihr Bankkonto ein Multi-W\u00e4hrungskonto sein und und Sie haben die Chance, Ihr Geld n interessante und hochwerte Anlagen zu investieren. Ein pers\u00f6nlicher Ratgeber ist in der Lage, alle Ihre Fragen dort zu beantworten. Was die Er\u00f6ffnung einer <a title=\"Offshore Firma\" href=\"https:\/\/fcba-offshore.com\/de\/offshore-firma\/\">Offshore Firma<\/a> angeht, garantiert die Isle of Man zahlreiche Vorteile neben niedrigen Steuers\u00e4tzen und die Effizienz der Administration macht das Gesch\u00e4ftsleben dort einfach und angenehm.<\/p>\n<p style=\"text-align: justify;\"><a title=\"Homepage\" href=\"https:\/\/fcba-offshore.com\/de\/\">FCBA Offshore<\/a> empfiehlt allen potentiellen Kunden, die ein Interesse an der Er\u00f6ffnung eines <a title=\"Offshore Bankkonto\" href=\"https:\/\/fcba-offshore.com\/de\/offshore-bank\/\">Offshore Bankkontos<\/a> oder einer <a title=\"Offshore Firma\" href=\"https:\/\/fcba-offshore.com\/de\/offshore-firma\/\">Offshore Firma<\/a> auf der Isle of Man haben, dies vor allem zu tun, wenn Ihnen eine Anonymit\u00e4t nicht wichtig erscheint. Denn das unl\u00e4ngst unterzeichnete Abkommen zwischen der Isle of man und der Europ\u00e4ischen Union hinsichtlich Transparenz garantiert die vollst\u00e4ndige Vertraulichkeit nicht mehr. Ein Bankgeheimnis und die Anonymit\u00e4t des Firmeninhabers werden in der in der Isle of Man\u00a0f\u00fcr Einwohner der EU nicht l\u00e4nger garantiert.<\/p>\n<p style=\"text-align: justify;\">Die Er\u00f6ffnung sowohl eines <a title=\"Offshore Bankkonto\" href=\"https:\/\/fcba-offshore.com\/de\/offshore-bank\/\">Bankkontos<\/a> als auch einer <a title=\"Offshore Firma\" href=\"https:\/\/fcba-offshore.com\/de\/offshore-firma\/\">Offshore Firma<\/a> auf der Isle of Man stellt f\u00fcr uns kein Problem dar, denn wir verf\u00fcgen \u00fcber ein enges Netzwerk zu Banken vor Ort.<\/p>\n<p style=\"text-align: justify;\">Zu guter Letzt m\u00f6chten wir Sie noch informieren, dass Sie bei einer Bank auf der Isle of Man\u00a0 eine relativ hohe Ersteinlage haben m\u00fcssen, was f\u00fcr eine Gesch\u00e4ftser\u00f6ffnung ein Hindernis darstellen kann.<\/p>\n<p>&nbsp;<\/p>\n<p><a title=\"Kontakt\" href=\"https:\/\/fcba-offshore.com\/de\/317-2\/\">Falls Sie weitere Fragen zu diesem Thema haben, kontaktieren Sie bitte einen Mitarbeiter des FCBA Offshore Teams<\/a>.<\/p>\n<p>&nbsp;<\/p>\n<p style=\"text-align: justify;\"><a href=\"http:\/\/fcba-offshore.com\/wp-content\/uploads\/2014\/06\/logo-small.png\"><img loading=\"lazy\" decoding=\"async\" class=\"alignnone size-full wp-image-479\" src=\"http:\/\/fcba-offshore.com\/wp-content\/uploads\/2014\/06\/logo-small.png\" alt=\"Logo offshore small\" width=\"142\" height=\"31\" \/><\/a><\/p>\n","protected":false},"excerpt":{"rendered":"<p>&nbsp; Offshore Business auf der Isle of Man: &nbsp; Die Isle of Man hat sich inzwischen in Europa einen Namen gemacht. Die Insel liegt in der Irischen See zwischen Irland und England. Die Isle of Man ist ein Offshore Ort, da das Parlament der Insel \u00fcber vollst\u00e4ndige Autonomie verf\u00fcgt hinsichtlich Steuern. Die Verwaltung der Isle&hellip;<\/p>\n","protected":false},"author":1,"featured_media":0,"parent":0,"menu_order":0,"comment_status":"closed","ping_status":"open","template":"","meta":{"footnotes":""},"class_list":["post-2213","page","type-page","status-publish","hentry"],"_links":{"self":[{"href":"https:\/\/fcba-offshore.com\/de\/wp-json\/wp\/v2\/pages\/2213","targetHints":{"allow":["GET"]}}],"collection":[{"href":"https:\/\/fcba-offshore.com\/de\/wp-json\/wp\/v2\/pages"}],"about":[{"href":"https:\/\/fcba-offshore.com\/de\/wp-json\/wp\/v2\/types\/page"}],"author":[{"embeddable":true,"href":"https:\/\/fcba-offshore.com\/de\/wp-json\/wp\/v2\/users\/1"}],"replies":[{"embeddable":true,"href":"https:\/\/fcba-offshore.com\/de\/wp-json\/wp\/v2\/comments?post=2213"}],"version-history":[{"count":7,"href":"https:\/\/fcba-offshore.com\/de\/wp-json\/wp\/v2\/pages\/2213\/revisions"}],"predecessor-version":[{"id":2459,"href":"https:\/\/fcba-offshore.com\/de\/wp-json\/wp\/v2\/pages\/2213\/revisions\/2459"}],"wp:attachment":[{"href":"https:\/\/fcba-offshore.com\/de\/wp-json\/wp\/v2\/media?parent=2213"}],"curies":[{"name":"wp","href":"https:\/\/api.w.org\/{rel}","templated":true}]}}