{"id":2216,"date":"2016-02-29T17:43:10","date_gmt":"2016-02-29T17:43:10","guid":{"rendered":"http:\/\/fcba-offshore.com\/?page_id=2216"},"modified":"2016-03-07T17:31:33","modified_gmt":"2016-03-07T17:31:33","slug":"jersey-offshore","status":"publish","type":"page","link":"https:\/\/fcba-offshore.com\/de\/jersey-offshore\/","title":{"rendered":"Jersey Offshore"},"content":{"rendered":"<h1><a href=\"http:\/\/fcba-offshore.com\/wp-content\/uploads\/2014\/06\/Jersey.png\"><img loading=\"lazy\" decoding=\"async\" class=\"alignnone size-full wp-image-364\" src=\"http:\/\/fcba-offshore.com\/wp-content\/uploads\/2014\/06\/Jersey.png\" alt=\"Jersey\" width=\"73\" height=\"47\" srcset=\"https:\/\/fcba-offshore.com\/wp-content\/uploads\/2014\/06\/Jersey.png 73w, https:\/\/fcba-offshore.com\/wp-content\/uploads\/2014\/06\/Jersey-72x47.png 72w\" sizes=\"auto, (max-width: 73px) 100vw, 73px\" \/><\/a> <a href=\"http:\/\/fcba-offshore.com\/wp-content\/uploads\/2014\/06\/Jersey-Offshore.png\"><img loading=\"lazy\" decoding=\"async\" class=\"size-medium wp-image-616 alignright\" src=\"http:\/\/fcba-offshore.com\/wp-content\/uploads\/2014\/06\/Jersey-Offshore-300x131.png\" alt=\"Jersey Offshore\" width=\"300\" height=\"131\" srcset=\"https:\/\/fcba-offshore.com\/wp-content\/uploads\/2014\/06\/Jersey-Offshore-300x131.png 300w, https:\/\/fcba-offshore.com\/wp-content\/uploads\/2014\/06\/Jersey-Offshore.png 641w, https:\/\/fcba-offshore.com\/wp-content\/uploads\/2014\/06\/Jersey-Offshore-450x196.png 450w\" sizes=\"auto, (max-width: 300px) 100vw, 300px\" \/><\/a><\/h1>\n<p>&nbsp;<\/p>\n<h1>Offshore Business in Jersey:<\/h1>\n<p>&nbsp;<\/p>\n<p style=\"text-align: justify;\">Die kleine Kanalinsel Jersey (der offizielle Name ist \u201cBailiwick of Jersey\u201d) liegt in der N\u00e4he der nordfranz\u00f6sichen K\u00fcste. Die Insel ist weiterhin unter der Herrschaft der englischen Krone und hat demnach eine wirtschaftsfreundliche Gesetzgebung, dem englischen Model entsprechend.\u00a0Die Gesetzgebung ist modern und auch flexibler als die der Europ\u00e4ischen Union, was einer der wichtigsten Gr\u00fcnde ist, weshalb Investoren sich hier ansiedeln.\u00a0Trotzdem geh\u00f6rt Jersey (ein sehr bekannter Ort im Offshore Business) der Europ\u00e4ischen Union an. Aber nicht alle Gesetze der EU warden hier angewandt. \u00a0Dazu geh\u00f6ren eine Reihe der finanzpolitischen Gesetze.<\/p>\n<p style=\"text-align: justify;\">Es gibt eine Reihe von Vorteilen f\u00fcr Investoren auf Jersey, aber der wohl wichtigste ist die nicht existierende Besteuerung von Gewinnen, die durch Gesch\u00e4fte au\u00dferhalb Jersey\u2019s erzielt worden sind. Ausschlie\u00dflich ein fixierter Steuersatz muss an die lokalen Beh\u00f6rden gezahlt werden. Erw\u00e4hnt werden muss aber auch, dass Jersey als assoziiertes Mitglied der Europ\u00e4ischen Union einen Vertrag zur Transparenz mit der EU unterzeichnet hat. Dies hat zur Folge, dass Ihr Offshore Bankkonto und ihre Offshore Firma den zust\u00e4ndigen Beh\u00f6rden Ihres Landes angezeigt wird, falls Sie innerhalb der EU Ihren Wohnsitz haben.<\/p>\n<p style=\"text-align: justify;\"><a title=\"Homepage\" href=\"https:\/\/fcba-offshore.com\/de\/\">FCBA Offshore<\/a> empfiehlt allen potentiellen Kunden, die ein Interesse an der Er\u00f6ffnung eines <a title=\"Offshore Bankkonto\" href=\"https:\/\/fcba-offshore.com\/de\/offshore-bank\/\">Offshore Bankkontos<\/a> oder einer <a title=\"Offshore Firma\" href=\"https:\/\/fcba-offshore.com\/de\/offshore-firma\/\">Offshore Firma<\/a> auf Jersey haben, dies zu tun, wenn Sie nicht einen Wohnsitz innerhalb der Europ\u00e4ischen Union haben. Auch diejenigen, die bereits ein <a title=\"Offshore Bankkonto\" href=\"https:\/\/fcba-offshore.com\/de\/offshore-bank\/\">Offshore Konto<\/a> oder eine <a title=\"Offshore Firma\" href=\"https:\/\/fcba-offshore.com\/de\/offshore-firma\/\">Offshore Firma<\/a> auf Jersey haben, sind herzlich eingeladen, uns zu kontaktieren. Wir unterst\u00fctzen Sie gerne, einen alternativen Ort f\u00fcr Ihr Konto bzw. Ihre Firma zu finden.<\/p>\n<p style=\"text-align: justify;\">Die Er\u00f6ffnung sowohl eines <a title=\"Offshore Bankkonto\" href=\"https:\/\/fcba-offshore.com\/de\/offshore-bank\/\">Bankkontos<\/a> als auch einer <a title=\"Offshore Firma\" href=\"https:\/\/fcba-offshore.com\/de\/offshore-firma\/\">Offshore Firma<\/a> auf Jersey stellt f\u00fcr uns allerdings kein Problem dar, denn wir verf\u00fcgen \u00fcber ein enges Netzwerk zu Banken vor Ort.<\/p>\n<p style=\"text-align: justify;\">Zu guter Letzt m\u00f6chten wir Sie noch informieren, dass Sie bei einer Bank auf Jersey eine relativ hohe Ersteinlage haben m\u00fcssen, was f\u00fcr eine Gesch\u00e4ftser\u00f6ffnung ein Hindernis darstellen kann.<\/p>\n<p>&nbsp;<\/p>\n<p style=\"text-align: justify;\"><a title=\"Kontakt\" href=\"https:\/\/fcba-offshore.com\/de\/317-2\/\">Falls Sie weitere Fragen zu diesem Thema haben, kontaktieren Sie bitte \u00a0einen Mitarbeiter des FCBA Offshore Ltd\u00a0Teams.<\/a><\/p>\n<p style=\"text-align: justify;\"><a href=\"http:\/\/fcba-offshore.com\/wp-content\/uploads\/2014\/06\/logo-small.png\"><img loading=\"lazy\" decoding=\"async\" class=\"alignnone size-full wp-image-479\" src=\"http:\/\/fcba-offshore.com\/wp-content\/uploads\/2014\/06\/logo-small.png\" alt=\"Logo offshore small\" width=\"142\" height=\"31\" \/><\/a><\/p>\n","protected":false},"excerpt":{"rendered":"<p>&nbsp; Offshore Business in Jersey: &nbsp; Die kleine Kanalinsel Jersey (der offizielle Name ist \u201cBailiwick of Jersey\u201d) liegt in der N\u00e4he der nordfranz\u00f6sichen K\u00fcste. Die Insel ist weiterhin unter der Herrschaft der englischen Krone und hat demnach eine wirtschaftsfreundliche Gesetzgebung, dem englischen Model entsprechend.\u00a0Die Gesetzgebung ist modern und auch flexibler als die der Europ\u00e4ischen Union,&hellip;<\/p>\n","protected":false},"author":1,"featured_media":0,"parent":0,"menu_order":0,"comment_status":"closed","ping_status":"open","template":"","meta":{"footnotes":""},"class_list":["post-2216","page","type-page","status-publish","hentry"],"_links":{"self":[{"href":"https:\/\/fcba-offshore.com\/de\/wp-json\/wp\/v2\/pages\/2216","targetHints":{"allow":["GET"]}}],"collection":[{"href":"https:\/\/fcba-offshore.com\/de\/wp-json\/wp\/v2\/pages"}],"about":[{"href":"https:\/\/fcba-offshore.com\/de\/wp-json\/wp\/v2\/types\/page"}],"author":[{"embeddable":true,"href":"https:\/\/fcba-offshore.com\/de\/wp-json\/wp\/v2\/users\/1"}],"replies":[{"embeddable":true,"href":"https:\/\/fcba-offshore.com\/de\/wp-json\/wp\/v2\/comments?post=2216"}],"version-history":[{"count":6,"href":"https:\/\/fcba-offshore.com\/de\/wp-json\/wp\/v2\/pages\/2216\/revisions"}],"predecessor-version":[{"id":2462,"href":"https:\/\/fcba-offshore.com\/de\/wp-json\/wp\/v2\/pages\/2216\/revisions\/2462"}],"wp:attachment":[{"href":"https:\/\/fcba-offshore.com\/de\/wp-json\/wp\/v2\/media?parent=2216"}],"curies":[{"name":"wp","href":"https:\/\/api.w.org\/{rel}","templated":true}]}}